{"id":80579,"date":"2024-11-24T15:07:01","date_gmt":"2024-11-24T15:07:01","guid":{"rendered":"https:\/\/electromenagerexpress.com\/product\/prym611754\/"},"modified":"2024-11-24T15:07:03","modified_gmt":"2024-11-24T15:07:03","slug":"prym611754","status":"publish","type":"product","link":"https:\/\/electromenagerexpress.com\/en\/product\/prym611754\/","title":{"rendered":"PRYM\t\t\t\t611754"},"content":{"rendered":"<div class=\"product-features__content\">\n<ul role=\"list\">\n<li class=\"product-features__item\" role=\"listitem\">\n<h3 class=\"product-features__label\">Informations et Services<\/h3>\n<ul role=\"list\">\n<li class=\"product-features__item-list__item\" role=\"listitem\"><span class=\"is--medium\">Disponibilit\u00e9 des pi\u00e8ces d\u00e9tach\u00e9es (donn\u00e9es fournisseur) :<\/span> Non communiqu\u00e9e\t\t\t\t\t<\/li>\n<\/ul>\n<\/li>\n<\/ul>\n<\/div>\n<div class=\"product__disclosure-content\">\n<div class=\"js-read-more product-description__content read-more read-more--truncated\" data-read-more-name=\"description\" style=\"max-height: 500px; overflow: hidden;\">\n<p>Le mannequin de couture <strong>PRYMADONNA <\/strong>a un buste compos\u00e9 de 8 parties, permettant de lui donner la forme d\u00e9sir\u00e9e en fonction des dimensions du mod\u00e8le.<\/p>\n<p>Pour cela il poss\u00e8de trois boutons de r\u00e9glage \u00e0 l&rsquo;avant et \u00e0 l&rsquo;arri\u00e8re pour r\u00e9gler les dimensions du tour de poitrine, de la taille et des hanches. (dans la largeur).<\/p>\n<p>\u00a0<\/p>\n<h3>Caract\u00e9ristiques \/ Acc\u00e9ssoires<\/h3>\n<p>S&rsquo;agissant du mannequin taille 32\/36, ces boutons vous permettent de r\u00e9gler ces trois positions dans les dimensions situ\u00e9es <strong>entre<\/strong><strong>:<\/strong><\/p>\n<ul> <\/p>\n<li>76 et 91 cm pour la poitrine<\/li>\n<p> <\/p>\n<li>56 et 71 cm pour la taille<\/li>\n<p> <\/p>\n<li>79 et 94 cm pour les hanches<\/li>\n<p><\/ul>\n<p>\u00a0<\/p>\n<ul> <\/p>\n<li>Le buste se r\u00e8gle en profondeur gr\u00e2ce aux molettes de r\u00e9glage situ\u00e9es sur les c\u00f4t\u00e9s du mannequins (12 molettes en tout).<\/li>\n<p> <\/p>\n<li>Il poss\u00e8de aussi une molette de r\u00e9glage au niveau du cou.<\/li>\n<p> <\/p>\n<li>Enfin, la hauteur du buste est \u00e9galement modifiable.<\/li>\n<p> <\/p>\n<li>Ce mannequin comporte \u00e9galement un coussin \u00e0 \u00e9pingles int\u00e9gr\u00e9 au niveau du cou.<\/li>\n<p> <\/p>\n<li>Il est mont\u00e9 sur 4 pieds, assurant une bonne stabilit\u00e9.<\/li>\n<p> <\/p>\n<li>Il est dot\u00e9 d&rsquo;un arrondisseur de jupe \u00e0 fixation par \u00e9pingles.<\/li>\n<p> <\/p>\n<li>Son montage est tr\u00e8s simple<\/li>\n<p><\/ul>\n<\/p>\n<\/div>\n<p><bl-button a11yexpanded=\"false\" arialabel=\"Afficher toute la description\" class=\"read-more__btn\" full=\"false\" link=\"true\"><\/bl-button><\/div>","protected":false},"excerpt":{"rendered":"<p>None<\/p>","protected":false},"featured_media":80578,"template":"","meta":{"_glsr_average":0,"_glsr_ranking":0,"_glsr_reviews":0},"product_cat":[446],"product_tag":[448,447,153],"class_list":{"0":"post-80579","1":"product","2":"type-product","3":"status-publish","4":"has-post-thumbnail","6":"product_cat-accessoire-couture","7":"product_tag-accessoire-couture","8":"product_tag-accessoires-maison-entretien","9":"product_tag-maison-entretien","11":"first","12":"instock","13":"sale","14":"shipping-taxable","15":"purchasable","16":"product-type-simple"},"_links":{"self":[{"href":"https:\/\/electromenagerexpress.com\/en\/wp-json\/wp\/v2\/product\/80579","targetHints":{"allow":["GET"]}}],"collection":[{"href":"https:\/\/electromenagerexpress.com\/en\/wp-json\/wp\/v2\/product"}],"about":[{"href":"https:\/\/electromenagerexpress.com\/en\/wp-json\/wp\/v2\/types\/product"}],"wp:featuredmedia":[{"embeddable":true,"href":"https:\/\/electromenagerexpress.com\/en\/wp-json\/wp\/v2\/media\/80578"}],"wp:attachment":[{"href":"https:\/\/electromenagerexpress.com\/en\/wp-json\/wp\/v2\/media?parent=80579"}],"wp:term":[{"taxonomy":"product_cat","embeddable":true,"href":"https:\/\/electromenagerexpress.com\/en\/wp-json\/wp\/v2\/product_cat?post=80579"},{"taxonomy":"product_tag","embeddable":true,"href":"https:\/\/electromenagerexpress.com\/en\/wp-json\/wp\/v2\/product_tag?post=80579"}],"curies":[{"name":"wp","href":"https:\/\/api.w.org\/{rel}","templated":true}]}}