{"id":80505,"date":"2024-11-24T15:05:48","date_gmt":"2024-11-24T15:05:48","guid":{"rendered":"https:\/\/electromenagerexpress.com\/product\/machine-a-coudreelnaexplore-340\/"},"modified":"2024-11-24T15:05:48","modified_gmt":"2024-11-24T15:05:48","slug":"machine-a-coudreelnaexplore-340","status":"publish","type":"product","link":"https:\/\/electromenagerexpress.com\/en\/product\/machine-a-coudreelnaexplore-340\/","title":{"rendered":"Machine \u00e0 coudre\t\t\t\t\t\t\tELNA\t\t\t\tEXPLORE 340"},"content":{"rendered":"<div class=\"product-features__content\">\n<ul role=\"list\">\n<li class=\"product-features__item\" role=\"listitem\">\n<h3 class=\"product-features__label\">Caract\u00e9ristiques g\u00e9n\u00e9rales<\/h3>\n<ul role=\"list\">\n<li class=\"product-features__item-list__item\" role=\"listitem\"><span class=\"is--medium\">Machine :<\/span> Machine \u00e0 coudre \u00e9lectronique\t\t\t\t\t<\/li>\n<li class=\"product-features__item-list__item\" role=\"listitem\"><span class=\"is--medium\">Cat\u00e9gorie :<\/span> Confection\t\t\t\t\t<\/li>\n<li class=\"product-features__item-list__item\" role=\"listitem\"><span class=\"is--medium\">Plaque \u00e0 aiguille gradu\u00e9e :<\/span> Oui\t\t\t\t\t<\/li>\n<li class=\"product-features__item-list__item\" role=\"listitem\"><span class=\"is--medium\">Porte bobine :<\/span> non concern\u00e9\t\t\t\t\t<\/li>\n<li class=\"product-features__item-list__item\" role=\"listitem\"><span class=\"is--medium\">Porte canette m\u00e9tallique :<\/span> Non\t\t\t\t\t<\/li>\n<li class=\"product-features__item-list__item\" role=\"listitem\"><span class=\"is--medium\">Couleur :<\/span> Blanc\t\t\t\t\t<\/li>\n<li class=\"product-features__item-list__item\" role=\"listitem\"><span class=\"is--medium\">Griffe d&rsquo;entrainement :<\/span> non concern\u00e9\t\t\t\t\t<\/li>\n<\/ul>\n<\/li>\n<li class=\"product-features__item\" role=\"listitem\">\n<h3 class=\"product-features__label\">R\u00e9glages<\/h3>\n<ul role=\"list\">\n<li class=\"product-features__item-list__item\" role=\"listitem\"><span class=\"is--medium\">Largeur du point :<\/span> non\t\t\t\t\t<\/li>\n<li class=\"product-features__item-list__item\" role=\"listitem\"><span class=\"is--medium\">Largeur des points :<\/span> non communiqu\u00e9\t\t\t\t\t<\/li>\n<li class=\"product-features__item-list__item\" role=\"listitem\"><span class=\"is--medium\">Longueur du point :<\/span> non\t\t\t\t\t<\/li>\n<li class=\"product-features__item-list__item\" role=\"listitem\"><span class=\"is--medium\">Longueur des points :<\/span> non communiqu\u00e9\t\t\t\t\t<\/li>\n<li class=\"product-features__item-list__item\" role=\"listitem\"><span class=\"is--medium\">Tension du fil :<\/span> non communiqu\u00e9\t\t\t\t\t<\/li>\n<li class=\"product-features__item-list__item\" role=\"listitem\"><span class=\"is--medium\">Pression du pied de biche :<\/span> non\t\t\t\t\t<\/li>\n<li class=\"product-features__item-list__item\" role=\"listitem\"><span class=\"is--medium\">Hauteur du pied de biche :<\/span> Non\t\t\t\t\t<\/li>\n<li class=\"product-features__item-list__item\" role=\"listitem\"><span class=\"is--medium\">Le saviez-vous :<\/span> situ\u00e9 sous l&rsquo;aiguille, le pied de biche (ou pied presseur) sert \u00e0 plaquer le tissu contre la plaque \u00e0 aiguilles et les griffes d&rsquo;entrainement. Il existe differents mod\u00e8les comme le pied universel pour la couture de base ou encore le pied pour boutonniere\t\t\t\t\t<\/li>\n<\/ul>\n<\/li>\n<li class=\"product-features__item\" role=\"listitem\">\n<h3 class=\"product-features__label\">Programmes<\/h3>\n<ul role=\"list\">\n<li class=\"product-features__item-list__item\" role=\"listitem\"><span class=\"is--medium\">Boutonni\u00e8re :<\/span> sans boutonni\u00e8re\t\t\t\t\t<\/li>\n<li class=\"product-features__item-list__item\" role=\"listitem\"><span class=\"is--medium\">Points utilitaires :<\/span> Oui\t\t\t\t\t<\/li>\n<li class=\"product-features__item-list__item\" role=\"listitem\"><span class=\"is--medium\">Points d\u00e9coratifs :<\/span> Oui\t\t\t\t\t<\/li>\n<li class=\"product-features__item-list__item\" role=\"listitem\"><span class=\"is--medium\">Points extensibles :<\/span> Non\t\t\t\t\t<\/li>\n<\/ul>\n<\/li>\n<li class=\"product-features__item\" role=\"listitem\">\n<h3 class=\"product-features__label\">Fonctions sp\u00e9cifiques<\/h3>\n<ul role=\"list\">\n<li class=\"product-features__item-list__item\" role=\"listitem\"><span class=\"is--medium\">Fonction marche arri\u00e8re :<\/span> Oui\t\t\t\t\t<\/li>\n<li class=\"product-features__item-list__item\" role=\"listitem\"><span class=\"is--medium\">Fonction couture des boutons :<\/span> Oui\t\t\t\t\t<\/li>\n<\/ul>\n<\/li>\n<li class=\"product-features__item\" role=\"listitem\">\n<h3 class=\"product-features__label\">Transport et rangement<\/h3>\n<ul role=\"list\">\n<li class=\"product-features__item-list__item\" role=\"listitem\"><span class=\"is--medium\">Poign\u00e9e de transport :<\/span> Oui\t\t\t\t\t<\/li>\n<li class=\"product-features__item-list__item\" role=\"listitem\"><span class=\"is--medium\">Bo\u00eete d&rsquo;accessoires int\u00e9gr\u00e9e :<\/span> Oui\t\t\t\t\t<\/li>\n<li class=\"product-features__item-list__item\" role=\"listitem\"><span class=\"is--medium\">Housse ou valise rigide pour le rangement et transport :<\/span> Non\t\t\t\t\t<\/li>\n<\/ul>\n<\/li>\n<li class=\"product-features__item\" role=\"listitem\">\n<h3 class=\"product-features__label\">Informations et Services<\/h3>\n<ul role=\"list\">\n<li class=\"product-features__item-list__item\" role=\"listitem\"><span class=\"is--medium\">Fabriqu\u00e9 en :<\/span> Chine\t\t\t\t\t<\/li>\n<li class=\"product-features__item-list__item\" role=\"listitem\"><span class=\"is--medium\">Disponibilit\u00e9 des pi\u00e8ces d\u00e9tach\u00e9es (donn\u00e9es fournisseur) :<\/span> Non communiqu\u00e9e\t\t\t\t\t<\/li>\n<li class=\"product-features__item-list__item\" role=\"listitem\"><span class=\"is--medium\">R\u00e9f\u00e9rence constructeur :<\/span> EXPLORE 340\t\t\t\t\t<\/li>\n<li class=\"product-features__item-list__item\" role=\"listitem\"><span class=\"is--medium\">Marque :<\/span> ELNA\t\t\t\t\t<\/li>\n<\/ul>\n<\/li>\n<li class=\"product-features__item\" role=\"listitem\">\n<h3 class=\"product-features__label\">Dimensions<\/h3>\n<ul role=\"list\">\n<li class=\"product-features__item-list__item\" role=\"listitem\"><span class=\"is--medium\">Poids Net (kg) :<\/span> 10,0 kg\t\t\t\t\t<\/li>\n<\/ul>\n<\/li>\n<\/ul>\n<\/div>\n<div class=\"product__disclosure-content\">\n<div class=\"js-read-more product-description__content\" data-read-more-name=\"description\" style=\"max-height: 500px; overflow: hidden;\">\n<p>Machine \u00e0 coudre ELNA eXplore 340 &#8211; Garantie 5 ans Machine \u00e0 coudre m\u00e9canique simple d&rsquo;utilisation pour une couture occasionnelle, 26 points de couture, dont 7 points utilisables sur les tissus extensibles et une boutonni\u00e8re automatique, enfile aiguille automatique, r\u00e9glage de la pression du pied de biche, garantie 5 ans, notice en Fran\u00e7ais. \u00a0 Caract\u00e9ristiques : 26 points de couture dont 7 points utilisables sur les tissus extensibles. 1 boutonni\u00e8re automatique en 1 \u00e9tape. Convertible en table \/ bras libre. Enfile aiguille automatique Crochet rotatif horizontal R\u00e9glage de la pression du pied de biche R\u00e9glage de la longueur du point 4 mm max. R\u00e9glage de la largeur du point 5 mm max. R\u00e9glage de la position d&rsquo;aiguille. R\u00e9glage de la tension du fil. Abaissement des griffes d&rsquo;entra\u00eenement. Syst\u00e8me automatique de recharge de la cannette \u00a0 Simple d&rsquo;utilisation Robuste \u00a0 Accessoires et pieds inclus Aiguilles Canettes Brosse anti-peluche D\u00e9coud-vite Guide de ouatinage Tournevis Pied \u00e0 semelle \u00e9troite (E) Pied ourlet invisible (G) Pied point bourdon (F) Pied boutonni\u00e8re Pied overlock (C) Pied de boutonni\u00e8re automatique (R) Retrouvez tous les accessoires compatibles avec cette machine en cliquant ici \u00c9galement inclus : Coussinet de feutre, porte-bobine suppl\u00e9mentaire, disque fixe-bobine (grand et petit mod\u00e8le), manuel d&rsquo;utilisation en fran\u00e7ais, c\u00e2ble d&rsquo;alimentation Assistance t\u00e9l\u00e9phonique, pi\u00e8ces, main-d&rsquo;\u0153uvre, frais de transport &#8211; aller\/retour &#8211; uniquement pour la France m\u00e9tropolitaine (dont la Corse), la Belgique et le Luxembourg<\/p>\n<\/div>\n<\/div>","protected":false},"excerpt":{"rendered":"<div class=\"keypoints\">\n<h3 class=\"keypoints__title\">Les points cl\u00e9s<\/h3>\n<ul role=\"list\">\n<li class=\"keypoints__item\" role=\"listitem\">                                        Machine \u00e0 coudre \u00e9lectronique                      <\/li>\n<li class=\"keypoints__item\" role=\"listitem\">                                        Longueur du point : non                      <\/li>\n<\/ul>","protected":false},"featured_media":80504,"template":"","meta":{"_glsr_average":0,"_glsr_ranking":0,"_glsr_reviews":0},"product_cat":[436],"product_tag":[437,438,153],"class_list":{"0":"post-80505","1":"product","2":"type-product","3":"status-publish","4":"has-post-thumbnail","6":"product_cat-machine-a-coudre","7":"product_tag-couture","8":"product_tag-machine-a-coudre","9":"product_tag-maison-entretien","11":"first","12":"instock","13":"sale","14":"shipping-taxable","15":"purchasable","16":"product-type-simple"},"_links":{"self":[{"href":"https:\/\/electromenagerexpress.com\/en\/wp-json\/wp\/v2\/product\/80505","targetHints":{"allow":["GET"]}}],"collection":[{"href":"https:\/\/electromenagerexpress.com\/en\/wp-json\/wp\/v2\/product"}],"about":[{"href":"https:\/\/electromenagerexpress.com\/en\/wp-json\/wp\/v2\/types\/product"}],"wp:featuredmedia":[{"embeddable":true,"href":"https:\/\/electromenagerexpress.com\/en\/wp-json\/wp\/v2\/media\/80504"}],"wp:attachment":[{"href":"https:\/\/electromenagerexpress.com\/en\/wp-json\/wp\/v2\/media?parent=80505"}],"wp:term":[{"taxonomy":"product_cat","embeddable":true,"href":"https:\/\/electromenagerexpress.com\/en\/wp-json\/wp\/v2\/product_cat?post=80505"},{"taxonomy":"product_tag","embeddable":true,"href":"https:\/\/electromenagerexpress.com\/en\/wp-json\/wp\/v2\/product_tag?post=80505"}],"curies":[{"name":"wp","href":"https:\/\/api.w.org\/{rel}","templated":true}]}}