{"id":80484,"date":"2024-11-24T15:05:29","date_gmt":"2024-11-24T15:05:29","guid":{"rendered":"https:\/\/electromenagerexpress.com\/product\/brodeusehusqvarna-vikingdesigner-jade-35\/"},"modified":"2024-11-24T15:05:29","modified_gmt":"2024-11-24T15:05:29","slug":"brodeusehusqvarna-vikingdesigner-jade-35","status":"publish","type":"product","link":"https:\/\/electromenagerexpress.com\/en\/product\/brodeusehusqvarna-vikingdesigner-jade-35\/","title":{"rendered":"Brodeuse\t\t\t\t\t\t\tHUSQVARNA VIKING\t\t\t\tDESIGNER JADE 35"},"content":{"rendered":"<div class=\"product-features__content\">\n<ul role=\"list\">\n<li class=\"product-features__item\" role=\"listitem\">\n<h3 class=\"product-features__label\">Caract\u00e9ristiques g\u00e9n\u00e9rales<\/h3>\n<ul role=\"list\">\n<li class=\"product-features__item-list__item\" role=\"listitem\"><span class=\"is--medium\">Machine :<\/span> Brodeuse\t\t\t\t\t<\/li>\n<li class=\"product-features__item-list__item\" role=\"listitem\"><span class=\"is--medium\">Cat\u00e9gorie :<\/span> Confection\t\t\t\t\t<\/li>\n<li class=\"product-features__item-list__item\" role=\"listitem\"><span class=\"is--medium\">Plaque \u00e0 aiguille gradu\u00e9e :<\/span> Oui\t\t\t\t\t<\/li>\n<li class=\"product-features__item-list__item\" role=\"listitem\"><span class=\"is--medium\">Porte bobine :<\/span> non concern\u00e9\t\t\t\t\t<\/li>\n<li class=\"product-features__item-list__item\" role=\"listitem\"><span class=\"is--medium\">Porte canette m\u00e9tallique :<\/span> Non\t\t\t\t\t<\/li>\n<li class=\"product-features__item-list__item\" role=\"listitem\"><span class=\"is--medium\">Couleur :<\/span> Blanc\t\t\t\t\t<\/li>\n<li class=\"product-features__item-list__item\" role=\"listitem\"><span class=\"is--medium\">Griffe d&rsquo;entrainement :<\/span> non concern\u00e9\t\t\t\t\t<\/li>\n<\/ul>\n<\/li>\n<li class=\"product-features__item\" role=\"listitem\">\n<h3 class=\"product-features__label\">R\u00e9glages<\/h3>\n<ul role=\"list\">\n<li class=\"product-features__item-list__item\" role=\"listitem\"><span class=\"is--medium\">Largeur du point :<\/span> non\t\t\t\t\t<\/li>\n<li class=\"product-features__item-list__item\" role=\"listitem\"><span class=\"is--medium\">Largeur des points :<\/span> non communiqu\u00e9\t\t\t\t\t<\/li>\n<li class=\"product-features__item-list__item\" role=\"listitem\"><span class=\"is--medium\">Longueur du point :<\/span> non\t\t\t\t\t<\/li>\n<li class=\"product-features__item-list__item\" role=\"listitem\"><span class=\"is--medium\">Longueur des points :<\/span> non communiqu\u00e9\t\t\t\t\t<\/li>\n<li class=\"product-features__item-list__item\" role=\"listitem\"><span class=\"is--medium\">Tension du fil :<\/span> non communiqu\u00e9\t\t\t\t\t<\/li>\n<li class=\"product-features__item-list__item\" role=\"listitem\"><span class=\"is--medium\">Pression du pied de biche :<\/span> non\t\t\t\t\t<\/li>\n<li class=\"product-features__item-list__item\" role=\"listitem\"><span class=\"is--medium\">Hauteur du pied de biche :<\/span> Non\t\t\t\t\t<\/li>\n<li class=\"product-features__item-list__item\" role=\"listitem\"><span class=\"is--medium\">Le saviez-vous :<\/span> situ\u00e9 sous l&rsquo;aiguille, le pied de biche (ou pied presseur) sert \u00e0 plaquer le tissu contre la plaque \u00e0 aiguilles et les griffes d&rsquo;entrainement. Il existe differents mod\u00e8les comme le pied universel pour la couture de base ou encore le pied pour boutonniere\t\t\t\t\t<\/li>\n<\/ul>\n<\/li>\n<li class=\"product-features__item\" role=\"listitem\">\n<h3 class=\"product-features__label\">Programmes<\/h3>\n<ul role=\"list\">\n<li class=\"product-features__item-list__item\" role=\"listitem\"><span class=\"is--medium\">Boutonni\u00e8re :<\/span> sans boutonni\u00e8re\t\t\t\t\t<\/li>\n<li class=\"product-features__item-list__item\" role=\"listitem\"><span class=\"is--medium\">Points utilitaires :<\/span> Oui\t\t\t\t\t<\/li>\n<li class=\"product-features__item-list__item\" role=\"listitem\"><span class=\"is--medium\">Points d\u00e9coratifs :<\/span> Oui\t\t\t\t\t<\/li>\n<li class=\"product-features__item-list__item\" role=\"listitem\"><span class=\"is--medium\">Points extensibles :<\/span> Non\t\t\t\t\t<\/li>\n<\/ul>\n<\/li>\n<li class=\"product-features__item\" role=\"listitem\">\n<h3 class=\"product-features__label\">Fonctions sp\u00e9cifiques<\/h3>\n<ul role=\"list\">\n<li class=\"product-features__item-list__item\" role=\"listitem\"><span class=\"is--medium\">Fonction marche arri\u00e8re :<\/span> Oui\t\t\t\t\t<\/li>\n<li class=\"product-features__item-list__item\" role=\"listitem\"><span class=\"is--medium\">Fonction couture des boutons :<\/span> Oui\t\t\t\t\t<\/li>\n<\/ul>\n<\/li>\n<li class=\"product-features__item\" role=\"listitem\">\n<h3 class=\"product-features__label\">Transport et rangement<\/h3>\n<ul role=\"list\">\n<li class=\"product-features__item-list__item\" role=\"listitem\"><span class=\"is--medium\">Poign\u00e9e de transport :<\/span> Oui\t\t\t\t\t<\/li>\n<li class=\"product-features__item-list__item\" role=\"listitem\"><span class=\"is--medium\">Bo\u00eete d&rsquo;accessoires int\u00e9gr\u00e9e :<\/span> Oui\t\t\t\t\t<\/li>\n<li class=\"product-features__item-list__item\" role=\"listitem\"><span class=\"is--medium\">Housse ou valise rigide pour le rangement et transport :<\/span> Non\t\t\t\t\t<\/li>\n<\/ul>\n<\/li>\n<li class=\"product-features__item\" role=\"listitem\">\n<h3 class=\"product-features__label\">Informations et Services<\/h3>\n<ul role=\"list\">\n<li class=\"product-features__item-list__item\" role=\"listitem\"><span class=\"is--medium\">Fabriqu\u00e9 en :<\/span> Chine\t\t\t\t\t<\/li>\n<li class=\"product-features__item-list__item\" role=\"listitem\"><span class=\"is--medium\">Disponibilit\u00e9 des pi\u00e8ces d\u00e9tach\u00e9es (donn\u00e9es fournisseur) :<\/span> Non communiqu\u00e9e\t\t\t\t\t<\/li>\n<li class=\"product-features__item-list__item\" role=\"listitem\"><span class=\"is--medium\">R\u00e9f\u00e9rence constructeur :<\/span> DESIGNER JADE 35\t\t\t\t\t<\/li>\n<li class=\"product-features__item-list__item\" role=\"listitem\"><span class=\"is--medium\">Marque :<\/span> HUSQVARNA VIKING\t\t\t\t\t<\/li>\n<\/ul>\n<\/li>\n<li class=\"product-features__item\" role=\"listitem\">\n<h3 class=\"product-features__label\">Dimensions<\/h3>\n<ul role=\"list\">\n<li class=\"product-features__item-list__item\" role=\"listitem\"><span class=\"is--medium\">Poids Net (kg) :<\/span> 18,0 kg\t\t\t\t\t<\/li>\n<\/ul>\n<\/li>\n<\/ul>\n<\/div>\n<div class=\"product__disclosure-content\">\n<div class=\"js-read-more product-description__content read-more read-more--truncated\" data-read-more-name=\"description\" style=\"max-height: 500px; overflow: hidden;\">\n<p>Machine \u00e0 coudre et \u00e0 broder HUSQVARNA DESIGNER Jade 35 &#8211; Garantie 5 ans La machine \u00e0 coudre et \u00e0 broder HUSQVARNA-VIKING DESIGNER JADE\u2122 35 a des fonctionnalit\u00e9s intelligentes et un design unique. Elle vous permettra de r\u00e9aliser de beaux ouvrages tr\u00e8s simplement. C&rsquo;est une machine simple d&rsquo;utilisation et robuste, elle conviendra aux couturi\u00e8res qui recherchent une machine \u00e0 coudre et \u00e0 broder de tr\u00e8s bonne qualit\u00e9, \u00e0 un tarif abordable. Caract\u00e9ristiques : Coupe-fil Automatique Tension de fil Automatique 8 pieds-de-biche d\u00e9montables HUSQVARNA VIKING\u00ae inclus Compartiment pour accessoires de conception unique Contr\u00f4le de vitesse Enfile aiguille int\u00e9gr\u00e9 \u00c9cran graphique S\u00e9curit\u00e9 d&rsquo;aiguille double Bobinage de canette \u00e0 partir de l&rsquo;aiguille Plusieurs langues Voyants LED Grande surface de broderie 240x150mm (9\u00bd\u2033x6\u2033) Grande vitesse de broderie 70 motifs de broderie 1 police de broderie dans 3 tailles diff\u00e9rentes Cl\u00e9 USB de broderie B\u00e2ti de motif Modification de broderie V\u00e9rification des coins Rotation de motif 90\u00ba Parcourir les points Parcourir les blocs de couleurs Fonction exclusive SEWING ADVISOR Grande surface de couture 200 mm 120 magnifiques points de 7 mm Boutonni\u00e8re une \u00e9tape 2 polices de couture Arr\u00eat de l&rsquo;aiguille Haut\/Bas Fonction Marche\/Arr\u00eat Abaissement des griffes d&rsquo;entra\u00eenements Piqu\u00e9 libre avec tous les points Capteur de fil sup\u00e9rieur 29 positions d&rsquo;aiguille C\u00f4t\u00e9 Broderie : Grande surface de broderie\u00a0240x150mm Grande vitesse de broderie 70 motifs de broderie 1 police de broderie dans 3 tailles diff\u00e9rentes Cl\u00e9 USB de broderie B\u00e2ti de motif Modification de broderie V\u00e9rification des coins Rotation de motif\u00a090\u00ba Parcourir les points Parcourir les blocs de couleurs D\u00e9placement Machine simple \u00e0 utiliser Robuste et performante Grande surface de broderie Qualit\u00e9 de broderie et de couture irr\u00e9prochables\u00a0 \u00a0 Grande Surface de Broderie : Vous pouvez cr\u00e9er et broder de grands motifs sans r\u00e9-encercler jusqu&rsquo;\u00e0 240&#215;150 mm (9 \u00bd\u201d x 6\u201d). Le grand cercle de broderie DESIGNER\u2122 Jewel Hoop 240x150mm (9 \u00bd&rsquo; x 6&prime;) est inclus avec votre DESIGNER JADE\u2122 35. HUSQVARNA VIKING\u00ae d\u00e9veloppe constamment de nouveaux cercles de broderie et des accessoires adapt\u00e9s \u00e0 diverses techniques. Fonction\u00a0 SEWING ADVISOR\u2122 : S\u00e9lectionnez un type de tissu et une technique de couture, et la fonction Exclusive SEWING ADVISOR\u2122 r\u00e9glera instantan\u00e9ment la machine pour vous, avec des conseils d&rsquo;expert sur l&rsquo;\u00e9cran. Le meilleur point, la longueur et la largeur de point ainsi que la tension du fil seront automatiquement r\u00e9gl\u00e9s. Le point et le pied de biche recommand\u00e9 s&rsquo;affiche sur l&rsquo;\u00e9cran. Grand Espace de Couture : Un espace de couture de 200 mm qui vous permet de coudre facilement de grands quilts, des projets de d\u00e9corations d&rsquo;int\u00e9rieur et des v\u00eatements. Une grande zone \u00e0 droite de l&rsquo;aiguille pour facilit\u00e9 la couture. Logiciel Embroidery Intro pour PC : Ajustez, personnalisez et combinez vos motifs de broderie et cr\u00e9ez des monogrammes, le tout sur votre PC ! Faites pivoter, inversez, redimensionnez tous les motifs avec l&rsquo;option pour maintenir une densit\u00e9 de points constante. \u00a0 Accessoires et pieds inclus Filet couvre-bobine Guide bord, Rond de feutrine (2) Canettes (5 dont une sur la machine) Tournevis Broche porte-bobine repliable D\u00e9couvit Brosse Tournevis pour plaque \u00e0 aiguille Porte bobine (petit) Porte bobine (grand) Cl\u00e9 USB de broderie avec motifs de broderie Livre d&rsquo;\u00e9chantillons HUSQVARNA VIKING DESIGNER JADE 35 Longue vis de serrage d&rsquo;aiguille Aiguilles Cadre de broderie 260 x 150 mm Pied utilitaire A Pied pour points d\u00e9coratifs B Pied pour boutonni\u00e8re C Pied pour ourlet invisible D Pied pour fermeture \u00e0 glissi\u00e8re E Pied bordeur J Pied pour broderie\/raccommodage U Pied pour boutonni\u00e8re une \u00e9tape Semelle anti-adh\u00e9sive Retrouvez tous les accessoires compatibles avec cette machine en cliquant ici \u00c9galement inclus : P\u00e9dale, Cordon d&rsquo;alimentation, Logiciel Embroidery Intro pour PC Assistance t\u00e9l\u00e9phonique, pi\u00e8ces, main-d&rsquo;\u0153uvre, frais de transport &#8211; aller\/retour &#8211; uniquement pour la France m\u00e9tropolitaine (dont la Corse), la Belgique et le Luxembourg<\/p>\n<\/div>\n<p><bl-button a11yexpanded=\"false\" arialabel=\"Afficher toute la description\" class=\"read-more__btn\" full=\"false\" link=\"true\">Voir plus<\/bl-button><\/div>","protected":false},"excerpt":{"rendered":"<div class=\"keypoints\">\n<h3 class=\"keypoints__title\">Les points cl\u00e9s<\/h3>\n<ul role=\"list\">\n<li class=\"keypoints__item\" role=\"listitem\">                                        Brodeuse                      <\/li>\n<li class=\"keypoints__item\" role=\"listitem\">                                        Longueur du point : non                      <\/li>\n<\/ul>","protected":false},"featured_media":80483,"template":"","meta":{"_glsr_average":0,"_glsr_ranking":0,"_glsr_reviews":0},"product_cat":[439],"product_tag":[437,440,153],"class_list":{"0":"post-80484","1":"product","2":"type-product","3":"status-publish","4":"has-post-thumbnail","6":"product_cat-machine-a-broder","7":"product_tag-couture","8":"product_tag-machine-a-broder","9":"product_tag-maison-entretien","11":"first","12":"instock","13":"sale","14":"shipping-taxable","15":"purchasable","16":"product-type-simple"},"_links":{"self":[{"href":"https:\/\/electromenagerexpress.com\/en\/wp-json\/wp\/v2\/product\/80484","targetHints":{"allow":["GET"]}}],"collection":[{"href":"https:\/\/electromenagerexpress.com\/en\/wp-json\/wp\/v2\/product"}],"about":[{"href":"https:\/\/electromenagerexpress.com\/en\/wp-json\/wp\/v2\/types\/product"}],"wp:featuredmedia":[{"embeddable":true,"href":"https:\/\/electromenagerexpress.com\/en\/wp-json\/wp\/v2\/media\/80483"}],"wp:attachment":[{"href":"https:\/\/electromenagerexpress.com\/en\/wp-json\/wp\/v2\/media?parent=80484"}],"wp:term":[{"taxonomy":"product_cat","embeddable":true,"href":"https:\/\/electromenagerexpress.com\/en\/wp-json\/wp\/v2\/product_cat?post=80484"},{"taxonomy":"product_tag","embeddable":true,"href":"https:\/\/electromenagerexpress.com\/en\/wp-json\/wp\/v2\/product_tag?post=80484"}],"curies":[{"name":"wp","href":"https:\/\/api.w.org\/{rel}","templated":true}]}}