{"id":80393,"date":"2024-11-24T15:03:56","date_gmt":"2024-11-24T15:03:56","guid":{"rendered":"https:\/\/electromenagerexpress.com\/product\/machine-a-coudrebrotherfs40s\/"},"modified":"2024-11-24T15:04:09","modified_gmt":"2024-11-24T15:04:09","slug":"machine-a-coudrebrotherfs40s","status":"publish","type":"product","link":"https:\/\/electromenagerexpress.com\/en\/product\/machine-a-coudrebrotherfs40s\/","title":{"rendered":"Machine \u00e0 coudre\t\t\t\t\t\t\tBROTHER\t\t\t\tFS40s"},"content":{"rendered":"<div class=\"product-features__content\">\n<ul role=\"list\">\n<li class=\"product-features__item\" role=\"listitem\">\n<h3 class=\"product-features__label\">Caract\u00e9ristiques g\u00e9n\u00e9rales<\/h3>\n<ul role=\"list\">\n<li class=\"product-features__item-list__item\" role=\"listitem\"><span class=\"is--medium\">Machine :<\/span> Machine \u00e0 coudre \u00e9lectronique\t\t\t\t\t<\/li>\n<li class=\"product-features__item-list__item\" role=\"listitem\"><span class=\"is--medium\">Cat\u00e9gorie :<\/span> Plaisir\t\t\t\t\t<\/li>\n<li class=\"product-features__item-list__item\" role=\"listitem\"><span class=\"is--medium\">Puissance :<\/span> 40 W\t\t\t\t\t<\/li>\n<li class=\"product-features__item-list__item\" role=\"listitem\"><span class=\"is--medium\">Plaque \u00e0 aiguille gradu\u00e9e :<\/span> Oui\t\t\t\t\t<\/li>\n<li class=\"product-features__item-list__item\" role=\"listitem\"><span class=\"is--medium\">Porte bobine :<\/span> 1 vertical\t\t\t\t\t<\/li>\n<li class=\"product-features__item-list__item\" role=\"listitem\"><span class=\"is--medium\">Porte canette m\u00e9tallique :<\/span> Oui\t\t\t\t\t<\/li>\n<li class=\"product-features__item-list__item\" role=\"listitem\"><span class=\"is--medium\">Couleur :<\/span> Blanc\t\t\t\t\t<\/li>\n<li class=\"product-features__item-list__item\" role=\"listitem\"><span class=\"is--medium\">Griffe d&rsquo;entrainement :<\/span> 6 t\u00eates\t\t\t\t\t<\/li>\n<li class=\"product-features__item-list__item\" role=\"listitem\"><span class=\"is--medium\">Le saviez-vous :<\/span> situ\u00e9e sous la plaque \u00e0 aiguille, la griffe d&rsquo;entrainement fonctionne de mani\u00e8re synchronis\u00e9e avec l&rsquo;aiguille pour entrainer le tissu de mani\u00e8re r\u00e9guli\u00e8re. Au plus il y a de t\u00eates au mieux le tissu est entrain\u00e9 pour des points de couture impeccables.\t\t\t\t\t<\/li>\n<li class=\"product-features__item-list__item\" role=\"listitem\"><span class=\"is--medium\">Autres informations :<\/span> Ecran LCD, s\u00e9lection par touches, touche marche\/arr\u00eat, large espace de travail \u00e0 droite de l&rsquo;aiguille\t\t\t\t\t<\/li>\n<\/ul>\n<\/li>\n<li class=\"product-features__item\" role=\"listitem\">\n<h3 class=\"product-features__label\">R\u00e9glages<\/h3>\n<ul role=\"list\">\n<li class=\"product-features__item-list__item\" role=\"listitem\"><span class=\"is--medium\">Largeur du point :<\/span> manuel ou automatique (au choix de l&rsquo;utilisateur)\t\t\t\t\t<\/li>\n<li class=\"product-features__item-list__item\" role=\"listitem\"><span class=\"is--medium\">Largeur des points :<\/span> jusqu&rsquo;\u00e0 7mm\t\t\t\t\t<\/li>\n<li class=\"product-features__item-list__item\" role=\"listitem\"><span class=\"is--medium\">Longueur du point :<\/span> manuel ou automatique (au choix de l&rsquo;utilisateur)\t\t\t\t\t<\/li>\n<li class=\"product-features__item-list__item\" role=\"listitem\"><span class=\"is--medium\">Longueur des points :<\/span> jusqu&rsquo;\u00e0 5mm\t\t\t\t\t<\/li>\n<li class=\"product-features__item-list__item\" role=\"listitem\"><span class=\"is--medium\">Tension du fil :<\/span> manuel\t\t\t\t\t<\/li>\n<li class=\"product-features__item-list__item\" role=\"listitem\"><span class=\"is--medium\">Pression du pied de biche :<\/span> non\t\t\t\t\t<\/li>\n<li class=\"product-features__item-list__item\" role=\"listitem\"><span class=\"is--medium\">Hauteur du pied de biche :<\/span> Oui\t\t\t\t\t<\/li>\n<li class=\"product-features__item-list__item\" role=\"listitem\"><span class=\"is--medium\">Le saviez-vous :<\/span> situ\u00e9 sous l&rsquo;aiguille, le pied de biche (ou pied presseur) sert \u00e0 plaquer le tissu contre la plaque \u00e0 aiguilles et les griffes d&rsquo;entrainement. Il existe differents mod\u00e8les comme le pied universel pour la couture de base ou encore le pied pour boutonniere\t\t\t\t\t<\/li>\n<\/ul>\n<\/li>\n<li class=\"product-features__item\" role=\"listitem\">\n<h3 class=\"product-features__label\">Contr\u00f4le de la vitesse<\/h3>\n<ul role=\"list\">\n<li class=\"product-features__item-list__item\" role=\"listitem\"><span class=\"is--medium\">Contr\u00f4le :<\/span> avec la p\u00e9dale (rh\u00e9ostat \u00e9lectronique)\t\t\t\t\t<\/li>\n<li class=\"product-features__item-list__item\" role=\"listitem\"><span class=\"is--medium\">Vitesse maximale :<\/span> jusqu&rsquo;\u00e0 750 points \/min\t\t\t\t\t<\/li>\n<li class=\"product-features__item-list__item\" role=\"listitem\"><span class=\"is--medium\">Bouton r\u00e9gulateur de vitesse :<\/span> oui, il permet de bloquer ou d&rsquo;ajuster une vitesse d\u00e9finie (couture pr\u00e9cise \u00e0 r\u00e9aliser, sensibilit\u00e9 de la p\u00e9dale)\t\t\t\t\t<\/li>\n<\/ul>\n<\/li>\n<li class=\"product-features__item\" role=\"listitem\">\n<h3 class=\"product-features__label\">Programmes<\/h3>\n<ul role=\"list\">\n<li class=\"product-features__item-list__item\" role=\"listitem\"><span class=\"is--medium\">Nombre de programmes de points :<\/span> 40\t\t\t\t\t<\/li>\n<li class=\"product-features__item-list__item\" role=\"listitem\"><span class=\"is--medium\">Boutonni\u00e8re :<\/span> automatique 1 \u00e9tape\t\t\t\t\t<\/li>\n<li class=\"product-features__item-list__item\" role=\"listitem\"><span class=\"is--medium\">Points utilitaires :<\/span> Oui\t\t\t\t\t<\/li>\n<li class=\"product-features__item-list__item\" role=\"listitem\"><span class=\"is--medium\">Points d\u00e9coratifs :<\/span> Oui\t\t\t\t\t<\/li>\n<li class=\"product-features__item-list__item\" role=\"listitem\"><span class=\"is--medium\">Points extensibles :<\/span> Oui\t\t\t\t\t<\/li>\n<\/ul>\n<\/li>\n<li class=\"product-features__item\" role=\"listitem\">\n<h3 class=\"product-features__label\">Fonctions sp\u00e9cifiques<\/h3>\n<ul role=\"list\">\n<li class=\"product-features__item-list__item\" role=\"listitem\"><span class=\"is--medium\">Fonction double aiguille :<\/span> Non\t\t\t\t\t<\/li>\n<li class=\"product-features__item-list__item\" role=\"listitem\"><span class=\"is--medium\">Fonction marche arri\u00e8re :<\/span> Oui\t\t\t\t\t<\/li>\n<li class=\"product-features__item-list__item\" role=\"listitem\"><span class=\"is--medium\">Fonction couture des boutons :<\/span> Oui\t\t\t\t\t<\/li>\n<li class=\"product-features__item-list__item\" role=\"listitem\"><span class=\"is--medium\">Couture de reprisage :<\/span> Oui\t\t\t\t\t<\/li>\n<li class=\"product-features__item-list__item\" role=\"listitem\"><span class=\"is--medium\">Point d&rsquo;arr\u00eat automatique :<\/span> oui, r\u00e9alise un point de renfort en d\u00e9but et fin de couture automatiquement\t\t\t\t\t<\/li>\n<li class=\"product-features__item-list__item\" role=\"listitem\"><span class=\"is--medium\">Bras libre :<\/span> oui, la zone au niveau de la canette est d\u00e9gag\u00e9e, vous pouvez passer le tissu autour de la base de la machine et ainsi r\u00e9aliser des coutures de fa\u00e7on cylindrique (manches ou jambe de pantalon).\t\t\t\t\t<\/li>\n<\/ul>\n<\/li>\n<li class=\"product-features__item\" role=\"listitem\">\n<h3 class=\"product-features__label\">Transport et rangement<\/h3>\n<ul role=\"list\">\n<li class=\"product-features__item-list__item\" role=\"listitem\"><span class=\"is--medium\">Poign\u00e9e de transport :<\/span> Oui\t\t\t\t\t<\/li>\n<li class=\"product-features__item-list__item\" role=\"listitem\"><span class=\"is--medium\">Bo\u00eete d&rsquo;accessoires int\u00e9gr\u00e9e :<\/span> Oui\t\t\t\t\t<\/li>\n<li class=\"product-features__item-list__item\" role=\"listitem\"><span class=\"is--medium\">Housse ou valise rigide pour le rangement et transport :<\/span> Oui\t\t\t\t\t<\/li>\n<\/ul>\n<\/li>\n<li class=\"product-features__item\" role=\"listitem\">\n<h3 class=\"product-features__label\">Confort d&rsquo;utilisation<\/h3>\n<ul role=\"list\">\n<li class=\"product-features__item-list__item\" role=\"listitem\"><span class=\"is--medium\">Plan de travail \u00e9clair\u00e9 :<\/span> Oui\t\t\t\t\t<\/li>\n<li class=\"product-features__item-list__item\" role=\"listitem\"><span class=\"is--medium\">Enfilage :<\/span> automatique\t\t\t\t\t<\/li>\n<li class=\"product-features__item-list__item\" role=\"listitem\"><span class=\"is--medium\">Affichage du pied de biche \u00e0 utiliser :<\/span> Oui\t\t\t\t\t<\/li>\n<li class=\"product-features__item-list__item\" role=\"listitem\"><span class=\"is--medium\">Syst\u00e8me de canette \u00e0 plat :<\/span> oui, la mise en place est facile et rapide\t\t\t\t\t<\/li>\n<li class=\"product-features__item-list__item\" role=\"listitem\"><span class=\"is--medium\">Choix position d&rsquo;arr\u00eat aiguille :<\/span> oui, lorsque vous levez le pied de la p\u00e9dale, choisissez si vous souhaitez bloquer l&rsquo;aiguille en position haute pour retirer le tissu ou en position basse pour le bloquer\t\t\t\t\t<\/li>\n<li class=\"product-features__item-list__item\" role=\"listitem\"><span class=\"is--medium\">Guide de couture int\u00e9gr\u00e9 :<\/span> non\t\t\t\t\t<\/li>\n<\/ul>\n<\/li>\n<li class=\"product-features__item\" role=\"listitem\">\n<h3 class=\"product-features__label\">Informations et Services<\/h3>\n<ul role=\"list\">\n<li class=\"product-features__item-list__item\" role=\"listitem\"><span class=\"is--medium\">Fabriqu\u00e9 en :<\/span> Vi\u00eat Nam\t\t\t\t\t<\/li>\n<li class=\"product-features__item-list__item\" role=\"listitem\"><span class=\"is--medium\">Garantie :<\/span> 2 ans\t\t\t\t\t<\/li>\n<li class=\"product-features__item-list__item\" role=\"listitem\"><span class=\"is--medium\">Disponibilit\u00e9 des pi\u00e8ces d\u00e9tach\u00e9es (donn\u00e9es fournisseur) :<\/span> Pendant 8 ans, \u00e0 compter de la date d&rsquo;achat\t\t\t\t\t<\/li>\n<li class=\"product-features__item-list__item\" role=\"listitem\"><span class=\"is--medium\">R\u00e9f\u00e9rence constructeur :<\/span> FS40s\t\t\t\t\t<\/li>\n<li class=\"product-features__item-list__item\" role=\"listitem\"><span class=\"is--medium\">Marque :<\/span> BROTHER\t\t\t\t\t<\/li>\n<\/ul>\n<\/li>\n<li class=\"product-features__item\" role=\"listitem\">\n<h3 class=\"product-features__label\">Dimensions<\/h3>\n<ul role=\"list\">\n<li class=\"product-features__item-list__item\" role=\"listitem\"><span class=\"is--medium\">Dimensions l x h x p :<\/span> 44 x 33 x 21 cm\t\t\t\t\t<\/li>\n<li class=\"product-features__item-list__item\" role=\"listitem\"><span class=\"is--medium\">Poids Net (kg) :<\/span> 5,4 kg\t\t\t\t\t<\/li>\n<\/ul>\n<\/li>\n<\/ul>\n<\/div>\n<div class=\"product__disclosure-content\">\n<div class=\"js-read-more product-description__content read-more read-more--truncated\" data-read-more-name=\"description\" style=\"max-height: 500px; overflow: hidden;\">\n<p>La machine \u00e0 coudre BROTHER FS40s a \u00e9t\u00e9 \u00e9tudi\u00e9e pour r\u00e9pondre aux besoins des couturi\u00e8res et couturiers d\u00e9butants comme confirm\u00e9s. Son format compact est id\u00e9al pour la transporter dans sa valise fournie. Quant \u00e0 ses nombreuses fonctionnalit\u00e9s, elles vous permettent de r\u00e9aliser un point d&rsquo;une grande pr\u00e9cision.<\/p>\n<h3><img fetchpriority=\"high\" decoding=\"async\" ,=\"\" alt=\"Mach. \u00e0 coudre BROTHER FS40s\" class=\"wy_tableau_gauche\" height=\"270\" src=\"https:\/\/boulanger.scene7.com\/is\/image\/Boulanger\/4977766808996_h_f_l_0?wid=400&amp;hei=270\" width=\"400\"\/>Un point parfait<\/h3>\n<p>La machine \u00e0 coudre BROTHER FS40s vous permettra de r\u00e9aliser vos coutures avec une grande efficacit\u00e9 gr\u00e2ce \u00e0 ses <b>40 points dont de nombreux points fantaisie et 5 boutonni\u00e8res<\/b>. Si la largeur et la longueur des points sont \u00e0 pr\u00e9r\u00e9gler, vous pourrez toujours les ajuster manuellement en cours de travail et profiter de grilles d&rsquo;entra\u00eenement abaissables pour la couture libre.<\/p>\n<p>La machine \u00e0 coudre FS40s est capable de r\u00e9aliser 5 boutonni\u00e8res en une \u00e9tape automatique avec une facilit\u00e9 d\u00e9concertante. Vous n&rsquo;avez qu&rsquo;\u00e0 <b>r\u00e9gler le point choisi et sa vitesse gr\u00e2ce \u00e0 un variateur flexible<\/b> : elle fera tout le travail pour vous. Choisissez parmi plusieurs positions d&rsquo;aiguille afin d&rsquo;obtenir des coutures toujours parfaites et d&rsquo;une pr\u00e9cision remarquable.<\/p>\n<h3><img decoding=\"async\" ,=\"\" alt=\"Mach. \u00e0 coudre BROTHER FS40s\" class=\"wy_tableau_right\" height=\"270\" src=\"https:\/\/boulanger.scene7.com\/is\/image\/Boulanger\/4977766808996_h_f_l_1?wid=400&amp;hei=270\" width=\"400\"\/>Un appareil fiable et pratique<\/h3>\n<p>La machine \u00e0 coudre BROTHER FS40s est dot\u00e9e d&rsquo;un capot transparent : vous pouvez ainsi v\u00e9rifier la quantit\u00e9 de fil restant en un coup d&rsquo;oeil. Le petit plus ? Son \u00e9cran LCD de contr\u00f4le vous permet de v\u00e9rifier \u00e0 tout instant les informations sur le point de couture s\u00e9lectionn\u00e9 : num\u00e9ro du point, longueur et largeur du point et pied \u00e0 utiliser.<\/p>\n<p>La machine est \u00e9quip\u00e9e d&rsquo;un syst\u00e8me d&rsquo;\u00e9clairage puissant par diode. De cette mani\u00e8re, votre plan de travail reste toujours illumin\u00e9 de fa\u00e7on optimale et vous pouvez travailler avec pr\u00e9cision, sans fatiguer vos yeux. De plus, l&rsquo;enfile-aiguille automatique vous facilite la t\u00e2che tout en vous faisant gagner du temps.<\/p>\n<\/p>\n<\/div>\n<p><bl-button a11yexpanded=\"false\" arialabel=\"Afficher toute la description\" class=\"read-more__btn\" full=\"false\" link=\"true\">Voir plus<\/bl-button><\/div>","protected":false},"excerpt":{"rendered":"<div class=\"keypoints\">\n<h3 class=\"keypoints__title\">Les points cl\u00e9s<\/h3>\n<ul role=\"list\">\n<li class=\"keypoints__item\" role=\"listitem\">                                        Machine \u00e0 coudre \u00e9lectronique                      <\/li>\n<li class=\"keypoints__item\" role=\"listitem\">                                        Puissance : 40 W                      <\/li>\n<li class=\"keypoints__item\" role=\"listitem\">                                        Nombre de programmes de points : 40                      <\/li>\n<li class=\"keypoints__item\" role=\"listitem\">                                        Longueur du point : manuel ou automatique (au choix de l&rsquo;utilisateur)                      <\/li>\n<li class=\"keypoints__item keypoints__item--advantage\" role=\"listitem\"><strong>Le + :<\/strong> Sa simplicit\u00e9 d&rsquo;utilisation et ses nombreuses fonctionnalit\u00e9s.      <\/li>\n<\/ul>","protected":false},"featured_media":80392,"template":"","meta":{"_glsr_average":0,"_glsr_ranking":0,"_glsr_reviews":0},"product_cat":[436],"product_tag":[437,438,153],"class_list":{"0":"post-80393","1":"product","2":"type-product","3":"status-publish","4":"has-post-thumbnail","6":"product_cat-machine-a-coudre","7":"product_tag-couture","8":"product_tag-machine-a-coudre","9":"product_tag-maison-entretien","11":"first","12":"instock","13":"sale","14":"shipping-taxable","15":"purchasable","16":"product-type-simple"},"_links":{"self":[{"href":"https:\/\/electromenagerexpress.com\/en\/wp-json\/wp\/v2\/product\/80393","targetHints":{"allow":["GET"]}}],"collection":[{"href":"https:\/\/electromenagerexpress.com\/en\/wp-json\/wp\/v2\/product"}],"about":[{"href":"https:\/\/electromenagerexpress.com\/en\/wp-json\/wp\/v2\/types\/product"}],"wp:featuredmedia":[{"embeddable":true,"href":"https:\/\/electromenagerexpress.com\/en\/wp-json\/wp\/v2\/media\/80392"}],"wp:attachment":[{"href":"https:\/\/electromenagerexpress.com\/en\/wp-json\/wp\/v2\/media?parent=80393"}],"wp:term":[{"taxonomy":"product_cat","embeddable":true,"href":"https:\/\/electromenagerexpress.com\/en\/wp-json\/wp\/v2\/product_cat?post=80393"},{"taxonomy":"product_tag","embeddable":true,"href":"https:\/\/electromenagerexpress.com\/en\/wp-json\/wp\/v2\/product_tag?post=80393"}],"curies":[{"name":"wp","href":"https:\/\/api.w.org\/{rel}","templated":true}]}}