{"id":80361,"date":"2024-11-24T15:03:26","date_gmt":"2024-11-24T15:03:26","guid":{"rendered":"https:\/\/electromenagerexpress.com\/product\/blendermoulinexultrablend-cook-haute-vitesse-lm962b10\/"},"modified":"2024-11-24T15:03:51","modified_gmt":"2024-11-24T15:03:51","slug":"blendermoulinexultrablend-cook-haute-vitesse-lm962b10","status":"publish","type":"product","link":"https:\/\/electromenagerexpress.com\/en\/product\/blendermoulinexultrablend-cook-haute-vitesse-lm962b10\/","title":{"rendered":"Blender\t\t\t\t\t\t\tMOULINEX\t\t\t\tUltrablend Cook haute vitesse LM962B10"},"content":{"rendered":"<div class=\"product-features__content\">\n<ul role=\"list\">\n<li class=\"product-features__item\" role=\"listitem\">\n<h3 class=\"product-features__label\">Dimensions<\/h3>\n<ul role=\"list\">\n<li class=\"product-features__item-list__item\" role=\"listitem\"><span class=\"is--medium\">Dimensions l x h x p :<\/span> 23.5 x 49.5 x 22.2 cm\t\t\t\t\t<\/li>\n<li class=\"product-features__item-list__item\" role=\"listitem\"><span class=\"is--medium\">Poids Net :<\/span> 6,10 Kg\t\t\t\t\t<\/li>\n<\/ul>\n<\/li>\n<li class=\"product-features__item\" role=\"listitem\">\n<h3 class=\"product-features__label\">Informations compl\u00e9mentaires<\/h3>\n<ul role=\"list\">\n<li class=\"product-features__item-list__item\" role=\"listitem\"><span class=\"is--medium\">Fabriqu\u00e9 en :<\/span> Chine\t\t\t\t\t<\/li>\n<li class=\"product-features__item-list__item\" role=\"listitem\"><span class=\"is--medium\">Garantie :<\/span> 2 ans\t\t\t\t\t<\/li>\n<li class=\"product-features__item-list__item\" role=\"listitem\"><span class=\"is--medium\">Disponibilit\u00e9 des pi\u00e8ces d\u00e9tach\u00e9es (donn\u00e9es fournisseur) :<\/span> Pendant 10 ans\t\t\t\t\t<\/li>\n<li class=\"product-features__item-list__item\" role=\"listitem\"><span class=\"is--medium\">R\u00e9f\u00e9rence constructeur :<\/span> Ultrablend Cook haute vitesse LM962B10\t\t\t\t\t<\/li>\n<li class=\"product-features__item-list__item\" role=\"listitem\"><span class=\"is--medium\">Marque :<\/span> MOULINEX\t\t\t\t\t<\/li>\n<\/ul>\n<\/li>\n<\/ul>\n<\/div>\n<div class=\"product__disclosure-content\">\n<div class=\"js-read-more product-description__content read-more read-more--truncated\" data-read-more-name=\"description\" style=\"max-height: 500px; overflow: hidden;\">\n<p>Avec le blender MOULINEX Ultrablend Cook haute vitesse, vous allez r\u00e9aliser une multitude de pr\u00e9parations froides, comme des smoothies, des milkshakes ou des laits v\u00e9g\u00e9taux, mais \u00e9galement chaudes comme des sauces ou des soupes. Gr\u00e2ce \u00e0 un contr\u00f4le pr\u00e9cis de la temp\u00e9rature, vous \u00eates certain de vous d\u00e9lecter de mets dont la saveur est pr\u00e9serv\u00e9e.<\/p>\n<h3>Un appareil design, puissant et pratique<img fetchpriority=\"high\" decoding=\"async\" alt=\"Blender MOULINEX Ultrablend Cook haute v\" class=\"wy_tableau_gauche\" height=\"270\" src=\"https:\/\/boulanger.scene7.com\/is\/image\/Boulanger\/3016661149641_p1?wid=400&amp;hei=270\" width=\"400\"\/><\/h3>\n<p>Pr\u00e9sent\u00e9 dans un nouveau design, le blender MOULINEX Ultrablend Cook haute vitesse d\u00e9voile une <b>puissance atteignant les 1300 W<\/b>. Ses lames propuls\u00e9es \u00e0 plus de 460 km\/h le rendent capable de r\u00e9aliser 45 000 tours\/minutes. Robuste et s\u00e9curis\u00e9, il dispose d&rsquo;un couvercle qui se verrouille, vous permettant d&rsquo;\u00e9viter les \u00e9claboussures et les incidents. <\/p>\n<p>\u00c9quip\u00e9 de la <b>technologie professionnelle Tripl&rsquo;Ax<\/b>, il poss\u00e8de 6 lames inox conjuguant 3 actions compl\u00e9mentaires, vous offrant un mixage parfait et pr\u00e9cis. L&rsquo;acier anticorrosion de ses lames lui permet de pulv\u00e9riser les ingr\u00e9dients les plus durs en seulement quelques secondes.<\/p>\n<h3>Des mets pr\u00e9par\u00e9s \u00e0 la perfection<img decoding=\"async\" alt=\"Blender MOULINEX Ultrablend Cook haute v\" class=\"wy_tableau_right\" height=\"270\" src=\"https:\/\/boulanger.scene7.com\/is\/image\/Boulanger\/3016661149641_p2?wid=400&amp;hei=270\" width=\"400\"\/><\/h3>\n<p>Gr\u00e2ce au blender MOULINEX Ultrablend Cook haute vitesse, vous pouvez r\u00e9aliser des <b>pr\u00e9parations chaudes ou froides<\/b>. Vous pouvez donc aussi bien cuisiner de d\u00e9licieux jus frais, des laits v\u00e9g\u00e9taux, de la glace pil\u00e9e, mais \u00e9galement des sauces, des compotes ou des soupes maison. Ses <b>8 programmes automatiques<\/b> vous offrent une multitude de possibilit\u00e9s.<\/p>\n<p>Avec ce mod\u00e8le, vous <b>contr\u00f4lez de mani\u00e8re optimale la temp\u00e9rature<\/b> de l&rsquo;appareil \u00e0 tout moment. Cette surveillance pr\u00e9cise de la temp\u00e9rature \u00e0 l&rsquo;int\u00e9rieur m\u00eame du bol vous permet de respecter une cuisson qui lib\u00e8rera les meilleures saveurs de vos aliments.<\/p>\n<\/p>\n<p><video class=\"s7Video\" controls=\"\" controlslist=\"nodownload\" poster=\"https:\/\/boulanger.scene7.com\/is\/image\/Boulanger\/3016661149641_v_0?scl=1\" preload=\"metadata\" src=\"https:\/\/boulanger.scene7.com\/is\/content\/Boulanger\/3016661149641_v_0\" width=\"100%\"><\/video><\/p>\n<\/div>\n<p><bl-button a11yexpanded=\"false\" arialabel=\"Afficher toute la description\" class=\"read-more__btn\" full=\"false\" link=\"true\"><\/bl-button><\/div>","protected":false},"excerpt":{"rendered":"<div class=\"keypoints\">\n<h3 class=\"keypoints__title\">Les points cl\u00e9s<\/h3>\n<ul role=\"list\">\n<li class=\"keypoints__item keypoints__item--advantage\" role=\"listitem\"><strong>Le + :<\/strong> Pr\u00e9paration chaudes ou froides, 8 programmes automatiques, smoothies. Robuste et s\u00e9curis\u00e9.      <\/li>\n<\/ul>","protected":false},"featured_media":80360,"template":"","meta":{"_glsr_average":0,"_glsr_ranking":0,"_glsr_reviews":0},"product_cat":[431],"product_tag":[432,230],"class_list":{"0":"post-80361","1":"product","2":"type-product","3":"status-publish","4":"has-post-thumbnail","6":"product_cat-blender","7":"product_tag-blender","8":"product_tag-cuisine-et-cuisson","10":"first","11":"instock","12":"sale","13":"shipping-taxable","14":"purchasable","15":"product-type-simple"},"_links":{"self":[{"href":"https:\/\/electromenagerexpress.com\/en\/wp-json\/wp\/v2\/product\/80361","targetHints":{"allow":["GET"]}}],"collection":[{"href":"https:\/\/electromenagerexpress.com\/en\/wp-json\/wp\/v2\/product"}],"about":[{"href":"https:\/\/electromenagerexpress.com\/en\/wp-json\/wp\/v2\/types\/product"}],"wp:featuredmedia":[{"embeddable":true,"href":"https:\/\/electromenagerexpress.com\/en\/wp-json\/wp\/v2\/media\/80360"}],"wp:attachment":[{"href":"https:\/\/electromenagerexpress.com\/en\/wp-json\/wp\/v2\/media?parent=80361"}],"wp:term":[{"taxonomy":"product_cat","embeddable":true,"href":"https:\/\/electromenagerexpress.com\/en\/wp-json\/wp\/v2\/product_cat?post=80361"},{"taxonomy":"product_tag","embeddable":true,"href":"https:\/\/electromenagerexpress.com\/en\/wp-json\/wp\/v2\/product_tag?post=80361"}],"curies":[{"name":"wp","href":"https:\/\/api.w.org\/{rel}","templated":true}]}}