{"id":80350,"date":"2024-11-24T15:03:16","date_gmt":"2024-11-24T15:03:16","guid":{"rendered":"https:\/\/electromenagerexpress.com\/product\/blender-chauffantmoulinexsoup-plus-lm924500-rouge-2l\/"},"modified":"2024-11-24T15:03:21","modified_gmt":"2024-11-24T15:03:21","slug":"blender-chauffantmoulinexsoup-plus-lm924500-rouge-2l","status":"publish","type":"product","link":"https:\/\/electromenagerexpress.com\/en\/product\/blender-chauffantmoulinexsoup-plus-lm924500-rouge-2l\/","title":{"rendered":"Blender chauffant\t\t\t\t\t\t\tMOULINEX\t\t\t\tSOUP &#038; PLUS LM924500 ROUGE 2L"},"content":{"rendered":"<div class=\"product-features__content\">\n<ul role=\"list\">\n<li class=\"product-features__item\" role=\"listitem\">\n<h3 class=\"product-features__label\">Performances du blender<\/h3>\n<ul role=\"list\">\n<li class=\"product-features__item-list__item\" role=\"listitem\"><span class=\"is--medium\">Blender professionnel :<\/span> Non\t\t\t\t\t<\/li>\n<li class=\"product-features__item-list__item\" role=\"listitem\"><span class=\"is--medium\">Puissance moteur (en watt) :<\/span> 1.100 W\t\t\t\t\t<\/li>\n<li class=\"product-features__item-list__item\" role=\"listitem\"><span class=\"is--medium\">Nombre de vitesse :<\/span> 5\t\t\t\t\t<\/li>\n<li class=\"product-features__item-list__item\" role=\"listitem\"><span class=\"is--medium\">Vitesse automatique :<\/span> Non\t\t\t\t\t<\/li>\n<li class=\"product-features__item-list__item\" role=\"listitem\"><span class=\"is--medium\">D\u00e9marrage lent :<\/span> Non\t\t\t\t\t<\/li>\n<li class=\"product-features__item-list__item\" role=\"listitem\"><span class=\"is--medium\">Fonction Pulse :<\/span> Non\t\t\t\t\t<\/li>\n<li class=\"product-features__item-list__item\" role=\"listitem\"><span class=\"is--medium\">Mati\u00e8re du corps :<\/span> Acier bross\u00e9\t\t\t\t\t<\/li>\n<li class=\"product-features__item-list__item\" role=\"listitem\"><span class=\"is--medium\">Couleur :<\/span> Rouge\t\t\t\t\t<\/li>\n<\/ul>\n<\/li>\n<li class=\"product-features__item\" role=\"listitem\">\n<h3 class=\"product-features__label\">Bol et lames<\/h3>\n<ul role=\"list\">\n<li class=\"product-features__item-list__item\" role=\"listitem\"><span class=\"is--medium\">Capacit\u00e9 totale :<\/span> 2,80 L\t\t\t\t\t<\/li>\n<li class=\"product-features__item-list__item\" role=\"listitem\"><span class=\"is--medium\">Capacit\u00e9 de pr\u00e9paration :<\/span> 2,00 L\t\t\t\t\t<\/li>\n<li class=\"product-features__item-list__item\" role=\"listitem\"><span class=\"is--medium\">A ne pas confondre :<\/span> la capacit\u00e9 totale correspond au volume total du r\u00e9cipient, tandis que la capacit\u00e9 utile correspond \u00e0 la quantit\u00e9 maximale d&rsquo;aliments pouvant \u00eatre mis dans l&rsquo;appareil\t\t\t\t\t<\/li>\n<li class=\"product-features__item-list__item\" role=\"listitem\"><span class=\"is--medium\">Mati\u00e8re du bol :<\/span> Inox bross\u00e9\t\t\t\t\t<\/li>\n<li class=\"product-features__item-list__item\" role=\"listitem\"><span class=\"is--medium\">Bec verseur :<\/span> Non\t\t\t\t\t<\/li>\n<li class=\"product-features__item-list__item\" role=\"listitem\"><span class=\"is--medium\">Robinet verseur :<\/span> Non\t\t\t\t\t<\/li>\n<li class=\"product-features__item-list__item\" role=\"listitem\"><span class=\"is--medium\">Bol gradu\u00e9 :<\/span> Non\t\t\t\t\t<\/li>\n<li class=\"product-features__item-list__item\" role=\"listitem\"><span class=\"is--medium\">Nombre de lames :<\/span> 1\t\t\t\t\t<\/li>\n<li class=\"product-features__item-list__item\" role=\"listitem\"><span class=\"is--medium\">Mati\u00e8re des lames :<\/span> Inox\t\t\t\t\t<\/li>\n<\/ul>\n<\/li>\n<li class=\"product-features__item\" role=\"listitem\">\n<h3 class=\"product-features__label\">Pr\u00e9parations chaudes<\/h3>\n<ul role=\"list\">\n<li class=\"product-features__item-list__item\" role=\"listitem\"><span class=\"is--medium\">Soupe :<\/span> Oui\t\t\t\t\t<\/li>\n<\/ul>\n<\/li>\n<li class=\"product-features__item\" role=\"listitem\">\n<h3 class=\"product-features__label\">Confort d&rsquo;utilisation<\/h3>\n<ul role=\"list\">\n<li class=\"product-features__item-list__item\" role=\"listitem\"><span class=\"is--medium\">Minuterie :<\/span> Oui\t\t\t\t\t<\/li>\n<li class=\"product-features__item-list__item\" role=\"listitem\"><span class=\"is--medium\">Maintien au chaud :<\/span> Oui\t\t\t\t\t<\/li>\n<li class=\"product-features__item-list__item\" role=\"listitem\"><span class=\"is--medium\">Arr\u00eat automatique :<\/span> Non\t\t\t\t\t<\/li>\n<li class=\"product-features__item-list__item\" role=\"listitem\"><span class=\"is--medium\">Panneau de commande :<\/span> Electronique\t\t\t\t\t<\/li>\n<\/ul>\n<\/li>\n<li class=\"product-features__item\" role=\"listitem\">\n<h3 class=\"product-features__label\">Nettoyage et s\u00e9curit\u00e9<\/h3>\n<ul role=\"list\">\n<li class=\"product-features__item-list__item\" role=\"listitem\"><span class=\"is--medium\">El\u00e9ments compatibles lave-vaisselle :<\/span> Oui\t\t\t\t\t<\/li>\n<li class=\"product-features__item-list__item\" role=\"listitem\"><span class=\"is--medium\">Lames amovibles :<\/span> Oui\t\t\t\t\t<\/li>\n<\/ul>\n<\/li>\n<li class=\"product-features__item\" role=\"listitem\">\n<h3 class=\"product-features__label\">Dimensions<\/h3>\n<ul role=\"list\">\n<li class=\"product-features__item-list__item\" role=\"listitem\"><span class=\"is--medium\">Dimensions l x h x p :<\/span> 18.5 x 26 x 41.1 cm\t\t\t\t\t<\/li>\n<li class=\"product-features__item-list__item\" role=\"listitem\"><span class=\"is--medium\">Poids Net :<\/span> 3,53 Kg\t\t\t\t\t<\/li>\n<\/ul>\n<\/li>\n<li class=\"product-features__item\" role=\"listitem\">\n<h3 class=\"product-features__label\">Informations compl\u00e9mentaires<\/h3>\n<ul role=\"list\">\n<li class=\"product-features__item-list__item\" role=\"listitem\"><span class=\"is--medium\">D\u00e9couvrez la boutique culinaire SEB :<\/span> <u><a href=\"https:\/\/www.boulanger.com\/evenement\/la-boutique-culinaire-seb\">En sa<\/a><\/u><\/li>\n<li class=\"product-features__item-list__item\" role=\"listitem\"><span class=\"is--medium\">Fabriqu\u00e9 en :<\/span> France\t\t\t\t\t<\/li>\n<li class=\"product-features__item-list__item\" role=\"listitem\"><span class=\"is--medium\">Garantie :<\/span> 2 ans\t\t\t\t\t<\/li>\n<li class=\"product-features__item-list__item\" role=\"listitem\"><span class=\"is--medium\">Disponibilit\u00e9 des pi\u00e8ces d\u00e9tach\u00e9es (donn\u00e9es fournisseur) :<\/span> Pendant 10 ans, \u00e0 compter de la date d&rsquo;achat\t\t\t\t\t<\/li>\n<li class=\"product-features__item-list__item\" role=\"listitem\"><span class=\"is--medium\">R\u00e9f\u00e9rence constructeur :<\/span> SOUP &amp; PLUS LM924500 ROUGE 2L\t\t\t\t\t<\/li>\n<li class=\"product-features__item-list__item\" role=\"listitem\"><span class=\"is--medium\">Marque :<\/span> MOULINEX\t\t\t\t\t<\/li>\n<\/ul>\n<\/li>\n<\/ul>\n<\/div>\n<div class=\"product__disclosure-content\">\n<div class=\"js-read-more product-description__content read-more read-more--truncated\" data-read-more-name=\"description\" style=\"max-height: 500px; overflow: hidden;\">\n<p><a href=\"https:\/\/www.boulanger.com\/evenement\/la-boutique-culinaire-seb\" title=\"la boutique culinaire Seb\"><img decoding=\"async\" alt=\"URL SCENE7\" src=\"https:\/\/boulanger.scene7.com\/is\/image\/Boulanger\/boutiquesebblender_d?wid=2000\" width=\"2000\"\/><\/a> <\/p>\n<p>Id\u00e9al pour une personne ou toute la famille, le Blender MOULINEX SOUP &amp; PLUS LM924500 se positionne comme le sp\u00e9cialiste des soupes, pur\u00e9es et smoothies. La pr\u00e9paration de recettes mix\u00e9es chaudes et froides devient un jeu d&rsquo;enfant\u00a0! Avec son interface num\u00e9rique, m\u00e9morisez vos r\u00e9glages pour une cuisine conviviale, jusqu&rsquo;\u00e0 2 litres de pr\u00e9paration.<\/p>\n<h3><img fetchpriority=\"high\" decoding=\"async\" ,=\"\" alt=\"Blender MOULINEX SOUP &amp; PLUS LM924500 ROUGE 2L\" class=\"wy_tableau_gauche\" height=\"270\" src=\"https:\/\/boulanger.scene7.com\/is\/image\/Boulanger\/3045380016026_h_f_l_0?wid=400&amp;hei=270\" width=\"400\"\/> Une pr\u00e9paration rapide et simple d&rsquo;utilisation<\/h3>\n<p>Le MOULINEX SOUP &amp; PLUS LM924500 est le partenaire id\u00e9al. Avec ses multiples fonctions, il vous fait gagner du temps sur la pr\u00e9paration de vos plats. Lancez au choix des <b>programmes automatiques comme une soupe en 30 minutes<\/b> ou personnalisez vos recettes en mode manuel. R\u00e9glez alors la temp\u00e9rature, la dur\u00e9e ou la vitesse de mixage. <\/p>\n<p>Peu d&rsquo;ingr\u00e9dients ne r\u00e9sistent au MOULINEX SOUP &amp; PLUS LM924500. Avec ses <b>5 niveaux de vitesse disponibles<\/b> et une dur\u00e9e de mixage allant de 5 secondes \u00e0 59 minutes, le blender pr\u00e9pare de d\u00e9licieuses recettes maison sans se fatiguer. R\u00e9aliser des menus \u00e0 base de l\u00e9gumes, de fruits ou de glaces n&rsquo;a jamais \u00e9t\u00e9 aussi simple\u00a0!<\/p>\n<h3><img decoding=\"async\" ,=\"\" alt=\"Blender MOULINEX SOUP &amp; PLUS LM924500 ROUGE 2L\" class=\"wy_tableau_right\" height=\"270\" src=\"https:\/\/boulanger.scene7.com\/is\/image\/Boulanger\/3045380016026_h_f_l_2?wid=400&amp;hei=270\" width=\"400\"\/>Cuisiner facilement pour la famille<\/h3>\n<p>Avec sa lame d\u00e9tachable et sa cuve en inox, le MOULINEX SOUP &amp; PLUS LM924500 respire le travail bien fini. Au centre du dispositif se trouve un <b>\u00e9cran tactile<\/b> du plus bel effet. D\u00e9couvrez et manipulez l&rsquo;interface de mani\u00e8re intuitive. Les recettes se lancent d&rsquo;une simple pression de bouton.<\/p>\n<p>L&rsquo;avantage du MOULINEX SOUP &amp; PLUS LM924500 est la taille de sa cuve. <b>D&rsquo;une capacit\u00e9 de 2 litres<\/b>, elle permet la pr\u00e9paration de plats pour toute la famille. Et si vous n&rsquo;\u00e9tiez pas encore \u00e0 table, pas de souci\u00a0! Le SOUP &amp; PLUS maintien automatiquement au chaud la nourriture pendant 40 minutes s&rsquo;il le faut\u00a0!<\/p>\n<\/p>\n<\/div>\n<p><bl-button a11yexpanded=\"false\" arialabel=\"Afficher toute la description\" class=\"read-more__btn\" full=\"false\" link=\"true\"><\/bl-button><\/div>","protected":false},"excerpt":{"rendered":"<div class=\"keypoints\">\n<h3 class=\"keypoints__title\">Les points cl\u00e9s<\/h3>\n<ul role=\"list\">\n<li class=\"keypoints__item\" role=\"listitem\">                          Capacit\u00e9 totale : 2,80 L &#8211;                                        Capacit\u00e9 de pr\u00e9paration : 2,00 L &#8211;                                                      Mati\u00e8re du bol : Inox bross\u00e9                      <\/li>\n<li class=\"keypoints__item\" role=\"listitem\">                                        1.100 W                      <\/li>\n<li class=\"keypoints__item\" role=\"listitem\">                                        Soupe                      <\/li>\n<li class=\"keypoints__item\" role=\"listitem\">                          Lames amovibles &#8211;                                                      El\u00e9ments compatibles lave-vaisselle                      <\/li>\n<li class=\"keypoints__item keypoints__item--advantage\" role=\"listitem\"><strong>Le + :<\/strong> 3 programmes automatiques. Confort d&rsquo;utilisation avec l&rsquo;\u00e9cran tactile      <\/li>\n<\/ul>","protected":false},"featured_media":80349,"template":"","meta":{"_glsr_average":0,"_glsr_ranking":0,"_glsr_reviews":0},"product_cat":[433],"product_tag":[432,434,230],"class_list":{"0":"post-80350","1":"product","2":"type-product","3":"status-publish","4":"has-post-thumbnail","6":"product_cat-blender-chauffant","7":"product_tag-blender","8":"product_tag-blender-chauffant","9":"product_tag-cuisine-et-cuisson","11":"first","12":"instock","13":"sale","14":"shipping-taxable","15":"purchasable","16":"product-type-simple"},"_links":{"self":[{"href":"https:\/\/electromenagerexpress.com\/en\/wp-json\/wp\/v2\/product\/80350","targetHints":{"allow":["GET"]}}],"collection":[{"href":"https:\/\/electromenagerexpress.com\/en\/wp-json\/wp\/v2\/product"}],"about":[{"href":"https:\/\/electromenagerexpress.com\/en\/wp-json\/wp\/v2\/types\/product"}],"wp:featuredmedia":[{"embeddable":true,"href":"https:\/\/electromenagerexpress.com\/en\/wp-json\/wp\/v2\/media\/80349"}],"wp:attachment":[{"href":"https:\/\/electromenagerexpress.com\/en\/wp-json\/wp\/v2\/media?parent=80350"}],"wp:term":[{"taxonomy":"product_cat","embeddable":true,"href":"https:\/\/electromenagerexpress.com\/en\/wp-json\/wp\/v2\/product_cat?post=80350"},{"taxonomy":"product_tag","embeddable":true,"href":"https:\/\/electromenagerexpress.com\/en\/wp-json\/wp\/v2\/product_tag?post=80350"}],"curies":[{"name":"wp","href":"https:\/\/api.w.org\/{rel}","templated":true}]}}