{"id":80317,"date":"2024-11-24T15:02:46","date_gmt":"2024-11-24T15:02:46","guid":{"rendered":"https:\/\/electromenagerexpress.com\/product\/blenderboschvitapower-serie-6-noir-mmb6654b\/"},"modified":"2024-11-24T15:02:54","modified_gmt":"2024-11-24T15:02:54","slug":"blenderboschvitapower-serie-6-noir-mmb6654b","status":"publish","type":"product","link":"https:\/\/electromenagerexpress.com\/en\/product\/blenderboschvitapower-serie-6-noir-mmb6654b\/","title":{"rendered":"Blender\t\t\t\t\t\t\tBOSCH\t\t\t\tVitaPower S\u00e9rie 6 &#8211; Noir MMB6654B"},"content":{"rendered":"<div class=\"product-features__content\">\n<ul role=\"list\">\n<li class=\"product-features__item\" role=\"listitem\">\n<h3 class=\"product-features__label\">Performances du blender<\/h3>\n<ul role=\"list\">\n<li class=\"product-features__item-list__item\" role=\"listitem\"><span class=\"is--medium\">Blender professionnel :<\/span> Non\t\t\t\t\t<\/li>\n<li class=\"product-features__item-list__item\" role=\"listitem\"><span class=\"is--medium\">Puissance moteur (en watt) :<\/span> 1.800 W\t\t\t\t\t<\/li>\n<li class=\"product-features__item-list__item\" role=\"listitem\"><span class=\"is--medium\">Nombre de tours minutes maxi :<\/span> 45.000 tr\/mn\t\t\t\t\t<\/li>\n<li class=\"product-features__item-list__item\" role=\"listitem\"><span class=\"is--medium\">Vitesse automatique :<\/span> Non\t\t\t\t\t<\/li>\n<li class=\"product-features__item-list__item\" role=\"listitem\"><span class=\"is--medium\">Fonction Pulse :<\/span> Oui\t\t\t\t\t<\/li>\n<li class=\"product-features__item-list__item\" role=\"listitem\"><span class=\"is--medium\">Mati\u00e8re du corps :<\/span> Plastique\t\t\t\t\t<\/li>\n<li class=\"product-features__item-list__item\" role=\"listitem\"><span class=\"is--medium\">Couleur :<\/span> Noir\t\t\t\t\t<\/li>\n<\/ul>\n<\/li>\n<li class=\"product-features__item\" role=\"listitem\">\n<h3 class=\"product-features__label\">Bol et lames<\/h3>\n<ul role=\"list\">\n<li class=\"product-features__item-list__item\" role=\"listitem\"><span class=\"is--medium\">Capacit\u00e9 totale :<\/span> 2,00 L\t\t\t\t\t<\/li>\n<li class=\"product-features__item-list__item\" role=\"listitem\"><span class=\"is--medium\">Capacit\u00e9 de pr\u00e9paration :<\/span> 2,00 L\t\t\t\t\t<\/li>\n<li class=\"product-features__item-list__item\" role=\"listitem\"><span class=\"is--medium\">A ne pas confondre :<\/span> la capacit\u00e9 totale correspond au volume total du r\u00e9cipient, tandis que la capacit\u00e9 utile correspond \u00e0 la quantit\u00e9 maximale d&rsquo;aliments pouvant \u00eatre mis dans l&rsquo;appareil\t\t\t\t\t<\/li>\n<li class=\"product-features__item-list__item\" role=\"listitem\"><span class=\"is--medium\">Mati\u00e8re du bol :<\/span> Plastique\t\t\t\t\t<\/li>\n<li class=\"product-features__item-list__item\" role=\"listitem\"><span class=\"is--medium\">Bol avec poign\u00e9e :<\/span> Oui\t\t\t\t\t<\/li>\n<li class=\"product-features__item-list__item\" role=\"listitem\"><span class=\"is--medium\">Robinet verseur :<\/span> Oui, permet un d\u00e9bit \u00e0 l&rsquo;infini\t\t\t\t\t<\/li>\n<li class=\"product-features__item-list__item\" role=\"listitem\"><span class=\"is--medium\">Bol gradu\u00e9 :<\/span> Oui\t\t\t\t\t<\/li>\n<li class=\"product-features__item-list__item\" role=\"listitem\"><span class=\"is--medium\">Nombre de lames :<\/span> 6\t\t\t\t\t<\/li>\n<li class=\"product-features__item-list__item\" role=\"listitem\"><span class=\"is--medium\">Mati\u00e8re des lames :<\/span> Acier inoxydable\t\t\t\t\t<\/li>\n<\/ul>\n<\/li>\n<li class=\"product-features__item\" role=\"listitem\">\n<h3 class=\"product-features__label\">Confort d&rsquo;utilisation<\/h3>\n<ul role=\"list\">\n<li class=\"product-features__item-list__item\" role=\"listitem\"><span class=\"is--medium\">Sans fil :<\/span> Non\t\t\t\t\t<\/li>\n<li class=\"product-features__item-list__item\" role=\"listitem\"><span class=\"is--medium\">Longueur du cordon (en m\u00e8tres) :<\/span> 1\t\t\t\t\t<\/li>\n<\/ul>\n<\/li>\n<li class=\"product-features__item\" role=\"listitem\">\n<h3 class=\"product-features__label\">Nettoyage et s\u00e9curit\u00e9<\/h3>\n<ul role=\"list\">\n<li class=\"product-features__item-list__item\" role=\"listitem\"><span class=\"is--medium\">Fonction nettoyage :<\/span> Oui\t\t\t\t\t<\/li>\n<li class=\"product-features__item-list__item\" role=\"listitem\"><span class=\"is--medium\">El\u00e9ments compatibles lave-vaisselle :<\/span> Oui\t\t\t\t\t<\/li>\n<li class=\"product-features__item-list__item\" role=\"listitem\"><span class=\"is--medium\">Lames amovibles :<\/span> Oui\t\t\t\t\t<\/li>\n<li class=\"product-features__item-list__item\" role=\"listitem\"><span class=\"is--medium\">Syst\u00e8me de verrouillage :<\/span> Le blender d\u00e9marre uniquement quand le bol est verrouill\u00e9\t\t\t\t\t<\/li>\n<li class=\"product-features__item-list__item\" role=\"listitem\"><span class=\"is--medium\">Sans Bisph\u00e9nol A :<\/span> Oui\t\t\t\t\t<\/li>\n<\/ul>\n<\/li>\n<li class=\"product-features__item\" role=\"listitem\">\n<h3 class=\"product-features__label\">Informations compl\u00e9mentaires<\/h3>\n<ul role=\"list\">\n<li class=\"product-features__item-list__item\" role=\"listitem\"><span class=\"is--medium\">Fabriqu\u00e9 en :<\/span> Slov\u00e9nie\t\t\t\t\t<\/li>\n<li class=\"product-features__item-list__item\" role=\"listitem\"><span class=\"is--medium\">Garantie :<\/span> 2 ans\t\t\t\t\t<\/li>\n<li class=\"product-features__item-list__item\" role=\"listitem\"><span class=\"is--medium\">Disponibilit\u00e9 des pi\u00e8ces d\u00e9tach\u00e9es (donn\u00e9es fournisseur) :<\/span> Pendant 7 ans, \u00e0 compter de la date de fabrication\t\t\t\t\t<\/li>\n<li class=\"product-features__item-list__item\" role=\"listitem\"><span class=\"is--medium\">R\u00e9f\u00e9rence constructeur :<\/span> VitaPower S\u00e9rie 6 &#8211; Noir MMB6654B\t\t\t\t\t<\/li>\n<li class=\"product-features__item-list__item\" role=\"listitem\"><span class=\"is--medium\">Marque :<\/span> BOSCH\t\t\t\t\t<\/li>\n<\/ul>\n<\/li>\n<\/ul>\n<\/div>\n<div class=\"product__disclosure-content\">\n<div class=\"js-read-more product-description__content read-more read-more--truncated\" data-read-more-name=\"description\" style=\"max-height: 500px; overflow: hidden;\">\n<div class=\"product__description-content read-more\" style=\"\">\n<p>D\u00e9couvrez le Blender BOSCH VitaPower S\u00e9rie 6 &#8211; Noir MMB6654B<\/p>\n<h3> <img fetchpriority=\"high\" decoding=\"async\" ,=\"\" alt=\"Blender BOSCH VitaPower S\u00e9rie 6 - Noir MMB6654B\" class=\"wy_tableau_gauche\" height=\"270\" src=\"https:\/\/boulanger.scene7.com\/is\/image\/Boulanger\/4242005395194_h_f_l_0?wid=400&amp;hei=270\" width=\"400\"\/>Performance et polyvalence au service de votre vitalit\u00e9                    <\/h3>\n<p>                        Le Blender BOSCH VitaPower S\u00e9rie 6 MMB6654B est con\u00e7u pour ceux qui recherchent excellence et efficacit\u00e9 dans leur cuisine. Dot\u00e9 d&rsquo;un puissant moteur de 1.800 W et d&rsquo;un couteau \u00e0 6 lames inclin\u00e9es en acier inoxydable ultra aiguis\u00e9es, cet appareil est capable d&rsquo;atteindre jusqu&rsquo;\u00e0 45.000 tours\/minute, garantissant ainsi des r\u00e9sultats de mixage parfaits. Que ce soit pour pr\u00e9parer des smoothies onctueux, des soupes chaudes en moins de 7 minutes, des tartinades, des frapp\u00e9s, des laits v\u00e9g\u00e9taux, des cr\u00e8mes glac\u00e9es, des sauces ou m\u00eame de la glace pil\u00e9e, sa polyvalence est in\u00e9gal\u00e9e. Le bol de 3 litres (2.0 l utiles) en Tritan, l\u00e9ger et r\u00e9sistant, pr\u00e9sente une forme sp\u00e9ciale qui optimise la vitesse de mixage, assurant une texture homog\u00e8ne et lisse \u00e0 chaque utilisation.                    <\/p>\n<\/p>\n<h3> <img decoding=\"async\" ,=\"\" alt=\"Blender BOSCH VitaPower S\u00e9rie 6 - Noir MMB6654B\" class=\"wy_tableau_right\" height=\"270\" src=\"https:\/\/boulanger.scene7.com\/is\/image\/Boulanger\/4242005395194_h_f_l_1?wid=400&amp;hei=270\" width=\"400\"\/>Confort d&rsquo;utilisation et durabilit\u00e9 \u00e9prouv\u00e9e                    <\/h3>\n<p>                        Le confort d&rsquo;utilisation est au c\u0153ur de la conception du Blender BOSCH VitaPower S\u00e9rie 6 MMB6654B. Avec ses 6 programmes automatiques tactiles, il offre une exp\u00e9rience utilisateur intuitive et s\u00e9curis\u00e9e, notamment gr\u00e2ce \u00e0 un couvercle s\u00e9curis\u00e9 qui emp\u00eache le d\u00e9marrage si celui-ci n&rsquo;est pas correctement verrouill\u00e9. Le nettoyage est tout aussi ais\u00e9, soit par le programme automatique d\u00e9di\u00e9, soit au lave-vaisselle, simplifiant ainsi l&rsquo;entretien au quotidien. Ce blender n&rsquo;est pas seulement un alli\u00e9 de choix pour votre cuisine, il est \u00e9galement con\u00e7u pour durer. Test\u00e9 pour mixer l&rsquo;\u00e9quivalent de 40.000 litres de smoothies, il promet une long\u00e9vit\u00e9 exceptionnelle. Son poids net de 5,4 kg et ses dimensions compactes (47 x 21 x 21 cm) le rendent facile \u00e0 manipuler et \u00e0 ranger, faisant de lui un appareil aussi robuste que pratique.                    <\/p>\n<\/p><\/div>\n<\/p>\n<\/div>\n<p><bl-button a11yexpanded=\"false\" arialabel=\"Afficher toute la description\" class=\"read-more__btn\" full=\"false\" link=\"true\"><\/bl-button><\/div>","protected":false},"excerpt":{"rendered":"<div class=\"keypoints\">\n<h3 class=\"keypoints__title\">Les points cl\u00e9s<\/h3>\n<ul role=\"list\">\n<li class=\"keypoints__item\" role=\"listitem\">                          Capacit\u00e9 totale : 2,00 L &#8211;                                        Capacit\u00e9 de pr\u00e9paration : 2,00 L &#8211;                                                      Mati\u00e8re du bol : Plastique                      <\/li>\n<li class=\"keypoints__item\" role=\"listitem\">                          1.800 W &#8211;                                                      Nombre de tours minutes maxi : 45.000 tr\/mn                      <\/li>\n<li class=\"keypoints__item\" role=\"listitem\">                          Fonction nettoyage &#8211;                                        Lames amovibles &#8211;                                                      El\u00e9ments compatibles lave-vaisselle                      <\/li>\n<li class=\"keypoints__item keypoints__item--advantage\" role=\"listitem\"><strong>Le + :<\/strong> Puissant moteur de 1.800 Wqui tourne jusqu\u2019\u00e0 45.000tours\/mn pour desr\u00e9sultats de mixage parfaits      <\/li>\n<\/ul>","protected":false},"featured_media":80316,"template":"","meta":{"_glsr_average":0,"_glsr_ranking":0,"_glsr_reviews":0},"product_cat":[431],"product_tag":[432,230],"class_list":{"0":"post-80317","1":"product","2":"type-product","3":"status-publish","4":"has-post-thumbnail","6":"product_cat-blender","7":"product_tag-blender","8":"product_tag-cuisine-et-cuisson","10":"first","11":"instock","12":"sale","13":"shipping-taxable","14":"purchasable","15":"product-type-simple"},"_links":{"self":[{"href":"https:\/\/electromenagerexpress.com\/en\/wp-json\/wp\/v2\/product\/80317","targetHints":{"allow":["GET"]}}],"collection":[{"href":"https:\/\/electromenagerexpress.com\/en\/wp-json\/wp\/v2\/product"}],"about":[{"href":"https:\/\/electromenagerexpress.com\/en\/wp-json\/wp\/v2\/types\/product"}],"wp:featuredmedia":[{"embeddable":true,"href":"https:\/\/electromenagerexpress.com\/en\/wp-json\/wp\/v2\/media\/80316"}],"wp:attachment":[{"href":"https:\/\/electromenagerexpress.com\/en\/wp-json\/wp\/v2\/media?parent=80317"}],"wp:term":[{"taxonomy":"product_cat","embeddable":true,"href":"https:\/\/electromenagerexpress.com\/en\/wp-json\/wp\/v2\/product_cat?post=80317"},{"taxonomy":"product_tag","embeddable":true,"href":"https:\/\/electromenagerexpress.com\/en\/wp-json\/wp\/v2\/product_tag?post=80317"}],"curies":[{"name":"wp","href":"https:\/\/api.w.org\/{rel}","templated":true}]}}