{"id":80226,"date":"2024-11-24T15:01:16","date_gmt":"2024-11-24T15:01:16","guid":{"rendered":"https:\/\/electromenagerexpress.com\/product\/blenderbraunjb9040bk-powerblend-9-noir\/"},"modified":"2024-11-24T15:01:28","modified_gmt":"2024-11-24T15:01:28","slug":"blenderbraunjb9040bk-powerblend-9-noir","status":"publish","type":"product","link":"https:\/\/electromenagerexpress.com\/en\/product\/blenderbraunjb9040bk-powerblend-9-noir\/","title":{"rendered":"Blender\t\t\t\t\t\t\tBRAUN\t\t\t\tJB9040BK PowerBlend 9 noir"},"content":{"rendered":"<div class=\"product-features__content\">\n<ul role=\"list\">\n<li class=\"product-features__item\" role=\"listitem\">\n<h3 class=\"product-features__label\">Performances du blender<\/h3>\n<ul role=\"list\">\n<li class=\"product-features__item-list__item\" role=\"listitem\"><span class=\"is--medium\">Blender professionnel :<\/span> Oui\t\t\t\t\t<\/li>\n<li class=\"product-features__item-list__item\" role=\"listitem\"><span class=\"is--medium\">Puissance moteur (en watt) :<\/span> 1.600 W\t\t\t\t\t<\/li>\n<li class=\"product-features__item-list__item\" role=\"listitem\"><span class=\"is--medium\">Nombre de tours minutes maxi :<\/span> 45.000 tr\/mn\t\t\t\t\t<\/li>\n<li class=\"product-features__item-list__item\" role=\"listitem\"><span class=\"is--medium\">Nombre de vitesse :<\/span> 11\t\t\t\t\t<\/li>\n<li class=\"product-features__item-list__item\" role=\"listitem\"><span class=\"is--medium\">Vitesse automatique :<\/span> Oui\t\t\t\t\t<\/li>\n<li class=\"product-features__item-list__item\" role=\"listitem\"><span class=\"is--medium\">Fonction Pulse :<\/span> Oui\t\t\t\t\t<\/li>\n<li class=\"product-features__item-list__item\" role=\"listitem\"><span class=\"is--medium\">Mati\u00e8re du corps :<\/span> Plastique\t\t\t\t\t<\/li>\n<li class=\"product-features__item-list__item\" role=\"listitem\"><span class=\"is--medium\">Couleur :<\/span> Noir\t\t\t\t\t<\/li>\n<li class=\"product-features__item-list__item\" role=\"listitem\"><span class=\"is--medium\">Variateur de vitesses :<\/span> Non\t\t\t\t\t<\/li>\n<\/ul>\n<\/li>\n<li class=\"product-features__item\" role=\"listitem\">\n<h3 class=\"product-features__label\">Bol et lames<\/h3>\n<ul role=\"list\">\n<li class=\"product-features__item-list__item\" role=\"listitem\"><span class=\"is--medium\">Capacit\u00e9 totale :<\/span> 3,00 L\t\t\t\t\t<\/li>\n<li class=\"product-features__item-list__item\" role=\"listitem\"><span class=\"is--medium\">Capacit\u00e9 de pr\u00e9paration :<\/span> 2,00 L\t\t\t\t\t<\/li>\n<li class=\"product-features__item-list__item\" role=\"listitem\"><span class=\"is--medium\">A ne pas confondre :<\/span> la capacit\u00e9 totale correspond au volume total du r\u00e9cipient, tandis que la capacit\u00e9 utile correspond \u00e0 la quantit\u00e9 maximale d&rsquo;aliments pouvant \u00eatre mis dans l&rsquo;appareil\t\t\t\t\t<\/li>\n<li class=\"product-features__item-list__item\" role=\"listitem\"><span class=\"is--medium\">Mati\u00e8re du bol :<\/span> Tritan\u00ae\t\t\t\t\t<\/li>\n<li class=\"product-features__item-list__item\" role=\"listitem\"><span class=\"is--medium\">Bol avec poign\u00e9e :<\/span> Oui\t\t\t\t\t<\/li>\n<li class=\"product-features__item-list__item\" role=\"listitem\"><span class=\"is--medium\">Bec verseur :<\/span> Oui\t\t\t\t\t<\/li>\n<li class=\"product-features__item-list__item\" role=\"listitem\"><span class=\"is--medium\">Robinet verseur :<\/span> Non\t\t\t\t\t<\/li>\n<li class=\"product-features__item-list__item\" role=\"listitem\"><span class=\"is--medium\">Bol gradu\u00e9 :<\/span> Oui\t\t\t\t\t<\/li>\n<li class=\"product-features__item-list__item\" role=\"listitem\"><span class=\"is--medium\">Poids du bol :<\/span> 0,86 Kg\t\t\t\t\t<\/li>\n<li class=\"product-features__item-list__item\" role=\"listitem\"><span class=\"is--medium\">Nombre de lames :<\/span> 4\t\t\t\t\t<\/li>\n<li class=\"product-features__item-list__item\" role=\"listitem\"><span class=\"is--medium\">Mati\u00e8re des lames :<\/span> Acier inoxydable\t\t\t\t\t<\/li>\n<\/ul>\n<\/li>\n<li class=\"product-features__item\" role=\"listitem\">\n<h3 class=\"product-features__label\">Pr\u00e9parations froides<\/h3>\n<ul role=\"list\">\n<li class=\"product-features__item-list__item\" role=\"listitem\"><span class=\"is--medium\">Smoothie :<\/span> Oui\t\t\t\t\t<\/li>\n<li class=\"product-features__item-list__item\" role=\"listitem\"><span class=\"is--medium\">Glace pil\u00e9e :<\/span> Oui\t\t\t\t\t<\/li>\n<li class=\"product-features__item-list__item\" role=\"listitem\"><span class=\"is--medium\">Compotes :<\/span> Oui\t\t\t\t\t<\/li>\n<li class=\"product-features__item-list__item\" role=\"listitem\"><span class=\"is--medium\">Hacher (herbes, \u00e9pices&#8230;) :<\/span> Oui\t\t\t\t\t<\/li>\n<li class=\"product-features__item-list__item\" role=\"listitem\"><span class=\"is--medium\">Confiture :<\/span> Oui\t\t\t\t\t<\/li>\n<li class=\"product-features__item-list__item\" role=\"listitem\"><span class=\"is--medium\">Pr\u00e9paration v\u00e9g\u00e9tale :<\/span> Oui\t\t\t\t\t<\/li>\n<\/ul>\n<\/li>\n<li class=\"product-features__item\" role=\"listitem\">\n<h3 class=\"product-features__label\">Pr\u00e9parations chaudes<\/h3>\n<ul role=\"list\">\n<li class=\"product-features__item-list__item\" role=\"listitem\"><span class=\"is--medium\">Pur\u00e9e :<\/span> Oui\t\t\t\t\t<\/li>\n<li class=\"product-features__item-list__item\" role=\"listitem\"><span class=\"is--medium\">Soupe :<\/span> Oui\t\t\t\t\t<\/li>\n<li class=\"product-features__item-list__item\" role=\"listitem\"><span class=\"is--medium\">Sauce :<\/span> Oui\t\t\t\t\t<\/li>\n<li class=\"product-features__item-list__item\" role=\"listitem\"><span class=\"is--medium\">Mixe les aliments chauds :<\/span> Oui\t\t\t\t\t<\/li>\n<\/ul>\n<\/li>\n<li class=\"product-features__item\" role=\"listitem\">\n<h3 class=\"product-features__label\">Accessoires fournis<\/h3>\n<ul role=\"list\">\n<li class=\"product-features__item-list__item\" role=\"listitem\"><span class=\"is--medium\">Mati\u00e8re du bol suppl\u00e9mentaire :<\/span> Tritan\t\t\t\t\t<\/li>\n<li class=\"product-features__item-list__item\" role=\"listitem\"><span class=\"is--medium\">Accessoires fournis blender :<\/span> Bol suppl\u00e9mentaire, Couvercle avec bouchon doseur, Bouchon doseur, Lame d&rsquo;extraction, Pichet 2L\t\t\t\t\t<\/li>\n<\/ul>\n<\/li>\n<li class=\"product-features__item\" role=\"listitem\">\n<h3 class=\"product-features__label\">Confort d&rsquo;utilisation<\/h3>\n<ul role=\"list\">\n<li class=\"product-features__item-list__item\" role=\"listitem\"><span class=\"is--medium\">Minuterie :<\/span> Non\t\t\t\t\t<\/li>\n<li class=\"product-features__item-list__item\" role=\"listitem\"><span class=\"is--medium\">Maintien au chaud :<\/span> Non\t\t\t\t\t<\/li>\n<li class=\"product-features__item-list__item\" role=\"listitem\"><span class=\"is--medium\">Fonction pause :<\/span> Non\t\t\t\t\t<\/li>\n<li class=\"product-features__item-list__item\" role=\"listitem\"><span class=\"is--medium\">Arr\u00eat automatique :<\/span> Oui\t\t\t\t\t<\/li>\n<li class=\"product-features__item-list__item\" role=\"listitem\"><span class=\"is--medium\">Panneau de commande :<\/span> Electronique\t\t\t\t\t<\/li>\n<li class=\"product-features__item-list__item\" role=\"listitem\"><span class=\"is--medium\">Sans fil :<\/span> Non\t\t\t\t\t<\/li>\n<li class=\"product-features__item-list__item\" role=\"listitem\"><span class=\"is--medium\">Longueur du cordon (en m\u00e8tres) :<\/span> 1\t\t\t\t\t<\/li>\n<\/ul>\n<\/li>\n<li class=\"product-features__item\" role=\"listitem\">\n<h3 class=\"product-features__label\">Nettoyage et s\u00e9curit\u00e9<\/h3>\n<ul role=\"list\">\n<li class=\"product-features__item-list__item\" role=\"listitem\"><span class=\"is--medium\">Fonction nettoyage :<\/span> Oui\t\t\t\t\t<\/li>\n<li class=\"product-features__item-list__item\" role=\"listitem\"><span class=\"is--medium\">El\u00e9ments compatibles lave-vaisselle :<\/span> bol, couvercle, lames\t\t\t\t\t<\/li>\n<li class=\"product-features__item-list__item\" role=\"listitem\"><span class=\"is--medium\">Lames amovibles :<\/span> Non\t\t\t\t\t<\/li>\n<li class=\"product-features__item-list__item\" role=\"listitem\"><span class=\"is--medium\">Syst\u00e8me de verrouillage :<\/span> Nouveau syst\u00e8me s\u00e9curis\u00e9 du verrouillage automatique sur la base pour que les lames soient parfaitement immobilis\u00e9es lorsque vous verrouillez le bol\t\t\t\t\t<\/li>\n<li class=\"product-features__item-list__item\" role=\"listitem\"><span class=\"is--medium\">Pieds antid\u00e9rapants :<\/span> Oui\t\t\t\t\t<\/li>\n<li class=\"product-features__item-list__item\" role=\"listitem\"><span class=\"is--medium\">Sans Bisph\u00e9nol A :<\/span> Oui\t\t\t\t\t<\/li>\n<\/ul>\n<\/li>\n<li class=\"product-features__item\" role=\"listitem\">\n<h3 class=\"product-features__label\">Dimensions<\/h3>\n<ul role=\"list\">\n<li class=\"product-features__item-list__item\" role=\"listitem\"><span class=\"is--medium\">Dimensions l x h x p :<\/span> 20 x 43 x 20 cm\t\t\t\t\t<\/li>\n<li class=\"product-features__item-list__item\" role=\"listitem\"><span class=\"is--medium\">Poids Net :<\/span> 4,60 Kg\t\t\t\t\t<\/li>\n<\/ul>\n<\/li>\n<li class=\"product-features__item\" role=\"listitem\">\n<h3 class=\"product-features__label\">Informations compl\u00e9mentaires<\/h3>\n<ul role=\"list\">\n<li class=\"product-features__item-list__item\" role=\"listitem\"><span class=\"is--medium\">Fabriqu\u00e9 en :<\/span> Chine\t\t\t\t\t<\/li>\n<li class=\"product-features__item-list__item\" role=\"listitem\"><span class=\"is--medium\">Garantie :<\/span> 2 ans\t\t\t\t\t<\/li>\n<li class=\"product-features__item-list__item\" role=\"listitem\"><span class=\"is--medium\">Disponibilit\u00e9 des pi\u00e8ces d\u00e9tach\u00e9es (donn\u00e9es fournisseur) :<\/span> Pendant 2 ans, \u00e0 compter de la date d&rsquo;achat\t\t\t\t\t<\/li>\n<li class=\"product-features__item-list__item\" role=\"listitem\"><span class=\"is--medium\">R\u00e9f\u00e9rence constructeur :<\/span> JB9040\t\t\t\t\t<\/li>\n<li class=\"product-features__item-list__item\" role=\"listitem\"><span class=\"is--medium\">Marque :<\/span> BRAUN\t\t\t\t\t<\/li>\n<\/ul>\n<\/li>\n<\/ul>\n<\/div>\n<div class=\"product__disclosure-content\">\n<div class=\"js-read-more product-description__content read-more read-more--truncated\" data-read-more-name=\"description\" style=\"max-height: 500px; overflow: hidden;\">\n<p>R\u00e9alisez de d\u00e9licieuses pr\u00e9parations mix\u00e9es gr\u00e2ce \u00e0 un blender aux hautes performances.<\/p>\n<h3><img fetchpriority=\"high\" decoding=\"async\" alt=\"Mixer BRAUN JB9040\" class=\"wy_tableau_gauche\" height=\"259\" src=\"https:\/\/boulanger.scene7.com\/is\/image\/Boulanger\/8021098001061_h_f_l_0?wid=400&amp;hei=270\" width=\"384\"\/>Un blender haut de gamme pour satisfaire les cuisiniers les plus exigeants.<\/h3>\n<p>Parmi les plus puissants du march\u00e9, le Mixer BRAUN JB9040 dispose d&rsquo;une <strong>puissance moteur de 1 600 watts<\/strong>. R\u00e9alisez smoothies, tartinades et cocktails de fruits en un rien de temps, mais \u00e9galement vos laits v\u00e9g\u00e9taux ou pur\u00e9es d&rsquo;ol\u00e9agineux. Le \u00ab\u00a0fait maison\u00a0\u00bb deviendra une seconde nature pour vous. Dot\u00e9 de <strong>lames en acier inoxydable<\/strong>, et capable d&rsquo;atteindre une vitesse de <strong>45 000 tr\/mn<\/strong>, le JB9040 broie et mixe tous les ingr\u00e9dients, m\u00eame les plus durs, en un temps record. La <strong>fonction Pulse<\/strong> permet d&rsquo;augmenter la vitesse de rotation des lames un bref instant, pour \u00e9mulsionner des sauces par exemple. Montez une d\u00e9licieuse mayonnaise maison en quelques secondes. <\/p>\n<p>D&rsquo;une <strong>capacit\u00e9 totale de 3 L<\/strong>, le Mixer BRAUN JB9040 est dot\u00e9 de <strong>6 programmes<\/strong> int\u00e9gr\u00e9s automatiques, et <strong>3 choix de texture<\/strong>, parmi lisse, moyen ou grossier. Mixez, broyez, concassez, hachez, pilez, et r\u00e9galez vos proches avec vos smoothies, desserts glac\u00e9s, compotes, confitures, etc. Gr\u00e2ce \u00e0 sa <strong>fonction soupe<\/strong> et au bol thermor\u00e9sistant, r\u00e9alisez des soupes rapidement, en mixant vos l\u00e9gumes chauds directement dans le bol.<\/p>\n<h3><img decoding=\"async\" alt=\"Mixer BRAUN JB9040\" class=\"wy_tableau_right\" height=\"274\" src=\"https:\/\/boulanger.scene7.com\/is\/image\/Boulanger\/8021098001061_h_f_l_1?wid=400&amp;hei=270\" width=\"407\"\/>Une conception soign\u00e9e et pens\u00e9e pour un grand confort d&rsquo;utilisation.<\/h3>\n<p>Son <strong>\u00e9cran tactile design et \u00e9l\u00e9gant<\/strong>, est facile d&rsquo;entretien et simple \u00e0 utiliser. En <strong>trois \u00e9tapes<\/strong>, d\u00e9ployez les hautes capacit\u00e9s de votre blender JB9040. S\u00e9lectionnez votre programme, puis la texture, et appuyez sur start, et le r\u00e9sultat est l\u00e0 : des pr\u00e9parations gourmandes, rapides \u00e0 r\u00e9aliser, accessibles d&rsquo;une seule pression du doigt. Les <strong>pieds antid\u00e9rapants<\/strong> du Mixer BRAUN JB9040 lui assurent toute la stabilit\u00e9 n\u00e9cessaire pour que vous cuisiniez sereinement.<\/p>\n<p>Enfin, lancez le processus de nettoyage d&rsquo;une simple touche. Avec son <strong>programme de nettoyage int\u00e9gr\u00e9<\/strong>, le JB9040 permet de simplifier le nettoyage. Placez ensuite le bol, les lames et le couvercle au lave-vaisselle, ils sont <strong>compatibles<\/strong>. Gagnez du temps et faites de v\u00e9ritables \u00e9conomies avec le Mixer BRAUN JB9040.<\/p>\n<\/p>\n<\/div>\n<p><bl-button a11yexpanded=\"false\" arialabel=\"Afficher toute la description\" class=\"read-more__btn\" full=\"false\" link=\"true\">Voir plus<\/bl-button><\/div>","protected":false},"excerpt":{"rendered":"<div class=\"keypoints\">\n<h3 class=\"keypoints__title\">Les points cl\u00e9s<\/h3>\n<ul role=\"list\">\n<li class=\"keypoints__item\" role=\"listitem\">                          Capacit\u00e9 totale : 3,00 L &#8211;                                        Capacit\u00e9 de pr\u00e9paration : 2,00 L &#8211;                                                      Mati\u00e8re du bol : Tritan\u00ae                      <\/li>\n<li class=\"keypoints__item\" role=\"listitem\">                          1.600 W &#8211;                                                      Nombre de tours minutes maxi : 45.000 tr\/mn                      <\/li>\n<li class=\"keypoints__item\" role=\"listitem\">                          Smoothie &#8211;                                        Glace pil\u00e9e &#8211;                                                      Soupe                      <\/li>\n<li class=\"keypoints__item\" role=\"listitem\">                          Fonction nettoyage &#8211;                                                      El\u00e9ments compatibles lave-vaisselle : bol, couvercle, lames                      <\/li>\n<li class=\"keypoints__item keypoints__item--advantage\" role=\"listitem\"><strong>Le + :<\/strong> iTextureControl, choisissez la texture souhait\u00e9e pour chaque programme.      <\/li>\n<\/ul>","protected":false},"featured_media":80225,"template":"","meta":{"_glsr_average":0,"_glsr_ranking":0,"_glsr_reviews":0},"product_cat":[431],"product_tag":[432,230],"class_list":{"0":"post-80226","1":"product","2":"type-product","3":"status-publish","4":"has-post-thumbnail","6":"product_cat-blender","7":"product_tag-blender","8":"product_tag-cuisine-et-cuisson","10":"first","11":"instock","12":"sale","13":"shipping-taxable","14":"purchasable","15":"product-type-simple"},"_links":{"self":[{"href":"https:\/\/electromenagerexpress.com\/en\/wp-json\/wp\/v2\/product\/80226","targetHints":{"allow":["GET"]}}],"collection":[{"href":"https:\/\/electromenagerexpress.com\/en\/wp-json\/wp\/v2\/product"}],"about":[{"href":"https:\/\/electromenagerexpress.com\/en\/wp-json\/wp\/v2\/types\/product"}],"wp:featuredmedia":[{"embeddable":true,"href":"https:\/\/electromenagerexpress.com\/en\/wp-json\/wp\/v2\/media\/80225"}],"wp:attachment":[{"href":"https:\/\/electromenagerexpress.com\/en\/wp-json\/wp\/v2\/media?parent=80226"}],"wp:term":[{"taxonomy":"product_cat","embeddable":true,"href":"https:\/\/electromenagerexpress.com\/en\/wp-json\/wp\/v2\/product_cat?post=80226"},{"taxonomy":"product_tag","embeddable":true,"href":"https:\/\/electromenagerexpress.com\/en\/wp-json\/wp\/v2\/product_tag?post=80226"}],"curies":[{"name":"wp","href":"https:\/\/api.w.org\/{rel}","templated":true}]}}