{"id":80182,"date":"2024-11-24T15:00:32","date_gmt":"2024-11-24T15:00:32","guid":{"rendered":"https:\/\/electromenagerexpress.com\/product\/blendersmegblc02egmeu-vert-emeraude\/"},"modified":"2024-11-24T15:00:40","modified_gmt":"2024-11-24T15:00:40","slug":"blendersmegblc02egmeu-vert-emeraude","status":"publish","type":"product","link":"https:\/\/electromenagerexpress.com\/en\/product\/blendersmegblc02egmeu-vert-emeraude\/","title":{"rendered":"Blender\t\t\t\t\t\t\tSMEG\t\t\t\tBLC02EGMEU Vert Emeraude"},"content":{"rendered":"<div class=\"product-features__content\">\n<ul role=\"list\">\n<li class=\"product-features__item\" role=\"listitem\">\n<h3 class=\"product-features__label\">Performances du blender<\/h3>\n<ul role=\"list\">\n<li class=\"product-features__item-list__item\" role=\"listitem\"><span class=\"is--medium\">Blender professionnel :<\/span> Non\t\t\t\t\t<\/li>\n<li class=\"product-features__item-list__item\" role=\"listitem\"><span class=\"is--medium\">Puissance moteur (en watt) :<\/span> 1.400 W\t\t\t\t\t<\/li>\n<li class=\"product-features__item-list__item\" role=\"listitem\"><span class=\"is--medium\">Nombre de tours minutes maxi :<\/span> 22.000 tr\/mn\t\t\t\t\t<\/li>\n<li class=\"product-features__item-list__item\" role=\"listitem\"><span class=\"is--medium\">Nombre de vitesse :<\/span> 9\t\t\t\t\t<\/li>\n<li class=\"product-features__item-list__item\" role=\"listitem\"><span class=\"is--medium\">Vitesse automatique :<\/span> Non\t\t\t\t\t<\/li>\n<li class=\"product-features__item-list__item\" role=\"listitem\"><span class=\"is--medium\">D\u00e9marrage lent :<\/span> Oui\t\t\t\t\t<\/li>\n<li class=\"product-features__item-list__item\" role=\"listitem\"><span class=\"is--medium\">Fonction Pulse :<\/span> Oui\t\t\t\t\t<\/li>\n<li class=\"product-features__item-list__item\" role=\"listitem\"><span class=\"is--medium\">Mati\u00e8re du corps :<\/span> Plastique\t\t\t\t\t<\/li>\n<li class=\"product-features__item-list__item\" role=\"listitem\"><span class=\"is--medium\">Couleur :<\/span> Vert\t\t\t\t\t<\/li>\n<li class=\"product-features__item-list__item\" role=\"listitem\"><span class=\"is--medium\">Hautes vitesse :<\/span> Oui\t\t\t\t\t<\/li>\n<\/ul>\n<\/li>\n<li class=\"product-features__item\" role=\"listitem\">\n<h3 class=\"product-features__label\">Bol et lames<\/h3>\n<ul role=\"list\">\n<li class=\"product-features__item-list__item\" role=\"listitem\"><span class=\"is--medium\">Capacit\u00e9 totale :<\/span> 1,50 L\t\t\t\t\t<\/li>\n<li class=\"product-features__item-list__item\" role=\"listitem\"><span class=\"is--medium\">Capacit\u00e9 de pr\u00e9paration :<\/span> 1,50 L\t\t\t\t\t<\/li>\n<li class=\"product-features__item-list__item\" role=\"listitem\"><span class=\"is--medium\">A ne pas confondre :<\/span> la capacit\u00e9 totale correspond au volume total du r\u00e9cipient, tandis que la capacit\u00e9 utile correspond \u00e0 la quantit\u00e9 maximale d&rsquo;aliments pouvant \u00eatre mis dans l&rsquo;appareil\t\t\t\t\t<\/li>\n<li class=\"product-features__item-list__item\" role=\"listitem\"><span class=\"is--medium\">Mati\u00e8re du bol :<\/span> Tritan\u00ae\t\t\t\t\t<\/li>\n<li class=\"product-features__item-list__item\" role=\"listitem\"><span class=\"is--medium\">Bol avec poign\u00e9e :<\/span> Oui\t\t\t\t\t<\/li>\n<li class=\"product-features__item-list__item\" role=\"listitem\"><span class=\"is--medium\">Bec verseur :<\/span> Oui\t\t\t\t\t<\/li>\n<li class=\"product-features__item-list__item\" role=\"listitem\"><span class=\"is--medium\">Robinet verseur :<\/span> Non\t\t\t\t\t<\/li>\n<li class=\"product-features__item-list__item\" role=\"listitem\"><span class=\"is--medium\">Bol gradu\u00e9 :<\/span> Oui\t\t\t\t\t<\/li>\n<li class=\"product-features__item-list__item\" role=\"listitem\"><span class=\"is--medium\">Poids du bol :<\/span> 1,20 Kg\t\t\t\t\t<\/li>\n<li class=\"product-features__item-list__item\" role=\"listitem\"><span class=\"is--medium\">Nombre de lames :<\/span> 2\t\t\t\t\t<\/li>\n<li class=\"product-features__item-list__item\" role=\"listitem\"><span class=\"is--medium\">Mati\u00e8re des lames :<\/span> Inox\t\t\t\t\t<\/li>\n<\/ul>\n<\/li>\n<li class=\"product-features__item\" role=\"listitem\">\n<h3 class=\"product-features__label\">Pr\u00e9parations froides<\/h3>\n<ul role=\"list\">\n<li class=\"product-features__item-list__item\" role=\"listitem\"><span class=\"is--medium\">Smoothie :<\/span> Oui\t\t\t\t\t<\/li>\n<li class=\"product-features__item-list__item\" role=\"listitem\"><span class=\"is--medium\">Jus :<\/span> Oui\t\t\t\t\t<\/li>\n<li class=\"product-features__item-list__item\" role=\"listitem\"><span class=\"is--medium\">Glace pil\u00e9e :<\/span> Oui\t\t\t\t\t<\/li>\n<li class=\"product-features__item-list__item\" role=\"listitem\"><span class=\"is--medium\">Pr\u00e9paration v\u00e9g\u00e9tale :<\/span> Oui\t\t\t\t\t<\/li>\n<\/ul>\n<\/li>\n<li class=\"product-features__item\" role=\"listitem\">\n<h3 class=\"product-features__label\">Pr\u00e9parations chaudes<\/h3>\n<ul role=\"list\">\n<li class=\"product-features__item-list__item\" role=\"listitem\"><span class=\"is--medium\">Mixe les aliments chauds :<\/span> Oui\t\t\t\t\t<\/li>\n<\/ul>\n<\/li>\n<li class=\"product-features__item\" role=\"listitem\">\n<h3 class=\"product-features__label\">Accessoires fournis<\/h3>\n<ul role=\"list\">\n<li class=\"product-features__item-list__item\" role=\"listitem\"><span class=\"is--medium\">Accessoires fournis blender :<\/span> Couvercle avec bouchon doseur, Spatule, Bouchon doseur, Brosse de nettoyage, Pilon m\u00e9langeur\t\t\t\t\t<\/li>\n<\/ul>\n<\/li>\n<li class=\"product-features__item\" role=\"listitem\">\n<h3 class=\"product-features__label\">Confort d&rsquo;utilisation<\/h3>\n<ul role=\"list\">\n<li class=\"product-features__item-list__item\" role=\"listitem\"><span class=\"is--medium\">Minuterie :<\/span> Oui\t\t\t\t\t<\/li>\n<li class=\"product-features__item-list__item\" role=\"listitem\"><span class=\"is--medium\">Maintien au chaud :<\/span> Non\t\t\t\t\t<\/li>\n<li class=\"product-features__item-list__item\" role=\"listitem\"><span class=\"is--medium\">Fonction pause :<\/span> Oui\t\t\t\t\t<\/li>\n<li class=\"product-features__item-list__item\" role=\"listitem\"><span class=\"is--medium\">Arr\u00eat automatique :<\/span> Oui\t\t\t\t\t<\/li>\n<li class=\"product-features__item-list__item\" role=\"listitem\"><span class=\"is--medium\">Panneau de commande :<\/span> Molette\t\t\t\t\t<\/li>\n<li class=\"product-features__item-list__item\" role=\"listitem\"><span class=\"is--medium\">Sans fil :<\/span> Non\t\t\t\t\t<\/li>\n<li class=\"product-features__item-list__item\" role=\"listitem\"><span class=\"is--medium\">Longueur du cordon (en m\u00e8tres) :<\/span> 1\t\t\t\t\t<\/li>\n<li class=\"product-features__item-list__item\" role=\"listitem\"><span class=\"is--medium\">Range cordon :<\/span> Oui\t\t\t\t\t<\/li>\n<li class=\"product-features__item-list__item\" role=\"listitem\"><span class=\"is--medium\">Cordon d\u00e9tachable :<\/span> Oui\t\t\t\t\t<\/li>\n<\/ul>\n<\/li>\n<li class=\"product-features__item\" role=\"listitem\">\n<h3 class=\"product-features__label\">Nettoyage et s\u00e9curit\u00e9<\/h3>\n<ul role=\"list\">\n<li class=\"product-features__item-list__item\" role=\"listitem\"><span class=\"is--medium\">Fonction nettoyage :<\/span> Oui\t\t\t\t\t<\/li>\n<li class=\"product-features__item-list__item\" role=\"listitem\"><span class=\"is--medium\">El\u00e9ments compatibles lave-vaisselle :<\/span> Bol\t\t\t\t\t<\/li>\n<li class=\"product-features__item-list__item\" role=\"listitem\"><span class=\"is--medium\">Lames amovibles :<\/span> Non\t\t\t\t\t<\/li>\n<li class=\"product-features__item-list__item\" role=\"listitem\"><span class=\"is--medium\">Syst\u00e8me de verrouillage :<\/span> Le blender d\u00e9marre uniquement quand le bol est verrouill\u00e9\t\t\t\t\t<\/li>\n<li class=\"product-features__item-list__item\" role=\"listitem\"><span class=\"is--medium\">Pieds antid\u00e9rapants :<\/span> Oui\t\t\t\t\t<\/li>\n<li class=\"product-features__item-list__item\" role=\"listitem\"><span class=\"is--medium\">Sans Bisph\u00e9nol A :<\/span> Oui\t\t\t\t\t<\/li>\n<\/ul>\n<\/li>\n<li class=\"product-features__item\" role=\"listitem\">\n<h3 class=\"product-features__label\">Dimensions<\/h3>\n<ul role=\"list\">\n<li class=\"product-features__item-list__item\" role=\"listitem\"><span class=\"is--medium\">Dimensions l x h x p :<\/span> 16.8 x 42.1 x 22.5 cm\t\t\t\t\t<\/li>\n<li class=\"product-features__item-list__item\" role=\"listitem\"><span class=\"is--medium\">Poids Net :<\/span> 6,60 Kg\t\t\t\t\t<\/li>\n<\/ul>\n<\/li>\n<li class=\"product-features__item\" role=\"listitem\">\n<h3 class=\"product-features__label\">Informations compl\u00e9mentaires<\/h3>\n<ul role=\"list\">\n<li class=\"product-features__item-list__item\" role=\"listitem\"><span class=\"is--medium\">Fabriqu\u00e9 en :<\/span> Chine\t\t\t\t\t<\/li>\n<li class=\"product-features__item-list__item\" role=\"listitem\"><span class=\"is--medium\">Garantie :<\/span> 2 ans\t\t\t\t\t<\/li>\n<li class=\"product-features__item-list__item\" role=\"listitem\"><span class=\"is--medium\">Disponibilit\u00e9 des pi\u00e8ces d\u00e9tach\u00e9es (donn\u00e9es fournisseur) :<\/span> Pendant 10 ans, \u00e0 compter de la date d&rsquo;achat\t\t\t\t\t<\/li>\n<li class=\"product-features__item-list__item\" role=\"listitem\"><span class=\"is--medium\">R\u00e9f\u00e9rence constructeur :<\/span> BLC02EGMEU Vert Emeraude\t\t\t\t\t<\/li>\n<li class=\"product-features__item-list__item\" role=\"listitem\"><span class=\"is--medium\">Marque :<\/span> SMEG\t\t\t\t\t<\/li>\n<\/ul>\n<\/li>\n<\/ul>\n<\/div>\n<div class=\"product__disclosure-content\">\n<div class=\"js-read-more product-description__content read-more read-more--truncated\" data-read-more-name=\"description\" style=\"max-height: 500px; overflow: hidden;\">\n<p>Pr\u00eat \u00e0 plonger dans l&rsquo;univers du blender SMEG BLC02EGMEU ? D\u00e9velopp\u00e9 pour vous offrir une exp\u00e9rience culinaire in\u00e9gal\u00e9e, ce sera l&rsquo;outil ultime pour pr\u00e9parer des boissons saines et d\u00e9licieuses, des soupes onctueuses et bien plus encore.<\/p>\n<h3><img fetchpriority=\"high\" decoding=\"async\" ,=\"\" alt=\"Blender SMEG BLC02EGMEU Vert Emeraude\" class=\"wy_tableau_gauche\" height=\"270\" src=\"https:\/\/boulanger.scene7.com\/is\/image\/Boulanger\/8017709333164_h_f_l_0?wid=400&amp;hei=270\" width=\"400\"\/>Quand puissance rime avec polyvalence<\/h3>\n<p>R\u00e9alisez de g\u00e9n\u00e9reuses quantit\u00e9s de smoothies, de soupes ou de sauces en une seule fois ! D\u00e9voilant <b>une capacit\u00e9 g\u00e9n\u00e9reuse de 1,5 L, \u00e9quivalente \u00e0 6 tasses<\/b>, votre blender SMEG BLC02EGMEU sera l&rsquo;alli\u00e9 parfait pour pr\u00e9parer des boissons pour toute votre famille, sans perdre de temps ni disperser votre \u00e9nergie. <b>Son bouchon doseur pratique de 30 ml<\/b> vous permettra d&rsquo;ajouter pr\u00e9cis\u00e9ment les ingr\u00e9dients liquides n\u00e9cessaires \u00e0 vos recettes.<\/p>\n<p>Vous souhaitez mixer des ingr\u00e9dients d\u00e9licats ou broyer des aliments plus consistants ? Dot\u00e9 de <b>9 vitesses compl\u00e9mentaires<\/b>, votre futur blender SMEG BLC02EGMEU vous garantira toujours la vitesse id\u00e9ale pour obtenir des r\u00e9sultats parfaits \u00e0 tous les coups. Les 5 programmes pr\u00e9d\u00e9finis (Smoothie, Green Smoothie, Dessert glac\u00e9, Autonettoyage) vous simplifieront davantage la vie : parfait pour obtenir un jus vitamin\u00e9 ou un dessert glac\u00e9.<\/p>\n<h3><img decoding=\"async\" ,=\"\" alt=\"Blender SMEG BLC02EGMEU Vert Emeraude\" class=\"wy_tableau_right\" height=\"270\" src=\"https:\/\/boulanger.scene7.com\/is\/image\/Boulanger\/8017709333164_h_f_l_1?wid=400&amp;hei=270\" width=\"400\"\/>Un appareil qui vous permettra d&rsquo;aller plus loin<\/h3>\n<p><b>Compos\u00e9 de tritan, un mat\u00e9riau r\u00e9sistant et sans BPA<\/b>, le bol du blender SMEG BLC02EGMEU sera non seulement solide et durable, mais il vous permettra \u00e9galement de pr\u00e9server la fra\u00eecheur et la saveur de vos aliments gr\u00e2ce \u00e0 son excellente r\u00e9sistance \u00e0 l&rsquo;oxydation. Et gr\u00e2ce \u00e0 son interface intuitive et conviviale, vous pourrez r\u00e9gler les param\u00e8tres en un tournemain, gage d&rsquo;un contr\u00f4le total sur vos pr\u00e9parations.<\/p>\n<p>\u00c9quip\u00e9 d&rsquo;une mise en marche progressive, le moteur du blender SMEG BLC02EGMEU augmentera progressivement son intensit\u00e9 pour \u00e9viter les \u00e9claboussures et garantir une consistance homog\u00e8ne. Pour une utilisation en toute s\u00e9curit\u00e9, <b>le syst\u00e8me de verrouillage du moteur<\/b> l&#8217;emp\u00eachera de se mettre en marche sans le bol et le couvercle correctement fix\u00e9s, vous \u00e9vitant ainsi tout accident potentiel.<\/p>\n<\/p>\n<\/div>\n<p><bl-button a11yexpanded=\"false\" arialabel=\"Afficher toute la description\" class=\"read-more__btn\" full=\"false\" link=\"true\">Voir plus<\/bl-button><\/div>","protected":false},"excerpt":{"rendered":"<div class=\"keypoints\">\n<h3 class=\"keypoints__title\">Les points cl\u00e9s<\/h3>\n<ul role=\"list\">\n<li class=\"keypoints__item\" role=\"listitem\">                          Capacit\u00e9 totale : 1,50 L &#8211;                                        Capacit\u00e9 de pr\u00e9paration : 1,50 L &#8211;                                                      Mati\u00e8re du bol : Tritan\u00ae                      <\/li>\n<li class=\"keypoints__item\" role=\"listitem\">                          1.400 W &#8211;                                                      Nombre de tours minutes maxi : 22.000 tr\/mn                      <\/li>\n<li class=\"keypoints__item\" role=\"listitem\">                          Smoothie &#8211;                                                      Glace pil\u00e9e                      <\/li>\n<li class=\"keypoints__item\" role=\"listitem\">                          Fonction nettoyage &#8211;                                                      El\u00e9ments compatibles lave-vaisselle : Bol                      <\/li>\n<li class=\"keypoints__item keypoints__item--advantage\" role=\"listitem\"><strong>Le + :<\/strong> une pompe \u00e0 vide \u00e9limine l&rsquo;air de la cuve, pour minimiser l&rsquo;oxydation des aliments      <\/li>\n<\/ul>","protected":false},"featured_media":80181,"template":"","meta":{"_glsr_average":0,"_glsr_ranking":0,"_glsr_reviews":0},"product_cat":[431],"product_tag":[432,230],"class_list":{"0":"post-80182","1":"product","2":"type-product","3":"status-publish","4":"has-post-thumbnail","6":"product_cat-blender","7":"product_tag-blender","8":"product_tag-cuisine-et-cuisson","10":"first","11":"instock","12":"sale","13":"shipping-taxable","14":"purchasable","15":"product-type-simple"},"_links":{"self":[{"href":"https:\/\/electromenagerexpress.com\/en\/wp-json\/wp\/v2\/product\/80182","targetHints":{"allow":["GET"]}}],"collection":[{"href":"https:\/\/electromenagerexpress.com\/en\/wp-json\/wp\/v2\/product"}],"about":[{"href":"https:\/\/electromenagerexpress.com\/en\/wp-json\/wp\/v2\/types\/product"}],"wp:featuredmedia":[{"embeddable":true,"href":"https:\/\/electromenagerexpress.com\/en\/wp-json\/wp\/v2\/media\/80181"}],"wp:attachment":[{"href":"https:\/\/electromenagerexpress.com\/en\/wp-json\/wp\/v2\/media?parent=80182"}],"wp:term":[{"taxonomy":"product_cat","embeddable":true,"href":"https:\/\/electromenagerexpress.com\/en\/wp-json\/wp\/v2\/product_cat?post=80182"},{"taxonomy":"product_tag","embeddable":true,"href":"https:\/\/electromenagerexpress.com\/en\/wp-json\/wp\/v2\/product_tag?post=80182"}],"curies":[{"name":"wp","href":"https:\/\/api.w.org\/{rel}","templated":true}]}}