{"id":80161,"date":"2024-11-24T15:00:12","date_gmt":"2024-11-24T15:00:12","guid":{"rendered":"https:\/\/electromenagerexpress.com\/product\/blenderkitchenaidk150-gris-mat-5ksb1325edg\/"},"modified":"2024-11-24T15:00:14","modified_gmt":"2024-11-24T15:00:14","slug":"blenderkitchenaidk150-gris-mat-5ksb1325edg","status":"publish","type":"product","link":"https:\/\/electromenagerexpress.com\/en\/product\/blenderkitchenaidk150-gris-mat-5ksb1325edg\/","title":{"rendered":"Blender\t\t\t\t\t\t\tKITCHENAID\t\t\t\tK150 Gris Mat 5KSB1325EDG"},"content":{"rendered":"<div class=\"product-features__content\">\n<ul role=\"list\">\n<li class=\"product-features__item\" role=\"listitem\">\n<h3 class=\"product-features__label\">Performances du blender<\/h3>\n<ul role=\"list\">\n<li class=\"product-features__item-list__item\" role=\"listitem\"><span class=\"is--medium\">Blender professionnel :<\/span> Non\t\t\t\t\t<\/li>\n<li class=\"product-features__item-list__item\" role=\"listitem\"><span class=\"is--medium\">Puissance moteur (en watt) :<\/span> 650 W\t\t\t\t\t<\/li>\n<li class=\"product-features__item-list__item\" role=\"listitem\"><span class=\"is--medium\">Nombre de tours minutes maxi :<\/span> 12 tr\/mn\t\t\t\t\t<\/li>\n<li class=\"product-features__item-list__item\" role=\"listitem\"><span class=\"is--medium\">Nombre de vitesse :<\/span> 3\t\t\t\t\t<\/li>\n<li class=\"product-features__item-list__item\" role=\"listitem\"><span class=\"is--medium\">Vitesse automatique :<\/span> Non\t\t\t\t\t<\/li>\n<li class=\"product-features__item-list__item\" role=\"listitem\"><span class=\"is--medium\">D\u00e9marrage lent :<\/span> Oui\t\t\t\t\t<\/li>\n<li class=\"product-features__item-list__item\" role=\"listitem\"><span class=\"is--medium\">Fonction Pulse :<\/span> Oui\t\t\t\t\t<\/li>\n<li class=\"product-features__item-list__item\" role=\"listitem\"><span class=\"is--medium\">Mati\u00e8re du corps :<\/span> Plastique\t\t\t\t\t<\/li>\n<li class=\"product-features__item-list__item\" role=\"listitem\"><span class=\"is--medium\">Couleur :<\/span> Gris\t\t\t\t\t<\/li>\n<li class=\"product-features__item-list__item\" role=\"listitem\"><span class=\"is--medium\">Variateur de vitesses :<\/span> Oui\t\t\t\t\t<\/li>\n<\/ul>\n<\/li>\n<li class=\"product-features__item\" role=\"listitem\">\n<h3 class=\"product-features__label\">Bol et lames<\/h3>\n<ul role=\"list\">\n<li class=\"product-features__item-list__item\" role=\"listitem\"><span class=\"is--medium\">Capacit\u00e9 totale :<\/span> 1,40 L\t\t\t\t\t<\/li>\n<li class=\"product-features__item-list__item\" role=\"listitem\"><span class=\"is--medium\">Capacit\u00e9 de pr\u00e9paration :<\/span> 1,40 L\t\t\t\t\t<\/li>\n<li class=\"product-features__item-list__item\" role=\"listitem\"><span class=\"is--medium\">A ne pas confondre :<\/span> la capacit\u00e9 totale correspond au volume total du r\u00e9cipient, tandis que la capacit\u00e9 utile correspond \u00e0 la quantit\u00e9 maximale d&rsquo;aliments pouvant \u00eatre mis dans l&rsquo;appareil\t\t\t\t\t<\/li>\n<li class=\"product-features__item-list__item\" role=\"listitem\"><span class=\"is--medium\">Mati\u00e8re du bol :<\/span> Tritan\u00ae\t\t\t\t\t<\/li>\n<li class=\"product-features__item-list__item\" role=\"listitem\"><span class=\"is--medium\">Bol avec poign\u00e9e :<\/span> Oui\t\t\t\t\t<\/li>\n<li class=\"product-features__item-list__item\" role=\"listitem\"><span class=\"is--medium\">Bec verseur :<\/span> Oui\t\t\t\t\t<\/li>\n<li class=\"product-features__item-list__item\" role=\"listitem\"><span class=\"is--medium\">Robinet verseur :<\/span> Non\t\t\t\t\t<\/li>\n<li class=\"product-features__item-list__item\" role=\"listitem\"><span class=\"is--medium\">Bol gradu\u00e9 :<\/span> Oui\t\t\t\t\t<\/li>\n<li class=\"product-features__item-list__item\" role=\"listitem\"><span class=\"is--medium\">Poids du bol :<\/span> 1,00 Kg\t\t\t\t\t<\/li>\n<li class=\"product-features__item-list__item\" role=\"listitem\"><span class=\"is--medium\">Nombre de lames :<\/span> 2\t\t\t\t\t<\/li>\n<li class=\"product-features__item-list__item\" role=\"listitem\"><span class=\"is--medium\">Mati\u00e8re des lames :<\/span> Acier inoxydable\t\t\t\t\t<\/li>\n<\/ul>\n<\/li>\n<li class=\"product-features__item\" role=\"listitem\">\n<h3 class=\"product-features__label\">Pr\u00e9parations froides<\/h3>\n<ul role=\"list\">\n<li class=\"product-features__item-list__item\" role=\"listitem\"><span class=\"is--medium\">Pr\u00e9paration v\u00e9g\u00e9tale :<\/span> Oui\t\t\t\t\t<\/li>\n<\/ul>\n<\/li>\n<li class=\"product-features__item\" role=\"listitem\">\n<h3 class=\"product-features__label\">Confort d&rsquo;utilisation<\/h3>\n<ul role=\"list\">\n<li class=\"product-features__item-list__item\" role=\"listitem\"><span class=\"is--medium\">Minuterie :<\/span> Non\t\t\t\t\t<\/li>\n<li class=\"product-features__item-list__item\" role=\"listitem\"><span class=\"is--medium\">Maintien au chaud :<\/span> Non\t\t\t\t\t<\/li>\n<li class=\"product-features__item-list__item\" role=\"listitem\"><span class=\"is--medium\">Fonction pause :<\/span> Non\t\t\t\t\t<\/li>\n<li class=\"product-features__item-list__item\" role=\"listitem\"><span class=\"is--medium\">Sans fil :<\/span> Non\t\t\t\t\t<\/li>\n<li class=\"product-features__item-list__item\" role=\"listitem\"><span class=\"is--medium\">Longueur du cordon (en m\u00e8tres) :<\/span> 0.91\t\t\t\t\t<\/li>\n<\/ul>\n<\/li>\n<li class=\"product-features__item\" role=\"listitem\">\n<h3 class=\"product-features__label\">Nettoyage et s\u00e9curit\u00e9<\/h3>\n<ul role=\"list\">\n<li class=\"product-features__item-list__item\" role=\"listitem\"><span class=\"is--medium\">Fonction nettoyage :<\/span> Non\t\t\t\t\t<\/li>\n<li class=\"product-features__item-list__item\" role=\"listitem\"><span class=\"is--medium\">El\u00e9ments compatibles lave-vaisselle :<\/span> Bol et lames\t\t\t\t\t<\/li>\n<li class=\"product-features__item-list__item\" role=\"listitem\"><span class=\"is--medium\">Lames amovibles :<\/span> Non\t\t\t\t\t<\/li>\n<li class=\"product-features__item-list__item\" role=\"listitem\"><span class=\"is--medium\">Syst\u00e8me de verrouillage :<\/span> Le blender d\u00e9marre uniquement quand le bol est verrouill\u00e9\t\t\t\t\t<\/li>\n<li class=\"product-features__item-list__item\" role=\"listitem\"><span class=\"is--medium\">Sans Bisph\u00e9nol A :<\/span> Oui\t\t\t\t\t<\/li>\n<\/ul>\n<\/li>\n<li class=\"product-features__item\" role=\"listitem\">\n<h3 class=\"product-features__label\">Dimensions<\/h3>\n<ul role=\"list\">\n<li class=\"product-features__item-list__item\" role=\"listitem\"><span class=\"is--medium\">Dimensions l x h x p :<\/span> 18.03 x 37.6 x 21.59 cm\t\t\t\t\t<\/li>\n<li class=\"product-features__item-list__item\" role=\"listitem\"><span class=\"is--medium\">Poids Net :<\/span> 3,17 Kg\t\t\t\t\t<\/li>\n<\/ul>\n<\/li>\n<li class=\"product-features__item\" role=\"listitem\">\n<h3 class=\"product-features__label\">Informations compl\u00e9mentaires<\/h3>\n<ul role=\"list\">\n<li class=\"product-features__item-list__item\" role=\"listitem\"><span class=\"is--medium\">Fabriqu\u00e9 en :<\/span> Etats-Unis\t\t\t\t\t<\/li>\n<li class=\"product-features__item-list__item\" role=\"listitem\"><span class=\"is--medium\">Garantie :<\/span> 2 ans\t\t\t\t\t<\/li>\n<li class=\"product-features__item-list__item\" role=\"listitem\"><span class=\"is--medium\">Disponibilit\u00e9 des pi\u00e8ces d\u00e9tach\u00e9es (donn\u00e9es fournisseur) :<\/span> Pendant 10 ans, \u00e0 compter de la date d&rsquo;achat\t\t\t\t\t<\/li>\n<li class=\"product-features__item-list__item\" role=\"listitem\"><span class=\"is--medium\">R\u00e9f\u00e9rence constructeur :<\/span> K150 Gris Mat 5KSB1325EDG\t\t\t\t\t<\/li>\n<li class=\"product-features__item-list__item\" role=\"listitem\"><span class=\"is--medium\">Marque :<\/span> KITCHENAID\t\t\t\t\t<\/li>\n<\/ul>\n<\/li>\n<\/ul>\n<\/div>\n<div class=\"product__disclosure-content\">\n<div class=\"js-read-more product-description__content read-more read-more--truncated\" data-read-more-name=\"description\" style=\"max-height: 500px; overflow: hidden;\">\n<p>R\u00e9alisez de d\u00e9licieuses recettes en quelques instants gr\u00e2ce \u00e0 votre blender K150 Gris Mat 5KSB132 sign\u00e9 KitchenAid.<\/p>\n<h3><img fetchpriority=\"high\" decoding=\"async\" ,=\"\" alt=\"Blender KITCHENAID K150 Gris Mat 5KSB132\" class=\"wy_tableau_gauche\" height=\"270\" src=\"https:\/\/boulanger.scene7.com\/is\/image\/Boulanger\/8003437609916_h_f_l_0?wid=400&amp;hei=270\" width=\"400\"\/>Une technologie exclusive<\/h3>\n<p>Pens\u00e9 pour s&rsquo;adapter \u00e0 une <b>vari\u00e9t\u00e9 infinie de recettes et \u00e0 toutes vos envies<\/b>, le blender 5KSB132 de KitchenAid rassemble toute la technologie de la marque pour vous offrir un mixage optimal, <b>aussi bien pour des quantit\u00e9s individuelles que familiales<\/b>. Les <b>trois vitesses du blender KitchenAid s&rsquo;adaptent \u00e0 tous les aliments y compris la glace<\/b>, pour vous offrir carte blanche en cuisine. Avec 11 500 tours par minute en puissance maximale, votre blender KitchenAid vous assure des r\u00e9sultats impeccables.<\/p>\n<p>Pens\u00e9 par KitchenAid pour vous assurer <b>des performances optimales jour apr\u00e8s jour<\/b>, le blender K150 Gris Mat 5KSB132 met l&rsquo;exp\u00e9rience utilisateur au centre de sa conception. Son <b>bol gradu\u00e9 dispose d&rsquo;une capacit\u00e9 d&rsquo;1,4 litre pour r\u00e9galer votre entourage<\/b>, tandis que ses <b>trois programmes pr\u00e9-r\u00e9gl\u00e9s<\/b> vous permettent de r\u00e9aliser de la glace pil\u00e9e, des smoothies et d&rsquo;utiliser le mode Impulsion en quelques gestes. <\/p>\n<h3><img decoding=\"async\" ,=\"\" alt=\"Blender KITCHENAID K150 Gris Mat 5KSB132\" class=\"wy_tableau_right\" height=\"270\" src=\"https:\/\/boulanger.scene7.com\/is\/image\/Boulanger\/8003437609916_h_f_l_1?wid=400&amp;hei=270\" width=\"400\"\/>Un appareil solide et styl\u00e9<\/h3>\n<p><b>Boost\u00e9 par toute la technologie et l&rsquo;innovation de KitchenAid<\/b>, votre blender K150 se plie \u00e0 toutes vos envies. Pens\u00e9 pour une utilisation intuitive, ce blender KitchenAid dispose d&rsquo;une <b>lame asym\u00e9trique en acier amovible et d&rsquo;une \u00e9l\u00e9gante molette de commande<\/b> ; son utilisation est simplissime, pour r\u00e9aliser <b>de savoureuses recettes jour apr\u00e8s jour<\/b>.<\/p>\n<p>C\u00f4t\u00e9 conception, KitchenAid confirme son statut d&rsquo;incontournable avec le blender K150 5KSB132. Le <b>bol en plastique sans BPA vous garantit des ann\u00e9es d&rsquo;utilisation<\/b>, tandis que l&rsquo;appareil dispose d&rsquo;un <b>couvercle s\u00e9curis\u00e9 et amovible<\/b> pour plus de s\u00e9r\u00e9nit\u00e9. Offrez-vous le <b>design caract\u00e9ristique des appareils KitchenAid et sublimez votre cuisine<\/b> avec cet objet au look r\u00e9tro et \u00e9l\u00e9gant. <\/p>\n<\/p>\n<\/div>\n<p><bl-button a11yexpanded=\"false\" arialabel=\"Afficher toute la description\" class=\"read-more__btn\" full=\"false\" link=\"true\">Voir plus<\/bl-button><\/div>","protected":false},"excerpt":{"rendered":"<div class=\"keypoints\">\n<h3 class=\"keypoints__title\">Les points cl\u00e9s<\/h3>\n<ul role=\"list\">\n<li class=\"keypoints__item\" role=\"listitem\">                          Capacit\u00e9 totale : 1,40 L &#8211;                                        Capacit\u00e9 de pr\u00e9paration : 1,40 L &#8211;                                                      Mati\u00e8re du bol : Tritan\u00ae                      <\/li>\n<li class=\"keypoints__item\" role=\"listitem\">                          650 W &#8211;                                                      Nombre de tours minutes maxi : 12 tr\/mn                      <\/li>\n<li class=\"keypoints__item\" role=\"listitem\">                                        El\u00e9ments compatibles lave-vaisselle : Bol et lames                      <\/li>\n<li class=\"keypoints__item keypoints__item--advantage\" role=\"listitem\"><strong>Le + :<\/strong> D\u00e9tecte le contenu et maintient une vitesseoptimale, quels que soient les ingr\u00e9dients      <\/li>\n<\/ul>","protected":false},"featured_media":80160,"template":"","meta":{"_glsr_average":0,"_glsr_ranking":0,"_glsr_reviews":0},"product_cat":[431],"product_tag":[432,230],"class_list":{"0":"post-80161","1":"product","2":"type-product","3":"status-publish","4":"has-post-thumbnail","6":"product_cat-blender","7":"product_tag-blender","8":"product_tag-cuisine-et-cuisson","10":"first","11":"instock","12":"sale","13":"shipping-taxable","14":"purchasable","15":"product-type-simple"},"_links":{"self":[{"href":"https:\/\/electromenagerexpress.com\/en\/wp-json\/wp\/v2\/product\/80161","targetHints":{"allow":["GET"]}}],"collection":[{"href":"https:\/\/electromenagerexpress.com\/en\/wp-json\/wp\/v2\/product"}],"about":[{"href":"https:\/\/electromenagerexpress.com\/en\/wp-json\/wp\/v2\/types\/product"}],"wp:featuredmedia":[{"embeddable":true,"href":"https:\/\/electromenagerexpress.com\/en\/wp-json\/wp\/v2\/media\/80160"}],"wp:attachment":[{"href":"https:\/\/electromenagerexpress.com\/en\/wp-json\/wp\/v2\/media?parent=80161"}],"wp:term":[{"taxonomy":"product_cat","embeddable":true,"href":"https:\/\/electromenagerexpress.com\/en\/wp-json\/wp\/v2\/product_cat?post=80161"},{"taxonomy":"product_tag","embeddable":true,"href":"https:\/\/electromenagerexpress.com\/en\/wp-json\/wp\/v2\/product_tag?post=80161"}],"curies":[{"name":"wp","href":"https:\/\/api.w.org\/{rel}","templated":true}]}}