{"id":80099,"date":"2024-11-24T14:59:14","date_gmt":"2024-11-24T14:59:14","guid":{"rendered":"https:\/\/electromenagerexpress.com\/product\/blendermagimixpower-4-rouge-11629\/"},"modified":"2024-11-24T14:59:26","modified_gmt":"2024-11-24T14:59:26","slug":"blendermagimixpower-4-rouge-11629","status":"publish","type":"product","link":"https:\/\/electromenagerexpress.com\/en\/product\/blendermagimixpower-4-rouge-11629\/","title":{"rendered":"Blender\t\t\t\t\t\t\tMAGIMIX\t\t\t\tPower 4 rouge 11629"},"content":{"rendered":"<div class=\"product-features__content\">\n<ul role=\"list\">\n<li class=\"product-features__item\" role=\"listitem\">\n<h3 class=\"product-features__label\">Performances du blender<\/h3>\n<ul role=\"list\">\n<li class=\"product-features__item-list__item\" role=\"listitem\"><span class=\"is--medium\">Blender professionnel :<\/span> Oui\t\t\t\t\t<\/li>\n<li class=\"product-features__item-list__item\" role=\"listitem\"><span class=\"is--medium\">Puissance moteur (en watt) :<\/span> 1.300 W\t\t\t\t\t<\/li>\n<li class=\"product-features__item-list__item\" role=\"listitem\"><span class=\"is--medium\">Nombre de tours minutes maxi :<\/span> 22.000 tr\/mn\t\t\t\t\t<\/li>\n<li class=\"product-features__item-list__item\" role=\"listitem\"><span class=\"is--medium\">Nombre de vitesse :<\/span> 4\t\t\t\t\t<\/li>\n<li class=\"product-features__item-list__item\" role=\"listitem\"><span class=\"is--medium\">Vitesse automatique :<\/span> Non\t\t\t\t\t<\/li>\n<li class=\"product-features__item-list__item\" role=\"listitem\"><span class=\"is--medium\">D\u00e9marrage lent :<\/span> Non\t\t\t\t\t<\/li>\n<li class=\"product-features__item-list__item\" role=\"listitem\"><span class=\"is--medium\">Fonction Pulse :<\/span> Oui\t\t\t\t\t<\/li>\n<li class=\"product-features__item-list__item\" role=\"listitem\"><span class=\"is--medium\">Mati\u00e8re du corps :<\/span> M\u00e9tal\t\t\t\t\t<\/li>\n<li class=\"product-features__item-list__item\" role=\"listitem\"><span class=\"is--medium\">Couleur :<\/span> Rouge\t\t\t\t\t<\/li>\n<\/ul>\n<\/li>\n<li class=\"product-features__item\" role=\"listitem\">\n<h3 class=\"product-features__label\">Bol et lames<\/h3>\n<ul role=\"list\">\n<li class=\"product-features__item-list__item\" role=\"listitem\"><span class=\"is--medium\">Capacit\u00e9 totale :<\/span> 2,50 L\t\t\t\t\t<\/li>\n<li class=\"product-features__item-list__item\" role=\"listitem\"><span class=\"is--medium\">Capacit\u00e9 de pr\u00e9paration :<\/span> 1,80 L\t\t\t\t\t<\/li>\n<li class=\"product-features__item-list__item\" role=\"listitem\"><span class=\"is--medium\">A ne pas confondre :<\/span> la capacit\u00e9 totale correspond au volume total du r\u00e9cipient, tandis que la capacit\u00e9 utile correspond \u00e0 la quantit\u00e9 maximale d&rsquo;aliments pouvant \u00eatre mis dans l&rsquo;appareil\t\t\t\t\t<\/li>\n<li class=\"product-features__item-list__item\" role=\"listitem\"><span class=\"is--medium\">Mati\u00e8re du bol :<\/span> Verre thermoresist\t\t\t\t\t<\/li>\n<li class=\"product-features__item-list__item\" role=\"listitem\"><span class=\"is--medium\">Bol avec poign\u00e9e :<\/span> Oui\t\t\t\t\t<\/li>\n<li class=\"product-features__item-list__item\" role=\"listitem\"><span class=\"is--medium\">Bec verseur :<\/span> Non\t\t\t\t\t<\/li>\n<li class=\"product-features__item-list__item\" role=\"listitem\"><span class=\"is--medium\">Robinet verseur :<\/span> Non\t\t\t\t\t<\/li>\n<li class=\"product-features__item-list__item\" role=\"listitem\"><span class=\"is--medium\">Bol gradu\u00e9 :<\/span> Oui\t\t\t\t\t<\/li>\n<li class=\"product-features__item-list__item\" role=\"listitem\"><span class=\"is--medium\">Poids du bol :<\/span> 2,06 Kg\t\t\t\t\t<\/li>\n<li class=\"product-features__item-list__item\" role=\"listitem\"><span class=\"is--medium\">Nombre de lames :<\/span> 1\t\t\t\t\t<\/li>\n<li class=\"product-features__item-list__item\" role=\"listitem\"><span class=\"is--medium\">Mati\u00e8re des lames :<\/span> Acier inoxydable\t\t\t\t\t<\/li>\n<\/ul>\n<\/li>\n<li class=\"product-features__item\" role=\"listitem\">\n<h3 class=\"product-features__label\">Pr\u00e9parations froides<\/h3>\n<ul role=\"list\">\n<li class=\"product-features__item-list__item\" role=\"listitem\"><span class=\"is--medium\">Smoothie :<\/span> Oui\t\t\t\t\t<\/li>\n<li class=\"product-features__item-list__item\" role=\"listitem\"><span class=\"is--medium\">Jus :<\/span> Oui\t\t\t\t\t<\/li>\n<li class=\"product-features__item-list__item\" role=\"listitem\"><span class=\"is--medium\">Glace pil\u00e9e :<\/span> Oui\t\t\t\t\t<\/li>\n<li class=\"product-features__item-list__item\" role=\"listitem\"><span class=\"is--medium\">Compotes :<\/span> Oui\t\t\t\t\t<\/li>\n<li class=\"product-features__item-list__item\" role=\"listitem\"><span class=\"is--medium\">Hacher (herbes, \u00e9pices&#8230;) :<\/span> Oui\t\t\t\t\t<\/li>\n<li class=\"product-features__item-list__item\" role=\"listitem\"><span class=\"is--medium\">Moudre (caf\u00e9 grains) :<\/span> Oui\t\t\t\t\t<\/li>\n<li class=\"product-features__item-list__item\" role=\"listitem\"><span class=\"is--medium\">Pr\u00e9paration v\u00e9g\u00e9tale :<\/span> Oui\t\t\t\t\t<\/li>\n<\/ul>\n<\/li>\n<li class=\"product-features__item\" role=\"listitem\">\n<h3 class=\"product-features__label\">Pr\u00e9parations chaudes<\/h3>\n<ul role=\"list\">\n<li class=\"product-features__item-list__item\" role=\"listitem\"><span class=\"is--medium\">Pur\u00e9e :<\/span> Oui\t\t\t\t\t<\/li>\n<li class=\"product-features__item-list__item\" role=\"listitem\"><span class=\"is--medium\">Soupe :<\/span> Oui\t\t\t\t\t<\/li>\n<li class=\"product-features__item-list__item\" role=\"listitem\"><span class=\"is--medium\">Sauce :<\/span> Oui\t\t\t\t\t<\/li>\n<li class=\"product-features__item-list__item\" role=\"listitem\"><span class=\"is--medium\">Mixe les aliments chauds :<\/span> Oui\t\t\t\t\t<\/li>\n<\/ul>\n<\/li>\n<li class=\"product-features__item\" role=\"listitem\">\n<h3 class=\"product-features__label\">Accessoires fournis<\/h3>\n<ul role=\"list\">\n<li class=\"product-features__item-list__item\" role=\"listitem\"><span class=\"is--medium\">Accessoires fournis blender :<\/span> M\u00e9langeur, Spatule, Spatule m\u00e9langeur\t\t\t\t\t<\/li>\n<\/ul>\n<\/li>\n<li class=\"product-features__item\" role=\"listitem\">\n<h3 class=\"product-features__label\">Confort d&rsquo;utilisation<\/h3>\n<ul role=\"list\">\n<li class=\"product-features__item-list__item\" role=\"listitem\"><span class=\"is--medium\">Minuterie :<\/span> Non\t\t\t\t\t<\/li>\n<li class=\"product-features__item-list__item\" role=\"listitem\"><span class=\"is--medium\">Maintien au chaud :<\/span> Non\t\t\t\t\t<\/li>\n<li class=\"product-features__item-list__item\" role=\"listitem\"><span class=\"is--medium\">Fonction pause :<\/span> Non\t\t\t\t\t<\/li>\n<li class=\"product-features__item-list__item\" role=\"listitem\"><span class=\"is--medium\">Arr\u00eat automatique :<\/span> Oui\t\t\t\t\t<\/li>\n<li class=\"product-features__item-list__item\" role=\"listitem\"><span class=\"is--medium\">Panneau de commande :<\/span> Molette\t\t\t\t\t<\/li>\n<li class=\"product-features__item-list__item\" role=\"listitem\"><span class=\"is--medium\">Sans fil :<\/span> Non\t\t\t\t\t<\/li>\n<li class=\"product-features__item-list__item\" role=\"listitem\"><span class=\"is--medium\">Longueur du cordon (en m\u00e8tres) :<\/span> 1\t\t\t\t\t<\/li>\n<\/ul>\n<\/li>\n<li class=\"product-features__item\" role=\"listitem\">\n<h3 class=\"product-features__label\">Nettoyage et s\u00e9curit\u00e9<\/h3>\n<ul role=\"list\">\n<li class=\"product-features__item-list__item\" role=\"listitem\"><span class=\"is--medium\">Fonction nettoyage :<\/span> Oui\t\t\t\t\t<\/li>\n<li class=\"product-features__item-list__item\" role=\"listitem\"><span class=\"is--medium\">El\u00e9ments compatibles lave-vaisselle :<\/span> Oui\t\t\t\t\t<\/li>\n<li class=\"product-features__item-list__item\" role=\"listitem\"><span class=\"is--medium\">Lames amovibles :<\/span> Oui\t\t\t\t\t<\/li>\n<li class=\"product-features__item-list__item\" role=\"listitem\"><span class=\"is--medium\">Syst\u00e8me de verrouillage :<\/span> Le blender d\u00e9marre uniquement quand le bol est verrouill\u00e9\t\t\t\t\t<\/li>\n<li class=\"product-features__item-list__item\" role=\"listitem\"><span class=\"is--medium\">Pieds antid\u00e9rapants :<\/span> Oui\t\t\t\t\t<\/li>\n<li class=\"product-features__item-list__item\" role=\"listitem\"><span class=\"is--medium\">Sans Bisph\u00e9nol A :<\/span> Oui\t\t\t\t\t<\/li>\n<\/ul>\n<\/li>\n<li class=\"product-features__item\" role=\"listitem\">\n<h3 class=\"product-features__label\">Dimensions<\/h3>\n<ul role=\"list\">\n<li class=\"product-features__item-list__item\" role=\"listitem\"><span class=\"is--medium\">Dimensions l x h x p :<\/span> 16.5 x 40.5 x 16.5 cm\t\t\t\t\t<\/li>\n<li class=\"product-features__item-list__item\" role=\"listitem\"><span class=\"is--medium\">Poids Net :<\/span> 5,35 Kg\t\t\t\t\t<\/li>\n<\/ul>\n<\/li>\n<li class=\"product-features__item\" role=\"listitem\">\n<h3 class=\"product-features__label\">Informations compl\u00e9mentaires<\/h3>\n<ul role=\"list\">\n<li class=\"product-features__item-list__item\" role=\"listitem\"><span class=\"is--medium\">Fabriqu\u00e9 en :<\/span> Chine\t\t\t\t\t<\/li>\n<li class=\"product-features__item-list__item\" role=\"listitem\"><span class=\"is--medium\">Garantie :<\/span> 2 ans\t\t\t\t\t<\/li>\n<li class=\"product-features__item-list__item\" role=\"listitem\"><span class=\"is--medium\">Disponibilit\u00e9 des pi\u00e8ces d\u00e9tach\u00e9es (donn\u00e9es fournisseur) :<\/span> Pendant 30 ans, \u00e0 compter de la date d&rsquo;achat\t\t\t\t\t<\/li>\n<li class=\"product-features__item-list__item\" role=\"listitem\"><span class=\"is--medium\">R\u00e9f\u00e9rence constructeur :<\/span> Power 4 rouge 11629\t\t\t\t\t<\/li>\n<li class=\"product-features__item-list__item\" role=\"listitem\"><span class=\"is--medium\">Marque :<\/span> MAGIMIX\t\t\t\t\t<\/li>\n<\/ul>\n<\/li>\n<\/ul>\n<\/div>\n<div class=\"product__disclosure-content\">\n<div class=\"js-read-more product-description__content read-more read-more--truncated\" data-read-more-name=\"description\" style=\"max-height: 500px; overflow: hidden;\">\n<p>Mettez toute la puissance de Magimix au service de votre cuisine avec le Power Blender 1169.<\/p>\n<h3><img fetchpriority=\"high\" decoding=\"async\" ,=\"\" alt=\"Blender MAGIMIX 1169 Power blender rouge\" class=\"wy_tableau_gauche\" height=\"270\" src=\"https:\/\/boulanger.scene7.com\/is\/image\/Boulanger\/3519280116297_h_f_l_0?wid=400&amp;hei=270\" width=\"400\"\/>Un appareil performant<\/h3>\n<p><b>Faites le plein de vitamines avec votre Power Blender 1169<\/b> de Magimix. Avec les quatre programmes automatiques pens\u00e9s par Magimix, r\u00e9alisez de savoureux smoothies, soupes, cocktails, milkshakes et desserts glac\u00e9s en un clin d&rsquo;oeil. <b>Sublimez vos fruits et l\u00e9gumes frais gr\u00e2ce \u00e0 ses diff\u00e9rentes vitesses allant jusqu&rsquo;\u00e0 22,000 tours par minute<\/b>. C&rsquo;est l&rsquo;appareil id\u00e9al pour de d\u00e9licieuses pr\u00e9parations pleines de vitamines au quotidien !<\/p>\n<p>Le mode manuel de votre Power Blender 1169 vous permet de r\u00e9gler la vitesse de l&rsquo;appareil vous-m\u00eame, pour r\u00e9aliser toutes les pr\u00e9parations que vous souhaitez. Cette fonction, associ\u00e9e au bol gradu\u00e9 en verre de l&rsquo;appareil, est <b>id\u00e9ale pour les p\u00e2tes \u00e0 cr\u00eapes, les soupes et toutes vos cr\u00e9ations culinaires<\/b>. Avec une <b>capacit\u00e9 d&rsquo;1,8 litre<\/b>, le Power Blender 1169 est l&rsquo;appareil parfait pour r\u00e9galer toute votre famille et votre entourage.<\/p>\n<h3><img decoding=\"async\" ,=\"\" alt=\"Blender MAGIMIX 1169 Power blender rouge\" class=\"wy_tableau_right\" height=\"270\" src=\"https:\/\/boulanger.scene7.com\/is\/image\/Boulanger\/3519280116297_h_f_l_1?wid=400&amp;hei=270\" width=\"400\"\/>Une utilisation intuitive<\/h3>\n<p>C\u00f4t\u00e9 design, les \u00e9quipes de Magimix ont con\u00e7u le Power Blender 1169 pour en faire <b>un objet compact et \u00e9l\u00e9gant, mais aussi un appareil facile \u00e0 utiliser<\/b> gr\u00e2ce \u00e0 son bouton rotatif. Avec le Power Blender 1169, <b>Magimix a pens\u00e9 \u00e0 tout<\/b> : profitez d&rsquo;un livret de plus de 85 recettes saines et originales, ainsi que de conseils nutrition sp\u00e9cialis\u00e9s !<\/p>\n<p>Pens\u00e9 pour le quotidien, le Power Blender 1169 d\u00e9livre une puissance de 1300 watts pour des <b>performances rapides et durables<\/b>. Sa <b>fonction rin\u00e7age pr\u00e9programm\u00e9e<\/b> en fait un appareil intuitif, pr\u00eat \u00e0 vous rendre service jour apr\u00e8s jour. Con\u00e7u pour vous accompagner jour apr\u00e8s jour et pour longtemps, le Power Blender 1169 est dot\u00e9 d&rsquo;un <b>bol en verre ultra-r\u00e9sistant et lavable au lave-vaisselle<\/b> pour un entretien simple.<\/p>\n<\/p>\n<\/div>\n<p><bl-button a11yexpanded=\"false\" arialabel=\"Afficher toute la description\" class=\"read-more__btn\" full=\"false\" link=\"true\">Voir plus<\/bl-button><\/div>","protected":false},"excerpt":{"rendered":"<div class=\"keypoints\">\n<h3 class=\"keypoints__title\">Les points cl\u00e9s<\/h3>\n<ul role=\"list\">\n<li class=\"keypoints__item\" role=\"listitem\">                          Capacit\u00e9 totale : 2,50 L &#8211;                                        Capacit\u00e9 de pr\u00e9paration : 1,80 L &#8211;                                                      Mati\u00e8re du bol : Verre thermoresist                      <\/li>\n<li class=\"keypoints__item\" role=\"listitem\">                          1.300 W &#8211;                                                      Nombre de tours minutes maxi : 22.000 tr\/mn                      <\/li>\n<li class=\"keypoints__item\" role=\"listitem\">                          Smoothie &#8211;                                        Glace pil\u00e9e &#8211;                                                      Soupe                      <\/li>\n<li class=\"keypoints__item\" role=\"listitem\">                          Fonction nettoyage &#8211;                                        Lames amovibles &#8211;                                                      El\u00e9ments compatibles lave-vaisselle                      <\/li>\n<li class=\"keypoints__item keypoints__item--advantage\" role=\"listitem\"><strong>Le + :<\/strong> Smoothies, glace pil\u00e9e, soupe, glaces, nettoyage automatique. Spatule et livre de recettes      <\/li>\n<\/ul>","protected":false},"featured_media":80098,"template":"","meta":{"_glsr_average":0,"_glsr_ranking":0,"_glsr_reviews":0},"product_cat":[431],"product_tag":[432,230],"class_list":{"0":"post-80099","1":"product","2":"type-product","3":"status-publish","4":"has-post-thumbnail","6":"product_cat-blender","7":"product_tag-blender","8":"product_tag-cuisine-et-cuisson","10":"first","11":"instock","12":"sale","13":"shipping-taxable","14":"purchasable","15":"product-type-simple"},"_links":{"self":[{"href":"https:\/\/electromenagerexpress.com\/en\/wp-json\/wp\/v2\/product\/80099","targetHints":{"allow":["GET"]}}],"collection":[{"href":"https:\/\/electromenagerexpress.com\/en\/wp-json\/wp\/v2\/product"}],"about":[{"href":"https:\/\/electromenagerexpress.com\/en\/wp-json\/wp\/v2\/types\/product"}],"wp:featuredmedia":[{"embeddable":true,"href":"https:\/\/electromenagerexpress.com\/en\/wp-json\/wp\/v2\/media\/80098"}],"wp:attachment":[{"href":"https:\/\/electromenagerexpress.com\/en\/wp-json\/wp\/v2\/media?parent=80099"}],"wp:term":[{"taxonomy":"product_cat","embeddable":true,"href":"https:\/\/electromenagerexpress.com\/en\/wp-json\/wp\/v2\/product_cat?post=80099"},{"taxonomy":"product_tag","embeddable":true,"href":"https:\/\/electromenagerexpress.com\/en\/wp-json\/wp\/v2\/product_tag?post=80099"}],"curies":[{"name":"wp","href":"https:\/\/api.w.org\/{rel}","templated":true}]}}