{"id":79991,"date":"2024-11-24T14:57:39","date_gmt":"2024-11-24T14:57:39","guid":{"rendered":"https:\/\/electromenagerexpress.com\/product\/centrale-vapeurphilipsgc9642-60-perfect-care-elite\/"},"modified":"2024-11-25T09:21:50","modified_gmt":"2024-11-25T09:21:50","slug":"centrale-vapeurphilipsgc9642-60-perfect-care-elite","status":"publish","type":"product","link":"https:\/\/electromenagerexpress.com\/en\/product\/centrale-vapeurphilipsgc9642-60-perfect-care-elite\/","title":{"rendered":"Centrale vapeur PHILIPS\tGC9642\/60 Perfect Care Elite"},"content":{"rendered":"<div class=\"product-features__content\">\n<h3 class=\"product-features__label\">\u00a0 \u00a0 \u00a0 \u00a0 \u00a0 Vapeur<\/h3>\n<ul role=\"list\">\n<li style=\"list-style-type: none;\">\n<ul role=\"list\">\n<li class=\"product-features__item-list__item\" role=\"listitem\"><span class=\"is--medium\">Pression :<\/span> 7,2 bars<\/li>\n<li class=\"product-features__item-list__item\" role=\"listitem\"><span class=\"is--medium\">D\u00e9bit vapeur :<\/span> 135 g\/min<\/li>\n<li class=\"product-features__item-list__item\" role=\"listitem\"><span class=\"is--medium\">\u00c0 quoi sert le d\u00e9bit vapeur :<\/span> gr\u00e2ce \u00e0 la vapeur les fibres du linge se d\u00e9tendent, et plus il y a de vapeur, plus le repassage est efficace, facile et rapide<\/li>\n<li class=\"product-features__item-list__item\" role=\"listitem\"><span class=\"is--medium\">Surplus d\u00e9bit vapeur :<\/span> 440 g\/min<\/li>\n<li class=\"product-features__item-list__item\" role=\"listitem\"><span class=\"is--medium\">\u00c0 quoi sert le surplus d\u00e9bit vapeur :<\/span> appel\u00e9 \u00ab\u00a0effet pressing\u00a0\u00bb, la quantit\u00e9 de vapeur est plus importante, ce qui permet de chasser plus facilement les plis sur des tissus \u00e9pais (jean, velours).<\/li>\n<li class=\"product-features__item-list__item\" role=\"listitem\"><span class=\"is--medium\">D\u00e9froissage vertical :<\/span> Oui<\/li>\n<li class=\"product-features__item-list__item\" role=\"listitem\"><span class=\"is--medium\">\u00c0 quoi sert le d\u00e9froissage vertical :<\/span> utiliser le fer de votre centrale en d\u00e9froissage vertical sur les v\u00eatements d\u00e9licats, peu froiss\u00e9s et les tissus de type rideau ou voilage<\/li>\n<li class=\"product-features__item-list__item\" role=\"listitem\"><span class=\"is--medium\">Thermostat :<\/span> r\u00e9glage automatique<\/li>\n<li class=\"product-features__item-list__item\" role=\"listitem\"><span class=\"is--medium\">T\u00e9moin de vapeur pr\u00eate :<\/span> Oui<\/li>\n<li class=\"product-features__item-list__item\" role=\"listitem\"><span class=\"is--medium\">Temps de chauffe :<\/span> 1,00 mn<br \/>\n<h3 class=\"product-features__label\">Fer<\/h3>\n<ul role=\"list\">\n<li class=\"product-features__item-list__item\" role=\"listitem\"><span class=\"is--medium\">Type de fer :<\/span> Classique<\/li>\n<li class=\"product-features__item-list__item\" role=\"listitem\"><span class=\"is--medium\">Puissance :<\/span> 2.400 W<\/li>\n<li class=\"product-features__item-list__item\" role=\"listitem\"><span class=\"is--medium\">Type de semelle :<\/span> T-ionicGlide<\/li>\n<li class=\"product-features__item-list__item\" role=\"listitem\"><span class=\"is--medium\">Le saviez-vous ? :<\/span> La semelle T-ionicGlide est la plus haut-de-gamme de Philips. Sa forme et ses trous permettent une r\u00e9partition uniforme de la vapeur, pour \u00e9liminer facilement les faux plis. Elle est une nouvelle r\u00e9f\u00e9rence en mati\u00e8re de glisse et de r\u00e9sistance aux rayures pour les fers OptimalTemp.<\/li>\n<li class=\"product-features__item-list__item\" role=\"listitem\"><span class=\"is--medium\">Repose fer :<\/span> Inclin\u00e9<\/li>\n<li class=\"product-features__item-list__item\" role=\"listitem\"><span class=\"is--medium\">Longueur du cordon vapeur :<\/span> 1,70 m<br \/>\n<h3 class=\"product-features__label\">Traitement anti-calcaire<\/h3>\n<ul role=\"list\">\n<li class=\"product-features__item-list__item\" role=\"listitem\"><span class=\"is--medium\">Le saviez-vous ? :<\/span> Le calcaire risque d&rsquo;obstruer les conduits d&rsquo;\u00e9vacuation de la vapeur et donc de r\u00e9duire son efficacit\u00e9 mais aussi la dur\u00e9e de vie de votre centrale. Il est donc primordial de d\u00e9trarter votre centrale ainsi que le semelle r\u00e9guli\u00e8rement<\/li>\n<li class=\"product-features__item-list__item\" role=\"listitem\"><span class=\"is--medium\">Syst\u00e8me anti-calcaire :<\/span> Oui<\/li>\n<li class=\"product-features__item-list__item\" role=\"listitem\"><span class=\"is--medium\">Cartouche anti-calcaire :<\/span> Non<\/li>\n<li class=\"product-features__item-list__item\" role=\"listitem\"><span class=\"is--medium\">T\u00e9moin d&rsquo;alerte d\u00e9tartrage :<\/span> oui, permet d&rsquo;alerter sur un entretien \u00e0 r\u00e9aliser, reportez-vous \u00e0 la notice de votre appareil en suivant les indications de nettoyage<\/li>\n<li class=\"product-features__item-list__item\" role=\"listitem\"><span class=\"is--medium\">Fonction anti-calcaire automatique :<\/span> Oui<\/li>\n<li class=\"product-features__item-list__item\" role=\"listitem\"><span class=\"is--medium\">Eaux accept\u00e9es :<\/span> Robinet<br \/>\n<h3 class=\"product-features__label\">R\u00e9servoir<\/h3>\n<ul role=\"list\">\n<li class=\"product-features__item-list__item\" role=\"listitem\"><span class=\"is--medium\">R\u00e9servoir amovible : :<\/span> remplissez votre r\u00e9servoir \u00e0 tout moment pour une autonomie illimit\u00e9e durant vos s\u00e9ances de repassage<\/li>\n<li class=\"product-features__item-list__item\" role=\"listitem\"><span class=\"is--medium\">R\u00e9servoir :<\/span> 1,80 L<\/li>\n<li class=\"product-features__item-list__item\" role=\"listitem\"><span class=\"is--medium\">Capacit\u00e9 de r\u00e9servoir :<\/span> Capacit\u00e9 \u00e9lev\u00e9e (de 1,5L \u00e0 2L)<\/li>\n<li class=\"product-features__item-list__item\" role=\"listitem\"><span class=\"is--medium\">R\u00e9servoir amovible :<\/span> Oui<\/li>\n<li class=\"product-features__item-list__item\" role=\"listitem\"><span class=\"is--medium\">Affichage du niveau d&rsquo;eau :<\/span> oui, permet de v\u00e9rifier si l&rsquo;eau de votre r\u00e9servoir suffit pour la quantit\u00e9 de linge \u00e0 repasser<br \/>\n<h3 class=\"product-features__label\">S\u00e9curit\u00e9<\/h3>\n<ul role=\"list\">\n<li class=\"product-features__item-list__item\" role=\"listitem\"><span class=\"is--medium\">Arr\u00eat automatique :<\/span> 8 mn<\/li>\n<li class=\"product-features__item-list__item\" role=\"listitem\"><span class=\"is--medium\">\u00c0 quoi sert l&rsquo;arr\u00eat automatique :<\/span> pour plus de s\u00e9curit\u00e9, en cas de non utilisation du fer, la centrale vapeur s&rsquo;arr\u00eatera automatiquement<\/li>\n<li class=\"product-features__item-list__item\" role=\"listitem\"><span class=\"is--medium\">Syst\u00e8me de verrouillage :<\/span> oui, permet de fixer le fer \u00e0 sa base afin d&rsquo;\u00e9viter qu&rsquo;il ne glisse ou qu&rsquo;une personne ne touche la semelle chaude<\/li>\n<li class=\"product-features__item-list__item\" role=\"listitem\"><span class=\"is--medium\">T\u00e9moin lumineux de mise sous tension :<\/span> Oui<\/li>\n<\/ul>\n<\/li>\n<\/ul>\n<\/li>\n<\/ul>\n<\/li>\n<\/ul>\n<\/li>\n<\/ul>\n<ul role=\"list\">\n<li class=\"product-features__item-list__item\" role=\"listitem\">\n<h3 class=\"product-features__label\">\u00a0 \u00a0 \u00a0Dimensions<\/h3>\n<ul role=\"list\">\n<li class=\"product-features__item-list__item\" role=\"listitem\"><span class=\"is--medium\">Dimensions l x h x p :<\/span> 23.3 x 28.5 x 45.3 cm<\/li>\n<li class=\"product-features__item-list__item\" role=\"listitem\"><span class=\"is--medium\">Poids\u00a0net :<\/span> 5,10 Kg<br \/>\n<h3 class=\"product-features__label\">Informations et Services<\/h3>\n<ul role=\"list\">\n<li class=\"product-features__item-list__item\" role=\"listitem\"><span class=\"is--medium\">Disponibilit\u00e9 des pi\u00e8ces d\u00e9tach\u00e9es :<\/span> Pendant 4 ans<\/li>\n<\/ul>\n<\/li>\n<\/ul>\n<\/li>\n<\/ul>\n<\/li>\n<\/ul>\n<\/div>\n<div class=\"product__disclosure-content\">\n<div class=\"js-read-more product-description__content read-more read-more--truncated\" style=\"max-height: 500px; overflow: hidden;\" data-read-more-name=\"description\">\n<p><b>Vapeur d&rsquo;une puissance in\u00e9gal\u00e9e<\/b> La chambre \u00e0 vapeur innovante produit une vapeur ultra-puissante qui p\u00e9n\u00e8tre au coeur des fibres, pour un repassage plus rapide et plus efficace. La puissance de la vapeur est r\u00e9glable en fonction de vos besoins.<\/p>\n<p><b>Technologie Silence<\/b>Repassez au milieu de votre famille ou en regardant la t\u00e9l\u00e9vision sans \u00eatre d\u00e9rang\u00e9 par le bruit de la vapeur. La technologie Silence permet une production de vapeur puissante et silencieuse. Votre centrale vapeur est \u00e9quip\u00e9e de filtres vapeur silencieux qui r\u00e9duisent le bruit de la production de vapeur, ainsi que d&rsquo;une plate-forme absorbant le son de la pompe situ\u00e9e dans la base.<\/p>\n<p><b>Technologie OptimalTemp<\/b> Vous pouvez d\u00e9sormais repasser vos jeans comme vos v\u00eatements en soie sans r\u00e9gler la temp\u00e9rature. Aucun risque de br\u00fblure sur tous vos v\u00eatements repassables. Technologie r\u00e9volutionnaire avec 1) processeur Smart Control qui contr\u00f4le la temp\u00e9rature de la semelle avec pr\u00e9cision ; 2) g\u00e9n\u00e9rateur vapeur cyclonique multi-chambre ultra-puissant pour une production plus puissante et r\u00e9guli\u00e8re de vapeur, ainsi qu&rsquo;un fer ultra-l\u00e9ger, pour un repassage plus facile et rapide.<\/p>\n<p><b>Support de s\u00fbret\u00e9<\/b> Gr\u00e2ce \u00e0 la technologie innovante OptimalTemp de Philips, aucun tissu repassable ne br\u00fble. Inutile de replacer le fer sur la base lorsque vous repassez. Vous pouvez poser la semelle chaude directement sur les v\u00eatements ou sur la housse en coton de la table \u00e0 repasser, et ce sans accessoire suppl\u00e9mentaire. Il n&rsquo;endommagera ni vos v\u00eatements repassables, ni la table. Ainsi, le repassage est plus simple et sollicite moins les poignets.<\/p>\n<p><b>Test\u00e9 et approuv\u00e9<\/b> Ce fer \u00e0 repasser a \u00e9t\u00e9 test\u00e9 et approuv\u00e9 par des instituts ind\u00e9pendants d&rsquo;experts en textile (DWI, IWTO, Woolmark) qui ont confirm\u00e9 ses excellentes performances de repassage. Le programme Woolmark Apparel Care permet aux consommateurs d&rsquo;identifier les produits de soin du linge approuv\u00e9s par The Woolmark Company pour une utilisation sur de la laine. Gr\u00e2ce \u00e0 sa technologie exclusive OptimalTemp, Philips est \u00e0 ce jour la seule marque ayant re\u00e7u la certification Gold de Woolmark. Vous pouvez \u00eatre certain que les produits de soin du linge approuv\u00e9s par Woolmark sont parfaitement adapt\u00e9s aux v\u00eatements en laine.<\/p>\n<p><b>Jusqu&rsquo;\u00e0 7,2 bars de pression<\/b> Plus il y a de vapeur, plus le repassage est rapide. La vapeur puissante qui est g\u00e9n\u00e9r\u00e9e p\u00e9n\u00e8tre en profondeur dans le tissu, pour un repassage plus rapide et plus efficace. La puissance de la vapeur est r\u00e9glable en fonction de vos besoins.<\/p>\n<p><b>Manipulation confortable<\/b> L\u00e9ger et d&rsquo;une manipulation confortable, le fer de votre centrale vapeur a un poids id\u00e9al. Il glisse facilement sur vos v\u00eatements, \u00e9liminant les faux plis les plus tenaces en un rien de temps, tout en m\u00e9nageant votre poignet. Il rend en outre le d\u00e9froissage vertical tr\u00e8s facile et efficace. Vous pouvez d\u00e9sormais \u00e9liminer confortablement et efficacement \u00e0 la verticale les faux plis de vos v\u00eatements fragiles, qu&rsquo;il s&rsquo;agisse de vestes, de robes ou m\u00eame de v\u00eatements difficiles \u00e0 repasser en raison de plissages, ornements, boutons, etc.<\/p>\n<p><b>Easy De-Calc Plus<\/b> Une production durable de vapeur : la fonction exclusive Philips Easy De-Calc Plus est id\u00e9ale pour traiter l&rsquo;eau calcaire et prolonger la dur\u00e9e de vie de votre centrale vapeur. Le voyant et le signal sonore Easy De-Calc vous indiquent quand il est temps de proc\u00e9der au d\u00e9tartrage. Il vous suffit alors d&rsquo;ouvrir le bouchon Easy De-Calc une fois votre appareil refroidi, de recueillir l&rsquo;eau contenant le calcaire et les salet\u00e9s dans une tasse, puis de replacer le bouchon. Votre appareil est pr\u00eat \u00e0 l&#8217;emploi.<\/p>\n<\/div>\n<p>&nbsp;<\/p>\n<\/div>","protected":false},"excerpt":{"rendered":"<div class=\"keypoints\">\n<h3 class=\"keypoints__title\">Les points cl\u00e9s<\/h3>\n<ul role=\"list\">\n<li class=\"keypoints__item\" role=\"listitem\">D\u00e9bit vapeur : 135 g\/min &#8211; Surplus d\u00e9bit vapeur : 440 g\/min<\/li>\n<li class=\"keypoints__item\" role=\"listitem\">Thermostat : r\u00e9glage automatique &#8211; Temps de chauffe : 1,00 mn<\/li>\n<li class=\"keypoints__item\" role=\"listitem\">R\u00e9servoir : 1,80 L &#8211; R\u00e9servoir amovible<\/li>\n<li class=\"keypoints__item\" role=\"listitem\">Pression : 7,2 bars &#8211; Arr\u00eat automatique : 8 mn<\/li>\n<li class=\"keypoints__item keypoints__item--advantage\" role=\"listitem\"><strong>Le + :<\/strong> Technologie OptimalTemp: r\u00e9glage automatique de la temp\u00e9rature sans risque de br\u00fblure<\/li>\n<\/ul>\n<\/div>","protected":false},"featured_media":79990,"template":"","meta":{"_glsr_average":0,"_glsr_ranking":0,"_glsr_reviews":0},"product_cat":[425],"product_tag":[426,153,154],"class_list":{"0":"post-79991","1":"product","2":"type-product","3":"status-publish","4":"has-post-thumbnail","6":"product_cat-centrale-vapeur","7":"product_tag-centrale-vapeur","8":"product_tag-maison-entretien","9":"product_tag-repassage","11":"first","12":"instock","13":"sale","14":"shipping-taxable","15":"purchasable","16":"product-type-simple"},"_links":{"self":[{"href":"https:\/\/electromenagerexpress.com\/en\/wp-json\/wp\/v2\/product\/79991","targetHints":{"allow":["GET"]}}],"collection":[{"href":"https:\/\/electromenagerexpress.com\/en\/wp-json\/wp\/v2\/product"}],"about":[{"href":"https:\/\/electromenagerexpress.com\/en\/wp-json\/wp\/v2\/types\/product"}],"wp:featuredmedia":[{"embeddable":true,"href":"https:\/\/electromenagerexpress.com\/en\/wp-json\/wp\/v2\/media\/79990"}],"wp:attachment":[{"href":"https:\/\/electromenagerexpress.com\/en\/wp-json\/wp\/v2\/media?parent=79991"}],"wp:term":[{"taxonomy":"product_cat","embeddable":true,"href":"https:\/\/electromenagerexpress.com\/en\/wp-json\/wp\/v2\/product_cat?post=79991"},{"taxonomy":"product_tag","embeddable":true,"href":"https:\/\/electromenagerexpress.com\/en\/wp-json\/wp\/v2\/product_tag?post=79991"}],"curies":[{"name":"wp","href":"https:\/\/api.w.org\/{rel}","templated":true}]}}