{"id":79937,"date":"2024-11-24T14:56:53","date_gmt":"2024-11-24T14:56:53","guid":{"rendered":"https:\/\/electromenagerexpress.com\/product\/etendoir-a-lingevendos85aq1218\/"},"modified":"2024-11-24T14:56:54","modified_gmt":"2024-11-24T14:56:54","slug":"etendoir-a-lingevendos85aq1218","status":"publish","type":"product","link":"https:\/\/electromenagerexpress.com\/en\/product\/etendoir-a-lingevendos85aq1218\/","title":{"rendered":"Etendoir \u00e0 linge\t\t\t\t\t\t\tVENDOS85\t\t\t\tAQ1218"},"content":{"rendered":"<div class=\"product-features__content\">\n<ul role=\"list\">\n<li class=\"product-features__item\" role=\"listitem\">\n<h3 class=\"product-features__label\">Informations g\u00e9n\u00e9rales<\/h3>\n<ul role=\"list\">\n<li class=\"product-features__item-list__item\" role=\"listitem\"><span class=\"is--medium\">Type de produit :<\/span> S\u00e9choir\t\t\t\t\t<\/li>\n<li class=\"product-features__item-list__item\" role=\"listitem\"><span class=\"is--medium\">Nombre de pi\u00e8ces :<\/span> 1\t\t\t\t\t<\/li>\n<li class=\"product-features__item-list__item\" role=\"listitem\"><span class=\"is--medium\">Coloris :<\/span> Multicolore\t\t\t\t\t<\/li>\n<li class=\"product-features__item-list__item\" role=\"listitem\"><span class=\"is--medium\">Description :<\/span> S\u00e8che-Linge \u00e9lectrique Portable Multifonction pour Appartements\t\t\t\t\t<\/li>\n<\/ul>\n<\/li>\n<li class=\"product-features__item\" role=\"listitem\">\n<h3 class=\"product-features__label\">Pr\u00e9cautions d&rsquo;utilisation du produit<\/h3>\n<ul role=\"list\">\n<li class=\"product-features__item-list__item\" role=\"listitem\"><span class=\"is--medium\">Conseil de s\u00e9curit\u00e9 :<\/span> Produit non concern\u00e9\t\t\t\t\t<\/li>\n<li class=\"product-features__item-list__item\" role=\"listitem\"><span class=\"is--medium\">Conseil pour les produits Biocides :<\/span> Non concern\u00e9\t\t\t\t\t<\/li>\n<\/ul>\n<\/li>\n<li class=\"product-features__item\" role=\"listitem\">\n<h3 class=\"product-features__label\">Informations et Services<\/h3>\n<ul role=\"list\">\n<li class=\"product-features__item-list__item\" role=\"listitem\"><span class=\"is--medium\">Fabriqu\u00e9 en :<\/span> Chine\t\t\t\t\t<\/li>\n<li class=\"product-features__item-list__item\" role=\"listitem\"><span class=\"is--medium\">Disponibilit\u00e9 des pi\u00e8ces d\u00e9tach\u00e9es :<\/span> Non communiqu\u00e9e\t\t\t\t\t<\/li>\n<li class=\"product-features__item-list__item\" role=\"listitem\"><span class=\"is--medium\">Marque :<\/span> VENDOS85\t\t\t\t\t<\/li>\n<li class=\"product-features__item-list__item\" role=\"listitem\"><span class=\"is--medium\">R\u00e9f\u00e9rence constructeur :<\/span> AQ1218\t\t\t\t\t<\/li>\n<\/ul>\n<\/li>\n<\/ul>\n<\/div>\n<div class=\"product__disclosure-content\">\n<div class=\"js-read-more product-description__content\" data-read-more-name=\"description\" style=\"max-height: 500px; overflow: hidden;\">\n<p>S\u00e9choir portable multifonctionnel, structure compacte, vous pouvez r\u00e9soudre le probl\u00e8me que vous voulez laver et s\u00e9cher et l&rsquo;espace de stockage.Notre s\u00e9choir portable intelligent est dot\u00e9 d&rsquo;une fonction de minuterie qui vous permet de faire d&rsquo;autres choses.S\u00e9choir portable multifonctionnel, ayant la fonction de s\u00e9chage, de st\u00e9rilisation, d&rsquo;air chaud, c&rsquo;est le meilleur s\u00e9choir portable.Le s\u00e9choir portable est un choix parfait pour la maison, les appartements, les v\u00e9hicules de loisirs, le camping et les dortoirs d&rsquo;\u00e9tudiants.<\/p>\n<\/div>\n<\/div>","protected":false},"excerpt":{"rendered":"<div class=\"keypoints\">\n<h3 class=\"keypoints__title\">Les points cl\u00e9s<\/h3>\n<ul role=\"list\">\n<li class=\"keypoints__item\" role=\"listitem\">                                        Type de produit : S\u00e9choir                      <\/li>\n<li class=\"keypoints__item\" role=\"listitem\">                                        Nombre de pi\u00e8ces : 1                      <\/li>\n<li class=\"keypoints__item\" role=\"listitem\">                                        Usage : Etendre son linge                      <\/li>\n<\/ul>","protected":false},"featured_media":79936,"template":"","meta":{"_glsr_average":0,"_glsr_ranking":0,"_glsr_reviews":0},"product_cat":[429],"product_tag":[430,153],"class_list":{"0":"post-79937","1":"product","2":"type-product","3":"status-publish","4":"has-post-thumbnail","6":"product_cat-accessoire-repassage","7":"product_tag-accessoire-repassage","8":"product_tag-maison-entretien","10":"first","11":"instock","12":"sale","13":"shipping-taxable","14":"purchasable","15":"product-type-simple"},"_links":{"self":[{"href":"https:\/\/electromenagerexpress.com\/en\/wp-json\/wp\/v2\/product\/79937","targetHints":{"allow":["GET"]}}],"collection":[{"href":"https:\/\/electromenagerexpress.com\/en\/wp-json\/wp\/v2\/product"}],"about":[{"href":"https:\/\/electromenagerexpress.com\/en\/wp-json\/wp\/v2\/types\/product"}],"wp:featuredmedia":[{"embeddable":true,"href":"https:\/\/electromenagerexpress.com\/en\/wp-json\/wp\/v2\/media\/79936"}],"wp:attachment":[{"href":"https:\/\/electromenagerexpress.com\/en\/wp-json\/wp\/v2\/media?parent=79937"}],"wp:term":[{"taxonomy":"product_cat","embeddable":true,"href":"https:\/\/electromenagerexpress.com\/en\/wp-json\/wp\/v2\/product_cat?post=79937"},{"taxonomy":"product_tag","embeddable":true,"href":"https:\/\/electromenagerexpress.com\/en\/wp-json\/wp\/v2\/product_tag?post=79937"}],"curies":[{"name":"wp","href":"https:\/\/api.w.org\/{rel}","templated":true}]}}