{"id":79933,"date":"2024-11-24T14:56:50","date_gmt":"2024-11-24T14:56:50","guid":{"rendered":"https:\/\/electromenagerexpress.com\/product\/centrale-vapeurcalorgv9810c0-pro-express-vision\/"},"modified":"2024-11-25T12:37:51","modified_gmt":"2024-11-25T12:37:51","slug":"centrale-vapeurcalorgv9810c0-pro-express-vision","status":"publish","type":"product","link":"https:\/\/electromenagerexpress.com\/en\/product\/centrale-vapeurcalorgv9810c0-pro-express-vision\/","title":{"rendered":"Centrale vapeur CALOR\tGV9810C0 Pro Express Vision"},"content":{"rendered":"<div class=\"product-features__content\">\n<h3 class=\"product-features__label\">\u00a0 \u00a0 \u00a0 \u00a0 \u00a0Vapeur<\/h3>\n<ul role=\"list\">\n<li style=\"list-style-type: none;\">\n<ul role=\"list\">\n<li class=\"product-features__item-list__item\" role=\"listitem\"><span class=\"is--medium\">Pression :<\/span> 8,3 bars<\/li>\n<li class=\"product-features__item-list__item\" role=\"listitem\"><span class=\"is--medium\">D\u00e9bit vapeur :<\/span> 180 g\/min<\/li>\n<li class=\"product-features__item-list__item\" role=\"listitem\"><span class=\"is--medium\">\u00c0 quoi sert le d\u00e9bit vapeur :<\/span> gr\u00e2ce \u00e0 la vapeur les fibres du linge se d\u00e9tendent, et plus il y a de vapeur, plus le repassage est efficace, facile et rapide<\/li>\n<li class=\"product-features__item-list__item\" role=\"listitem\"><span class=\"is--medium\">Surplus d\u00e9bit vapeur :<\/span> 680 g\/min<\/li>\n<li class=\"product-features__item-list__item\" role=\"listitem\"><span class=\"is--medium\">\u00c0 quoi sert le surplus d\u00e9bit vapeur :<\/span> appel\u00e9 \u00ab\u00a0effet pressing\u00a0\u00bb, la quantit\u00e9 de vapeur est plus importante, ce qui permet de chasser plus facilement les plis sur des tissus \u00e9pais (jean, velours).<\/li>\n<li class=\"product-features__item-list__item\" role=\"listitem\"><span class=\"is--medium\">D\u00e9froissage vertical :<\/span> Oui<\/li>\n<li class=\"product-features__item-list__item\" role=\"listitem\"><span class=\"is--medium\">\u00c0 quoi sert le d\u00e9froissage vertical :<\/span> utiliser le fer de votre centrale en d\u00e9froissage vertical sur les v\u00eatements d\u00e9licats, peu froiss\u00e9s et les tissus de type rideau ou voilage<\/li>\n<li class=\"product-features__item-list__item\" role=\"listitem\"><span class=\"is--medium\">Spray :<\/span> Non<\/li>\n<li class=\"product-features__item-list__item\" role=\"listitem\"><span class=\"is--medium\">Thermostat :<\/span> r\u00e9glage manuel<\/li>\n<li class=\"product-features__item-list__item\" role=\"listitem\"><span class=\"is--medium\">T\u00e9moin de vapeur pr\u00eate :<\/span> Oui<\/li>\n<li class=\"product-features__item-list__item\" role=\"listitem\"><span class=\"is--medium\">Temps de chauffe :<\/span> 2,00 mn<br \/>\n<h3 class=\"product-features__label\">Fer<\/h3>\n<ul role=\"list\">\n<li class=\"product-features__item-list__item\" role=\"listitem\"><span class=\"is--medium\">Type de fer :<\/span> Classique<\/li>\n<li class=\"product-features__item-list__item\" role=\"listitem\"><span class=\"is--medium\">Puissance :<\/span> 3.000 W<\/li>\n<li class=\"product-features__item-list__item\" role=\"listitem\"><span class=\"is--medium\">Type de semelle :<\/span> Durilium Airglide Autoclean<\/li>\n<li class=\"product-features__item-list__item\" role=\"listitem\"><span class=\"is--medium\">Le saviez-vous ? :<\/span> La technologie Durilium Airglide Autoclean offre une glisse optimale sur les tissus pour garantir un repassage rapide et facile. Le rev\u00eatement Autoclean permet de conserver une semelle en bon \u00e9tat et un d\u00e9bit de vapeur puissant<\/li>\n<li class=\"product-features__item-list__item\" role=\"listitem\"><span class=\"is--medium\">Repose fer :<\/span> Classique<\/li>\n<li class=\"product-features__item-list__item\" role=\"listitem\"><span class=\"is--medium\">Syst\u00e8me anti-gouttes :<\/span> Oui<br \/>\n<h3 class=\"product-features__label\">Traitement anti-calcaire<\/h3>\n<ul role=\"list\">\n<li class=\"product-features__item-list__item\" role=\"listitem\"><span class=\"is--medium\">Le saviez-vous ? :<\/span> Le calcaire risque d&rsquo;obstruer les conduits d&rsquo;\u00e9vacuation de la vapeur et donc de r\u00e9duire son efficacit\u00e9 mais aussi la dur\u00e9e de vie de votre centrale. Il est donc primordial de d\u00e9trarter votre centrale ainsi que le semelle r\u00e9guli\u00e8rement<\/li>\n<li class=\"product-features__item-list__item\" role=\"listitem\"><span class=\"is--medium\">Syst\u00e8me anti-calcaire :<\/span> Collecteur de tartre<\/li>\n<li class=\"product-features__item-list__item\" role=\"listitem\"><span class=\"is--medium\">Cartouche anti-calcaire :<\/span> Non<\/li>\n<li class=\"product-features__item-list__item\" role=\"listitem\"><span class=\"is--medium\">Collecteur de tartre :<\/span> oui, en chauffant, l&rsquo;eau am\u00e8ne le calcaire dans le collecteur qui devra \u00eatre vid\u00e9 et rinc\u00e9 \u00e0 l&rsquo;eau pour \u00e9vacuer le calcaire<\/li>\n<li class=\"product-features__item-list__item\" role=\"listitem\"><span class=\"is--medium\">T\u00e9moin d&rsquo;alerte d\u00e9tartrage :<\/span> oui, permet d&rsquo;alerter sur un entretien \u00e0 r\u00e9aliser, reportez-vous \u00e0 la notice de votre appareil en suivant les indications de nettoyage<\/li>\n<li class=\"product-features__item-list__item\" role=\"listitem\"><span class=\"is--medium\">Eaux accept\u00e9es :<\/span> Robinet et d\u00e9min\u00e9ralis\u00e9e<br \/>\n<h3 class=\"product-features__label\">R\u00e9servoir<\/h3>\n<ul role=\"list\">\n<li class=\"product-features__item-list__item\" role=\"listitem\"><span class=\"is--medium\">R\u00e9servoir amovible : :<\/span> remplissez votre r\u00e9servoir \u00e0 tout moment pour une autonomie illimit\u00e9e durant vos s\u00e9ances de repassage<\/li>\n<li class=\"product-features__item-list__item\" role=\"listitem\"><span class=\"is--medium\">R\u00e9servoir :<\/span> 1,20 L<\/li>\n<li class=\"product-features__item-list__item\" role=\"listitem\"><span class=\"is--medium\">Capacit\u00e9 de r\u00e9servoir :<\/span> Capacit\u00e9 standard (moins de 1,5L)<\/li>\n<li class=\"product-features__item-list__item\" role=\"listitem\"><span class=\"is--medium\">R\u00e9servoir amovible :<\/span> Oui<\/li>\n<li class=\"product-features__item-list__item\" role=\"listitem\"><span class=\"is--medium\">Affichage du niveau d&rsquo;eau :<\/span> oui, permet de v\u00e9rifier si l&rsquo;eau de votre r\u00e9servoir suffit pour la quantit\u00e9 de linge \u00e0 repasser<br \/>\n<h3 class=\"product-features__label\">S\u00e9curit\u00e9<\/h3>\n<ul role=\"list\">\n<li class=\"product-features__item-list__item\" role=\"listitem\"><span class=\"is--medium\">Arr\u00eat en cas de surchauffe :<\/span> Non<\/li>\n<li class=\"product-features__item-list__item\" role=\"listitem\"><span class=\"is--medium\">Arceau de maintien du fer :<\/span> Non<\/li>\n<li class=\"product-features__item-list__item\" role=\"listitem\"><span class=\"is--medium\">Syst\u00e8me de verrouillage :<\/span> oui, permet de fixer le fer \u00e0 sa base afin d&rsquo;\u00e9viter qu&rsquo;il ne glisse ou qu&rsquo;une personne ne touche la semelle chaude<br \/>\n<h3 class=\"product-features__label\">Dimensions<\/h3>\n<ul role=\"list\">\n<li class=\"product-features__item-list__item\" role=\"listitem\"><span class=\"is--medium\">Dimensions l x h x p :<\/span> 24.5 x 29.6 x 41.5 cm<\/li>\n<li class=\"product-features__item-list__item\" role=\"listitem\"><span class=\"is--medium\">Poids\u00a0net :<\/span> 5,34 Kg<br \/>\n<h3 class=\"product-features__label\">Informations et Services<\/h3>\n<ul role=\"list\">\n<li class=\"product-features__item-list__item\" role=\"listitem\"><span class=\"is--medium\">Fabriqu\u00e9 en :<\/span> France<\/li>\n<li class=\"product-features__item-list__item\" role=\"listitem\"><span class=\"is--medium\">Disponibilit\u00e9 des pi\u00e8ces d\u00e9tach\u00e9es\u00a0 :<\/span> Non communiqu\u00e9e<\/li>\n<\/ul>\n<\/li>\n<\/ul>\n<\/li>\n<\/ul>\n<\/li>\n<\/ul>\n<\/li>\n<\/ul>\n<\/li>\n<\/ul>\n<\/li>\n<\/ul>\n<\/li>\n<\/ul>\n<\/div>\n<div class=\"product__disclosure-content\">\n<div class=\"js-read-more product-description__content\" style=\"max-height: 500px; overflow: hidden;\" data-read-more-name=\"description\">\n<p>La centrale vapeur Pro Express Vision de Calor allie une puissance vapeur pure et un design intelligent pour prendre plus facilement soin de votre linge avec des r\u00e9sultats toujours parfaits. Le syst\u00e8me Smart LED Vision garantit une exp\u00e9rience de repassage beaucoup plus agr\u00e9able avec une pointe lumineuse qui vous offre une visibilit\u00e9 optimale partout dans votre maison. Profitez d&rsquo;une technologie de vapeur haute pression ultra-puissante et de nombreuses fonctions exceptionnelles con\u00e7ues pour r\u00e9pondre \u00e0 tous vos besoins. Cette centrale vapeur est fabriqu\u00e9e en France dans notre usine Calor de Pont-Ev\u00eaque situ\u00e9e en Is\u00e8re.<\/p>\n<\/div>\n<\/div>","protected":false},"excerpt":{"rendered":"<div class=\"keypoints\">\n<h3 class=\"keypoints__title\">Les points cl\u00e9s<\/h3>\n<ul role=\"list\">\n<li class=\"keypoints__item\" role=\"listitem\">D\u00e9bit vapeur : 180 g\/min &#8211; Surplus d\u00e9bit vapeur : 680 g\/min<\/li>\n<li class=\"keypoints__item\" role=\"listitem\">Thermostat : r\u00e9glage manuel &#8211; Temps de chauffe : 2,00 mn<\/li>\n<li class=\"keypoints__item\" role=\"listitem\">R\u00e9servoir : 1,20 L &#8211; R\u00e9servoir amovible<\/li>\n<li class=\"keypoints__item\" role=\"listitem\">Pression : 8,3 bars<\/li>\n<\/ul>\n<\/div>","protected":false},"featured_media":79932,"template":"","meta":{"_glsr_average":0,"_glsr_ranking":0,"_glsr_reviews":0},"product_cat":[425],"product_tag":[426,153,154],"class_list":{"0":"post-79933","1":"product","2":"type-product","3":"status-publish","4":"has-post-thumbnail","6":"product_cat-centrale-vapeur","7":"product_tag-centrale-vapeur","8":"product_tag-maison-entretien","9":"product_tag-repassage","11":"first","12":"instock","13":"sale","14":"shipping-taxable","15":"purchasable","16":"product-type-simple"},"_links":{"self":[{"href":"https:\/\/electromenagerexpress.com\/en\/wp-json\/wp\/v2\/product\/79933","targetHints":{"allow":["GET"]}}],"collection":[{"href":"https:\/\/electromenagerexpress.com\/en\/wp-json\/wp\/v2\/product"}],"about":[{"href":"https:\/\/electromenagerexpress.com\/en\/wp-json\/wp\/v2\/types\/product"}],"wp:featuredmedia":[{"embeddable":true,"href":"https:\/\/electromenagerexpress.com\/en\/wp-json\/wp\/v2\/media\/79932"}],"wp:attachment":[{"href":"https:\/\/electromenagerexpress.com\/en\/wp-json\/wp\/v2\/media?parent=79933"}],"wp:term":[{"taxonomy":"product_cat","embeddable":true,"href":"https:\/\/electromenagerexpress.com\/en\/wp-json\/wp\/v2\/product_cat?post=79933"},{"taxonomy":"product_tag","embeddable":true,"href":"https:\/\/electromenagerexpress.com\/en\/wp-json\/wp\/v2\/product_tag?post=79933"}],"curies":[{"name":"wp","href":"https:\/\/api.w.org\/{rel}","templated":true}]}}