{"id":79929,"date":"2024-11-24T14:56:47","date_gmt":"2024-11-24T14:56:47","guid":{"rendered":"https:\/\/electromenagerexpress.com\/product\/defroisseur-vapeurphilipsgc524-60\/"},"modified":"2024-11-24T14:56:47","modified_gmt":"2024-11-24T14:56:47","slug":"defroisseur-vapeurphilipsgc524-60","status":"publish","type":"product","link":"https:\/\/electromenagerexpress.com\/en\/product\/defroisseur-vapeurphilipsgc524-60\/","title":{"rendered":"D\u00e9froisseur vapeur\t\t\t\t\t\t\tPHILIPS\t\t\t\tGC524\/60"},"content":{"rendered":"<div class=\"product-features__content\">\n<ul role=\"list\">\n<li class=\"product-features__item\" role=\"listitem\">\n<h3 class=\"product-features__label\">Choisir ce produit pour quels usages ?<\/h3>\n<ul role=\"list\">\n<li class=\"product-features__item-list__item\" role=\"listitem\"><span class=\"is--medium\">Temps de chauffe :<\/span> Avec le temps de chauffre r\u00e9duit, le d\u00e9froisseur vapeur vous permet de gagner du temps.\t\t\t\t\t<\/li>\n<li class=\"product-features__item-list__item\" role=\"listitem\"><span class=\"is--medium\">D\u00e9froissage verticale :<\/span> le d\u00e9froisseur vertical vous permet de gagner en puisance et en r\u00e9sultats\t\t\t\t\t<\/li>\n<\/ul>\n<\/li>\n<li class=\"product-features__item\" role=\"listitem\">\n<h3 class=\"product-features__label\">Vapeur<\/h3>\n<ul role=\"list\">\n<li class=\"product-features__item-list__item\" role=\"listitem\"><span class=\"is--medium\">Puissance :<\/span> 1.600 W\t\t\t\t\t<\/li>\n<li class=\"product-features__item-list__item\" role=\"listitem\"><span class=\"is--medium\">Temps de chauffe :<\/span> 20 s\t\t\t\t\t<\/li>\n<li class=\"product-features__item-list__item\" role=\"listitem\"><span class=\"is--medium\">Choix de d\u00e9bit vapeur :<\/span> Oui\t\t\t\t\t<\/li>\n<li class=\"product-features__item-list__item\" role=\"listitem\"><span class=\"is--medium\">D\u00e9bit de vapeur :<\/span> 32 g\/min\t\t\t\t\t<\/li>\n<li class=\"product-features__item-list__item\" role=\"listitem\"><span class=\"is--medium\">\u00c0 quoi sert le d\u00e9bit vapeur :<\/span> gr\u00e2ce \u00e0 la vapeur les fibres du linge se d\u00e9tendent, et plus il y a de vapeur, plus le d\u00e9froissage est efficace, facile et rapide\t\t\t\t\t<\/li>\n<\/ul>\n<\/li>\n<li class=\"product-features__item\" role=\"listitem\">\n<h3 class=\"product-features__label\">R\u00e9servoir<\/h3>\n<ul role=\"list\">\n<li class=\"product-features__item-list__item\" role=\"listitem\"><span class=\"is--medium\">Capacit\u00e9 du r\u00e9servoir :<\/span> 1,60 L\t\t\t\t\t<\/li>\n<li class=\"product-features__item-list__item\" role=\"listitem\"><span class=\"is--medium\">R\u00e9servoir amovible :<\/span> Non\t\t\t\t\t<\/li>\n<li class=\"product-features__item-list__item\" role=\"listitem\"><span class=\"is--medium\">Indicateur de niveau d&rsquo;eau :<\/span> Oui\t\t\t\t\t<\/li>\n<\/ul>\n<\/li>\n<li class=\"product-features__item\" role=\"listitem\">\n<h3 class=\"product-features__label\">Confort d&rsquo;utilisation<\/h3>\n<ul role=\"list\">\n<li class=\"product-features__item-list__item\" role=\"listitem\"><span class=\"is--medium\">Roues \/ Roulettes :<\/span> Non\t\t\t\t\t<\/li>\n<li class=\"product-features__item-list__item\" role=\"listitem\"><span class=\"is--medium\">Manche \/ T\u00eate pliable :<\/span> Non\t\t\t\t\t<\/li>\n<\/ul>\n<\/li>\n<li class=\"product-features__item\" role=\"listitem\">\n<h3 class=\"product-features__label\">Traitement anti-calcaire<\/h3>\n<ul role=\"list\">\n<li class=\"product-features__item-list__item\" role=\"listitem\"><span class=\"is--medium\">Syst\u00e8me anti-calcaire :<\/span> Non\t\t\t\t\t<\/li>\n<li class=\"product-features__item-list__item\" role=\"listitem\"><span class=\"is--medium\">J&rsquo;entretiens mon defroisseur :<\/span> <u><a href=\"https:\/\/www.boulanger.com\/c\/nav-filtre\/accessoire-repassage-soin-du-linge?facette_accesoires_repassage_____facette_type_accesoires_repassage~entretien20repassage\" target=\"_blank\">en sa<\/a><\/u><\/li>\n<\/ul>\n<\/li>\n<li class=\"product-features__item\" role=\"listitem\">\n<h3 class=\"product-features__label\">Dimensions<\/h3>\n<ul role=\"list\">\n<li class=\"product-features__item-list__item\" role=\"listitem\"><span class=\"is--medium\">L x H x P: :<\/span> 42 x 39 x 36 cm\t\t\t\t\t<\/li>\n<li class=\"product-features__item-list__item\" role=\"listitem\"><span class=\"is--medium\">Poids: :<\/span> 3,00 Kg\t\t\t\t\t<\/li>\n<\/ul>\n<\/li>\n<li class=\"product-features__item\" role=\"listitem\">\n<h3 class=\"product-features__label\">Informations et Services<\/h3>\n<ul role=\"list\">\n<li class=\"product-features__item-list__item\" role=\"listitem\"><span class=\"is--medium\">R\u00e9f\u00e9rence constructeur :<\/span> GC524\/60\t\t\t\t\t<\/li>\n<li class=\"product-features__item-list__item\" role=\"listitem\"><span class=\"is--medium\">Marque :<\/span> PHILIPS\t\t\t\t\t<\/li>\n<li class=\"product-features__item-list__item\" role=\"listitem\"><span class=\"is--medium\">Disponibilit\u00e9 des pi\u00e8ces d\u00e9tach\u00e9es (donn\u00e9es fournisseur) :<\/span> Non communiqu\u00e9e\t\t\t\t\t<\/li>\n<li class=\"product-features__item-list__item\" role=\"listitem\"><span class=\"is--medium\">Fabriqu\u00e9 en :<\/span> Chine\t\t\t\t\t<\/li>\n<\/ul>\n<\/li>\n<\/ul>\n<\/div>\n<div class=\"product__disclosure-content\">\n<div class=\"js-read-more product-description__content\" data-read-more-name=\"description\" style=\"max-height: 500px; overflow: hidden;\">\n<p>Le vaporisateur de v\u00eatements Philips EasyTouch plus a \u00e9t\u00e9 con\u00e7u pour faciliter la eliminaci\u00f3nde rides tous les jours<br \/>couvre plus de passage unique avec une plaque de vapeur 25% plus grand<br \/>Accessoire de fixation pour obtenir d&rsquo;excellents r\u00e9sultats plus facilement<br \/>5 niveaux de vapeur pour repasser diff\u00e9rents types de tissus<br \/>Tube ajustable pour s&rsquo;adapter aux diff\u00e9rents r\u00e9glages de hauteur et suspension de v\u00eatements sp\u00e9ciaux<\/p>\n<\/div>\n<\/div>","protected":false},"excerpt":{"rendered":"<div class=\"keypoints\">\n<h3 class=\"keypoints__title\">Les points cl\u00e9s<\/h3>\n<ul role=\"list\">\n<li class=\"keypoints__item\" role=\"listitem\">                                        D\u00e9bit de vapeur : 32 g\/min                      <\/li>\n<li class=\"keypoints__item\" role=\"listitem\">                                        Capacit\u00e9 du r\u00e9servoir : 1,60 L                      <\/li>\n<li class=\"keypoints__item\" role=\"listitem\">                          Temps de chauffe : 20 s &#8211;                                        Puissance : 1.600 W &#8211;                                                      Poids: : 3,00 Kg                      <\/li>\n<\/ul>","protected":false},"featured_media":79928,"template":"","meta":{"_glsr_average":0,"_glsr_ranking":0,"_glsr_reviews":0},"product_cat":[152],"product_tag":[155,153,154],"class_list":{"0":"post-79929","1":"product","2":"type-product","3":"status-publish","4":"has-post-thumbnail","6":"product_cat-defroisseur-vapeur","7":"product_tag-defroisseur-vapeur","8":"product_tag-maison-entretien","9":"product_tag-repassage","11":"first","12":"instock","13":"sale","14":"shipping-taxable","15":"purchasable","16":"product-type-simple"},"_links":{"self":[{"href":"https:\/\/electromenagerexpress.com\/en\/wp-json\/wp\/v2\/product\/79929","targetHints":{"allow":["GET"]}}],"collection":[{"href":"https:\/\/electromenagerexpress.com\/en\/wp-json\/wp\/v2\/product"}],"about":[{"href":"https:\/\/electromenagerexpress.com\/en\/wp-json\/wp\/v2\/types\/product"}],"wp:featuredmedia":[{"embeddable":true,"href":"https:\/\/electromenagerexpress.com\/en\/wp-json\/wp\/v2\/media\/79928"}],"wp:attachment":[{"href":"https:\/\/electromenagerexpress.com\/en\/wp-json\/wp\/v2\/media?parent=79929"}],"wp:term":[{"taxonomy":"product_cat","embeddable":true,"href":"https:\/\/electromenagerexpress.com\/en\/wp-json\/wp\/v2\/product_cat?post=79929"},{"taxonomy":"product_tag","embeddable":true,"href":"https:\/\/electromenagerexpress.com\/en\/wp-json\/wp\/v2\/product_tag?post=79929"}],"curies":[{"name":"wp","href":"https:\/\/api.w.org\/{rel}","templated":true}]}}