{"id":79927,"date":"2024-11-24T14:56:45","date_gmt":"2024-11-24T14:56:45","guid":{"rendered":"https:\/\/electromenagerexpress.com\/product\/centrale-vapeurphilipsgc7808-40-perfectcare-compact\/"},"modified":"2024-11-24T14:56:45","modified_gmt":"2024-11-24T14:56:45","slug":"centrale-vapeurphilipsgc7808-40-perfectcare-compact","status":"publish","type":"product","link":"https:\/\/electromenagerexpress.com\/en\/product\/centrale-vapeurphilipsgc7808-40-perfectcare-compact\/","title":{"rendered":"Centrale vapeur\t\t\t\t\t\t\tPHILIPS\t\t\t\tGC7808\/40 PerfectCare Compact"},"content":{"rendered":"<div class=\"product-features__content\">\n<ul role=\"list\">\n<li class=\"product-features__item\" role=\"listitem\">\n<h3 class=\"product-features__label\">Vapeur<\/h3>\n<ul role=\"list\">\n<li class=\"product-features__item-list__item\" role=\"listitem\"><span class=\"is--medium\">Pression :<\/span> 5,3 bars\t\t\t\t\t<\/li>\n<li class=\"product-features__item-list__item\" role=\"listitem\"><span class=\"is--medium\">D\u00e9bit vapeur :<\/span> 120 g\/min\t\t\t\t\t<\/li>\n<li class=\"product-features__item-list__item\" role=\"listitem\"><span class=\"is--medium\">\u00c0 quoi sert le d\u00e9bit vapeur :<\/span> gr\u00e2ce \u00e0 la vapeur les fibres du linge se d\u00e9tendent, et plus il y a de vapeur, plus le repassage est efficace, facile et rapide\t\t\t\t\t<\/li>\n<li class=\"product-features__item-list__item\" role=\"listitem\"><span class=\"is--medium\">Surplus d\u00e9bit vapeur :<\/span> 270 g\/min\t\t\t\t\t<\/li>\n<li class=\"product-features__item-list__item\" role=\"listitem\"><span class=\"is--medium\">\u00c0 quoi sert le surplus d\u00e9bit vapeur :<\/span> appel\u00e9 \u00ab\u00a0effet pressing\u00a0\u00bb, la quantit\u00e9 de vapeur est plus importante, ce qui permet de chasser plus facilement les plis sur des tissus \u00e9pais (jean, velours).\t\t\t\t\t<\/li>\n<li class=\"product-features__item-list__item\" role=\"listitem\"><span class=\"is--medium\">D\u00e9froissage vertical :<\/span> Oui\t\t\t\t\t<\/li>\n<li class=\"product-features__item-list__item\" role=\"listitem\"><span class=\"is--medium\">\u00c0 quoi sert le d\u00e9froissage vertical :<\/span> utiliser le fer de votre centrale en d\u00e9froissage vertical sur les v\u00eatements d\u00e9licats, peu froiss\u00e9s et les tissus de type rideau ou voilage\t\t\t\t\t<\/li>\n<li class=\"product-features__item-list__item\" role=\"listitem\"><span class=\"is--medium\">Spray :<\/span> Non\t\t\t\t\t<\/li>\n<li class=\"product-features__item-list__item\" role=\"listitem\"><span class=\"is--medium\">Thermostat :<\/span> r\u00e9glage automatique\t\t\t\t\t<\/li>\n<li class=\"product-features__item-list__item\" role=\"listitem\"><span class=\"is--medium\">T\u00e9moin de vapeur pr\u00eate :<\/span> Oui\t\t\t\t\t<\/li>\n<li class=\"product-features__item-list__item\" role=\"listitem\"><span class=\"is--medium\">Temps de chauffe :<\/span> 2,00 mn\t\t\t\t\t<\/li>\n<\/ul>\n<\/li>\n<li class=\"product-features__item\" role=\"listitem\">\n<h3 class=\"product-features__label\">Fer<\/h3>\n<ul role=\"list\">\n<li class=\"product-features__item-list__item\" role=\"listitem\"><span class=\"is--medium\">Type de fer :<\/span> Classique\t\t\t\t\t<\/li>\n<li class=\"product-features__item-list__item\" role=\"listitem\"><span class=\"is--medium\">Puissance :<\/span> 2.400 W\t\t\t\t\t<\/li>\n<li class=\"product-features__item-list__item\" role=\"listitem\"><span class=\"is--medium\">Type de semelle :<\/span> SteamGlide\t\t\t\t\t<\/li>\n<li class=\"product-features__item-list__item\" role=\"listitem\"><span class=\"is--medium\">Le saviez-vous ? :<\/span> La technologie SteamGlide assure une glisse optimale sur tous les types de tissus. Anti-adh\u00e9sive et tr\u00e8s r\u00e9sistante aux rayures, elle est facile \u00e0 entretenir.\t\t\t\t\t<\/li>\n<li class=\"product-features__item-list__item\" role=\"listitem\"><span class=\"is--medium\">Repose fer :<\/span> Inclin\u00e9\t\t\t\t\t<\/li>\n<li class=\"product-features__item-list__item\" role=\"listitem\"><span class=\"is--medium\">Longueur du cordon vapeur :<\/span> 1,60 m\t\t\t\t\t<\/li>\n<\/ul>\n<\/li>\n<li class=\"product-features__item\" role=\"listitem\">\n<h3 class=\"product-features__label\">Traitement anti-calcaire<\/h3>\n<ul role=\"list\">\n<li class=\"product-features__item-list__item\" role=\"listitem\"><span class=\"is--medium\">Le saviez-vous ? :<\/span> Le calcaire risque d&rsquo;obstruer les conduits d&rsquo;\u00e9vacuation de la vapeur et donc de r\u00e9duire son efficacit\u00e9 mais aussi la dur\u00e9e de vie de votre centrale. Il est donc primordial de d\u00e9trarter votre centrale ainsi que le semelle r\u00e9guli\u00e8rement\t\t\t\t\t<\/li>\n<li class=\"product-features__item-list__item\" role=\"listitem\"><span class=\"is--medium\">Syst\u00e8me anti-calcaire :<\/span> Oui\t\t\t\t\t<\/li>\n<li class=\"product-features__item-list__item\" role=\"listitem\"><span class=\"is--medium\">Cartouche anti-calcaire :<\/span> Non\t\t\t\t\t<\/li>\n<li class=\"product-features__item-list__item\" role=\"listitem\"><span class=\"is--medium\">Eaux accept\u00e9es :<\/span> Robinet et d\u00e9min\u00e9ralis\u00e9e\t\t\t\t\t<\/li>\n<li class=\"product-features__item-list__item\" role=\"listitem\"><span class=\"is--medium\">J&rsquo;entretiens ma centrale vapeur :<\/span> <u><a href=\"https:\/\/www.boulanger.com\/c\/nav-filtre\/accessoire-repassage-soin-du-linge?facette_accesoires_repassage_____facette_type_accesoires_repassage~entretien20repassage\" target=\"_blank\">en sa<\/a><\/u><\/li>\n<\/ul>\n<\/li>\n<li class=\"product-features__item\" role=\"listitem\">\n<h3 class=\"product-features__label\">R\u00e9servoir<\/h3>\n<ul role=\"list\">\n<li class=\"product-features__item-list__item\" role=\"listitem\"><span class=\"is--medium\">R\u00e9servoir :<\/span> 1,50 L\t\t\t\t\t<\/li>\n<li class=\"product-features__item-list__item\" role=\"listitem\"><span class=\"is--medium\">Capacit\u00e9 de r\u00e9servoir :<\/span> Capacit\u00e9 \u00e9lev\u00e9e (de 1,5L \u00e0 2L)\t\t\t\t\t<\/li>\n<li class=\"product-features__item-list__item\" role=\"listitem\"><span class=\"is--medium\">R\u00e9servoir amovible :<\/span> Non\t\t\t\t\t<\/li>\n<li class=\"product-features__item-list__item\" role=\"listitem\"><span class=\"is--medium\">Affichage du niveau d&rsquo;eau :<\/span> oui, permet de v\u00e9rifier si l&rsquo;eau de votre r\u00e9servoir suffit pour la quantit\u00e9 de linge \u00e0 repasser\t\t\t\t\t<\/li>\n<li class=\"product-features__item-list__item\" role=\"listitem\"><span class=\"is--medium\">T\u00e9moin de r\u00e9servoir vide :<\/span> oui, permet de vous avertir par un signal que le r\u00e9servoir doit \u00eatre r\u00e9-aliment\u00e9 en eau pour votre s\u00e9ance de repassage\t\t\t\t\t<\/li>\n<\/ul>\n<\/li>\n<li class=\"product-features__item\" role=\"listitem\">\n<h3 class=\"product-features__label\">S\u00e9curit\u00e9<\/h3>\n<ul role=\"list\">\n<li class=\"product-features__item-list__item\" role=\"listitem\"><span class=\"is--medium\">Arr\u00eat automatique :<\/span> 30 mn\t\t\t\t\t<\/li>\n<li class=\"product-features__item-list__item\" role=\"listitem\"><span class=\"is--medium\">Arr\u00eat en cas de surchauffe :<\/span> Oui\t\t\t\t\t<\/li>\n<li class=\"product-features__item-list__item\" role=\"listitem\"><span class=\"is--medium\">Arceau de maintien du fer :<\/span> Non\t\t\t\t\t<\/li>\n<li class=\"product-features__item-list__item\" role=\"listitem\"><span class=\"is--medium\">Syst\u00e8me de verrouillage :<\/span> oui, permet de fixer le fer \u00e0 sa base afin d&rsquo;\u00e9viter qu&rsquo;il ne glisse ou qu&rsquo;une personne ne touche la semelle chaude\t\t\t\t\t<\/li>\n<\/ul>\n<\/li>\n<li class=\"product-features__item\" role=\"listitem\">\n<h3 class=\"product-features__label\">J&rsquo;\u00e9quipe ma centrale vapeur<\/h3>\n<ul role=\"list\">\n<li class=\"product-features__item-list__item\" role=\"listitem\"><span class=\"is--medium\">Trouver ma table \u00e0 repasser :<\/span> <u><a href=\"https:\/\/www.boulanger.com\/c\/table-a-repasser\" target=\"_blank\">en sa<\/a><\/u><\/li>\n<li class=\"product-features__item-list__item\" role=\"listitem\"><span class=\"is--medium\">Pour s\u00e9cher mon linge :<\/span> <u><a href=\"https:\/\/www.boulanger.com\/c\/nav-filtre\/accessoire-repassage-soin-du-linge?facette_accessoire_linge_____usage~etendre20son20linge\" target=\"_blank\">en sa<\/a><\/u><\/li>\n<li class=\"product-features__item-list__item\" role=\"listitem\"><span class=\"is--medium\">Trouver ma housse de table :<\/span> <u><a href=\"https:\/\/www.boulanger.com\/c\/nav-filtre\/accessoire-repassage-soin-du-linge?_usage~housse20table20e020repasser\" target=\"_blank\">en sa<\/a><\/u><\/li>\n<\/ul>\n<\/li>\n<li class=\"product-features__item\" role=\"listitem\">\n<h3 class=\"product-features__label\">Dimensions<\/h3>\n<ul role=\"list\">\n<li class=\"product-features__item-list__item\" role=\"listitem\"><span class=\"is--medium\">Dimensions l x h x p :<\/span> 19 x 23 x 37 cm\t\t\t\t\t<\/li>\n<li class=\"product-features__item-list__item\" role=\"listitem\"><span class=\"is--medium\">Poids\u00a0net :<\/span> 3,00 Kg\t\t\t\t\t<\/li>\n<\/ul>\n<\/li>\n<li class=\"product-features__item\" role=\"listitem\">\n<h3 class=\"product-features__label\">Informations et Services<\/h3>\n<ul role=\"list\">\n<li class=\"product-features__item-list__item\" role=\"listitem\"><span class=\"is--medium\">Fabriqu\u00e9 en :<\/span> Chine\t\t\t\t\t<\/li>\n<li class=\"product-features__item-list__item\" role=\"listitem\"><span class=\"is--medium\">Disponibilit\u00e9 des pi\u00e8ces d\u00e9tach\u00e9es (donn\u00e9es fournisseur) :<\/span> Non communiqu\u00e9e\t\t\t\t\t<\/li>\n<\/ul>\n<\/li>\n<\/ul>\n<\/div>\n<div class=\"product__disclosure-content\">\n<div class=\"js-read-more product-description__content read-more read-more--truncated\" data-read-more-name=\"description\" style=\"max-height: 500px; overflow: hidden;\">\n<p>Philips &#8211; centrale vapeur 5.3bars 120g\/min &#8211; gc7808\/40 &#8211; Centrale vapeur PerfectCare Compact Philips GC7808\/40 pour un repassage plus rapide, avec 2 fois plus de vapeur.La centrale vapeur la plus compacte de Philips. La centrale vapeur compacte Philips PerfectCare vous permet de repasser vos v\u00eatements plus rapidement, gr\u00e2ce \u00e0 une vapeur continue puissante. La technologie OptimalTEMP vous \u00e9vite de r\u00e9gler manuellement la temp\u00e9rature selon le v\u00eatement. Un design compact et l\u00e9ger, pour un appareil facile \u00e0 ranger.<br \/>Avec la technologie OptimalTEMP, vous ne perdrez plus votre temps \u00e0 changer de r\u00e9glage de temp\u00e9rature, \u00e0 attendre que la temp\u00e9rature souhait\u00e9e soit atteinte, ou \u00e0 trier vos v\u00eatements. Repassez les v\u00eatements, qu&rsquo;ils soient en jeans ou en soie, avec l&rsquo;assurance de ne rien br\u00fbler, gr\u00e2ce \u00e0 une combinaison id\u00e9ale de temp\u00e9rature et de d\u00e9bit vapeur puissant et continu.Support de s\u00fbret\u00e9Avec la technologie innovante OptimalTEMP, aucun v\u00eatement repassable ne br\u00fble. Outre la tranquillit\u00e9 d&rsquo;esprit apport\u00e9e lors du repassage, cela signifie \u00e9galement qu&rsquo;il est possible de laisser la semelle chaude du fer sur votre table \u00e0 repasser en coton sans l&rsquo;endommager. Ainsi, vous soulagez vos poignets qui n&rsquo;auront pas \u00e0 lever le fer de sa base aussi souvent.Test\u00e9 et approuv\u00e9. Ce fer \u00e0 repasser a \u00e9t\u00e9 test\u00e9 et approuv\u00e9 par des instituts ind\u00e9pendants d&rsquo;experts en textile (DWI, IWTO, Woolmark) qui ont confirm\u00e9 ses excellentes performances de repassage. Le programme Woolmark Apparel Care permet aux consommateurs d&rsquo;identifier les produits de soin du linge approuv\u00e9s par The Woolmark Company pour une utilisation sur de la laine. Gr\u00e2ce \u00e0 sa technologie exclusive OptimalTEMP, Philips est \u00e0 ce jour la seule marque de fers ayant re\u00e7u la certification Gold de Woolmark. Vous pouvez \u00eatre certain que nos produits de soin du linge approuv\u00e9s par Woolmark sont parfaitement adapt\u00e9s aux v\u00eatements en laine.Vapeur ultra-puissante. Le repassage n&rsquo;a jamais \u00e9t\u00e9 aussi rapide gr\u00e2ce \u00e0 cette technologie r\u00e9volutionnaire. La vapeur puissante et continue \u00e9limine les faux plis.Repassez \u00e9galement les tissus plus \u00e9pais rapidement et en toute simplicit\u00e9. La fonction Effet pressing est id\u00e9ale pour effectuer un d\u00e9froissage vertical et \u00e9liminer les faux plis les plus tenaces.Syst\u00e8me anticalcaire intelligent. Un d\u00e9tartrage r\u00e9gulier prot\u00e8ge votre fer et maintient la production de vapeur. Le syst\u00e8me anticalcaire intelligent Calc Clean est une fonction int\u00e9gr\u00e9e de d\u00e9tartrage et de nettoyage qui prolonge la dur\u00e9e de vie de votre centrale vapeur. Les indicateurs lumineux et sonore du fer vous pr\u00e9viennent lorsqu&rsquo;un nettoyage et un d\u00e9tartrage sont n\u00e9cessaires. Placez simplement votre fer sur le r\u00e9cipient du syst\u00e8me Calc Clean et d\u00e9marrez le processus. Il faut environ 2 minutes pour recueillir l&rsquo;eau sale et les r\u00e9sidus de calcaire. Votre centrale vapeur \u00e9met ensuite un signal sonore indiquant qu&rsquo;elle est \u00e0 nouveau pr\u00eate \u00e0 l&#8217;emploi.Semelle SteamGlide. La semelle SteamGlide, robuste et antiadh\u00e9sive, offre une excellente r\u00e9sistance aux rayures et glisse parfaitement sur les tissus. Elle est \u00e9galement facile \u00e0 nettoyer, notamment par rapport aux semelles en aluminium.<br \/>Pour tous les tissus repassables.<br \/>Ne br\u00fble pas.<br \/>Aucun r\u00e9glage de la temp\u00e9rature n\u00e9cessaire.<br \/>Technologie OptimalTEMP.<br \/>Chambre de vaporisation ProVelocity.<br \/>Processeur Smart Control.<br \/>\u00c9limination rapide des faux plis.<br \/>D\u00e9bit vapeur continu: Jusqu&rsquo;\u00e0 120 g\/min.<br \/>Alimentation: 2 400 W.<br \/>Pression: Pompe maxi. 5,3 bar.<br \/>Pr\u00eat \u00e0 l&#8217;emploi: 2 min.<br \/>Effet pressing: Jusqu&rsquo;\u00e0 280 g.<br \/>Vapeur \u00e0 la demande.<br \/>Diff\u00e9rents niveaux de vapeur.<br \/>D\u00e9froissage vertical.<br \/>Tension: 220-240 volt.<br \/>Sans danger pour tous les tissus: M\u00eame les tissus d\u00e9licats comme la soie.<br \/>Performances de glisse de la semelle: 4 \u00e9toiles.<br \/>Nom de la semelle: SteamGlide.<br \/>Capacit\u00e9 du r\u00e9servoir d?eau: 1 500 ml.<br \/>Arr\u00eat automatique de la vapeur.<br \/>Rotation du cordon: Rotation du cordon \u00e0 180\u00b0.<br \/>Longueur du c\u00e2ble: 1,6 m.<br \/>Prise \u00e9lectrique int\u00e9gr\u00e9e.<br \/>Longueur du cordon d&rsquo;alimentation: 1,8 m.<br \/>Pointe vapeur de pr\u00e9cision.<br \/>Pr\u00eat \u00e0 l&#8217;emploi: Voyant, Indicateur sonore.<br \/>Remplissage du r\u00e9servoir \u00e0 tout moment en cours d&rsquo;utilisation.<br \/>Arr\u00eat automatique.<br \/>R\u00e9sistance aux rayures de la semelle: 4 \u00e9toiles.<br \/>Utilisable avec l&rsquo;eau du robinet.<br \/>Nettoyage et d\u00e9tartrage: Syst\u00e8me anticalcaire intelligent.<br \/>Rappel de d\u00e9tartrage: Voyant, Son.<br \/>Syst\u00e8me de verrouillage: Pour le transport et la s\u00e9curit\u00e9.<br \/>Range-cordon: Fixation velcro.<br \/>Rangement cordon: Compartiment de rangement du cordon.<br \/>R\u00e9servoir anticalcaire.<br \/>Dimensions du produit (l x H x L): 19,3 x 22,3 x 37,3 cm.<br \/>Poids, emballage compris: 3,85 kg.<br \/>Poids du fer: 1,2 kg.<br \/>Poids du fer + base: 2,95 kg.<br \/>Coloris : Rose.<\/p>\n<\/div>\n<p><bl-button a11yexpanded=\"false\" arialabel=\"Afficher toute la description\" class=\"read-more__btn\" full=\"false\" link=\"true\"><\/bl-button><\/div>","protected":false},"excerpt":{"rendered":"<div class=\"keypoints\">\n<h3 class=\"keypoints__title\">Les points cl\u00e9s<\/h3>\n<ul role=\"list\">\n<li class=\"keypoints__item\" role=\"listitem\">                          D\u00e9bit vapeur : 120 g\/min &#8211;                                                      Surplus d\u00e9bit vapeur : 270 g\/min                      <\/li>\n<li class=\"keypoints__item\" role=\"listitem\">                          Thermostat : r\u00e9glage automatique &#8211;                                                      Temps de chauffe : 2,00 mn                      <\/li>\n<li class=\"keypoints__item\" role=\"listitem\">                                        R\u00e9servoir : 1,50 L                      <\/li>\n<li class=\"keypoints__item\" role=\"listitem\">                          Pression : 5,3 bars &#8211;                                                      Arr\u00eat automatique : 30 mn                      <\/li>\n<\/ul>","protected":false},"featured_media":79926,"template":"","meta":{"_glsr_average":0,"_glsr_ranking":0,"_glsr_reviews":0},"product_cat":[425],"product_tag":[426,153,154],"class_list":{"0":"post-79927","1":"product","2":"type-product","3":"status-publish","4":"has-post-thumbnail","6":"product_cat-centrale-vapeur","7":"product_tag-centrale-vapeur","8":"product_tag-maison-entretien","9":"product_tag-repassage","11":"first","12":"instock","13":"sale","14":"shipping-taxable","15":"purchasable","16":"product-type-simple"},"_links":{"self":[{"href":"https:\/\/electromenagerexpress.com\/en\/wp-json\/wp\/v2\/product\/79927","targetHints":{"allow":["GET"]}}],"collection":[{"href":"https:\/\/electromenagerexpress.com\/en\/wp-json\/wp\/v2\/product"}],"about":[{"href":"https:\/\/electromenagerexpress.com\/en\/wp-json\/wp\/v2\/types\/product"}],"wp:featuredmedia":[{"embeddable":true,"href":"https:\/\/electromenagerexpress.com\/en\/wp-json\/wp\/v2\/media\/79926"}],"wp:attachment":[{"href":"https:\/\/electromenagerexpress.com\/en\/wp-json\/wp\/v2\/media?parent=79927"}],"wp:term":[{"taxonomy":"product_cat","embeddable":true,"href":"https:\/\/electromenagerexpress.com\/en\/wp-json\/wp\/v2\/product_cat?post=79927"},{"taxonomy":"product_tag","embeddable":true,"href":"https:\/\/electromenagerexpress.com\/en\/wp-json\/wp\/v2\/product_tag?post=79927"}],"curies":[{"name":"wp","href":"https:\/\/api.w.org\/{rel}","templated":true}]}}