{"id":79898,"date":"2024-11-24T14:56:19","date_gmt":"2024-11-24T14:56:19","guid":{"rendered":"https:\/\/electromenagerexpress.com\/product\/centrale-vapeurphilipsgc7844-20-perfectcare-compact-plus\/"},"modified":"2024-11-25T11:22:52","modified_gmt":"2024-11-25T11:22:52","slug":"centrale-vapeurphilipsgc7844-20-perfectcare-compact-plus","status":"publish","type":"product","link":"https:\/\/electromenagerexpress.com\/en\/product\/centrale-vapeurphilipsgc7844-20-perfectcare-compact-plus\/","title":{"rendered":"Centrale vapeur PHILIPS\tGC7844\/20 PerfectCare Compact Plus"},"content":{"rendered":"<div class=\"product-features__content\">\n<h3 class=\"product-features__label\">\u00a0 \u00a0 \u00a0 \u00a0 \u00a0 \u00a0Vapeur<\/h3>\n<ul role=\"list\">\n<li style=\"list-style-type: none;\">\n<ul role=\"list\">\n<li class=\"product-features__item-list__item\" role=\"listitem\"><span class=\"is--medium\">Pression :<\/span> 6,5 bars<\/li>\n<li class=\"product-features__item-list__item\" role=\"listitem\"><span class=\"is--medium\">D\u00e9bit vapeur :<\/span> 120 g\/min<\/li>\n<li class=\"product-features__item-list__item\" role=\"listitem\"><span class=\"is--medium\">\u00c0 quoi sert le d\u00e9bit vapeur :<\/span> gr\u00e2ce \u00e0 la vapeur les fibres du linge se d\u00e9tendent, et plus il y a de vapeur, plus le repassage est efficace, facile et rapide<\/li>\n<li class=\"product-features__item-list__item\" role=\"listitem\"><span class=\"is--medium\">Surplus d\u00e9bit vapeur :<\/span> 400 g\/min<\/li>\n<li class=\"product-features__item-list__item\" role=\"listitem\"><span class=\"is--medium\">\u00c0 quoi sert le surplus d\u00e9bit vapeur :<\/span> appel\u00e9 \u00ab\u00a0effet pressing\u00a0\u00bb, la quantit\u00e9 de vapeur est plus importante, ce qui permet de chasser plus facilement les plis sur des tissus \u00e9pais (jean, velours).<\/li>\n<li class=\"product-features__item-list__item\" role=\"listitem\"><span class=\"is--medium\">D\u00e9froissage vertical :<\/span> Non<\/li>\n<li class=\"product-features__item-list__item\" role=\"listitem\"><span class=\"is--medium\">Spray :<\/span> Non<br \/>\n<h3 class=\"product-features__label\">Fer<\/h3>\n<ul role=\"list\">\n<li class=\"product-features__item-list__item\" role=\"listitem\"><span class=\"is--medium\">Type de fer :<\/span> Classique<\/li>\n<li class=\"product-features__item-list__item\" role=\"listitem\"><span class=\"is--medium\">Puissance :<\/span> 2.400 W<\/li>\n<li class=\"product-features__item-list__item\" role=\"listitem\"><span class=\"is--medium\">Type de semelle :<\/span> SteamGlide<\/li>\n<li class=\"product-features__item-list__item\" role=\"listitem\"><span class=\"is--medium\">Le saviez-vous ? :<\/span> La technologie SteamGlide assure une glisse optimale sur tous les types de tissus. Anti-adh\u00e9sive et tr\u00e8s r\u00e9sistante aux rayures, elle est facile \u00e0 entretenir.<\/li>\n<li class=\"product-features__item-list__item\" role=\"listitem\"><span class=\"is--medium\">Repose fer :<\/span> Inclin\u00e9<br \/>\n<h3 class=\"product-features__label\">Traitement anti-calcaire<\/h3>\n<ul role=\"list\">\n<li class=\"product-features__item-list__item\" role=\"listitem\"><span class=\"is--medium\">Le saviez-vous ? :<\/span> Le calcaire risque d&rsquo;obstruer les conduits d&rsquo;\u00e9vacuation de la vapeur et donc de r\u00e9duire son efficacit\u00e9 mais aussi la dur\u00e9e de vie de votre centrale. Il est donc primordial de d\u00e9trarter votre centrale ainsi que le semelle r\u00e9guli\u00e8rement<\/li>\n<li class=\"product-features__item-list__item\" role=\"listitem\"><span class=\"is--medium\">Syst\u00e8me anti-calcaire :<\/span> Oui<\/li>\n<li class=\"product-features__item-list__item\" role=\"listitem\"><span class=\"is--medium\">Cartouche anti-calcaire :<\/span> Non<\/li>\n<li class=\"product-features__item-list__item\" role=\"listitem\"><span class=\"is--medium\">Eaux accept\u00e9es :<\/span> Robinet et d\u00e9min\u00e9ralis\u00e9e<br \/>\n<h3 class=\"product-features__label\">R\u00e9servoir<\/h3>\n<ul role=\"list\">\n<li class=\"product-features__item-list__item\" role=\"listitem\"><span class=\"is--medium\">R\u00e9servoir :<\/span> 1,50 L<\/li>\n<li class=\"product-features__item-list__item\" role=\"listitem\"><span class=\"is--medium\">Capacit\u00e9 de r\u00e9servoir :<\/span> Capacit\u00e9 \u00e9lev\u00e9e (de 1,5L \u00e0 2L)<\/li>\n<li class=\"product-features__item-list__item\" role=\"listitem\"><span class=\"is--medium\">R\u00e9servoir amovible :<\/span> Non<\/li>\n<li class=\"product-features__item-list__item\" role=\"listitem\"><span class=\"is--medium\">T\u00e9moin de r\u00e9servoir vide :<\/span> oui, permet de vous avertir par un signal que le r\u00e9servoir doit \u00eatre r\u00e9-aliment\u00e9 en eau pour votre s\u00e9ance de repassage<br \/>\n<h3 class=\"product-features__label\">S\u00e9curit\u00e9<\/h3>\n<ul role=\"list\">\n<li class=\"product-features__item-list__item\" role=\"listitem\"><span class=\"is--medium\">Arr\u00eat automatique :<\/span> 30 mn<\/li>\n<li class=\"product-features__item-list__item\" role=\"listitem\"><span class=\"is--medium\">\u00c0 quoi sert l&rsquo;arr\u00eat automatique :<\/span> pour plus de s\u00e9curit\u00e9, en cas de non utilisation du fer, la centrale vapeur s&rsquo;arr\u00eatera automatiquement<\/li>\n<li class=\"product-features__item-list__item\" role=\"listitem\"><span class=\"is--medium\">Arr\u00eat en cas de surchauffe :<\/span> Oui<\/li>\n<li class=\"product-features__item-list__item\" role=\"listitem\"><span class=\"is--medium\">Arceau de maintien du fer :<\/span> Non<\/li>\n<li class=\"product-features__item-list__item\" role=\"listitem\"><span class=\"is--medium\">Syst\u00e8me de verrouillage :<\/span> oui, permet de fixer le fer \u00e0 sa base afin d&rsquo;\u00e9viter qu&rsquo;il ne glisse ou qu&rsquo;une personne ne touche la semelle chaude<\/li>\n<\/ul>\n<\/li>\n<\/ul>\n<\/li>\n<\/ul>\n<\/li>\n<\/ul>\n<\/li>\n<\/ul>\n<ul role=\"list\">\n<li class=\"product-features__item-list__item\" role=\"listitem\">\n<h3 class=\"product-features__label\">\u00a0 \u00a0 \u00a0 \u00a0Dimensions<\/h3>\n<ul role=\"list\">\n<li class=\"product-features__item-list__item\" role=\"listitem\"><span class=\"is--medium\">Dimensions l x h x p :<\/span> 19 x 22 x 37 cm<\/li>\n<li class=\"product-features__item-list__item\" role=\"listitem\"><span class=\"is--medium\">Poids\u00a0net :<\/span> 3,00 Kg<br \/>\n<h3 class=\"product-features__label\">Informations et Services<\/h3>\n<ul role=\"list\">\n<li class=\"product-features__item-list__item\" role=\"listitem\"><span class=\"is--medium\">Fabriqu\u00e9 en :<\/span> Chine<\/li>\n<li class=\"product-features__item-list__item\" role=\"listitem\"><span class=\"is--medium\">Disponibilit\u00e9 des pi\u00e8ces d\u00e9tach\u00e9es (donn\u00e9es fournisseur) :<\/span> Non communiqu\u00e9e<\/li>\n<\/ul>\n<\/li>\n<\/ul>\n<\/li>\n<\/ul>\n<\/li>\n<\/ul>\n<\/div>\n<div class=\"product__disclosure-content\">\n<div class=\"js-read-more product-description__content\" style=\"max-height: 500px; overflow: hidden;\" data-read-more-name=\"description\">\n<p>La puissante vapeur continue vous permet un repassage rapide et facile. Gr\u00e2ce \u00e0 la technologie OptimalTEMP, vous n&rsquo;avez plus \u00e0 r\u00e9gler la temp\u00e9rature pour chacun de vos tissus. Compacte et leg\u00e8re, elle est con\u00e7ue pour un utilisation et un rangement simplifi\u00e9s.Repassez tous types de textiles, du jean jusqu&rsquo;\u00e0 la soie, sans avoir \u00e0 r\u00e9gler la temp\u00e9rature. OptimalTEMP rend le s\u00e9lecteur et les r\u00e9glages inutiles. Il n&rsquo;est plus n\u00e9cessaire de trier le linge et d&rsquo;attendre que le fer chauffe ou refroidisse. Vous \u00eates pr\u00eat \u00e0 repasser tous les tissus, \u00e0 tout moment.Gr\u00e2ce \u00e0 la technologie OptimalTEMP, ce fer ne br\u00fblera aucun tissu repassable. Vous pouvez laisser la semelle sur vos v\u00eatements ou sur la planche \u00e0 repasser sans risquer de les br\u00fbler ou de les polir. C&rsquo;est garanti.Le format compact et l\u00e9ger est pratique \u00e0 ranger et tient facilement sur la table \u00e0 repasser. Gr\u00e2ce \u00e0 la technologie exclusive ProVelocity, nos centrales vapeur sont plus petites et compactes que jamais.Notre semelle sp\u00e9ciale SteamGlide glisse en douceur tous les tissus. Elle est antiadh\u00e9sive, facile \u00e0 nettoyer et r\u00e9siste aux rayures.La vapeur puissante et continue permet de repasser les tissus les plus \u00e9pais en toute simplicit\u00e9. Les faux plis disparaissent avec l&rsquo;application d&rsquo;un effet pressing l\u00e0 o\u00f9 vous en avez besoin. Cette vapeur suppl\u00e9mentaire est \u00e9galement id\u00e9ale pour le d\u00e9froissage vertical des v\u00eatements et des rideaux.Le r\u00e9servoir transparent de 1,5 l vous permet 1,5 h d&rsquo;utilisation continue. Vous voyez clairement la quantit\u00e9 d&rsquo;eau restante, et vous pouvez le remplir facilement au robinet, gr\u00e2ce \u00e0 sa grande ouverture de remplissage.Notre syst\u00e8me anticalcaire int\u00e9gr\u00e9 Smart Calc Clean vous rappelle quand vous devez proc\u00e9der \u00e0 un d\u00e9tartrage. Il inclut un r\u00e9servoir facilitant l&rsquo;op\u00e9ration. Vous \u00e9vitez ainsi les cartouches et les surco\u00fbts.\u00c9conomisez de l&rsquo;\u00e9nergie en obtenant les m\u00eames excellents r\u00e9sultats. Le mode \u00c9CO r\u00e9duit la consommation d&rsquo;\u00e9nergie pour les v\u00eatements n\u00e9cessitant moins de vapeur.<\/p>\n<\/div>\n<\/div>","protected":false},"excerpt":{"rendered":"<div class=\"keypoints\">\n<h3 class=\"keypoints__title\">Les points cl\u00e9s<\/h3>\n<ul role=\"list\">\n<li class=\"keypoints__item\" role=\"listitem\">D\u00e9bit vapeur : 120 g\/min &#8211; Surplus d\u00e9bit vapeur : 400 g\/min<\/li>\n<li class=\"keypoints__item\" role=\"listitem\">R\u00e9servoir : 1,50 L<\/li>\n<li class=\"keypoints__item\" role=\"listitem\">Pression : 6,5 bars &#8211; Arr\u00eat automatique : 30 mn<\/li>\n<\/ul>\n<\/div>","protected":false},"featured_media":79897,"template":"","meta":{"_glsr_average":0,"_glsr_ranking":0,"_glsr_reviews":0},"product_cat":[425],"product_tag":[426,153,154],"class_list":{"0":"post-79898","1":"product","2":"type-product","3":"status-publish","4":"has-post-thumbnail","6":"product_cat-centrale-vapeur","7":"product_tag-centrale-vapeur","8":"product_tag-maison-entretien","9":"product_tag-repassage","11":"first","12":"instock","13":"sale","14":"shipping-taxable","15":"purchasable","16":"product-type-simple"},"_links":{"self":[{"href":"https:\/\/electromenagerexpress.com\/en\/wp-json\/wp\/v2\/product\/79898","targetHints":{"allow":["GET"]}}],"collection":[{"href":"https:\/\/electromenagerexpress.com\/en\/wp-json\/wp\/v2\/product"}],"about":[{"href":"https:\/\/electromenagerexpress.com\/en\/wp-json\/wp\/v2\/types\/product"}],"wp:featuredmedia":[{"embeddable":true,"href":"https:\/\/electromenagerexpress.com\/en\/wp-json\/wp\/v2\/media\/79897"}],"wp:attachment":[{"href":"https:\/\/electromenagerexpress.com\/en\/wp-json\/wp\/v2\/media?parent=79898"}],"wp:term":[{"taxonomy":"product_cat","embeddable":true,"href":"https:\/\/electromenagerexpress.com\/en\/wp-json\/wp\/v2\/product_cat?post=79898"},{"taxonomy":"product_tag","embeddable":true,"href":"https:\/\/electromenagerexpress.com\/en\/wp-json\/wp\/v2\/product_tag?post=79898"}],"curies":[{"name":"wp","href":"https:\/\/api.w.org\/{rel}","templated":true}]}}