{"id":79871,"date":"2024-11-24T14:55:56","date_gmt":"2024-11-24T14:55:56","guid":{"rendered":"https:\/\/electromenagerexpress.com\/product\/defroisseur-vapeur-purificateurcalorut2020c0-cube\/"},"modified":"2024-11-24T14:56:17","modified_gmt":"2024-11-24T14:56:17","slug":"defroisseur-vapeur-purificateurcalorut2020c0-cube","status":"publish","type":"product","link":"https:\/\/electromenagerexpress.com\/en\/product\/defroisseur-vapeur-purificateurcalorut2020c0-cube\/","title":{"rendered":"D\u00e9froisseur vapeur purificateur\t\t\t\t\t\t\tCALOR\t\t\t\tUT2020C0 Cube"},"content":{"rendered":"<div class=\"product-features__content\">\n<ul role=\"list\">\n<li class=\"product-features__item\" role=\"listitem\">\n<h3 class=\"product-features__label\">Choisir ce produit pour quels usages ?<\/h3>\n<ul role=\"list\">\n<li class=\"product-features__item-list__item\" role=\"listitem\"><span class=\"is--medium\">Gain de place :<\/span> Le d\u00e9froisseur vapeur vous permet de gagner de l&rsquo;espace dans vos rangements.\t\t\t\t\t<\/li>\n<li class=\"product-features__item-list__item\" role=\"listitem\"><span class=\"is--medium\">Temps de chauffe :<\/span> Avec le temps de chauffre r\u00e9duit, le d\u00e9froisseur vapeur vous permet de gagner du temps.\t\t\t\t\t<\/li>\n<\/ul>\n<\/li>\n<li class=\"product-features__item\" role=\"listitem\">\n<h3 class=\"product-features__label\">Vapeur<\/h3>\n<ul role=\"list\">\n<li class=\"product-features__item-list__item\" role=\"listitem\"><span class=\"is--medium\">Pression :<\/span> 5,8 bars\t\t\t\t\t<\/li>\n<li class=\"product-features__item-list__item\" role=\"listitem\"><span class=\"is--medium\">Puissance :<\/span> 2.170 W\t\t\t\t\t<\/li>\n<li class=\"product-features__item-list__item\" role=\"listitem\"><span class=\"is--medium\">Temps de chauffe :<\/span> 70 s\t\t\t\t\t<\/li>\n<li class=\"product-features__item-list__item\" role=\"listitem\"><span class=\"is--medium\">Choix de d\u00e9bit vapeur :<\/span> Oui\t\t\t\t\t<\/li>\n<li class=\"product-features__item-list__item\" role=\"listitem\"><span class=\"is--medium\">D\u00e9bit de vapeur :<\/span> 90 g\/min\t\t\t\t\t<\/li>\n<li class=\"product-features__item-list__item\" role=\"listitem\"><span class=\"is--medium\">\u00c0 quoi sert le d\u00e9bit vapeur :<\/span> gr\u00e2ce \u00e0 la vapeur les fibres du linge se d\u00e9tendent, et plus il y a de vapeur, plus le d\u00e9froissage est efficace, facile et rapide\t\t\t\t\t<\/li>\n<li class=\"product-features__item-list__item\" role=\"listitem\"><span class=\"is--medium\">Rafraichit et assainit :<\/span> oui, \u00e9limine jusqu&rsquo;\u00e0 99,9% des microbes et bact\u00e9ries. Rafra\u00eechit et neutralise les odeurs pour garder votre linge frais\t\t\t\t\t<\/li>\n<\/ul>\n<\/li>\n<li class=\"product-features__item\" role=\"listitem\">\n<h3 class=\"product-features__label\">Manche \/ Cordon \/ Semelle<\/h3>\n<ul role=\"list\">\n<li class=\"product-features__item-list__item\" role=\"listitem\"><span class=\"is--medium\">Longueur du cordon vapeur :<\/span> 3,0 m\t\t\t\t\t<\/li>\n<li class=\"product-features__item-list__item\" role=\"listitem\"><span class=\"is--medium\">Range Cordon :<\/span> Oui\t\t\t\t\t<\/li>\n<\/ul>\n<\/li>\n<li class=\"product-features__item\" role=\"listitem\">\n<h3 class=\"product-features__label\">R\u00e9servoir<\/h3>\n<ul role=\"list\">\n<li class=\"product-features__item-list__item\" role=\"listitem\"><span class=\"is--medium\">Capacit\u00e9 du r\u00e9servoir :<\/span> 1,10 L\t\t\t\t\t<\/li>\n<li class=\"product-features__item-list__item\" role=\"listitem\"><span class=\"is--medium\">R\u00e9servoir amovible :<\/span> Oui\t\t\t\t\t<\/li>\n<li class=\"product-features__item-list__item\" role=\"listitem\"><span class=\"is--medium\">Le saviez-vous ? :<\/span> Un r\u00e9servoir amovible assure un remplissage tr\u00e8s simple et une autonomie illimit\u00e9e de votre appareil\t\t\t\t\t<\/li>\n<li class=\"product-features__item-list__item\" role=\"listitem\"><span class=\"is--medium\">Autonomie (r\u00e9servoir plein) :<\/span> Illimit\u00e9e\t\t\t\t\t<\/li>\n<li class=\"product-features__item-list__item\" role=\"listitem\"><span class=\"is--medium\">Eaux accept\u00e9es :<\/span> Robinet\t\t\t\t\t<\/li>\n<li class=\"product-features__item-list__item\" role=\"listitem\"><span class=\"is--medium\">Indicateur de niveau d&rsquo;eau :<\/span> Non\t\t\t\t\t<\/li>\n<li class=\"product-features__item-list__item\" role=\"listitem\"><span class=\"is--medium\">T\u00e9moin de r\u00e9servoir vide :<\/span> Oui\t\t\t\t\t<\/li>\n<\/ul>\n<\/li>\n<li class=\"product-features__item\" role=\"listitem\">\n<h3 class=\"product-features__label\">Confort d&rsquo;utilisation<\/h3>\n<ul role=\"list\">\n<li class=\"product-features__item-list__item\" role=\"listitem\"><span class=\"is--medium\">Roues \/ Roulettes :<\/span> Non\t\t\t\t\t<\/li>\n<li class=\"product-features__item-list__item\" role=\"listitem\"><span class=\"is--medium\">Manche \/ T\u00eate pliable :<\/span> Oui\t\t\t\t\t<\/li>\n<\/ul>\n<\/li>\n<li class=\"product-features__item\" role=\"listitem\">\n<h3 class=\"product-features__label\">Traitement anti-calcaire<\/h3>\n<ul role=\"list\">\n<li class=\"product-features__item-list__item\" role=\"listitem\"><span class=\"is--medium\">Syst\u00e8me anti-calcaire :<\/span> Oui\t\t\t\t\t<\/li>\n<li class=\"product-features__item-list__item\" role=\"listitem\"><span class=\"is--medium\">Le saviez-vous ? :<\/span> Le calcaire risque d&rsquo;obstruer les conduits d&rsquo;\u00e9vacuation de la vapeur et donc de r\u00e9duire son efficacit\u00e9 mais aussi la dur\u00e9e de vie de votre d\u00e9froisseur. Il est donc primordial de d\u00e9trarter votre d\u00e9froisseur ainsi que le semelle r\u00e9guli\u00e8rement\t\t\t\t\t<\/li>\n<li class=\"product-features__item-list__item\" role=\"listitem\"><span class=\"is--medium\">J&rsquo;entretiens mon defroisseur :<\/span> <u><a href=\"https:\/\/www.boulanger.com\/c\/nav-filtre\/accessoire-repassage-soin-du-linge?facette_accesoires_repassage_____facette_type_accesoires_repassage~entretien20repassage\" target=\"_blank\">en sa<\/a><\/u><\/li>\n<\/ul>\n<\/li>\n<li class=\"product-features__item\" role=\"listitem\">\n<h3 class=\"product-features__label\">Equipement<\/h3>\n<ul role=\"list\">\n<li class=\"product-features__item-list__item\" role=\"listitem\"><span class=\"is--medium\">Brosse tissu \u00e9pais :<\/span> La brosse permet d&rsquo;avoir une meilleure qualit\u00e9 de d\u00e9froissage sur les tissus \u00e9pais\t\t\t\t\t<\/li>\n<\/ul>\n<\/li>\n<li class=\"product-features__item\" role=\"listitem\">\n<h3 class=\"product-features__label\">Dimensions<\/h3>\n<ul role=\"list\">\n<li class=\"product-features__item-list__item\" role=\"listitem\"><span class=\"is--medium\">L x H x P: :<\/span> 24.4 x 30.5 x 15.5 cm\t\t\t\t\t<\/li>\n<li class=\"product-features__item-list__item\" role=\"listitem\"><span class=\"is--medium\">Poids: :<\/span> 4,25 Kg\t\t\t\t\t<\/li>\n<\/ul>\n<\/li>\n<li class=\"product-features__item\" role=\"listitem\">\n<h3 class=\"product-features__label\">Informations et Services<\/h3>\n<ul role=\"list\">\n<li class=\"product-features__item-list__item\" role=\"listitem\"><span class=\"is--medium\">R\u00e9f\u00e9rence constructeur :<\/span> Purificateur Cube UT2020C0\t\t\t\t\t<\/li>\n<li class=\"product-features__item-list__item\" role=\"listitem\"><span class=\"is--medium\">Marque :<\/span> CALOR\t\t\t\t\t<\/li>\n<li class=\"product-features__item-list__item\" role=\"listitem\"><span class=\"is--medium\">Garantie :<\/span> 2 ans\t\t\t\t\t<\/li>\n<li class=\"product-features__item-list__item\" role=\"listitem\"><span class=\"is--medium\">Disponibilit\u00e9 des pi\u00e8ces d\u00e9tach\u00e9es (donn\u00e9es fournisseur) :<\/span> Pendant 15 ans, \u00e0 compter de la date d&rsquo;achat\t\t\t\t\t<\/li>\n<li class=\"product-features__item-list__item\" role=\"listitem\"><span class=\"is--medium\">Fabriqu\u00e9 en :<\/span> France (par le Groupe SEB)\t\t\t\t\t<\/li>\n<li class=\"product-features__item-list__item\" role=\"listitem\"><span class=\"is--medium\">D\u00e9couvrez les produits Made In France du Groupe Seb :<\/span> <u><a href=\"https:\/\/www.boulanger.com\/evenement\/univers_seb\" target=\"_blank\">en sa<\/a><\/u><\/li>\n<\/ul>\n<\/li>\n<\/ul>\n<\/div>\n<div class=\"product__disclosure-content\">\n<div class=\"js-read-more product-description__content read-more read-more--truncated\" data-read-more-name=\"description\" style=\"max-height: 500px; overflow: hidden;\">\n<div class=\"description\" itemprop=\"description\">\n<h3 style=\"text-align: center !important\">AVEC CUBE DE CALOR, FAITES LE CHOIX D&rsquo;UN FUTUR PLUS SAIN. Nouveau, CUBE est le premier d\u00e9froisseur purificateur \u00e0 vapeur haute pression et mobile de Calor qui assainit et rafra\u00eechit tous vos textiles gr\u00e2ce \u00e0 la puissance 100 % naturelle de la vapeur.<\/h3>\n<h3>IL TUE JUSQU&rsquo;\u00c0 99,99 % DES VIRUS, BACT\u00c9RIES ET GERMES<img fetchpriority=\"high\" decoding=\"async\" class=\"wy_tableau_gauche\" height=\"216\" src=\"https:\/\/boulanger.scene7.com\/is\/image\/Boulanger\/3121040082287_h_b_l_1?wid=375&amp;hei=270\" style=\"margin-top: 0px !important\" width=\"300\"\/><\/h3>\n<p>Aussi puissant qu&rsquo;une centrale vapeur, le d\u00e9froisseur purificateur CUBE est la solution innovante pour d\u00e9sinfecter et purifier : sa haute pression \u00e0 5,8 bars permet d&rsquo;envoyer la vapeur avec force au coeur des fibres de tous les tissus, puis combin\u00e9e \u00e0 une temp\u00e9rature \u00e9lev\u00e9e, d&rsquo;\u00e9liminer efficacement les virus et bact\u00e9ries. CUBE devient l&rsquo;alli\u00e9 d&rsquo;une maison assainie et purifi\u00e9e.De plus, la puissance naturelle de la vapeur r\u00e9duit les odeurs sur les textiles et neutralise les allerg\u00e8nes pour un environnement de vie frais et revitalis\u00e9.<\/p>\n<hr\/>\n<h3>UTILIS\u00c9 PARTOUT ET DANS TOUTES LES POSITIONS<img decoding=\"async\" class=\"wy_tableau_right\" height=\"216\" src=\"https:\/\/boulanger.scene7.com\/is\/image\/Boulanger\/3121040082287_h_z_l_4?wid=382&amp;hei=270\" style=\"margin-top: 0px !important\" width=\"300\"\/>\u00a0<\/h3>\n<p>Mobile, il est op\u00e9rationnel en 70 secondes environ ; le d\u00e9froisseur purificateur CUBE peut \u00eatre transport\u00e9 d&rsquo;une pi\u00e8ce \u00e0 l&rsquo;autre (port\u00e9e de 4,80 m) et permet de d\u00e9sinfecter sans effort le canap\u00e9, les rideaux, la literie, le linge de maison, les jouets des enfants, le panier du chien et tous les objets de la maison.\u00a0<\/p>\n<hr\/>\n<h3>UNE VRAIE R\u00c9VOLUTION POUR UNE MAISON PLUS SAINE<img decoding=\"async\" class=\"wy_tableau_gauche\" height=\"216\" src=\"https:\/\/boulanger.scene7.com\/is\/image\/Boulanger\/3121040082287_h_z_l_3?wid=476&amp;hei=270\" style=\"margin-top: 0px !important\" width=\"300\"\/><\/h3>\n<p>Prendre soin de son linge n&rsquo;est plus seulement une question de repassage ou d\u00e9froissage : assainir, rafra\u00eechir ou encore d\u00e9sinfecter le textile devient primordial avec le contexte sanitaire actuel. Et bien s\u00fbr, il repasse et d\u00e9froisse vos v\u00eatements \u00e0 la perfection, y compris les plus fragiles comme la soie, avec son d\u00e9bit de vapeur continu jusqu&rsquo;\u00e0 90 g\/min et sa fonction pressing de 200 g\/mn pour les plis r\u00e9calcitrants. Deux fois plus l\u00e9g\u00e8re qu&rsquo;un fer \u00e0 repasser classique, la t\u00eate p\u00e8se uniquement 530 grammes et pr\u00e9sente un design l\u00e9ger, optimis\u00e9, ergonomique et facile \u00e0 utiliser.<\/p>\n<hr\/>\n<h3>FABRICATION FRANCAISE<img loading=\"lazy\" decoding=\"async\" alt=\"D\u00e9froisseur Laurastar\" class=\"wy_tableau_right\" height=\"216\" src=\"https:\/\/boulanger.scene7.com\/is\/image\/Boulanger\/3121040082287_h_z_l_5?wid=300&amp;hei=270\" style=\"margin-top: 0px !important\" width=\"250\"\/><\/h3>\n<p>Calor, N\u00b01 fran\u00e7ais du soin du linge innove et invente CUBE. Fabriqu\u00e9 en France \u00e0 Pont-Ev\u00eaque en Is\u00e8re, un site dot\u00e9 d&rsquo;un centre d&rsquo;expertise en soin du linge de plus de 100 ans, CUBE b\u00e9n\u00e9ficie d&rsquo;une technologie de pointe mise au service d&rsquo;un produit novateur. CUBE est garanti 2 ans et b\u00e9n\u00e9ficie d&rsquo;une r\u00e9parabilit\u00e9 de 15 ans : mise \u00e0 disposition rapide des pi\u00e8ces \u00e0 co\u00fbt limit\u00e9 pendant 15 ans et plus, dans l&rsquo;un des 6500 centres de r\u00e9parations dans le monde.<\/p>\n<hr\/>\n<\/div>\n<p><video class=\"s7Video\" controls=\"\" controlslist=\"nodownload\" poster=\"https:\/\/boulanger.scene7.com\/is\/image\/Boulanger\/3121040082287_v_0?scl=1\" preload=\"metadata\" src=\"https:\/\/boulanger.scene7.com\/is\/content\/Boulanger\/3121040082287_v_0\" width=\"100%\"><\/video><\/p>\n<\/div>\n<p><bl-button a11yexpanded=\"false\" arialabel=\"Afficher toute la description\" class=\"read-more__btn\" full=\"false\" link=\"true\"><\/bl-button><\/div>","protected":false},"excerpt":{"rendered":"<div class=\"keypoints\">\n<h3 class=\"keypoints__title\">Les points cl\u00e9s<\/h3>\n<ul role=\"list\">\n<li class=\"keypoints__item\" role=\"listitem\">                                        D\u00e9bit de vapeur : 90 g\/min                      <\/li>\n<li class=\"keypoints__item\" role=\"listitem\">                                        Capacit\u00e9 du r\u00e9servoir : 1,10 L                      <\/li>\n<li class=\"keypoints__item\" role=\"listitem\">                          Temps de chauffe : 70 s &#8211;                                        Puissance : 2.170 W &#8211;                                                      Poids: : 4,25 Kg                      <\/li>\n<li class=\"keypoints__item\" role=\"listitem\">                                        Pression : 5,8 bars                      <\/li>\n<li class=\"keypoints__item keypoints__item--advantage\" role=\"listitem\"><strong>Le + :<\/strong> sa t\u00eate de repassage chauffante \u00e0 145\u00b0C pour un repassage et un d\u00e9froissage tr\u00e8s performants.      <\/li>\n<\/ul>","protected":false},"featured_media":79870,"template":"","meta":{"_glsr_average":0,"_glsr_ranking":0,"_glsr_reviews":0},"product_cat":[152],"product_tag":[155,153,154],"class_list":{"0":"post-79871","1":"product","2":"type-product","3":"status-publish","4":"has-post-thumbnail","6":"product_cat-defroisseur-vapeur","7":"product_tag-defroisseur-vapeur","8":"product_tag-maison-entretien","9":"product_tag-repassage","11":"first","12":"instock","13":"sale","14":"shipping-taxable","15":"purchasable","16":"product-type-simple"},"_links":{"self":[{"href":"https:\/\/electromenagerexpress.com\/en\/wp-json\/wp\/v2\/product\/79871","targetHints":{"allow":["GET"]}}],"collection":[{"href":"https:\/\/electromenagerexpress.com\/en\/wp-json\/wp\/v2\/product"}],"about":[{"href":"https:\/\/electromenagerexpress.com\/en\/wp-json\/wp\/v2\/types\/product"}],"wp:featuredmedia":[{"embeddable":true,"href":"https:\/\/electromenagerexpress.com\/en\/wp-json\/wp\/v2\/media\/79870"}],"wp:attachment":[{"href":"https:\/\/electromenagerexpress.com\/en\/wp-json\/wp\/v2\/media?parent=79871"}],"wp:term":[{"taxonomy":"product_cat","embeddable":true,"href":"https:\/\/electromenagerexpress.com\/en\/wp-json\/wp\/v2\/product_cat?post=79871"},{"taxonomy":"product_tag","embeddable":true,"href":"https:\/\/electromenagerexpress.com\/en\/wp-json\/wp\/v2\/product_tag?post=79871"}],"curies":[{"name":"wp","href":"https:\/\/api.w.org\/{rel}","templated":true}]}}