{"id":79828,"date":"2024-11-24T14:55:18","date_gmt":"2024-11-24T14:55:18","guid":{"rendered":"https:\/\/electromenagerexpress.com\/product\/table-a-repasserjoseph-josephglide-max-plus\/"},"modified":"2024-11-24T14:55:24","modified_gmt":"2024-11-24T14:55:24","slug":"table-a-repasserjoseph-josephglide-max-plus","status":"publish","type":"product","link":"https:\/\/electromenagerexpress.com\/en\/product\/table-a-repasserjoseph-josephglide-max-plus\/","title":{"rendered":"Table \u00e0 repasser\t\t\t\t\t\t\tJOSEPH JOSEPH\t\t\t\tGlide Max Plus"},"content":{"rendered":"<div class=\"product-features__content\">\n<ul role=\"list\">\n<li class=\"product-features__item\" role=\"listitem\">\n<h3 class=\"product-features__label\">Plateau<\/h3>\n<ul role=\"list\">\n<li class=\"product-features__item-list__item\" role=\"listitem\"><span class=\"is--medium\">Dimensions :<\/span> 150 x 47 cm\t\t\t\t\t<\/li>\n<li class=\"product-features__item-list__item\" role=\"listitem\"><span class=\"is--medium\">Mat\u00e9riaux :<\/span> Acier\t\t\t\t\t<\/li>\n<li class=\"product-features__item-list__item\" role=\"listitem\"><span class=\"is--medium\">R\u00e9tractable :<\/span> Oui, permet de ranger facilement la table \u00e0 repaser dans un placard gr\u00e2ce a sa compacit\u00e9\t\t\t\t\t<\/li>\n<li class=\"product-features__item-list__item\" role=\"listitem\"><span class=\"is--medium\">Niveaux de r\u00e9glage de hauteur :<\/span> 5\t\t\t\t\t<\/li>\n<\/ul>\n<\/li>\n<li class=\"product-features__item\" role=\"listitem\">\n<h3 class=\"product-features__label\">Caract\u00e9ristiques g\u00e9n\u00e9rales<\/h3>\n<ul role=\"list\">\n<li class=\"product-features__item-list__item\" role=\"listitem\"><span class=\"is--medium\">Fonction :<\/span> Table \u00e0 repasser\t\t\t\t\t<\/li>\n<li class=\"product-features__item-list__item\" role=\"listitem\"><span class=\"is--medium\">Plateau :<\/span> 150 x 47 cm\t\t\t\t\t<\/li>\n<li class=\"product-features__item-list__item\" role=\"listitem\"><span class=\"is--medium\">Mati\u00e8re du plateau :<\/span> Acier\t\t\t\t\t<\/li>\n<li class=\"product-features__item-list__item\" role=\"listitem\"><span class=\"is--medium\">Plateau microperfor\u00e9 :<\/span> Oui\t\t\t\t\t<\/li>\n<li class=\"product-features__item-list__item\" role=\"listitem\"><span class=\"is--medium\">Type de housse :<\/span> Molletonn\u00e9e\t\t\t\t\t<\/li>\n<li class=\"product-features__item-list__item\" role=\"listitem\"><span class=\"is--medium\">Mati\u00e8re de la housse :<\/span> Coton et polyester\t\t\t\t\t<\/li>\n<li class=\"product-features__item-list__item\" role=\"listitem\"><span class=\"is--medium\">Couleur de la housse :<\/span> Bleu\t\t\t\t\t<\/li>\n<li class=\"product-features__item-list__item\" role=\"listitem\"><span class=\"is--medium\">Type de repose fer :<\/span> Pour fer et centrale vapeur\t\t\t\t\t<\/li>\n<li class=\"product-features__item-list__item\" role=\"listitem\"><span class=\"is--medium\">Repose fer :<\/span> Coulissant\t\t\t\t\t<\/li>\n<li class=\"product-features__item-list__item\" role=\"listitem\"><span class=\"is--medium\">Structure :<\/span> Acier thermo-laqu\u00e9\t\t\t\t\t<\/li>\n<li class=\"product-features__item-list__item\" role=\"listitem\"><span class=\"is--medium\">Pi\u00e8tement :<\/span> Acier thermo-laqu\u00e9\t\t\t\t\t<\/li>\n<li class=\"product-features__item-list__item\" role=\"listitem\"><span class=\"is--medium\">Repose cintre int\u00e9gr\u00e9 :<\/span> Non\t\t\t\t\t<\/li>\n<li class=\"product-features__item-list__item\" role=\"listitem\"><span class=\"is--medium\">Repose linge int\u00e9gr\u00e9 :<\/span> Non\t\t\t\t\t<\/li>\n<li class=\"product-features__item-list__item\" role=\"listitem\"><span class=\"is--medium\">Hauteur r\u00e9glable :<\/span> Oui\t\t\t\t\t<\/li>\n<li class=\"product-features__item-list__item\" role=\"listitem\"><span class=\"is--medium\">Guide fil :<\/span> Non\t\t\t\t\t<\/li>\n<li class=\"product-features__item-list__item\" role=\"listitem\"><span class=\"is--medium\">La marque vous parle : :<\/span> R\u00e9glable en 5 positions de hauteur diff\u00e9rentes (79 \u00e0 99 cm). Rangement compact. Crochet de suspension mural. Housse Glide Plus multicouche, con\u00e7ue pour un repassage ultra-lisse, plus rapide, qui emp\u00eache les \u00e9gouttements. Repose-fer \u00e0 vapeur extra-large r\u00e9tractable.\t\t\t\t\t<\/li>\n<\/ul>\n<\/li>\n<li class=\"product-features__item\" role=\"listitem\">\n<h3 class=\"product-features__label\">Dimensions et poids<\/h3>\n<ul role=\"list\">\n<li class=\"product-features__item-list__item\" role=\"listitem\"><span class=\"is--medium\">Dimensions (pli\u00e9 en cm) :<\/span> 150 cm (longueur) x 47 cm (largeur) x 13 cm (profondeur)\t\t\t\t\t<\/li>\n<li class=\"product-features__item-list__item\" role=\"listitem\"><span class=\"is--medium\">Dimensions (d\u00e9pli\u00e9 en cm) :<\/span> 150 cm (longueur) x 47 cm (largeur) Hauteur : 79 \u00e0 99 cm\t\t\t\t\t<\/li>\n<\/ul>\n<\/li>\n<\/ul>\n<\/div>\n<div class=\"product__disclosure-content\">\n<div class=\"js-read-more product-description__content read-more read-more--truncated\" data-read-more-name=\"description\" style=\"max-height: 500px; overflow: hidden;\">\n<div class=\"product__description-content read-more\" style=\"\">\n<p>Table \u00e0 repasser JOSEPH JOSEPH Glide Max Plus : l&rsquo;alli\u00e9e du repassage quotidien<\/p>\n<h3> <img fetchpriority=\"high\" decoding=\"async\" ,=\"\" alt=\"Table \u00e0 repasser JOSEPH JOSEPH Glide Max Plus\" class=\"wy_tableau_gauche\" height=\"270\" src=\"https:\/\/boulanger.scene7.com\/is\/image\/Boulanger\/5028420008531_h_f_l_0?wid=400&amp;hei=270\" width=\"400\"\/>Conception robuste et fonctionnelle <\/h3>\n<p> La table \u00e0 repasser JOSEPH JOSEPH Glide Max Plus se distingue par sa conception en acier thermo-laqu\u00e9, gage de durabilit\u00e9 et de stabilit\u00e9. Avec un plateau microperfor\u00e9 de dimensions g\u00e9n\u00e9reuses, 150 x 47 cm, elle offre un espace de travail confortable pour repasser tous types de linge. La housse molletonn\u00e9e en coton et polyester, de couleur bleue, assure un repassage ultra-lisse et rapide, tout en pr\u00e9venant les \u00e9gouttements. Le repose-fer coulissant, adapt\u00e9 \u00e0 la fois pour un fer classique et une centrale vapeur, compl\u00e8te cette table \u00e0 la pointe de la praticit\u00e9. <\/p>\n<\/p>\n<h3> <img decoding=\"async\" ,=\"\" alt=\"Table \u00e0 repasser JOSEPH JOSEPH Glide Max Plus\" class=\"wy_tableau_right\" height=\"270\" src=\"https:\/\/boulanger.scene7.com\/is\/image\/Boulanger\/5028420008531_h_f_l_1?wid=400&amp;hei=270\" width=\"400\"\/>Ergonomie et rangement optimis\u00e9s <\/h3>\n<p> La table \u00e0 repasser JOSEPH JOSEPH Glide Max Plus est con\u00e7ue pour s&rsquo;adapter \u00e0 l&rsquo;utilisateur gr\u00e2ce \u00e0 son syst\u00e8me de r\u00e9glage en hauteur sur 5 niveaux, de 79 \u00e0 99 cm. Son rangement est facilit\u00e9 par sa capacit\u00e9 \u00e0 se r\u00e9tracter pour une compacit\u00e9 maximale et par l&rsquo;accroche murale int\u00e9gr\u00e9e, permettant de la suspendre ais\u00e9ment. Cette table reste un choix de pr\u00e9dilection pour ceux qui cherchent \u00e0 allier efficacit\u00e9 de repassage et facilit\u00e9 de rangement dans leur quotidien. <\/p>\n<\/p><\/div>\n<\/p>\n<\/div>\n<p><bl-button a11yexpanded=\"false\" arialabel=\"Afficher toute la description\" class=\"read-more__btn\" full=\"false\" link=\"true\"><\/bl-button><\/div>","protected":false},"excerpt":{"rendered":"<div class=\"keypoints\">\n<h3 class=\"keypoints__title\">Les points cl\u00e9s<\/h3>\n<ul role=\"list\">\n<li class=\"keypoints__item\" role=\"listitem\">                                        Plateau : 150 x 47 cm                      <\/li>\n<li class=\"keypoints__item\" role=\"listitem\">                                        Dimensions (pli\u00e9 en cm) : 150 cm (longueur) x 47 cm (largeur) x 13 cm (profondeur)                      <\/li>\n<li class=\"keypoints__item\" role=\"listitem\">                                        Hauteur r\u00e9glable                      <\/li>\n<li class=\"keypoints__item\" role=\"listitem\">                                        Type de repose fer : Pour fer et centrale vapeur                      <\/li>\n<\/ul>","protected":false},"featured_media":79827,"template":"","meta":{"_glsr_average":0,"_glsr_ranking":0,"_glsr_reviews":0},"product_cat":[427],"product_tag":[153,154,428],"class_list":{"0":"post-79828","1":"product","2":"type-product","3":"status-publish","4":"has-post-thumbnail","6":"product_cat-table-a-repasser","7":"product_tag-maison-entretien","8":"product_tag-repassage","9":"product_tag-table-a-repasser","11":"first","12":"instock","13":"sale","14":"shipping-taxable","15":"purchasable","16":"product-type-simple"},"_links":{"self":[{"href":"https:\/\/electromenagerexpress.com\/en\/wp-json\/wp\/v2\/product\/79828","targetHints":{"allow":["GET"]}}],"collection":[{"href":"https:\/\/electromenagerexpress.com\/en\/wp-json\/wp\/v2\/product"}],"about":[{"href":"https:\/\/electromenagerexpress.com\/en\/wp-json\/wp\/v2\/types\/product"}],"wp:featuredmedia":[{"embeddable":true,"href":"https:\/\/electromenagerexpress.com\/en\/wp-json\/wp\/v2\/media\/79827"}],"wp:attachment":[{"href":"https:\/\/electromenagerexpress.com\/en\/wp-json\/wp\/v2\/media?parent=79828"}],"wp:term":[{"taxonomy":"product_cat","embeddable":true,"href":"https:\/\/electromenagerexpress.com\/en\/wp-json\/wp\/v2\/product_cat?post=79828"},{"taxonomy":"product_tag","embeddable":true,"href":"https:\/\/electromenagerexpress.com\/en\/wp-json\/wp\/v2\/product_tag?post=79828"}],"curies":[{"name":"wp","href":"https:\/\/api.w.org\/{rel}","templated":true}]}}