{"id":79802,"date":"2024-11-24T14:54:55","date_gmt":"2024-11-24T14:54:55","guid":{"rendered":"https:\/\/electromenagerexpress.com\/product\/centrale-vapeurcalorgv9554c0-pro-express-ultimate\/"},"modified":"2024-11-25T11:06:37","modified_gmt":"2024-11-25T11:06:37","slug":"centrale-vapeurcalorgv9554c0-pro-express-ultimate","status":"publish","type":"product","link":"https:\/\/electromenagerexpress.com\/en\/product\/centrale-vapeurcalorgv9554c0-pro-express-ultimate\/","title":{"rendered":"Centrale vapeur CALOR\tGV9554C0 Pro Express Ultimate"},"content":{"rendered":"<div class=\"product-features__content\">\n<h3 class=\"product-features__label\">\u00a0 \u00a0 \u00a0 \u00a0 \u00a0 \u00a0 \u00a0Vapeur<\/h3>\n<ul role=\"list\">\n<li style=\"list-style-type: none;\">\n<ul role=\"list\">\n<li class=\"product-features__item-list__item\" role=\"listitem\"><span class=\"is--medium\">Pression :<\/span> 8,0 bars<\/li>\n<li class=\"product-features__item-list__item\" role=\"listitem\"><span class=\"is--medium\">D\u00e9bit vapeur :<\/span> 120 g\/min<\/li>\n<li class=\"product-features__item-list__item\" role=\"listitem\"><span class=\"is--medium\">\u00c0 quoi sert le d\u00e9bit vapeur :<\/span> gr\u00e2ce \u00e0 la vapeur les fibres du linge se d\u00e9tendent, et plus il y a de vapeur, plus le repassage est efficace, facile et rapide<\/li>\n<li class=\"product-features__item-list__item\" role=\"listitem\"><span class=\"is--medium\">Surplus d\u00e9bit vapeur :<\/span> 530 g\/min<\/li>\n<li class=\"product-features__item-list__item\" role=\"listitem\"><span class=\"is--medium\">\u00c0 quoi sert le surplus d\u00e9bit vapeur :<\/span> appel\u00e9 \u00ab\u00a0effet pressing\u00a0\u00bb, la quantit\u00e9 de vapeur est plus importante, ce qui permet de chasser plus facilement les plis sur des tissus \u00e9pais (jean, velours).<\/li>\n<li class=\"product-features__item-list__item\" role=\"listitem\"><span class=\"is--medium\">D\u00e9froissage vertical :<\/span> Oui<\/li>\n<li class=\"product-features__item-list__item\" role=\"listitem\"><span class=\"is--medium\">\u00c0 quoi sert le d\u00e9froissage vertical :<\/span> utiliser le fer de votre centrale en d\u00e9froissage vertical sur les v\u00eatements d\u00e9licats, peu froiss\u00e9s et les tissus de type rideau ou voilage<\/li>\n<li class=\"product-features__item-list__item\" role=\"listitem\"><span class=\"is--medium\">Spray :<\/span> Non<\/li>\n<li class=\"product-features__item-list__item\" role=\"listitem\"><span class=\"is--medium\">Thermostat :<\/span> r\u00e9glage automatique<\/li>\n<li class=\"product-features__item-list__item\" role=\"listitem\"><span class=\"is--medium\">Temps de chauffe :<\/span> 2,00 mn<br \/>\n<h3 class=\"product-features__label\">Fer<\/h3>\n<ul role=\"list\">\n<li class=\"product-features__item-list__item\" role=\"listitem\"><span class=\"is--medium\">Type de fer :<\/span> Professionnel<\/li>\n<li class=\"product-features__item-list__item\" role=\"listitem\"><span class=\"is--medium\">Puissance :<\/span> 2.400 W<\/li>\n<li class=\"product-features__item-list__item\" role=\"listitem\"><span class=\"is--medium\">Type de semelle :<\/span> Durilium Airglide Autoclean<\/li>\n<li class=\"product-features__item-list__item\" role=\"listitem\"><span class=\"is--medium\">Le saviez-vous ? :<\/span> La technologie Durilium Airglide Autoclean offre une glisse optimale sur les tissus pour garantir un repassage rapide et facile. Le rev\u00eatement Autoclean permet de conserver une semelle en bon \u00e9tat et un d\u00e9bit de vapeur puissant<\/li>\n<li class=\"product-features__item-list__item\" role=\"listitem\"><span class=\"is--medium\">Repose fer :<\/span> Inclin\u00e9<br \/>\n<h3 class=\"product-features__label\">Traitement anti-calcaire<\/h3>\n<ul role=\"list\">\n<li class=\"product-features__item-list__item\" role=\"listitem\"><span class=\"is--medium\">Le saviez-vous ? :<\/span> Le calcaire risque d&rsquo;obstruer les conduits d&rsquo;\u00e9vacuation de la vapeur et donc de r\u00e9duire son efficacit\u00e9 mais aussi la dur\u00e9e de vie de votre centrale. Il est donc primordial de d\u00e9trarter votre centrale ainsi que le semelle r\u00e9guli\u00e8rement<\/li>\n<li class=\"product-features__item-list__item\" role=\"listitem\"><span class=\"is--medium\">Syst\u00e8me anti-calcaire :<\/span> Fonction anti-calcaire automatique<\/li>\n<li class=\"product-features__item-list__item\" role=\"listitem\"><span class=\"is--medium\">Cartouche anti-calcaire :<\/span> Non<\/li>\n<li class=\"product-features__item-list__item\" role=\"listitem\"><span class=\"is--medium\">Collecteur de tartre :<\/span> oui, en chauffant, l&rsquo;eau am\u00e8ne le calcaire dans le collecteur qui devra \u00eatre vid\u00e9 et rinc\u00e9 \u00e0 l&rsquo;eau pour \u00e9vacuer le calcaire<\/li>\n<li class=\"product-features__item-list__item\" role=\"listitem\"><span class=\"is--medium\">T\u00e9moin d&rsquo;alerte d\u00e9tartrage :<\/span> oui, permet d&rsquo;alerter sur un entretien \u00e0 r\u00e9aliser, reportez-vous \u00e0 la notice de votre appareil en suivant les indications de nettoyage<\/li>\n<li class=\"product-features__item-list__item\" role=\"listitem\"><span class=\"is--medium\">Eaux accept\u00e9es :<\/span> Robinet<br \/>\n<h3 class=\"product-features__label\">R\u00e9servoir<\/h3>\n<ul role=\"list\">\n<li class=\"product-features__item-list__item\" role=\"listitem\"><span class=\"is--medium\">R\u00e9servoir amovible : :<\/span> remplissez votre r\u00e9servoir \u00e0 tout moment pour une autonomie illimit\u00e9e durant vos s\u00e9ances de repassage<\/li>\n<li class=\"product-features__item-list__item\" role=\"listitem\"><span class=\"is--medium\">R\u00e9servoir :<\/span> 1,90 L<\/li>\n<li class=\"product-features__item-list__item\" role=\"listitem\"><span class=\"is--medium\">Capacit\u00e9 de r\u00e9servoir :<\/span> Capacit\u00e9 \u00e9lev\u00e9e (de 1,5L \u00e0 2L)<\/li>\n<li class=\"product-features__item-list__item\" role=\"listitem\"><span class=\"is--medium\">R\u00e9servoir amovible :<\/span> Oui<br \/>\n<h3 class=\"product-features__label\">S\u00e9curit\u00e9<\/h3>\n<ul role=\"list\">\n<li class=\"product-features__item-list__item\" role=\"listitem\"><span class=\"is--medium\">Arr\u00eat automatique :<\/span> 8 mn<\/li>\n<li class=\"product-features__item-list__item\" role=\"listitem\"><span class=\"is--medium\">\u00c0 quoi sert l&rsquo;arr\u00eat automatique :<\/span> pour plus de s\u00e9curit\u00e9, en cas de non utilisation du fer, la centrale vapeur s&rsquo;arr\u00eatera automatiquement<\/li>\n<li class=\"product-features__item-list__item\" role=\"listitem\"><span class=\"is--medium\">Arr\u00eat en cas de surchauffe :<\/span> Oui<\/li>\n<li class=\"product-features__item-list__item\" role=\"listitem\"><span class=\"is--medium\">Arceau de maintien du fer :<\/span> Oui<\/li>\n<li class=\"product-features__item-list__item\" role=\"listitem\"><span class=\"is--medium\">Syst\u00e8me de verrouillage :<\/span> oui, permet de fixer le fer \u00e0 sa base afin d&rsquo;\u00e9viter qu&rsquo;il ne glisse ou qu&rsquo;une personne ne touche la semelle chaude<br \/>\n<h3 class=\"product-features__label\">Dimensions<\/h3>\n<ul role=\"list\">\n<li class=\"product-features__item-list__item\" role=\"listitem\"><span class=\"is--medium\">Dimensions l x h x p :<\/span> 25 x 28.9 x 42.3 cm<\/li>\n<li class=\"product-features__item-list__item\" role=\"listitem\"><span class=\"is--medium\">Poids\u00a0net :<\/span> 5,26 Kg<br \/>\n<h3 class=\"product-features__label\">Informations et Services<\/h3>\n<ul role=\"list\">\n<li class=\"product-features__item-list__item\" role=\"listitem\"><span class=\"is--medium\">Fabriqu\u00e9 en :<\/span> France (par le Groupe SEB)<\/li>\n<li class=\"product-features__item-list__item\" role=\"listitem\"><span class=\"is--medium\">Disponibilit\u00e9 des pi\u00e8ces d\u00e9tach\u00e9es :<\/span> Pendant 15 ans, \u00e0 compter de la date d&rsquo;achat<\/li>\n<li class=\"product-features__item-list__item\" role=\"listitem\"><span class=\"is--medium\">Dur\u00e9e de la garantie Constructeur\u00a0 :<\/span> 2 ans<\/li>\n<li class=\"product-features__item-list__item\" role=\"listitem\"><span class=\"is--medium\">D\u00e9couvrez les produits Made In France du Groupe Seb\u00a0<\/span><\/li>\n<\/ul>\n<\/li>\n<\/ul>\n<\/li>\n<\/ul>\n<\/li>\n<\/ul>\n<\/li>\n<\/ul>\n<\/li>\n<\/ul>\n<\/li>\n<\/ul>\n<\/li>\n<\/ul>\n<\/div>\n<div class=\"product__disclosure-content\">\n<div class=\"js-read-more product-description__content read-more read-more--truncated\" style=\"max-height: 500px; overflow: hidden;\" data-read-more-name=\"description\">\n<p>Repassez sans difficult\u00e9 tous types de textiles avec la centrale vapeur CALOR GV9554C0 Pro Express Ultimate.<\/p>\n<h3>Un d\u00e9bit de vapeur puissant<\/h3>\n<p>La centrale vapeur CALOR GV9554C0 Pro Express Ultimate a \u00e9t\u00e9 con\u00e7ue pour vous apporter d&rsquo;excellents r\u00e9sultats, quel que soit le tissu que vous souhaitez repasser. Dot\u00e9e d&rsquo;un <b>d\u00e9bit de vapeur continu de 120 g\/min et un mode pressing de 530 g\/min<\/b>, elle n&rsquo;\u00e9pargnera aucun pli. En un seul passage, le linge est parfaitement d\u00e9froiss\u00e9.<\/p>\n<p>Si vous avez une quantit\u00e9 importante de v\u00eatements \u00e0 traiter, alors cet appareil vous conviendra. Il poss\u00e8de un r\u00e9servoir d&rsquo;eau amovible de 1,9 L, ce qui permet une utilisation de plusieurs dizaines de minutes en toute tranquillit\u00e9. De plus, il contient un <b>collecteur de calcaire<\/b>, afin d&rsquo;\u00e9viter la formation de tartre.<\/p>\n<h3>Une efficacit\u00e9 professionnelle<\/h3>\n<p>Non seulement la centrale vapeur CALOR GV9554C0 Pro Express Ultimate garantit des performances exceptionnelles, mais elle est \u00e9galement peu \u00e9nergivore. En effet, elle comprend un mode \u00e9co qui <b>r\u00e9duit la consommation d&rsquo;\u00e9nergie de 20 %<\/b> sans impacter la rapidit\u00e9 ou la puissance du repassage.<\/p>\n<p>Faites confiance \u00e0 ce fer \u00e0 repasser pour vos tissus, quel que soit leur degr\u00e9 de fragilit\u00e9. Il vous suffit de s\u00e9lectionner le r\u00e9glage ad\u00e9quat parmi cinq param\u00e8tres. Avec le <b>syst\u00e8me Protect<\/b>, vous aurez l&rsquo;assurance qu&rsquo;aucune tache ne se formera sur les tissus car les gouttes sont imm\u00e9diatement transform\u00e9es en vapeur.<\/p>\n<\/div>\n<p>&nbsp;<\/p>\n<\/div>","protected":false},"excerpt":{"rendered":"<div class=\"keypoints\">\n<h3 class=\"keypoints__title\">Les points cl\u00e9s<\/h3>\n<ul role=\"list\">\n<li class=\"keypoints__item\" role=\"listitem\">D\u00e9bit vapeur : 120 g\/min &#8211; Surplus d\u00e9bit vapeur : 530 g\/min<\/li>\n<li class=\"keypoints__item\" role=\"listitem\">Thermostat : r\u00e9glage automatique &#8211; Temps de chauffe : 2,00 mn<\/li>\n<li class=\"keypoints__item\" role=\"listitem\">R\u00e9servoir : 1,90 L &#8211; R\u00e9servoir amovible<\/li>\n<li class=\"keypoints__item\" role=\"listitem\">Pression : 8,0 bars &#8211; Arr\u00eat automatique : 8 mn<\/li>\n<li class=\"keypoints__item keypoints__item--advantage\" role=\"listitem\"><strong>Le + :<\/strong> La pression 8 bars offre une vapeur puissante pour un repassage facile<\/li>\n<\/ul>\n<\/div>","protected":false},"featured_media":79801,"template":"","meta":{"_glsr_average":0,"_glsr_ranking":0,"_glsr_reviews":0},"product_cat":[425],"product_tag":[426,153,154],"class_list":{"0":"post-79802","1":"product","2":"type-product","3":"status-publish","4":"has-post-thumbnail","6":"product_cat-centrale-vapeur","7":"product_tag-centrale-vapeur","8":"product_tag-maison-entretien","9":"product_tag-repassage","11":"first","12":"instock","13":"sale","14":"shipping-taxable","15":"purchasable","16":"product-type-simple"},"_links":{"self":[{"href":"https:\/\/electromenagerexpress.com\/en\/wp-json\/wp\/v2\/product\/79802","targetHints":{"allow":["GET"]}}],"collection":[{"href":"https:\/\/electromenagerexpress.com\/en\/wp-json\/wp\/v2\/product"}],"about":[{"href":"https:\/\/electromenagerexpress.com\/en\/wp-json\/wp\/v2\/types\/product"}],"wp:featuredmedia":[{"embeddable":true,"href":"https:\/\/electromenagerexpress.com\/en\/wp-json\/wp\/v2\/media\/79801"}],"wp:attachment":[{"href":"https:\/\/electromenagerexpress.com\/en\/wp-json\/wp\/v2\/media?parent=79802"}],"wp:term":[{"taxonomy":"product_cat","embeddable":true,"href":"https:\/\/electromenagerexpress.com\/en\/wp-json\/wp\/v2\/product_cat?post=79802"},{"taxonomy":"product_tag","embeddable":true,"href":"https:\/\/electromenagerexpress.com\/en\/wp-json\/wp\/v2\/product_tag?post=79802"}],"curies":[{"name":"wp","href":"https:\/\/api.w.org\/{rel}","templated":true}]}}