{"id":79760,"date":"2024-11-24T14:54:17","date_gmt":"2024-11-24T14:54:17","guid":{"rendered":"https:\/\/electromenagerexpress.com\/product\/centre-de-repassagemielefashion-master-b4847\/"},"modified":"2024-11-24T14:54:22","modified_gmt":"2024-11-24T14:54:22","slug":"centre-de-repassagemielefashion-master-b4847","status":"publish","type":"product","link":"https:\/\/electromenagerexpress.com\/en\/product\/centre-de-repassagemielefashion-master-b4847\/","title":{"rendered":"Centre de repassage\t\t\t\t\t\t\tMIELE\t\t\t\tFashion Master B4847"},"content":{"rendered":"<div class=\"product-features__content\">\n<ul role=\"list\">\n<li class=\"product-features__item\" role=\"listitem\">\n<h3 class=\"product-features__label\">Caract\u00e9ristiques g\u00e9n\u00e9rales<\/h3>\n<ul role=\"list\">\n<li class=\"product-features__item-list__item\" role=\"listitem\"><span class=\"is--medium\">Type de produit :<\/span> Centre de repassage\t\t\t\t\t<\/li>\n<\/ul>\n<\/li>\n<li class=\"product-features__item\" role=\"listitem\">\n<h3 class=\"product-features__label\">Le centre de repassage vous apporte<\/h3>\n<ul role=\"list\">\n<li class=\"product-features__item-list__item\" role=\"listitem\"><span class=\"is--medium\">Une qualit\u00e9 de repassage :<\/span> gr\u00e0ce \u00e0 la soufflerie, les tissus l\u00e9gers se placent rapidement ce qui facilite le repassage\t\t\t\t\t<\/li>\n<li class=\"product-features__item-list__item\" role=\"listitem\"><span class=\"is--medium\">Un gain de temps :<\/span> gr\u00e2ce \u00e0 l&rsquo;aspiration, les tissus \u00e9pais (ex : jeans ou draps) peuvent \u00eatre superpos\u00e9s tout en laissant passer la vapeur au travers des fibres\t\t\t\t\t<\/li>\n<li class=\"product-features__item-list__item\" role=\"listitem\"><span class=\"is--medium\">Une facilit\u00e9 de rangement :<\/span> facile, c&rsquo;est un tout en 1 (centrale vapeur+table \u00e0 repasser aspirante et chauffante)\t\t\t\t\t<\/li>\n<li class=\"product-features__item-list__item\" role=\"listitem\"><span class=\"is--medium\">Une double utilisation :<\/span> possible de repasser \u00e0 la verticale et \u00e0 l&rsquo;horizontal\t\t\t\t\t<\/li>\n<\/ul>\n<\/li>\n<li class=\"product-features__item\" role=\"listitem\">\n<h3 class=\"product-features__label\">Vapeur<\/h3>\n<ul role=\"list\">\n<li class=\"product-features__item-list__item\" role=\"listitem\"><span class=\"is--medium\">Vapeur :<\/span> 100 g\/min\t\t\t\t\t<\/li>\n<li class=\"product-features__item-list__item\" role=\"listitem\"><span class=\"is--medium\">Pression :<\/span> 4,0 bars\t\t\t\t\t<\/li>\n<li class=\"product-features__item-list__item\" role=\"listitem\"><span class=\"is--medium\">A quoi sert le d\u00e9bit vapeur :<\/span> gr\u00e2ce \u00e0 la vapeur les fibres du linge se d\u00e9tendent, et plus il y a de vapeur, plus le repassage est efficace, facile et rapide\t\t\t\t\t<\/li>\n<li class=\"product-features__item-list__item\" role=\"listitem\"><span class=\"is--medium\">Vapeur-puls\u00e9e :<\/span> Non\t\t\t\t\t<\/li>\n<li class=\"product-features__item-list__item\" role=\"listitem\"><span class=\"is--medium\">D\u00e9bit et arret de la vapeur automatique :<\/span> oui, gr\u00e2ce \u00e0 la technologie Sensteam qui permet de capter les mouvements et de d\u00e9clencher automatiquement la vapeur\t\t\t\t\t<\/li>\n<\/ul>\n<\/li>\n<li class=\"product-features__item\" role=\"listitem\">\n<h3 class=\"product-features__label\">Traitement anti-calcaire<\/h3>\n<ul role=\"list\">\n<li class=\"product-features__item-list__item\" role=\"listitem\"><span class=\"is--medium\">Notre conseil :<\/span> pour prolonger la long\u00e9vit\u00e9, l&rsquo;efficacit\u00e9 de votre appareil et \u00e9viter les traces de calcaire, vous devez imp\u00e9rativement rincer r\u00e9guli\u00e8rement le g\u00e9n\u00e9rateur de vapeur\t\t\t\t\t<\/li>\n<li class=\"product-features__item-list__item\" role=\"listitem\"><span class=\"is--medium\">Filtre anti-calcaire :<\/span> Non\t\t\t\t\t<\/li>\n<li class=\"product-features__item-list__item\" role=\"listitem\"><span class=\"is--medium\">Cartouche anti-calcaire :<\/span> Non\t\t\t\t\t<\/li>\n<li class=\"product-features__item-list__item\" role=\"listitem\"><span class=\"is--medium\">Bac de vidange :<\/span> Oui\t\t\t\t\t<\/li>\n<\/ul>\n<\/li>\n<li class=\"product-features__item\" role=\"listitem\">\n<h3 class=\"product-features__label\">R\u00e9servoir<\/h3>\n<ul role=\"list\">\n<li class=\"product-features__item-list__item\" role=\"listitem\"><span class=\"is--medium\">Capacit\u00e9 :<\/span> 1,25 L\t\t\t\t\t<\/li>\n<li class=\"product-features__item-list__item\" role=\"listitem\"><span class=\"is--medium\">R\u00e9servoir amovible :<\/span> Oui\t\t\t\t\t<\/li>\n<li class=\"product-features__item-list__item\" role=\"listitem\"><span class=\"is--medium\">Signal de r\u00e9servoir vide :<\/span> Oui\t\t\t\t\t<\/li>\n<\/ul>\n<\/li>\n<li class=\"product-features__item\" role=\"listitem\">\n<h3 class=\"product-features__label\">Confort d&rsquo;utilisation<\/h3>\n<ul role=\"list\">\n<li class=\"product-features__item-list__item\" role=\"listitem\"><span class=\"is--medium\">Niveaux de r\u00e9glage de la table :<\/span> De 83 \u00e0 102 cm\t\t\t\t\t<\/li>\n<li class=\"product-features__item-list__item\" role=\"listitem\"><span class=\"is--medium\">Roulettes :<\/span> Oui\t\t\t\t\t<\/li>\n<li class=\"product-features__item-list__item\" role=\"listitem\"><span class=\"is--medium\">Type de fer :<\/span> classique\t\t\t\t\t<\/li>\n<\/ul>\n<\/li>\n<li class=\"product-features__item\" role=\"listitem\">\n<h3 class=\"product-features__label\">S\u00e9curit\u00e9<\/h3>\n<ul role=\"list\">\n<li class=\"product-features__item-list__item\" role=\"listitem\"><span class=\"is--medium\">Arr\u00eat automatique :<\/span> oui, apr\u00e8s 25 min de non utilisation\t\t\t\t\t<\/li>\n<li class=\"product-features__item-list__item\" role=\"listitem\"><span class=\"is--medium\">Le saviez vous ? :<\/span> pour plus de s\u00e9curit\u00e9, en cas de non utilisation du fer, le centre de repassage s&rsquo;arr\u00eatera automatiquement\t\t\t\t\t<\/li>\n<li class=\"product-features__item-list__item\" role=\"listitem\"><span class=\"is--medium\">Box de rangement du fer :<\/span> oui, permet de ranger alors qu&rsquo;il est encore chaud\t\t\t\t\t<\/li>\n<\/ul>\n<\/li>\n<li class=\"product-features__item\" role=\"listitem\">\n<h3 class=\"product-features__label\">Equipement<\/h3>\n<ul role=\"list\">\n<li class=\"product-features__item-list__item\" role=\"listitem\"><span class=\"is--medium\">Guide fil :<\/span> oui, cet accessoire maintient le cordon du fer en hauteur permet d&rsquo;\u00e9viter les faux pils\t\t\t\t\t<\/li>\n<li class=\"product-features__item-list__item\" role=\"listitem\"><span class=\"is--medium\">Repose cintre int\u00e9gr\u00e9 :<\/span> Non\t\t\t\t\t<\/li>\n<li class=\"product-features__item-list__item\" role=\"listitem\"><span class=\"is--medium\">Repose linge int\u00e9gr\u00e9 :<\/span> Non\t\t\t\t\t<\/li>\n<li class=\"product-features__item-list__item\" role=\"listitem\"><span class=\"is--medium\">Support pour t\u00e9l\u00e9phone mobile :<\/span> Non\t\t\t\t\t<\/li>\n<li class=\"product-features__item-list__item\" role=\"listitem\"><span class=\"is--medium\">Semelle de protection :<\/span> oui, elle s&rsquo;ajoute \u00e0 la semelle inox et permet de prot\u00e9ger les tissus d\u00e9licats (soie, laine ) en \u00e9vitant tout lustrage\t\t\t\t\t<\/li>\n<li class=\"product-features__item-list__item\" role=\"listitem\"><span class=\"is--medium\">Enrouleur automatique de c\u00e2ble \u00e9lectrique :<\/span> Non\t\t\t\t\t<\/li>\n<\/ul>\n<\/li>\n<li class=\"product-features__item\" role=\"listitem\">\n<h3 class=\"product-features__label\">Dimensions<\/h3>\n<ul role=\"list\">\n<li class=\"product-features__item-list__item\" role=\"listitem\"><span class=\"is--medium\">Dimensions l x h x p :<\/span> 47 x 128 x 37 cm\t\t\t\t\t<\/li>\n<li class=\"product-features__item-list__item\" role=\"listitem\"><span class=\"is--medium\">Poids Net :<\/span> 30,00 Kg\t\t\t\t\t<\/li>\n<\/ul>\n<\/li>\n<li class=\"product-features__item\" role=\"listitem\">\n<h3 class=\"product-features__label\">Informations et Services<\/h3>\n<ul role=\"list\">\n<li class=\"product-features__item-list__item\" role=\"listitem\"><span class=\"is--medium\">Garantie :<\/span> 2 ans\t\t\t\t\t<\/li>\n<li class=\"product-features__item-list__item\" role=\"listitem\"><span class=\"is--medium\">R\u00e9f\u00e9rence constructeur :<\/span> Fashion Master B4847\t\t\t\t\t<\/li>\n<li class=\"product-features__item-list__item\" role=\"listitem\"><span class=\"is--medium\">Disponibilit\u00e9 des pi\u00e8ces d\u00e9tach\u00e9es (donn\u00e9es fournisseur) :<\/span> Pendant 15 ans, \u00e0 compter de la date fin de fabrication\t\t\t\t\t<\/li>\n<li class=\"product-features__item-list__item\" role=\"listitem\"><span class=\"is--medium\">Marque :<\/span> MIELE\t\t\t\t\t<\/li>\n<li class=\"product-features__item-list__item\" role=\"listitem\"><span class=\"is--medium\">Fabriqu\u00e9 en :<\/span> Allemagne\t\t\t\t\t<\/li>\n<\/ul>\n<\/li>\n<\/ul>\n<\/div>\n<div class=\"product__disclosure-content\">\n<div class=\"js-read-more product-description__content read-more read-more--truncated\" data-read-more-name=\"description\" style=\"max-height: 500px; overflow: hidden;\">\n<p>La garantie de v\u00eatements impeccablement repass\u00e9s, c&rsquo;est la promesse de Miele et de sa centrale de repassage FASHION MASTER B 4847 !<\/p>\n<h3><img fetchpriority=\"high\" decoding=\"async\" ,=\"\" alt=\"Centre repass MIELE Fashion Master B4847\" class=\"wy_tableau_gauche\" height=\"270\" src=\"https:\/\/boulanger.scene7.com\/is\/image\/Boulanger\/4002516527206_h_f_l_0?wid=400&amp;hei=270\" width=\"400\"\/>La technologie au service de la performance<\/h3>\n<p>Offrez un r\u00e9sultat professionnel \u00e0 vos textiles gr\u00e2ce au meilleur de la puissance vapeur. \u00c9quip\u00e9e d&rsquo;une technologie haute pression sign\u00e9e Miele, la centrale de repassage FASHION MASTER B 4847 d\u00e9livre une <b>vapeur puissante gr\u00e2ce \u00e0 sa pression allant jusqu&rsquo;\u00e0 4 bar<\/b>. R\u00e9sultat : il vous suffit de <b>quelques gestes pour obtenir un repassage impeccable.<\/b><\/p>\n<p>La <b>conception tout-en-un<\/b> de la centrale FASHION MASTER B 4847 s&rsquo;associe \u00e0 un d\u00e9bit de vapeur continu de 100 g\/min. Cette combinaison vous garantit de <b>venir \u00e0 bout de tous les plis m\u00eame les plus tenaces sur tous vos textiles, des plus robustes aux plus d\u00e9licats<\/b>. Obtenez des r\u00e9sultats dignes des pressings haut de gamme \u00e0 votre domicile gr\u00e2ce \u00e0 Miele. Le petit plus ? L&rsquo;appareil dispose d&rsquo;<b>un steamer vertical pour d\u00e9froisser vos textiles<\/b>.<\/p>\n<h3><img decoding=\"async\" ,=\"\" alt=\"Centre repass MIELE Fashion Master B4847\" class=\"wy_tableau_right\" height=\"270\" src=\"https:\/\/boulanger.scene7.com\/is\/image\/Boulanger\/4002516527206_h_f_l_1?wid=400&amp;hei=270\" width=\"400\"\/>Con\u00e7ue pour le quotidien<\/h3>\n<p>Pens\u00e9e par Miele pour vous assurer une <b>performance irr\u00e9prochable jour apr\u00e8s jour<\/b>, la centrale de repassage FASHION MASTER B 4847 dispose d&rsquo;un fer \u00e0 semelle en nid d&rsquo;abeille antiadh\u00e9sive, pour une glisse rapide et sans effort sur vos textiles, ainsi que des <b>performances durables pour de longues ann\u00e9es d&rsquo;utilisation<\/b>. Son <b>r\u00e9servoir de 1,25 L<\/b>, quant \u00e0 lui, vous permet de repasser de nombreux textiles en une seule fois.<\/p>\n<p>Un <b>\u00e9cran LCD avec texte clair<\/b> s&rsquo;associe \u00e0 une conception professionnelle : la table active de la centrale de repassage FASHION MASTER B 4847 avec <b>fonctions soufflerie et aspiration<\/b> vient \u00e0 bout de l&rsquo;humidit\u00e9, tandis que le rin\u00e7age et le d\u00e9tartrage sont automatiques. C\u00f4t\u00e9 s\u00e9curit\u00e9, profitez d&rsquo;un arr\u00eat automatique et d&rsquo;une fonction de refroidissement pour garantir votre s\u00e9r\u00e9nit\u00e9.<\/p>\n<\/p>\n<\/div>\n<p><bl-button a11yexpanded=\"false\" arialabel=\"Afficher toute la description\" class=\"read-more__btn\" full=\"false\" link=\"true\">Voir plus<\/bl-button><\/div>","protected":false},"excerpt":{"rendered":"<div class=\"keypoints\">\n<h3 class=\"keypoints__title\">Les points cl\u00e9s<\/h3>\n<ul role=\"list\">\n<li class=\"keypoints__item\" role=\"listitem\">                          Pression : 4,0 bars &#8211;                                                      Vapeur : 100 g\/min                      <\/li>\n<li class=\"keypoints__item\" role=\"listitem\">                          Capacit\u00e9 : 1,25 L &#8211;                                                      R\u00e9servoir amovible                      <\/li>\n<li class=\"keypoints__item\" role=\"listitem\">                                        Niveaux de r\u00e9glage de la table : De 83 \u00e0 102 cm                      <\/li>\n<li class=\"keypoints__item\" role=\"listitem\">                                        Arr\u00eat automatique : oui, apr\u00e8s 25 min de non utilisation                      <\/li>\n<li class=\"keypoints__item keypoints__item--advantage\" role=\"listitem\"><strong>Le + :<\/strong> Le display LCD avec texte en clair permet de guider l&rsquo;utilisateur      <\/li>\n<\/ul>","protected":false},"featured_media":79759,"template":"","meta":{"_glsr_average":0,"_glsr_ranking":0,"_glsr_reviews":0},"product_cat":[423],"product_tag":[424,153,154],"class_list":{"0":"post-79760","1":"product","2":"type-product","3":"status-publish","4":"has-post-thumbnail","6":"product_cat-centre-de-repassage","7":"product_tag-centre-de-repassage","8":"product_tag-maison-entretien","9":"product_tag-repassage","11":"first","12":"instock","13":"sale","14":"shipping-taxable","15":"purchasable","16":"product-type-simple"},"_links":{"self":[{"href":"https:\/\/electromenagerexpress.com\/en\/wp-json\/wp\/v2\/product\/79760","targetHints":{"allow":["GET"]}}],"collection":[{"href":"https:\/\/electromenagerexpress.com\/en\/wp-json\/wp\/v2\/product"}],"about":[{"href":"https:\/\/electromenagerexpress.com\/en\/wp-json\/wp\/v2\/types\/product"}],"wp:featuredmedia":[{"embeddable":true,"href":"https:\/\/electromenagerexpress.com\/en\/wp-json\/wp\/v2\/media\/79759"}],"wp:attachment":[{"href":"https:\/\/electromenagerexpress.com\/en\/wp-json\/wp\/v2\/media?parent=79760"}],"wp:term":[{"taxonomy":"product_cat","embeddable":true,"href":"https:\/\/electromenagerexpress.com\/en\/wp-json\/wp\/v2\/product_cat?post=79760"},{"taxonomy":"product_tag","embeddable":true,"href":"https:\/\/electromenagerexpress.com\/en\/wp-json\/wp\/v2\/product_tag?post=79760"}],"curies":[{"name":"wp","href":"https:\/\/api.w.org\/{rel}","templated":true}]}}