{"id":79743,"date":"2024-11-24T14:54:02","date_gmt":"2024-11-24T14:54:02","guid":{"rendered":"https:\/\/electromenagerexpress.com\/product\/defroisseur-vapeurphilipsais8540-80-all-in-one-serie-8500\/"},"modified":"2024-11-24T14:54:14","modified_gmt":"2024-11-24T14:54:14","slug":"defroisseur-vapeurphilipsais8540-80-all-in-one-serie-8500","status":"publish","type":"product","link":"https:\/\/electromenagerexpress.com\/en\/product\/defroisseur-vapeurphilipsais8540-80-all-in-one-serie-8500\/","title":{"rendered":"D\u00e9froisseur vapeur\t\t\t\t\t\t\tPHILIPS\t\t\t\tAIS8540\/80 All-in-One s\u00e9rie 8500"},"content":{"rendered":"<div class=\"product-features__content\">\n<ul role=\"list\">\n<li class=\"product-features__item\" role=\"listitem\">\n<h3 class=\"product-features__label\">Choisir ce produit pour quels usages ?<\/h3>\n<ul role=\"list\">\n<li class=\"product-features__item-list__item\" role=\"listitem\"><span class=\"is--medium\">Gain de place :<\/span> Le d\u00e9froisseur vapeur vous permet de gagner de l&rsquo;espace dans vos rangements.\t\t\t\t\t<\/li>\n<li class=\"product-features__item-list__item\" role=\"listitem\"><span class=\"is--medium\">Temps de chauffe :<\/span> Avec le temps de chauffre r\u00e9duit, le d\u00e9froisseur vapeur vous permet de gagner du temps.\t\t\t\t\t<\/li>\n<li class=\"product-features__item-list__item\" role=\"listitem\"><span class=\"is--medium\">Tout-en-un :<\/span> avec ses 6 bars de pression et sa table pivotante, choisissez entre le repassage ou le d\u00e9froissage en fonction de vos besoins avec le m\u00eame appareil\t\t\t\t\t<\/li>\n<\/ul>\n<\/li>\n<li class=\"product-features__item\" role=\"listitem\">\n<h3 class=\"product-features__label\">Vapeur<\/h3>\n<ul role=\"list\">\n<li class=\"product-features__item-list__item\" role=\"listitem\"><span class=\"is--medium\">Pression :<\/span> 6,0 bars\t\t\t\t\t<\/li>\n<li class=\"product-features__item-list__item\" role=\"listitem\"><span class=\"is--medium\">Puissance :<\/span> 2.200 W\t\t\t\t\t<\/li>\n<li class=\"product-features__item-list__item\" role=\"listitem\"><span class=\"is--medium\">Temps de chauffe :<\/span> 90 s\t\t\t\t\t<\/li>\n<li class=\"product-features__item-list__item\" role=\"listitem\"><span class=\"is--medium\">Choix de d\u00e9bit vapeur :<\/span> Oui\t\t\t\t\t<\/li>\n<li class=\"product-features__item-list__item\" role=\"listitem\"><span class=\"is--medium\">Nombre de mode de puissance :<\/span> 3\t\t\t\t\t<\/li>\n<li class=\"product-features__item-list__item\" role=\"listitem\"><span class=\"is--medium\">D\u00e9bit de vapeur :<\/span> 90 g\/min\t\t\t\t\t<\/li>\n<li class=\"product-features__item-list__item\" role=\"listitem\"><span class=\"is--medium\">\u00c0 quoi sert le d\u00e9bit vapeur :<\/span> gr\u00e2ce \u00e0 la vapeur les fibres du linge se d\u00e9tendent, et plus il y a de vapeur, plus le d\u00e9froissage est efficace, facile et rapide\t\t\t\t\t<\/li>\n<li class=\"product-features__item-list__item\" role=\"listitem\"><span class=\"is--medium\">Rafraichit et assainit :<\/span> oui, \u00e9limine jusqu&rsquo;\u00e0 99,9% des microbes et bact\u00e9ries. Rafra\u00eechit et neutralise les odeurs pour garder votre linge frais\t\t\t\t\t<\/li>\n<li class=\"product-features__item-list__item\" role=\"listitem\"><span class=\"is--medium\">Surplus d\u00e9bit vapeur \/ effet pressing :<\/span> 300 g\/min\t\t\t\t\t<\/li>\n<\/ul>\n<\/li>\n<li class=\"product-features__item\" role=\"listitem\">\n<h3 class=\"product-features__label\">Manche \/ Cordon \/ Semelle<\/h3>\n<ul role=\"list\">\n<li class=\"product-features__item-list__item\" role=\"listitem\"><span class=\"is--medium\">Type de semelle :<\/span> acier inoxydable\t\t\t\t\t<\/li>\n<li class=\"product-features__item-list__item\" role=\"listitem\"><span class=\"is--medium\">Longueur du c\u00e2ble d&rsquo;alimentation :<\/span> 1,6 m\t\t\t\t\t<\/li>\n<li class=\"product-features__item-list__item\" role=\"listitem\"><span class=\"is--medium\">C\u00e2ble d&rsquo;alimentation amovible :<\/span> Non\t\t\t\t\t<\/li>\n<li class=\"product-features__item-list__item\" role=\"listitem\"><span class=\"is--medium\">Semelle d\u00e9froisseur chauffante :<\/span> oui, \u00e9vite que de la condensation ne se d\u00e9pose sur les v\u00eatements pour un d\u00e9froissage plus rapide\t\t\t\t\t<\/li>\n<\/ul>\n<\/li>\n<li class=\"product-features__item\" role=\"listitem\">\n<h3 class=\"product-features__label\">R\u00e9servoir<\/h3>\n<ul role=\"list\">\n<li class=\"product-features__item-list__item\" role=\"listitem\"><span class=\"is--medium\">Nombre de r\u00e9servoir :<\/span> 1\t\t\t\t\t<\/li>\n<li class=\"product-features__item-list__item\" role=\"listitem\"><span class=\"is--medium\">Capacit\u00e9 du r\u00e9servoir :<\/span> 1,20 L\t\t\t\t\t<\/li>\n<li class=\"product-features__item-list__item\" role=\"listitem\"><span class=\"is--medium\">R\u00e9servoir amovible :<\/span> Oui\t\t\t\t\t<\/li>\n<li class=\"product-features__item-list__item\" role=\"listitem\"><span class=\"is--medium\">Le saviez-vous ? :<\/span> Un r\u00e9servoir amovible assure un remplissage tr\u00e8s simple et une autonomie illimit\u00e9e de votre appareil\t\t\t\t\t<\/li>\n<li class=\"product-features__item-list__item\" role=\"listitem\"><span class=\"is--medium\">Autonomie (r\u00e9servoir plein) :<\/span> non communiqu\u00e9\t\t\t\t\t<\/li>\n<li class=\"product-features__item-list__item\" role=\"listitem\"><span class=\"is--medium\">Indicateur de niveau d&rsquo;eau :<\/span> Oui\t\t\t\t\t<\/li>\n<\/ul>\n<\/li>\n<li class=\"product-features__item\" role=\"listitem\">\n<h3 class=\"product-features__label\">Confort d&rsquo;utilisation<\/h3>\n<ul role=\"list\">\n<li class=\"product-features__item-list__item\" role=\"listitem\"><span class=\"is--medium\">Roues \/ Roulettes :<\/span> Oui\t\t\t\t\t<\/li>\n<li class=\"product-features__item-list__item\" role=\"listitem\"><span class=\"is--medium\">Manche \/ T\u00eate pliable :<\/span> Non\t\t\t\t\t<\/li>\n<li class=\"product-features__item-list__item\" role=\"listitem\"><span class=\"is--medium\">Fonction 2 en 1 :<\/span> Sa planche inclinable vous permettra de passer du d\u00e9froissage au repassage selon vos besoins\t\t\t\t\t<\/li>\n<li class=\"product-features__item-list__item\" role=\"listitem\"><span class=\"is--medium\">Base amovible :<\/span> La base amovible vous permettra une utilisation plus nomade de votre d\u00e9froisseur dans toute la maison. Vous pourrez ainsi d\u00e9froisser et assainir vos tissus d&rsquo;ameublement, vos rideaux ou votre linge de lit plus facilement.\t\t\t\t\t<\/li>\n<li class=\"product-features__item-list__item\" role=\"listitem\"><span class=\"is--medium\">Hauteur r\u00e9glable :<\/span> Ajustez la hauteur de votre d\u00e9froisseur en fonction de vos besoins. Permet \u00e9galement un gain de place pour le ranger plus facilement.\t\t\t\t\t<\/li>\n<li class=\"product-features__item-list__item\" role=\"listitem\"><span class=\"is--medium\">Poign\u00e9e de transport :<\/span> Oui\t\t\t\t\t<\/li>\n<\/ul>\n<\/li>\n<li class=\"product-features__item\" role=\"listitem\">\n<h3 class=\"product-features__label\">Traitement anti-calcaire<\/h3>\n<ul role=\"list\">\n<li class=\"product-features__item-list__item\" role=\"listitem\"><span class=\"is--medium\">Syst\u00e8me anti-calcaire :<\/span> Non\t\t\t\t\t<\/li>\n<li class=\"product-features__item-list__item\" role=\"listitem\"><span class=\"is--medium\">J&rsquo;entretiens mon defroisseur :<\/span> <u><a href=\"https:\/\/www.boulanger.com\/c\/nav-filtre\/accessoire-repassage-soin-du-linge?facette_accesoires_repassage_____facette_type_accesoires_repassage~entretien20repassage\" target=\"_blank\">en sa<\/a><\/u><\/li>\n<\/ul>\n<\/li>\n<li class=\"product-features__item\" role=\"listitem\">\n<h3 class=\"product-features__label\">Equipement<\/h3>\n<ul role=\"list\">\n<li class=\"product-features__item-list__item\" role=\"listitem\"><span class=\"is--medium\">Table :<\/span> oui, permet de repasser un v\u00eatement en position horizontale\t\t\t\t\t<\/li>\n<\/ul>\n<\/li>\n<li class=\"product-features__item\" role=\"listitem\">\n<h3 class=\"product-features__label\">Dimensions<\/h3>\n<ul role=\"list\">\n<li class=\"product-features__item-list__item\" role=\"listitem\"><span class=\"is--medium\">L x H x P: :<\/span> 49.5 x 155 x 50.5 cm\t\t\t\t\t<\/li>\n<li class=\"product-features__item-list__item\" role=\"listitem\"><span class=\"is--medium\">Poids: :<\/span> 11,90 Kg\t\t\t\t\t<\/li>\n<\/ul>\n<\/li>\n<li class=\"product-features__item\" role=\"listitem\">\n<h3 class=\"product-features__label\">Informations et Services<\/h3>\n<ul role=\"list\">\n<li class=\"product-features__item-list__item\" role=\"listitem\"><span class=\"is--medium\">R\u00e9f\u00e9rence constructeur :<\/span> S\u00e9rie 8500 all in one AIS8540\/80\t\t\t\t\t<\/li>\n<li class=\"product-features__item-list__item\" role=\"listitem\"><span class=\"is--medium\">Marque :<\/span> PHILIPS\t\t\t\t\t<\/li>\n<li class=\"product-features__item-list__item\" role=\"listitem\"><span class=\"is--medium\">Garantie :<\/span> 2 ans\t\t\t\t\t<\/li>\n<li class=\"product-features__item-list__item\" role=\"listitem\"><span class=\"is--medium\">Disponibilit\u00e9 des pi\u00e8ces d\u00e9tach\u00e9es (donn\u00e9es fournisseur) :<\/span> Non concern\u00e9\t\t\t\t\t<\/li>\n<li class=\"product-features__item-list__item\" role=\"listitem\"><span class=\"is--medium\">Fabriqu\u00e9 en :<\/span> Chine\t\t\t\t\t<\/li>\n<\/ul>\n<\/li>\n<\/ul>\n<\/div>\n<div class=\"product__disclosure-content\">\n<div class=\"js-read-more product-description__content read-more read-more--truncated\" data-read-more-name=\"description\" style=\"max-height: 500px; overflow: hidden;\">\n<p>Gr\u00e2ce au d\u00e9froisseur PHILIPS All-in-One Serie 8500, acc\u00e9dez \u00e0 une solution de repassage et de d\u00e9froissage compl\u00e8te associant une manipulation ais\u00e9e \u00e0 des performances remarquables. <\/p>\n<h3><img fetchpriority=\"high\" decoding=\"async\" ,=\"\" alt=\"D\u00e9froisseur PHILIPS S\u00e9rie 8500 all in on\" class=\"wy_tableau_gauche\" height=\"270\" src=\"https:\/\/boulanger.scene7.com\/is\/image\/Boulanger\/8720389023026_h_f_l_0?wid=400&amp;hei=270\" width=\"400\"\/>Une solution r\u00e9volutionnaire pour un rendu impeccable<\/h3>\n<p>Le d\u00e9froisseur PHILIPS All-in-One Serie 8500 couvrira tous vos besoins. Il vous suffira de <b>faire pivoter sa table int\u00e9gr\u00e9e et r\u00e9glable<\/b> \u00e0 l&rsquo;horizontale pour repasser les tissus les plus \u00e9pais et lourds, ou de l&rsquo;utiliser \u00e0 la verticale pour faciliter le repassage \u00e0 la vapeur de vos v\u00eatements d\u00e9licats ou pour les retouches de derni\u00e8re minute.<\/p>\n<p>La base amovible de votre futur d\u00e9froisseur PHILIPS All-in-One Serie 8500 vous garantira <b>une portabilit\u00e9 simplifi\u00e9e<\/b> pour r\u00e9pondre \u00e0 tous vos besoins dans chacune des pi\u00e8ces de votre maison ! <b>Son r\u00e9servoir d&rsquo;une capacit\u00e9 de 1,2 L<\/b> sera id\u00e9al pour passer les tissus d&rsquo;ameublement et les rideaux \u00e0 la vapeur ou pour st\u00e9riliser les meubles et les lits tout en limitant vos d\u00e9placements.<\/p>\n<h3><img decoding=\"async\" ,=\"\" alt=\"D\u00e9froisseur PHILIPS S\u00e9rie 8500 all in on\" class=\"wy_tableau_right\" height=\"270\" src=\"https:\/\/boulanger.scene7.com\/is\/image\/Boulanger\/8720389023026_h_f_l_1?wid=400&amp;hei=270\" width=\"400\"\/>Repassage efficace, d\u00e9froissage pratique<\/h3>\n<p><b>2 fois moins lourd qu&rsquo;un fer \u00e0 vapeur classique<\/b>, le fer ergonomique Iron + vous permettra de d\u00e9froisser facilement vos v\u00eatements, tandis que <b>la technologie OptimalTEMP<\/b> int\u00e9gr\u00e9e \u00e0 votre futur d\u00e9froisseur PHILIPS All-in-One Serie 8500 vous emp\u00eachera de br\u00fbler vos tissus, du jean \u00e0 la soie, pour renforcer votre tranquillit\u00e9 d&rsquo;esprit.<\/p>\n<p>Exploitez le plein potentiel de la puissance de votre nouveau d\u00e9froisseur PHILIPS All-in-One Serie 8500 apr\u00e8s <b>un temps de chauffe de seulement 90 secondes<\/b> ! Avec son d\u00e9bit de vapeur de 90 g\/min associ\u00e9 \u00e0 sa technologie am\u00e9lior\u00e9e de double chauffage, il se chargera de g\u00e9n\u00e9rer une vapeur intense et p\u00e9n\u00e9trante : la certitude d&rsquo;offrir le meilleur aspect possible \u00e0 vos v\u00eatements.<\/p>\n<\/p>\n<\/div>\n<p><bl-button a11yexpanded=\"false\" arialabel=\"Afficher toute la description\" class=\"read-more__btn\" full=\"false\" link=\"true\"><\/bl-button><\/div>","protected":false},"excerpt":{"rendered":"<div class=\"keypoints\">\n<h3 class=\"keypoints__title\">Les points cl\u00e9s<\/h3>\n<ul role=\"list\">\n<li class=\"keypoints__item\" role=\"listitem\">                          D\u00e9bit de vapeur : 90 g\/min &#8211;                                                      Nombre de mode de puissance : 3                      <\/li>\n<li class=\"keypoints__item\" role=\"listitem\">                          Capacit\u00e9 du r\u00e9servoir : 1,20 L &#8211;                                                      Type de semelle : acier inoxydable                      <\/li>\n<li class=\"keypoints__item\" role=\"listitem\">                          Temps de chauffe : 90 s &#8211;                                        Puissance : 2.200 W &#8211;                                                      Poids: : 11,90 Kg                      <\/li>\n<li class=\"keypoints__item\" role=\"listitem\">                          Longueur du c\u00e2ble d&rsquo;alimentation : 1,6 m &#8211;                                                      Pression : 6,0 bars                      <\/li>\n<li class=\"keypoints__item keypoints__item--advantage\" role=\"listitem\"><strong>Le + :<\/strong> Une solution de repassage et de d\u00e9froissage tout-en-un avec sa table multi-angle      <\/li>\n<\/ul>","protected":false},"featured_media":79742,"template":"","meta":{"_glsr_average":0,"_glsr_ranking":0,"_glsr_reviews":0},"product_cat":[152],"product_tag":[155,153,154],"class_list":{"0":"post-79743","1":"product","2":"type-product","3":"status-publish","4":"has-post-thumbnail","6":"product_cat-defroisseur-vapeur","7":"product_tag-defroisseur-vapeur","8":"product_tag-maison-entretien","9":"product_tag-repassage","11":"first","12":"instock","13":"sale","14":"shipping-taxable","15":"purchasable","16":"product-type-simple"},"_links":{"self":[{"href":"https:\/\/electromenagerexpress.com\/en\/wp-json\/wp\/v2\/product\/79743","targetHints":{"allow":["GET"]}}],"collection":[{"href":"https:\/\/electromenagerexpress.com\/en\/wp-json\/wp\/v2\/product"}],"about":[{"href":"https:\/\/electromenagerexpress.com\/en\/wp-json\/wp\/v2\/types\/product"}],"wp:featuredmedia":[{"embeddable":true,"href":"https:\/\/electromenagerexpress.com\/en\/wp-json\/wp\/v2\/media\/79742"}],"wp:attachment":[{"href":"https:\/\/electromenagerexpress.com\/en\/wp-json\/wp\/v2\/media?parent=79743"}],"wp:term":[{"taxonomy":"product_cat","embeddable":true,"href":"https:\/\/electromenagerexpress.com\/en\/wp-json\/wp\/v2\/product_cat?post=79743"},{"taxonomy":"product_tag","embeddable":true,"href":"https:\/\/electromenagerexpress.com\/en\/wp-json\/wp\/v2\/product_tag?post=79743"}],"curies":[{"name":"wp","href":"https:\/\/api.w.org\/{rel}","templated":true}]}}