{"id":79734,"date":"2024-11-24T14:53:55","date_gmt":"2024-11-24T14:53:55","guid":{"rendered":"https:\/\/electromenagerexpress.com\/product\/defroisseur-vapeursteamoneeuso2b\/"},"modified":"2024-11-24T14:54:00","modified_gmt":"2024-11-24T14:54:00","slug":"defroisseur-vapeursteamoneeuso2b","status":"publish","type":"product","link":"https:\/\/electromenagerexpress.com\/en\/product\/defroisseur-vapeursteamoneeuso2b\/","title":{"rendered":"D\u00e9froisseur vapeur\t\t\t\t\t\t\tSTEAMONE\t\t\t\tEUSO2B"},"content":{"rendered":"<div class=\"product-features__content\">\n<ul role=\"list\">\n<li class=\"product-features__item\" role=\"listitem\">\n<h3 class=\"product-features__label\">Choisir ce produit pour quels usages ?<\/h3>\n<ul role=\"list\">\n<li class=\"product-features__item-list__item\" role=\"listitem\"><span class=\"is--medium\">Temps de chauffe :<\/span> Avec le temps de chauffre r\u00e9duit, le d\u00e9froisseur vapeur vous permet de gagner du temps.\t\t\t\t\t<\/li>\n<li class=\"product-features__item-list__item\" role=\"listitem\"><span class=\"is--medium\">D\u00e9froissage verticale :<\/span> le d\u00e9froisseur vertical vous permet de gagner en puisance et en r\u00e9sultats\t\t\t\t\t<\/li>\n<\/ul>\n<\/li>\n<li class=\"product-features__item\" role=\"listitem\">\n<h3 class=\"product-features__label\">Vapeur<\/h3>\n<ul role=\"list\">\n<li class=\"product-features__item-list__item\" role=\"listitem\"><span class=\"is--medium\">Puissance :<\/span> 2.300 W\t\t\t\t\t<\/li>\n<li class=\"product-features__item-list__item\" role=\"listitem\"><span class=\"is--medium\">Temps de chauffe :<\/span> 45 s\t\t\t\t\t<\/li>\n<li class=\"product-features__item-list__item\" role=\"listitem\"><span class=\"is--medium\">Choix de d\u00e9bit vapeur :<\/span> Non\t\t\t\t\t<\/li>\n<li class=\"product-features__item-list__item\" role=\"listitem\"><span class=\"is--medium\">Nombre de mode de puissance :<\/span> 1\t\t\t\t\t<\/li>\n<li class=\"product-features__item-list__item\" role=\"listitem\"><span class=\"is--medium\">D\u00e9bit de vapeur :<\/span> 55 g\/min\t\t\t\t\t<\/li>\n<li class=\"product-features__item-list__item\" role=\"listitem\"><span class=\"is--medium\">\u00c0 quoi sert le d\u00e9bit vapeur :<\/span> gr\u00e2ce \u00e0 la vapeur les fibres du linge se d\u00e9tendent, et plus il y a de vapeur, plus le d\u00e9froissage est efficace, facile et rapide\t\t\t\t\t<\/li>\n<\/ul>\n<\/li>\n<li class=\"product-features__item\" role=\"listitem\">\n<h3 class=\"product-features__label\">Manche \/ Cordon \/ Semelle<\/h3>\n<ul role=\"list\">\n<li class=\"product-features__item-list__item\" role=\"listitem\"><span class=\"is--medium\">Type de semelle :<\/span> aluminium\t\t\t\t\t<\/li>\n<li class=\"product-features__item-list__item\" role=\"listitem\"><span class=\"is--medium\">Longueur du c\u00e2ble d&rsquo;alimentation :<\/span> 2,2 m\t\t\t\t\t<\/li>\n<\/ul>\n<\/li>\n<li class=\"product-features__item\" role=\"listitem\">\n<h3 class=\"product-features__label\">R\u00e9servoir<\/h3>\n<ul role=\"list\">\n<li class=\"product-features__item-list__item\" role=\"listitem\"><span class=\"is--medium\">Capacit\u00e9 du r\u00e9servoir :<\/span> 2,90 L\t\t\t\t\t<\/li>\n<li class=\"product-features__item-list__item\" role=\"listitem\"><span class=\"is--medium\">R\u00e9servoir amovible :<\/span> Oui\t\t\t\t\t<\/li>\n<li class=\"product-features__item-list__item\" role=\"listitem\"><span class=\"is--medium\">Le saviez-vous ? :<\/span> Un r\u00e9servoir amovible assure un remplissage tr\u00e8s simple et une autonomie illimit\u00e9e de votre appareil\t\t\t\t\t<\/li>\n<li class=\"product-features__item-list__item\" role=\"listitem\"><span class=\"is--medium\">Autonomie (r\u00e9servoir plein) :<\/span> jusqu&rsquo;\u00e0 60 min\t\t\t\t\t<\/li>\n<li class=\"product-features__item-list__item\" role=\"listitem\"><span class=\"is--medium\">Indicateur de niveau d&rsquo;eau :<\/span> Oui\t\t\t\t\t<\/li>\n<\/ul>\n<\/li>\n<li class=\"product-features__item\" role=\"listitem\">\n<h3 class=\"product-features__label\">Confort d&rsquo;utilisation<\/h3>\n<ul role=\"list\">\n<li class=\"product-features__item-list__item\" role=\"listitem\"><span class=\"is--medium\">Roues \/ Roulettes :<\/span> Oui\t\t\t\t\t<\/li>\n<li class=\"product-features__item-list__item\" role=\"listitem\"><span class=\"is--medium\">Manche \/ T\u00eate pliable :<\/span> Non\t\t\t\t\t<\/li>\n<li class=\"product-features__item-list__item\" role=\"listitem\"><span class=\"is--medium\">Hauteur r\u00e9glable :<\/span> Ajustez la hauteur de votre d\u00e9froisseur en fonction de vos besoins. Permet \u00e9galement un gain de place pour le ranger plus facilement.\t\t\t\t\t<\/li>\n<\/ul>\n<\/li>\n<li class=\"product-features__item\" role=\"listitem\">\n<h3 class=\"product-features__label\">Traitement anti-calcaire<\/h3>\n<ul role=\"list\">\n<li class=\"product-features__item-list__item\" role=\"listitem\"><span class=\"is--medium\">Syst\u00e8me anti-calcaire :<\/span> Oui\t\t\t\t\t<\/li>\n<li class=\"product-features__item-list__item\" role=\"listitem\"><span class=\"is--medium\">Le saviez-vous ? :<\/span> Le calcaire risque d&rsquo;obstruer les conduits d&rsquo;\u00e9vacuation de la vapeur et donc de r\u00e9duire son efficacit\u00e9 mais aussi la dur\u00e9e de vie de votre d\u00e9froisseur. Il est donc primordial de d\u00e9trarter votre d\u00e9froisseur ainsi que le semelle r\u00e9guli\u00e8rement\t\t\t\t\t<\/li>\n<li class=\"product-features__item-list__item\" role=\"listitem\"><span class=\"is--medium\">J&rsquo;entretiens mon defroisseur :<\/span> <u><a href=\"https:\/\/www.boulanger.com\/c\/nav-filtre\/accessoire-repassage-soin-du-linge?facette_accesoires_repassage_____facette_type_accesoires_repassage~entretien20repassage\" target=\"_blank\">en sa<\/a><\/u><\/li>\n<\/ul>\n<\/li>\n<li class=\"product-features__item\" role=\"listitem\">\n<h3 class=\"product-features__label\">Dimensions<\/h3>\n<ul role=\"list\">\n<li class=\"product-features__item-list__item\" role=\"listitem\"><span class=\"is--medium\">L x H x P: :<\/span> 34 x 43 x 32 cm\t\t\t\t\t<\/li>\n<li class=\"product-features__item-list__item\" role=\"listitem\"><span class=\"is--medium\">Poids: :<\/span> 5,90 Kg\t\t\t\t\t<\/li>\n<\/ul>\n<\/li>\n<li class=\"product-features__item\" role=\"listitem\">\n<h3 class=\"product-features__label\">Informations et Services<\/h3>\n<ul role=\"list\">\n<li class=\"product-features__item-list__item\" role=\"listitem\"><span class=\"is--medium\">R\u00e9f\u00e9rence constructeur :<\/span> EUSO2B\t\t\t\t\t<\/li>\n<li class=\"product-features__item-list__item\" role=\"listitem\"><span class=\"is--medium\">Marque :<\/span> STEAMONE\t\t\t\t\t<\/li>\n<li class=\"product-features__item-list__item\" role=\"listitem\"><span class=\"is--medium\">Garantie :<\/span> 2 ans\t\t\t\t\t<\/li>\n<li class=\"product-features__item-list__item\" role=\"listitem\"><span class=\"is--medium\">Disponibilit\u00e9 des pi\u00e8ces d\u00e9tach\u00e9es (donn\u00e9es fournisseur) :<\/span> Pendant 7 ans, \u00e0 compter de la date d&rsquo;achat\t\t\t\t\t<\/li>\n<li class=\"product-features__item-list__item\" role=\"listitem\"><span class=\"is--medium\">Fabriqu\u00e9 en :<\/span> Chine\t\t\t\t\t<\/li>\n<\/ul>\n<\/li>\n<\/ul>\n<\/div>\n<div class=\"product__disclosure-content\">\n<div class=\"js-read-more product-description__content read-more read-more--truncated\" data-read-more-name=\"description\" style=\"max-height: 500px; overflow: hidden;\">\n<div class=\"product__description-content read-more\">\n<p>D\u00e9froisseur vapeur STEAMONE EUSO2B : Efficacit\u00e9 et praticit\u00e9 au service de votre linge<\/p>\n<h3><img fetchpriority=\"high\" decoding=\"async\" alt=\"D\u00e9froisseur vapeur STEAMONE EUSO2B\" class=\"wy_tableau_gauche\" height=\"270\" src=\"https:\/\/boulanger.scene7.com\/is\/image\/Boulanger\/3700734608660_h_f_l_0?wid=400&amp;hei=270\" width=\"400\"\/>Une performance vapeur in\u00e9gal\u00e9e pour un linge impeccable<\/h3>\n<p>Le D\u00e9froisseur vapeur STEAMONE EUSO2B, avec sa puissance de 2300 W et un d\u00e9bit de vapeur de 55 g\/min, garantit une \u00e9limination rapide et efficace des plis sur tous types de textiles. Son r\u00e9servoir d&rsquo;eau d&rsquo;une capacit\u00e9 g\u00e9n\u00e9reuse de 2,9 L permet de d\u00e9froisser en continu pendant jusqu&rsquo;\u00e0 60 minutes, id\u00e9al pour traiter une grande quantit\u00e9 de v\u00eatements sans interruption. La production de vapeur, plus dense et constante, est obtenue en seulement 45 secondes gr\u00e2ce \u00e0 un temps de chauffe optimis\u00e9, assurant ainsi une qualit\u00e9 de d\u00e9froissage sup\u00e9rieure pour des v\u00eatements toujours impeccables.<\/p>\n<p>\u00a0<\/p>\n<p>\u00a0<\/p>\n<h3><img decoding=\"async\" alt=\"D\u00e9froisseur vapeur STEAMONE EUSO2B\" class=\"wy_tableau_right\" height=\"270\" src=\"https:\/\/boulanger.scene7.com\/is\/image\/Boulanger\/3700734608660_h_f_l_1?wid=400&amp;hei=270\" width=\"400\"\/>Conception pratique et accessoires pour une utilisation simplifi\u00e9e<\/h3>\n<p>La mobilit\u00e9 est un atout cl\u00e9 du d\u00e9froisseur vapeur STEAMONE EUSO2B, gr\u00e2ce \u00e0 ses deux roues facilitant le d\u00e9placement \u00e0 travers la maison. La praticit\u00e9 est renforc\u00e9e par une tige t\u00e9lescopique en aluminium r\u00e9glable selon la hauteur souhait\u00e9e et un cintre multifonction pour un d\u00e9froissage ais\u00e9. Le syst\u00e8me anti-calcaire avec bouchon collecteur de tartre assure un entretien facile et prolonge la dur\u00e9e de vie de l&rsquo;appareil. En outre, la fonction hygi\u00e9nique du d\u00e9froisseur \u00e9limine naturellement 99,99% des germes, virus et bact\u00e9ries, offrant une solution non-chimique pour une maison saine. Avec le STEAMONE EUSO2B, b\u00e9n\u00e9ficiez d&rsquo;une solution compl\u00e8te pour un linge parfait et une maison plus hygi\u00e9nique.<\/p>\n<\/div>\n<\/div>\n<p><bl-button a11yexpanded=\"false\" arialabel=\"Afficher toute la description\" class=\"read-more__btn\" full=\"false\" link=\"true\"><\/bl-button><\/div>","protected":false},"excerpt":{"rendered":"<div class=\"keypoints\">\n<h3 class=\"keypoints__title\">Les points cl\u00e9s<\/h3>\n<ul role=\"list\">\n<li class=\"keypoints__item\" role=\"listitem\">                          D\u00e9bit de vapeur : 55 g\/min &#8211;                                                      Nombre de mode de puissance : 1                      <\/li>\n<li class=\"keypoints__item\" role=\"listitem\">                          Capacit\u00e9 du r\u00e9servoir : 2,90 L &#8211;                                                      Type de semelle : aluminium                      <\/li>\n<li class=\"keypoints__item\" role=\"listitem\">                          Temps de chauffe : 45 s &#8211;                                        Puissance : 2.300 W &#8211;                                                      Poids: : 5,90 Kg                      <\/li>\n<li class=\"keypoints__item\" role=\"listitem\">                                        Longueur du c\u00e2ble d&rsquo;alimentation : 2,2 m                      <\/li>\n<\/ul>","protected":false},"featured_media":79733,"template":"","meta":{"_glsr_average":0,"_glsr_ranking":0,"_glsr_reviews":0},"product_cat":[152],"product_tag":[155,153,154],"class_list":{"0":"post-79734","1":"product","2":"type-product","3":"status-publish","4":"has-post-thumbnail","6":"product_cat-defroisseur-vapeur","7":"product_tag-defroisseur-vapeur","8":"product_tag-maison-entretien","9":"product_tag-repassage","11":"first","12":"instock","13":"sale","14":"shipping-taxable","15":"purchasable","16":"product-type-simple"},"_links":{"self":[{"href":"https:\/\/electromenagerexpress.com\/en\/wp-json\/wp\/v2\/product\/79734","targetHints":{"allow":["GET"]}}],"collection":[{"href":"https:\/\/electromenagerexpress.com\/en\/wp-json\/wp\/v2\/product"}],"about":[{"href":"https:\/\/electromenagerexpress.com\/en\/wp-json\/wp\/v2\/types\/product"}],"wp:featuredmedia":[{"embeddable":true,"href":"https:\/\/electromenagerexpress.com\/en\/wp-json\/wp\/v2\/media\/79733"}],"wp:attachment":[{"href":"https:\/\/electromenagerexpress.com\/en\/wp-json\/wp\/v2\/media?parent=79734"}],"wp:term":[{"taxonomy":"product_cat","embeddable":true,"href":"https:\/\/electromenagerexpress.com\/en\/wp-json\/wp\/v2\/product_cat?post=79734"},{"taxonomy":"product_tag","embeddable":true,"href":"https:\/\/electromenagerexpress.com\/en\/wp-json\/wp\/v2\/product_tag?post=79734"}],"curies":[{"name":"wp","href":"https:\/\/api.w.org\/{rel}","templated":true}]}}