{"id":79693,"date":"2024-11-24T14:53:20","date_gmt":"2024-11-24T14:53:20","guid":{"rendered":"https:\/\/electromenagerexpress.com\/product\/centrale-vapeurphilipspsg7140-70-perfectcare-serie-7000\/"},"modified":"2024-11-25T10:56:42","modified_gmt":"2024-11-25T10:56:42","slug":"centrale-vapeurphilipspsg7140-70-perfectcare-serie-7000","status":"publish","type":"product","link":"https:\/\/electromenagerexpress.com\/en\/product\/centrale-vapeurphilipspsg7140-70-perfectcare-serie-7000\/","title":{"rendered":"Centrale vapeur PHILIPS\tPSG7140\/70 PerfectCare serie 7000"},"content":{"rendered":"<div class=\"product-features__content\">\n<h3 class=\"product-features__label\">\u00a0 \u00a0 \u00a0 \u00a0 Vapeur<\/h3>\n<ul role=\"list\">\n<li style=\"list-style-type: none;\">\n<ul role=\"list\">\n<li class=\"product-features__item-list__item\" role=\"listitem\"><span class=\"is--medium\">Pression :<\/span> 8,0 bars<\/li>\n<li class=\"product-features__item-list__item\" role=\"listitem\"><span class=\"is--medium\">D\u00e9bit vapeur :<\/span> 120 g\/min<\/li>\n<li class=\"product-features__item-list__item\" role=\"listitem\"><span class=\"is--medium\">\u00c0 quoi sert le d\u00e9bit vapeur :<\/span> gr\u00e2ce \u00e0 la vapeur les fibres du linge se d\u00e9tendent, et plus il y a de vapeur, plus le repassage est efficace, facile et rapide<\/li>\n<li class=\"product-features__item-list__item\" role=\"listitem\"><span class=\"is--medium\">Surplus d\u00e9bit vapeur :<\/span> 600 g\/min<\/li>\n<li class=\"product-features__item-list__item\" role=\"listitem\"><span class=\"is--medium\">\u00c0 quoi sert le surplus d\u00e9bit vapeur :<\/span> appel\u00e9 \u00ab\u00a0effet pressing\u00a0\u00bb, la quantit\u00e9 de vapeur est plus importante, ce qui permet de chasser plus facilement les plis sur des tissus \u00e9pais (jean, velours).<\/li>\n<li class=\"product-features__item-list__item\" role=\"listitem\"><span class=\"is--medium\">D\u00e9froissage vertical :<\/span> Oui<\/li>\n<li class=\"product-features__item-list__item\" role=\"listitem\"><span class=\"is--medium\">\u00c0 quoi sert le d\u00e9froissage vertical :<\/span> utiliser le fer de votre centrale en d\u00e9froissage vertical sur les v\u00eatements d\u00e9licats, peu froiss\u00e9s et les tissus de type rideau ou voilage<\/li>\n<li class=\"product-features__item-list__item\" role=\"listitem\"><span class=\"is--medium\">Spray :<\/span> Non<\/li>\n<li class=\"product-features__item-list__item\" role=\"listitem\"><span class=\"is--medium\">Thermostat :<\/span> r\u00e9glage automatique<\/li>\n<li class=\"product-features__item-list__item\" role=\"listitem\"><span class=\"is--medium\">T\u00e9moin de vapeur pr\u00eate :<\/span> Non<\/li>\n<li class=\"product-features__item-list__item\" role=\"listitem\"><span class=\"is--medium\">Temps de chauffe :<\/span> 2,00 mn<br \/>\n<h3 class=\"product-features__label\">Fer<\/h3>\n<ul role=\"list\">\n<li class=\"product-features__item-list__item\" role=\"listitem\"><span class=\"is--medium\">Type de fer :<\/span> Classique<\/li>\n<li class=\"product-features__item-list__item\" role=\"listitem\"><span class=\"is--medium\">Puissance :<\/span> 2.100 W<\/li>\n<li class=\"product-features__item-list__item\" role=\"listitem\"><span class=\"is--medium\">Type de semelle :<\/span> SteamGlide Elite<\/li>\n<li class=\"product-features__item-list__item\" role=\"listitem\"><span class=\"is--medium\">Le saviez-vous ? :<\/span> La technologie SteamGlide assure une glisse optimale sur tous les types de tissus. Anti-adh\u00e9sive et tr\u00e8s r\u00e9sistante aux rayures, elle est facile \u00e0 entretenir.<\/li>\n<li class=\"product-features__item-list__item\" role=\"listitem\"><span class=\"is--medium\">Longueur du cordon vapeur :<\/span> 1,70 m<br \/>\n<h3 class=\"product-features__label\">Traitement anti-calcaire<\/h3>\n<ul role=\"list\">\n<li class=\"product-features__item-list__item\" role=\"listitem\"><span class=\"is--medium\">Le saviez-vous ? :<\/span> Le calcaire risque d&rsquo;obstruer les conduits d&rsquo;\u00e9vacuation de la vapeur et donc de r\u00e9duire son efficacit\u00e9 mais aussi la dur\u00e9e de vie de votre centrale. Il est donc primordial de d\u00e9trarter votre centrale ainsi que le semelle r\u00e9guli\u00e8rement<\/li>\n<li class=\"product-features__item-list__item\" role=\"listitem\"><span class=\"is--medium\">Syst\u00e8me anti-calcaire :<\/span> Collecteur de tartre<\/li>\n<li class=\"product-features__item-list__item\" role=\"listitem\"><span class=\"is--medium\">Cartouche anti-calcaire :<\/span> Non<\/li>\n<li class=\"product-features__item-list__item\" role=\"listitem\"><span class=\"is--medium\">Collecteur de tartre :<\/span> oui, en chauffant, l&rsquo;eau am\u00e8ne le calcaire dans le collecteur qui devra \u00eatre vid\u00e9 et rinc\u00e9 \u00e0 l&rsquo;eau pour \u00e9vacuer le calcaire<\/li>\n<li class=\"product-features__item-list__item\" role=\"listitem\"><span class=\"is--medium\">T\u00e9moin d&rsquo;alerte d\u00e9tartrage :<\/span> oui, permet d&rsquo;alerter sur un entretien \u00e0 r\u00e9aliser, reportez-vous \u00e0 la notice de votre appareil en suivant les indications de nettoyage<\/li>\n<li class=\"product-features__item-list__item\" role=\"listitem\"><span class=\"is--medium\">Fonction anti-calcaire automatique :<\/span> Non<\/li>\n<li class=\"product-features__item-list__item\" role=\"listitem\"><span class=\"is--medium\">Touche auto-nettoyante :<\/span> Non<\/li>\n<li class=\"product-features__item-list__item\" role=\"listitem\"><span class=\"is--medium\">Eaux accept\u00e9es :<\/span> Robinet et d\u00e9min\u00e9ralis\u00e9e<br \/>\n<h3 class=\"product-features__label\">R\u00e9servoir<\/h3>\n<ul role=\"list\">\n<li class=\"product-features__item-list__item\" role=\"listitem\"><span class=\"is--medium\">R\u00e9servoir amovible : :<\/span> remplissez votre r\u00e9servoir \u00e0 tout moment pour une autonomie illimit\u00e9e durant vos s\u00e9ances de repassage<\/li>\n<li class=\"product-features__item-list__item\" role=\"listitem\"><span class=\"is--medium\">R\u00e9servoir :<\/span> 1,80 L<\/li>\n<li class=\"product-features__item-list__item\" role=\"listitem\"><span class=\"is--medium\">Capacit\u00e9 de r\u00e9servoir :<\/span> Capacit\u00e9 \u00e9lev\u00e9e (de 1,5L \u00e0 2L)<\/li>\n<li class=\"product-features__item-list__item\" role=\"listitem\"><span class=\"is--medium\">R\u00e9servoir amovible :<\/span> Oui<\/li>\n<li class=\"product-features__item-list__item\" role=\"listitem\"><span class=\"is--medium\">Affichage du niveau d&rsquo;eau :<\/span> oui, permet de v\u00e9rifier si l&rsquo;eau de votre r\u00e9servoir suffit pour la quantit\u00e9 de linge \u00e0 repasser<\/li>\n<li class=\"product-features__item-list__item\" role=\"listitem\"><span class=\"is--medium\">T\u00e9moin de r\u00e9servoir vide :<\/span> oui, permet de vous avertir par un signal que le r\u00e9servoir doit \u00eatre r\u00e9-aliment\u00e9 en eau pour votre s\u00e9ance de repassage<br \/>\n<h3 class=\"product-features__label\">S\u00e9curit\u00e9<\/h3>\n<ul role=\"list\">\n<li class=\"product-features__item-list__item\" role=\"listitem\"><span class=\"is--medium\">Arr\u00eat automatique :<\/span> 15 mn<\/li>\n<li class=\"product-features__item-list__item\" role=\"listitem\"><span class=\"is--medium\">\u00c0 quoi sert l&rsquo;arr\u00eat automatique :<\/span> pour plus de s\u00e9curit\u00e9, en cas de non utilisation du fer, la centrale vapeur s&rsquo;arr\u00eatera automatiquement<\/li>\n<li class=\"product-features__item-list__item\" role=\"listitem\"><span class=\"is--medium\">Arr\u00eat en cas de surchauffe :<\/span> Oui<\/li>\n<li class=\"product-features__item-list__item\" role=\"listitem\"><span class=\"is--medium\">Arceau de maintien du fer :<\/span> Oui<\/li>\n<li class=\"product-features__item-list__item\" role=\"listitem\"><span class=\"is--medium\">Syst\u00e8me de verrouillage :<\/span> oui, permet de fixer le fer \u00e0 sa base afin d&rsquo;\u00e9viter qu&rsquo;il ne glisse ou qu&rsquo;une personne ne touche la semelle chaude<\/li>\n<li class=\"product-features__item-list__item\" role=\"listitem\"><span class=\"is--medium\">T\u00e9moin lumineux de mise sous tension :<\/span> Non<\/li>\n<\/ul>\n<\/li>\n<\/ul>\n<\/li>\n<\/ul>\n<\/li>\n<\/ul>\n<\/li>\n<\/ul>\n<ul role=\"list\">\n<li class=\"product-features__item-list__item\" role=\"listitem\"><\/li>\n<\/ul>\n<\/li>\n<li class=\"product-features__item\" role=\"listitem\">\n<h3 class=\"product-features__label\">Dimensions<\/h3>\n<ul role=\"list\">\n<li class=\"product-features__item-list__item\" role=\"listitem\"><span class=\"is--medium\">Dimensions l x h x p :<\/span> 24 x 27.5 x 42 cm<\/li>\n<li class=\"product-features__item-list__item\" role=\"listitem\"><span class=\"is--medium\">Poids\u00a0net :<\/span> 3,85 Kg<\/li>\n<\/ul>\n<\/li>\n<li class=\"product-features__item\" role=\"listitem\">\n<h3 class=\"product-features__label\">Informations et Services<\/h3>\n<ul role=\"list\">\n<li class=\"product-features__item-list__item\" role=\"listitem\"><span class=\"is--medium\">Fabriqu\u00e9 en :<\/span> Indon\u00e9sie<\/li>\n<li class=\"product-features__item-list__item\" role=\"listitem\"><span class=\"is--medium\">Disponibilit\u00e9 des pi\u00e8ces d\u00e9tach\u00e9es\u00a0 :<\/span> Pendant 5 ans, \u00e0 compter de la date d&rsquo;achat<\/li>\n<\/ul>\n<\/li>\n<\/ul>\n<\/div>\n<div class=\"product__disclosure-content\">\n<div class=\"js-read-more product-description__content read-more read-more--truncated\" style=\"max-height: 500px; overflow: hidden;\" data-read-more-name=\"description\">\n<p>Venez \u00e0 bout des faux plis r\u00e9calcitrants avec le pressing PHILIPS PerfectCare s\u00e9rie 7000. Que vous repassiez une robe ou une chemise, il vous permettra d&rsquo;obtenir un r\u00e9sultat parfait en un seul passage.<\/p>\n<h3>Un syst\u00e8me de vapeur puissant<\/h3>\n<p>Obtenez une vapeur intense en continu avec le pressing PHILIPS PerfectCare s\u00e9rie 7000. Son <b>syst\u00e8me de production de vapeur intelligent<\/b> d\u00e9tecte vos mouvements et lib\u00e8re l&rsquo;air au bon moment. Vous n&rsquo;avez m\u00eame pas besoin d&rsquo;appuyer sur un bouton ! Il s&rsquo;adapte \u00e9galement \u00e0 de nombreux types de textiles, dont le denim, le coton et la soie.<\/p>\n<p>La <b>technologie OptimalTEMP<\/b> du pressing PHILIPS PerfectCare s\u00e9rie 7000 assure un r\u00e9glage automatique en fonction du tissu. Quelle que soit la pi\u00e8ce repass\u00e9e, vous avez la garantie qu&rsquo;elle le sera \u00e0 la temp\u00e9rature id\u00e9ale. M\u00eame laiss\u00e9 sans surveillance sur un v\u00eatement ou un linge, il ne risque pas de br\u00fbler la fibre.<\/p>\n<h3>Un appareil facile \u00e0 utiliser et \u00e0 entretenir<\/h3>\n<p>Simplifiez-vous la vie avec le pressing PHILIPS PerfectCare s\u00e9rie 7000, qui offre une exp\u00e9rience d&rsquo;utilisation agr\u00e9able. Sa <b>semelle SteamGlide Elite<\/b> est con\u00e7ue pour glisser sur tous les tissus de mani\u00e8re fluide, en \u00e9vitant les rayures et les faux plis. Compos\u00e9e d&rsquo;acier inoxydable, elle comporte un <b>rev\u00eatement \u00e0 6 couches brevet\u00e9<\/b> qui vous fait gagner en rapidit\u00e9.<\/p>\n<p>Limitez aussi les recharges au maximum avec le r\u00e9servoir d&rsquo;eau transparent du pressing PHILIPS PerfectCare s\u00e9rie 7000. Sa <b>contenance de 1,8 L<\/b> permet de l&rsquo;utiliser pendant 2 h sans interruption. Pour lutter contre le calcaire, son <b>syst\u00e8me Easy De-Calc<\/b> le capte en continu. Lorsque le r\u00e9servoir est plein, un voyant s&rsquo;allume ; vous pourrez jeter les particules et reprendre votre repassage.<\/p>\n<\/div>\n<p>&nbsp;<\/p>\n<\/div>","protected":false},"excerpt":{"rendered":"<div class=\"keypoints\">\n<h3 class=\"keypoints__title\">Les points cl\u00e9s<\/h3>\n<ul role=\"list\">\n<li class=\"keypoints__item\" role=\"listitem\">D\u00e9bit vapeur : 120 g\/min &#8211; Surplus d\u00e9bit vapeur : 600 g\/min<\/li>\n<li class=\"keypoints__item\" role=\"listitem\">Thermostat : r\u00e9glage automatique &#8211; Temps de chauffe : 2,00 mn<\/li>\n<li class=\"keypoints__item\" role=\"listitem\">R\u00e9servoir : 1,80 L &#8211; R\u00e9servoir amovible<\/li>\n<li class=\"keypoints__item\" role=\"listitem\">Pression : 8,0 bars &#8211; Arr\u00eat automatique : 15 mn<\/li>\n<li class=\"keypoints__item keypoints__item--advantage\" role=\"listitem\"><strong>Le + :<\/strong> sa technologie de d\u00e9tection des mouvements pour une production automatique de vapeur.<\/li>\n<\/ul>\n<\/div>","protected":false},"featured_media":79692,"template":"","meta":{"_glsr_average":0,"_glsr_ranking":0,"_glsr_reviews":0},"product_cat":[425],"product_tag":[426,153,154],"class_list":{"0":"post-79693","1":"product","2":"type-product","3":"status-publish","4":"has-post-thumbnail","6":"product_cat-centrale-vapeur","7":"product_tag-centrale-vapeur","8":"product_tag-maison-entretien","9":"product_tag-repassage","11":"first","12":"instock","13":"sale","14":"shipping-taxable","15":"purchasable","16":"product-type-simple"},"_links":{"self":[{"href":"https:\/\/electromenagerexpress.com\/en\/wp-json\/wp\/v2\/product\/79693","targetHints":{"allow":["GET"]}}],"collection":[{"href":"https:\/\/electromenagerexpress.com\/en\/wp-json\/wp\/v2\/product"}],"about":[{"href":"https:\/\/electromenagerexpress.com\/en\/wp-json\/wp\/v2\/types\/product"}],"wp:featuredmedia":[{"embeddable":true,"href":"https:\/\/electromenagerexpress.com\/en\/wp-json\/wp\/v2\/media\/79692"}],"wp:attachment":[{"href":"https:\/\/electromenagerexpress.com\/en\/wp-json\/wp\/v2\/media?parent=79693"}],"wp:term":[{"taxonomy":"product_cat","embeddable":true,"href":"https:\/\/electromenagerexpress.com\/en\/wp-json\/wp\/v2\/product_cat?post=79693"},{"taxonomy":"product_tag","embeddable":true,"href":"https:\/\/electromenagerexpress.com\/en\/wp-json\/wp\/v2\/product_tag?post=79693"}],"curies":[{"name":"wp","href":"https:\/\/api.w.org\/{rel}","templated":true}]}}