{"id":79633,"date":"2024-11-24T14:52:28","date_gmt":"2024-11-24T14:52:28","guid":{"rendered":"https:\/\/electromenagerexpress.com\/product\/centrale-vapeurcalorgv9723c0-pro-express-ultimate-2\/"},"modified":"2024-11-24T14:52:36","modified_gmt":"2024-11-24T14:52:36","slug":"centrale-vapeurcalorgv9723c0-pro-express-ultimate-2","status":"publish","type":"product","link":"https:\/\/electromenagerexpress.com\/en\/product\/centrale-vapeurcalorgv9723c0-pro-express-ultimate-2\/","title":{"rendered":"Centrale vapeur\t\t\t\t\t\t\tCALOR\t\t\t\tGV9723C0 Pro Express Ultimate 2"},"content":{"rendered":"<div class=\"product-features__content\">\n<ul role=\"list\">\n<li class=\"product-features__item\" role=\"listitem\">\n<h3 class=\"product-features__label\">Vapeur<\/h3>\n<ul role=\"list\">\n<li class=\"product-features__item-list__item\" role=\"listitem\"><span class=\"is--medium\">Pression :<\/span> 8,0 bars\t\t\t\t\t<\/li>\n<li class=\"product-features__item-list__item\" role=\"listitem\"><span class=\"is--medium\">D\u00e9bit vapeur :<\/span> 170 g\/min\t\t\t\t\t<\/li>\n<li class=\"product-features__item-list__item\" role=\"listitem\"><span class=\"is--medium\">\u00c0 quoi sert le d\u00e9bit vapeur :<\/span> gr\u00e2ce \u00e0 la vapeur les fibres du linge se d\u00e9tendent, et plus il y a de vapeur, plus le repassage est efficace, facile et rapide\t\t\t\t\t<\/li>\n<li class=\"product-features__item-list__item\" role=\"listitem\"><span class=\"is--medium\">Surplus d\u00e9bit vapeur :<\/span> 610 g\/min\t\t\t\t\t<\/li>\n<li class=\"product-features__item-list__item\" role=\"listitem\"><span class=\"is--medium\">\u00c0 quoi sert le surplus d\u00e9bit vapeur :<\/span> appel\u00e9 \u00ab\u00a0effet pressing\u00a0\u00bb, la quantit\u00e9 de vapeur est plus importante, ce qui permet de chasser plus facilement les plis sur des tissus \u00e9pais (jean, velours).\t\t\t\t\t<\/li>\n<li class=\"product-features__item-list__item\" role=\"listitem\"><span class=\"is--medium\">D\u00e9froissage vertical :<\/span> Oui\t\t\t\t\t<\/li>\n<li class=\"product-features__item-list__item\" role=\"listitem\"><span class=\"is--medium\">\u00c0 quoi sert le d\u00e9froissage vertical :<\/span> utiliser le fer de votre centrale en d\u00e9froissage vertical sur les v\u00eatements d\u00e9licats, peu froiss\u00e9s et les tissus de type rideau ou voilage\t\t\t\t\t<\/li>\n<li class=\"product-features__item-list__item\" role=\"listitem\"><span class=\"is--medium\">Spray :<\/span> Non\t\t\t\t\t<\/li>\n<li class=\"product-features__item-list__item\" role=\"listitem\"><span class=\"is--medium\">Thermostat :<\/span> r\u00e9glable manuellement\t\t\t\t\t<\/li>\n<li class=\"product-features__item-list__item\" role=\"listitem\"><span class=\"is--medium\">T\u00e9moin de vapeur pr\u00eate :<\/span> Oui\t\t\t\t\t<\/li>\n<li class=\"product-features__item-list__item\" role=\"listitem\"><span class=\"is--medium\">Temps de chauffe :<\/span> 2,00 mn\t\t\t\t\t<\/li>\n<\/ul>\n<\/li>\n<li class=\"product-features__item\" role=\"listitem\">\n<h3 class=\"product-features__label\">Fer<\/h3>\n<ul role=\"list\">\n<li class=\"product-features__item-list__item\" role=\"listitem\"><span class=\"is--medium\">Type de fer :<\/span> Classique\t\t\t\t\t<\/li>\n<li class=\"product-features__item-list__item\" role=\"listitem\"><span class=\"is--medium\">Puissance :<\/span> 3.000 W\t\t\t\t\t<\/li>\n<li class=\"product-features__item-list__item\" role=\"listitem\"><span class=\"is--medium\">Type de semelle :<\/span> Durilium Airglide Autoclean\t\t\t\t\t<\/li>\n<li class=\"product-features__item-list__item\" role=\"listitem\"><span class=\"is--medium\">Le saviez-vous ? :<\/span> La technologie Durilium Airglide Autoclean offre une glisse optimale sur les tissus pour garantir un repassage rapide et facile. Le rev\u00eatement Autoclean permet de conserver une semelle en bon \u00e9tat et un d\u00e9bit de vapeur puissant\t\t\t\t\t<\/li>\n<li class=\"product-features__item-list__item\" role=\"listitem\"><span class=\"is--medium\">Repose fer :<\/span> Inclin\u00e9\t\t\t\t\t<\/li>\n<li class=\"product-features__item-list__item\" role=\"listitem\"><span class=\"is--medium\">Syst\u00e8me anti-gouttes :<\/span> Oui\t\t\t\t\t<\/li>\n<li class=\"product-features__item-list__item\" role=\"listitem\"><span class=\"is--medium\">Longueur du cordon vapeur :<\/span> 1,60 m\t\t\t\t\t<\/li>\n<\/ul>\n<\/li>\n<li class=\"product-features__item\" role=\"listitem\">\n<h3 class=\"product-features__label\">Traitement anti-calcaire<\/h3>\n<ul role=\"list\">\n<li class=\"product-features__item-list__item\" role=\"listitem\"><span class=\"is--medium\">Le saviez-vous ? :<\/span> Le calcaire risque d&rsquo;obstruer les conduits d&rsquo;\u00e9vacuation de la vapeur et donc de r\u00e9duire son efficacit\u00e9 mais aussi la dur\u00e9e de vie de votre centrale. Il est donc primordial de d\u00e9trarter votre centrale ainsi que le semelle r\u00e9guli\u00e8rement\t\t\t\t\t<\/li>\n<li class=\"product-features__item-list__item\" role=\"listitem\"><span class=\"is--medium\">Syst\u00e8me anti-calcaire :<\/span> Collecteur de tartre\t\t\t\t\t<\/li>\n<li class=\"product-features__item-list__item\" role=\"listitem\"><span class=\"is--medium\">Cartouche anti-calcaire :<\/span> Non\t\t\t\t\t<\/li>\n<li class=\"product-features__item-list__item\" role=\"listitem\"><span class=\"is--medium\">Collecteur de tartre :<\/span> oui, en chauffant, l&rsquo;eau am\u00e8ne le calcaire dans le collecteur qui devra \u00eatre vid\u00e9 et rinc\u00e9 \u00e0 l&rsquo;eau pour \u00e9vacuer le calcaire\t\t\t\t\t<\/li>\n<li class=\"product-features__item-list__item\" role=\"listitem\"><span class=\"is--medium\">T\u00e9moin d&rsquo;alerte d\u00e9tartrage :<\/span> oui, permet d&rsquo;alerter sur un entretien \u00e0 r\u00e9aliser, reportez-vous \u00e0 la notice de votre appareil en suivant les indications de nettoyage\t\t\t\t\t<\/li>\n<li class=\"product-features__item-list__item\" role=\"listitem\"><span class=\"is--medium\">Fonction anti-calcaire automatique :<\/span> Non\t\t\t\t\t<\/li>\n<li class=\"product-features__item-list__item\" role=\"listitem\"><span class=\"is--medium\">Touche auto-nettoyante :<\/span> Non\t\t\t\t\t<\/li>\n<li class=\"product-features__item-list__item\" role=\"listitem\"><span class=\"is--medium\">Eaux accept\u00e9es :<\/span> Robinet\t\t\t\t\t<\/li>\n<li class=\"product-features__item-list__item\" role=\"listitem\"><span class=\"is--medium\">J&rsquo;entretiens ma centrale vapeur :<\/span> <u><a href=\"https:\/\/www.boulanger.com\/c\/nav-filtre\/accessoire-repassage-soin-du-linge?facette_accesoires_repassage_____facette_type_accesoires_repassage~entretien20repassage\" target=\"_blank\">en sa<\/a><\/u><\/li>\n<\/ul>\n<\/li>\n<li class=\"product-features__item\" role=\"listitem\">\n<h3 class=\"product-features__label\">R\u00e9servoir<\/h3>\n<ul role=\"list\">\n<li class=\"product-features__item-list__item\" role=\"listitem\"><span class=\"is--medium\">R\u00e9servoir amovible : :<\/span> remplissez votre r\u00e9servoir \u00e0 tout moment pour une autonomie illimit\u00e9e durant vos s\u00e9ances de repassage\t\t\t\t\t<\/li>\n<li class=\"product-features__item-list__item\" role=\"listitem\"><span class=\"is--medium\">R\u00e9servoir :<\/span> 1,20 L\t\t\t\t\t<\/li>\n<li class=\"product-features__item-list__item\" role=\"listitem\"><span class=\"is--medium\">Capacit\u00e9 de r\u00e9servoir :<\/span> Capacit\u00e9 standard (moins de 1,5L)\t\t\t\t\t<\/li>\n<li class=\"product-features__item-list__item\" role=\"listitem\"><span class=\"is--medium\">R\u00e9servoir amovible :<\/span> Oui\t\t\t\t\t<\/li>\n<li class=\"product-features__item-list__item\" role=\"listitem\"><span class=\"is--medium\">Affichage du niveau d&rsquo;eau :<\/span> oui, permet de v\u00e9rifier si l&rsquo;eau de votre r\u00e9servoir suffit pour la quantit\u00e9 de linge \u00e0 repasser\t\t\t\t\t<\/li>\n<li class=\"product-features__item-list__item\" role=\"listitem\"><span class=\"is--medium\">T\u00e9moin de r\u00e9servoir vide :<\/span> oui, permet de vous avertir par un signal que le r\u00e9servoir doit \u00eatre r\u00e9-aliment\u00e9 en eau pour votre s\u00e9ance de repassage\t\t\t\t\t<\/li>\n<\/ul>\n<\/li>\n<li class=\"product-features__item\" role=\"listitem\">\n<h3 class=\"product-features__label\">S\u00e9curit\u00e9<\/h3>\n<ul role=\"list\">\n<li class=\"product-features__item-list__item\" role=\"listitem\"><span class=\"is--medium\">Arr\u00eat automatique :<\/span> 8 mn\t\t\t\t\t<\/li>\n<li class=\"product-features__item-list__item\" role=\"listitem\"><span class=\"is--medium\">\u00c0 quoi sert l&rsquo;arr\u00eat automatique :<\/span> pour plus de s\u00e9curit\u00e9, en cas de non utilisation du fer, la centrale vapeur s&rsquo;arr\u00eatera automatiquement\t\t\t\t\t<\/li>\n<li class=\"product-features__item-list__item\" role=\"listitem\"><span class=\"is--medium\">Arr\u00eat en cas de surchauffe :<\/span> Oui\t\t\t\t\t<\/li>\n<li class=\"product-features__item-list__item\" role=\"listitem\"><span class=\"is--medium\">Arceau de maintien du fer :<\/span> Oui\t\t\t\t\t<\/li>\n<li class=\"product-features__item-list__item\" role=\"listitem\"><span class=\"is--medium\">Syst\u00e8me de verrouillage :<\/span> oui, permet de fixer le fer \u00e0 sa base afin d&rsquo;\u00e9viter qu&rsquo;il ne glisse ou qu&rsquo;une personne ne touche la semelle chaude\t\t\t\t\t<\/li>\n<li class=\"product-features__item-list__item\" role=\"listitem\"><span class=\"is--medium\">T\u00e9moin lumineux de mise sous tension :<\/span> Oui\t\t\t\t\t<\/li>\n<\/ul>\n<\/li>\n<li class=\"product-features__item\" role=\"listitem\">\n<h3 class=\"product-features__label\">J&rsquo;\u00e9quipe ma centrale vapeur<\/h3>\n<ul role=\"list\">\n<li class=\"product-features__item-list__item\" role=\"listitem\"><span class=\"is--medium\">Trouver ma table \u00e0 repasser :<\/span> <u><a href=\"https:\/\/www.boulanger.com\/c\/table-a-repasser\" target=\"_blank\">en sa<\/a><\/u><\/li>\n<li class=\"product-features__item-list__item\" role=\"listitem\"><span class=\"is--medium\">Pour s\u00e9cher mon linge :<\/span> <u><a href=\"https:\/\/www.boulanger.com\/c\/nav-filtre\/accessoire-repassage-soin-du-linge?facette_accessoire_linge_____usage~etendre20son20linge\" target=\"_blank\">en sa<\/a><\/u><\/li>\n<li class=\"product-features__item-list__item\" role=\"listitem\"><span class=\"is--medium\">Trouver ma housse de table :<\/span> <u><a href=\"https:\/\/www.boulanger.com\/c\/nav-filtre\/accessoire-repassage-soin-du-linge?_usage~housse20table20e020repasser\" target=\"_blank\">en sa<\/a><\/u><\/li>\n<\/ul>\n<\/li>\n<li class=\"product-features__item\" role=\"listitem\">\n<h3 class=\"product-features__label\">Dimensions<\/h3>\n<ul role=\"list\">\n<li class=\"product-features__item-list__item\" role=\"listitem\"><span class=\"is--medium\">Dimensions l x h x p :<\/span> 24.5 x 29.6 x 41.5 cm\t\t\t\t\t<\/li>\n<li class=\"product-features__item-list__item\" role=\"listitem\"><span class=\"is--medium\">Poids\u00a0net :<\/span> 5,34 Kg\t\t\t\t\t<\/li>\n<\/ul>\n<\/li>\n<li class=\"product-features__item\" role=\"listitem\">\n<h3 class=\"product-features__label\">Informations et Services<\/h3>\n<ul role=\"list\">\n<li class=\"product-features__item-list__item\" role=\"listitem\"><span class=\"is--medium\">Fabriqu\u00e9 en :<\/span> France (par le Groupe SEB)\t\t\t\t\t<\/li>\n<li class=\"product-features__item-list__item\" role=\"listitem\"><span class=\"is--medium\">Disponibilit\u00e9 des pi\u00e8ces d\u00e9tach\u00e9es (donn\u00e9es fournisseur) :<\/span> Pendant 15 ans, \u00e0 compter de la date d&rsquo;achat\t\t\t\t\t<\/li>\n<li class=\"product-features__item-list__item\" role=\"listitem\"><span class=\"is--medium\">Dur\u00e9e de la garantie Constructeur (voir les conditions sp\u00e9ciales) :<\/span> 2 ans\t\t\t\t\t<\/li>\n<li class=\"product-features__item-list__item\" role=\"listitem\"><span class=\"is--medium\">D\u00e9couvrez les produits Made In France du Groupe Seb :<\/span> <u><a href=\"https:\/\/www.boulanger.com\/evenement\/univers_seb\" target=\"_blank\">en sa<\/a><\/u><\/li>\n<\/ul>\n<\/li>\n<\/ul>\n<\/div>","protected":false},"excerpt":{"rendered":"<div class=\"keypoints\">\n<h3 class=\"keypoints__title\">Les points cl\u00e9s<\/h3>\n<ul role=\"list\">\n<li class=\"keypoints__item\" role=\"listitem\">                          D\u00e9bit vapeur : 170 g\/min &#8211;                                                      Surplus d\u00e9bit vapeur : 610 g\/min                      <\/li>\n<li class=\"keypoints__item\" role=\"listitem\">                          Thermostat : r\u00e9glable manuellement &#8211;                                                      Temps de chauffe : 2,00 mn                      <\/li>\n<li class=\"keypoints__item\" role=\"listitem\">                          R\u00e9servoir : 1,20 L &#8211;                                                      R\u00e9servoir amovible                      <\/li>\n<li class=\"keypoints__item\" role=\"listitem\">                          Pression : 8,0 bars &#8211;                                                      Arr\u00eat automatique : 8 mn                      <\/li>\n<li class=\"keypoints__item keypoints__item--advantage\" role=\"listitem\"><strong>Le + :<\/strong> Sa fabrication made in France et son syst\u00e8me anti-calcaire pour une plus longue dur\u00e9e de vie.      <\/li>\n<\/ul>","protected":false},"featured_media":79632,"template":"","meta":{"_glsr_average":0,"_glsr_ranking":0,"_glsr_reviews":0},"product_cat":[425],"product_tag":[426,153,154],"class_list":{"0":"post-79633","1":"product","2":"type-product","3":"status-publish","4":"has-post-thumbnail","6":"product_cat-centrale-vapeur","7":"product_tag-centrale-vapeur","8":"product_tag-maison-entretien","9":"product_tag-repassage","11":"first","12":"instock","13":"sale","14":"shipping-taxable","15":"purchasable","16":"product-type-simple"},"_links":{"self":[{"href":"https:\/\/electromenagerexpress.com\/en\/wp-json\/wp\/v2\/product\/79633","targetHints":{"allow":["GET"]}}],"collection":[{"href":"https:\/\/electromenagerexpress.com\/en\/wp-json\/wp\/v2\/product"}],"about":[{"href":"https:\/\/electromenagerexpress.com\/en\/wp-json\/wp\/v2\/types\/product"}],"wp:featuredmedia":[{"embeddable":true,"href":"https:\/\/electromenagerexpress.com\/en\/wp-json\/wp\/v2\/media\/79632"}],"wp:attachment":[{"href":"https:\/\/electromenagerexpress.com\/en\/wp-json\/wp\/v2\/media?parent=79633"}],"wp:term":[{"taxonomy":"product_cat","embeddable":true,"href":"https:\/\/electromenagerexpress.com\/en\/wp-json\/wp\/v2\/product_cat?post=79633"},{"taxonomy":"product_tag","embeddable":true,"href":"https:\/\/electromenagerexpress.com\/en\/wp-json\/wp\/v2\/product_tag?post=79633"}],"curies":[{"name":"wp","href":"https:\/\/api.w.org\/{rel}","templated":true}]}}