{"id":79605,"date":"2024-11-24T14:52:03","date_gmt":"2024-11-24T14:52:03","guid":{"rendered":"https:\/\/electromenagerexpress.com\/product\/defroisseur-vapeursteamoneeudp2t\/"},"modified":"2024-11-24T14:52:08","modified_gmt":"2024-11-24T14:52:08","slug":"defroisseur-vapeursteamoneeudp2t","status":"publish","type":"product","link":"https:\/\/electromenagerexpress.com\/en\/product\/defroisseur-vapeursteamoneeudp2t\/","title":{"rendered":"D\u00e9froisseur vapeur\t\t\t\t\t\t\tSTEAMONE\t\t\t\tEUDP2T"},"content":{"rendered":"<div class=\"product-features__content\">\n<ul role=\"list\">\n<li class=\"product-features__item\" role=\"listitem\">\n<h3 class=\"product-features__label\">Choisir ce produit pour quels usages ?<\/h3>\n<ul role=\"list\">\n<li class=\"product-features__item-list__item\" role=\"listitem\"><span class=\"is--medium\">Gain de place :<\/span> Le d\u00e9froisseur vapeur vous permet de gagner de l&rsquo;espace dans vos rangements.\t\t\t\t\t<\/li>\n<li class=\"product-features__item-list__item\" role=\"listitem\"><span class=\"is--medium\">Transport :<\/span> d\u00e9froisseur \u00e0 main\t\t\t\t\t<\/li>\n<li class=\"product-features__item-list__item\" role=\"listitem\"><span class=\"is--medium\">Temps de chauffe :<\/span> Avec le temps de chauffre r\u00e9duit, le d\u00e9froisseur vapeur vous permet de gagner du temps.\t\t\t\t\t<\/li>\n<li class=\"product-features__item-list__item\" role=\"listitem\"><span class=\"is--medium\">Nomade :<\/span> le d\u00e9froisseur \u00e0 main est l\u00e9ger, simple d&rsquo;utilisation et facilement d\u00e9pla\u00e7able\t\t\t\t\t<\/li>\n<\/ul>\n<\/li>\n<li class=\"product-features__item\" role=\"listitem\">\n<h3 class=\"product-features__label\">Vapeur<\/h3>\n<ul role=\"list\">\n<li class=\"product-features__item-list__item\" role=\"listitem\"><span class=\"is--medium\">Puissance :<\/span> 2.300 W\t\t\t\t\t<\/li>\n<li class=\"product-features__item-list__item\" role=\"listitem\"><span class=\"is--medium\">Temps de chauffe :<\/span> 45 s\t\t\t\t\t<\/li>\n<li class=\"product-features__item-list__item\" role=\"listitem\"><span class=\"is--medium\">Choix de d\u00e9bit vapeur :<\/span> Oui\t\t\t\t\t<\/li>\n<li class=\"product-features__item-list__item\" role=\"listitem\"><span class=\"is--medium\">Nombre de mode de puissance :<\/span> 4\t\t\t\t\t<\/li>\n<li class=\"product-features__item-list__item\" role=\"listitem\"><span class=\"is--medium\">D\u00e9bit de vapeur :<\/span> 54 g\/min\t\t\t\t\t<\/li>\n<li class=\"product-features__item-list__item\" role=\"listitem\"><span class=\"is--medium\">\u00c0 quoi sert le d\u00e9bit vapeur :<\/span> gr\u00e2ce \u00e0 la vapeur les fibres du linge se d\u00e9tendent, et plus il y a de vapeur, plus le d\u00e9froissage est efficace, facile et rapide\t\t\t\t\t<\/li>\n<\/ul>\n<\/li>\n<li class=\"product-features__item\" role=\"listitem\">\n<h3 class=\"product-features__label\">Manche \/ Cordon \/ Semelle<\/h3>\n<ul role=\"list\">\n<li class=\"product-features__item-list__item\" role=\"listitem\"><span class=\"is--medium\">Type de semelle :<\/span> aluminium\t\t\t\t\t<\/li>\n<li class=\"product-features__item-list__item\" role=\"listitem\"><span class=\"is--medium\">Longueur du c\u00e2ble d&rsquo;alimentation :<\/span> 2,6 m\t\t\t\t\t<\/li>\n<\/ul>\n<\/li>\n<li class=\"product-features__item\" role=\"listitem\">\n<h3 class=\"product-features__label\">R\u00e9servoir<\/h3>\n<ul role=\"list\">\n<li class=\"product-features__item-list__item\" role=\"listitem\"><span class=\"is--medium\">Capacit\u00e9 du r\u00e9servoir :<\/span> 1,60 L\t\t\t\t\t<\/li>\n<li class=\"product-features__item-list__item\" role=\"listitem\"><span class=\"is--medium\">R\u00e9servoir amovible :<\/span> Oui\t\t\t\t\t<\/li>\n<li class=\"product-features__item-list__item\" role=\"listitem\"><span class=\"is--medium\">Le saviez-vous ? :<\/span> Un r\u00e9servoir amovible assure un remplissage tr\u00e8s simple et une autonomie illimit\u00e9e de votre appareil\t\t\t\t\t<\/li>\n<li class=\"product-features__item-list__item\" role=\"listitem\"><span class=\"is--medium\">Autonomie (r\u00e9servoir plein) :<\/span> jusqu&rsquo;\u00e0 80 min\t\t\t\t\t<\/li>\n<li class=\"product-features__item-list__item\" role=\"listitem\"><span class=\"is--medium\">Indicateur de niveau d&rsquo;eau :<\/span> Oui\t\t\t\t\t<\/li>\n<\/ul>\n<\/li>\n<li class=\"product-features__item\" role=\"listitem\">\n<h3 class=\"product-features__label\">Confort d&rsquo;utilisation<\/h3>\n<ul role=\"list\">\n<li class=\"product-features__item-list__item\" role=\"listitem\"><span class=\"is--medium\">Roues \/ Roulettes :<\/span> Non\t\t\t\t\t<\/li>\n<li class=\"product-features__item-list__item\" role=\"listitem\"><span class=\"is--medium\">Manche \/ T\u00eate pliable :<\/span> Non\t\t\t\t\t<\/li>\n<li class=\"product-features__item-list__item\" role=\"listitem\"><span class=\"is--medium\">Hauteur r\u00e9glable :<\/span> Ajustez la hauteur de votre d\u00e9froisseur en fonction de vos besoins. Permet \u00e9galement un gain de place pour le ranger plus facilement.\t\t\t\t\t<\/li>\n<\/ul>\n<\/li>\n<li class=\"product-features__item\" role=\"listitem\">\n<h3 class=\"product-features__label\">Traitement anti-calcaire<\/h3>\n<ul role=\"list\">\n<li class=\"product-features__item-list__item\" role=\"listitem\"><span class=\"is--medium\">Syst\u00e8me anti-calcaire :<\/span> Oui\t\t\t\t\t<\/li>\n<li class=\"product-features__item-list__item\" role=\"listitem\"><span class=\"is--medium\">Le saviez-vous ? :<\/span> Le calcaire risque d&rsquo;obstruer les conduits d&rsquo;\u00e9vacuation de la vapeur et donc de r\u00e9duire son efficacit\u00e9 mais aussi la dur\u00e9e de vie de votre d\u00e9froisseur. Il est donc primordial de d\u00e9trarter votre d\u00e9froisseur ainsi que le semelle r\u00e9guli\u00e8rement\t\t\t\t\t<\/li>\n<li class=\"product-features__item-list__item\" role=\"listitem\"><span class=\"is--medium\">J&rsquo;entretiens mon defroisseur :<\/span> <u><a href=\"https:\/\/www.boulanger.com\/c\/nav-filtre\/accessoire-repassage-soin-du-linge?facette_accesoires_repassage_____facette_type_accesoires_repassage~entretien20repassage\" target=\"_blank\">en sa<\/a><\/u><\/li>\n<\/ul>\n<\/li>\n<li class=\"product-features__item\" role=\"listitem\">\n<h3 class=\"product-features__label\">Equipement<\/h3>\n<ul role=\"list\">\n<li class=\"product-features__item-list__item\" role=\"listitem\"><span class=\"is--medium\">Mini planche :<\/span> oui, c&rsquo;est l&rsquo;accessoire id\u00e9al pour pouvoir repasser facilement les petits v\u00eatements. Compacte et facile \u00e0 utiliser, elle vous permettra de r\u00e9aliser des finitions parfaites.\t\t\t\t\t<\/li>\n<\/ul>\n<\/li>\n<li class=\"product-features__item\" role=\"listitem\">\n<h3 class=\"product-features__label\">Dimensions<\/h3>\n<ul role=\"list\">\n<li class=\"product-features__item-list__item\" role=\"listitem\"><span class=\"is--medium\">L x H x P: :<\/span> 27 x 43 x 43.5 cm\t\t\t\t\t<\/li>\n<li class=\"product-features__item-list__item\" role=\"listitem\"><span class=\"is--medium\">Poids: :<\/span> 9,35 Kg\t\t\t\t\t<\/li>\n<\/ul>\n<\/li>\n<li class=\"product-features__item\" role=\"listitem\">\n<h3 class=\"product-features__label\">Informations et Services<\/h3>\n<ul role=\"list\">\n<li class=\"product-features__item-list__item\" role=\"listitem\"><span class=\"is--medium\">R\u00e9f\u00e9rence constructeur :<\/span> EUDP2T\t\t\t\t\t<\/li>\n<li class=\"product-features__item-list__item\" role=\"listitem\"><span class=\"is--medium\">Marque :<\/span> STEAMONE\t\t\t\t\t<\/li>\n<li class=\"product-features__item-list__item\" role=\"listitem\"><span class=\"is--medium\">Garantie :<\/span> 2 ans\t\t\t\t\t<\/li>\n<li class=\"product-features__item-list__item\" role=\"listitem\"><span class=\"is--medium\">Disponibilit\u00e9 des pi\u00e8ces d\u00e9tach\u00e9es (donn\u00e9es fournisseur) :<\/span> Pendant 7 ans, \u00e0 compter de la date d&rsquo;achat\t\t\t\t\t<\/li>\n<li class=\"product-features__item-list__item\" role=\"listitem\"><span class=\"is--medium\">Fabriqu\u00e9 en :<\/span> Chine\t\t\t\t\t<\/li>\n<\/ul>\n<\/li>\n<\/ul>\n<\/div>\n<div class=\"product__disclosure-content\">\n<div class=\"js-read-more product-description__content read-more read-more--truncated\" data-read-more-name=\"description\" style=\"max-height: 500px; overflow: hidden;\">\n<div class=\"product__description-content read-more\">\n<p>D\u00e9froisseur vapeur STEAMONE DUALYS 2 EUDP2T : l&rsquo;alli\u00e9 incontournable pour un linge impeccable<\/p>\n<h3><img fetchpriority=\"high\" decoding=\"async\" alt=\"D\u00e9froisseur vapeur STEAMONE EUDP2T\" class=\"wy_tableau_gauche\" height=\"270\" src=\"https:\/\/boulanger.scene7.com\/is\/image\/Boulanger\/3700734608684_h_f_l_0?wid=400&amp;hei=270\" width=\"400\"\/>Performance et adaptabilit\u00e9 pour tous vos textiles<\/h3>\n<p>Le D\u00e9froisseur vapeur STEAMONE DUALYS 2 EUDP2T se distingue par sa puissance exceptionnelle de 2300W et son d\u00e9bit de vapeur impressionnant de 54 g\/min, garantissant un d\u00e9froissage efficace et rapide. Gr\u00e2ce \u00e0 sa double chaudi\u00e8re, il offre une production de vapeur plus dense et constante, am\u00e9liorant significativement le temps de chauffe. Les quatre modes de puissance disponibles permettent d&rsquo;ajuster la vapeur en fonction de la nature du tissu, des plus d\u00e9licats comme la soie, jusqu&rsquo;aux plus \u00e9pais comme le coton. Son r\u00e9servoir amovible d&rsquo;une capacit\u00e9 de 1,6L assure une autonomie d&rsquo;environ 80 minutes, permettant de d\u00e9froisser en continu sans interruption. Avec le STEAMONE DUALYS 2, b\u00e9n\u00e9ficiez d&rsquo;une solution compl\u00e8te pour entretenir votre garde-robe et vos textiles de maison avec une grande facilit\u00e9.<\/p>\n<p>\u00a0<\/p>\n<p>\u00a0<\/p>\n<h3><img decoding=\"async\" alt=\"D\u00e9froisseur vapeur STEAMONE EUDP2T\" class=\"wy_tableau_right\" height=\"270\" src=\"https:\/\/boulanger.scene7.com\/is\/image\/Boulanger\/3700734608684_h_f_l_1?wid=400&amp;hei=270\" width=\"400\"\/>Confort d&rsquo;utilisation et durabilit\u00e9<\/h3>\n<p>Con\u00e7u pour une utilisation domestique optimale, le defroisseur vapeur STEAMONE DUALYS 2 EUDP2T allie mobilit\u00e9 et praticit\u00e9. Ses deux roues facilitent le d\u00e9placement, tandis que la tige t\u00e9lescopique en aluminium et le tuyau thermique isolant permettent un ajustement parfait \u00e0 la hauteur souhait\u00e9e et une manipulation en toute s\u00e9curit\u00e9. Le syst\u00e8me anti-calcaire avec bouchon collecteur de tartre prolonge la dur\u00e9e de vie de l&rsquo;appareil, pr\u00e9servant ainsi ses performances. De plus, l&rsquo;arr\u00eat automatique en cas de r\u00e9servoir vide et l&rsquo;enroulement du c\u00e2ble \u00e0 l&rsquo;arri\u00e8re du produit assurent une utilisation s\u00e9curis\u00e9e et un rangement ais\u00e9. Hygi\u00e9nique, il \u00e9limine 99,99% des germes et des odeurs sans produits chimiques, rafra\u00eechissant les fibres et prolongeant la dur\u00e9e de vie de vos textiles. Avec ses accessoires inclus, tels que le cintre multifonction et le gant thermo-protecteur, le STEAMONE DUALYS 2 est pr\u00eat \u00e0 relever tous les d\u00e9fis de d\u00e9froissage \u00e0 la maison.<\/p>\n<\/div>\n<\/div>\n<p><bl-button a11yexpanded=\"false\" arialabel=\"Afficher toute la description\" class=\"read-more__btn\" full=\"false\" link=\"true\"><\/bl-button><\/div>","protected":false},"excerpt":{"rendered":"<div class=\"keypoints\">\n<h3 class=\"keypoints__title\">Les points cl\u00e9s<\/h3>\n<ul role=\"list\">\n<li class=\"keypoints__item\" role=\"listitem\">                          D\u00e9bit de vapeur : 54 g\/min &#8211;                                                      Nombre de mode de puissance : 4                      <\/li>\n<li class=\"keypoints__item\" role=\"listitem\">                          Capacit\u00e9 du r\u00e9servoir : 1,60 L &#8211;                                                      Type de semelle : aluminium                      <\/li>\n<li class=\"keypoints__item\" role=\"listitem\">                          Temps de chauffe : 45 s &#8211;                                        Puissance : 2.300 W &#8211;                                                      Poids: : 9,35 Kg                      <\/li>\n<li class=\"keypoints__item\" role=\"listitem\">                                        Longueur du c\u00e2ble d&rsquo;alimentation : 2,6 m                      <\/li>\n<\/ul>","protected":false},"featured_media":79604,"template":"","meta":{"_glsr_average":0,"_glsr_ranking":0,"_glsr_reviews":0},"product_cat":[152],"product_tag":[155,153,154],"class_list":{"0":"post-79605","1":"product","2":"type-product","3":"status-publish","4":"has-post-thumbnail","6":"product_cat-defroisseur-vapeur","7":"product_tag-defroisseur-vapeur","8":"product_tag-maison-entretien","9":"product_tag-repassage","11":"first","12":"instock","13":"sale","14":"shipping-taxable","15":"purchasable","16":"product-type-simple"},"_links":{"self":[{"href":"https:\/\/electromenagerexpress.com\/en\/wp-json\/wp\/v2\/product\/79605","targetHints":{"allow":["GET"]}}],"collection":[{"href":"https:\/\/electromenagerexpress.com\/en\/wp-json\/wp\/v2\/product"}],"about":[{"href":"https:\/\/electromenagerexpress.com\/en\/wp-json\/wp\/v2\/types\/product"}],"wp:featuredmedia":[{"embeddable":true,"href":"https:\/\/electromenagerexpress.com\/en\/wp-json\/wp\/v2\/media\/79604"}],"wp:attachment":[{"href":"https:\/\/electromenagerexpress.com\/en\/wp-json\/wp\/v2\/media?parent=79605"}],"wp:term":[{"taxonomy":"product_cat","embeddable":true,"href":"https:\/\/electromenagerexpress.com\/en\/wp-json\/wp\/v2\/product_cat?post=79605"},{"taxonomy":"product_tag","embeddable":true,"href":"https:\/\/electromenagerexpress.com\/en\/wp-json\/wp\/v2\/product_tag?post=79605"}],"curies":[{"name":"wp","href":"https:\/\/api.w.org\/{rel}","templated":true}]}}