{"id":79575,"date":"2024-11-24T14:51:37","date_gmt":"2024-11-24T14:51:37","guid":{"rendered":"https:\/\/electromenagerexpress.com\/product\/centrale-vapeurlaurastarlift-1980\/"},"modified":"2024-11-24T14:51:48","modified_gmt":"2024-11-24T14:51:48","slug":"centrale-vapeurlaurastarlift-1980","status":"publish","type":"product","link":"https:\/\/electromenagerexpress.com\/en\/product\/centrale-vapeurlaurastarlift-1980\/","title":{"rendered":"Centrale vapeur\t\t\t\t\t\t\tLAURASTAR\t\t\t\tLift 1980"},"content":{"rendered":"<div class=\"product-features__content\">\n<ul role=\"list\">\n<li class=\"product-features__item\" role=\"listitem\">\n<h3 class=\"product-features__label\">Vapeur<\/h3>\n<ul role=\"list\">\n<li class=\"product-features__item-list__item\" role=\"listitem\"><span class=\"is--medium\">Pression :<\/span> 3,5 bars\t\t\t\t\t<\/li>\n<li class=\"product-features__item-list__item\" role=\"listitem\"><span class=\"is--medium\">D\u00e9bit vapeur :<\/span> 80 g\/min\t\t\t\t\t<\/li>\n<li class=\"product-features__item-list__item\" role=\"listitem\"><span class=\"is--medium\">\u00c0 quoi sert le d\u00e9bit vapeur :<\/span> gr\u00e2ce \u00e0 la vapeur les fibres du linge se d\u00e9tendent, et plus il y a de vapeur, plus le repassage est efficace, facile et rapide\t\t\t\t\t<\/li>\n<li class=\"product-features__item-list__item\" role=\"listitem\"><span class=\"is--medium\">Surplus d\u00e9bit vapeur :<\/span> 0 g\/min\t\t\t\t\t<\/li>\n<li class=\"product-features__item-list__item\" role=\"listitem\"><span class=\"is--medium\">D\u00e9froissage vertical :<\/span> Oui\t\t\t\t\t<\/li>\n<li class=\"product-features__item-list__item\" role=\"listitem\"><span class=\"is--medium\">\u00c0 quoi sert le d\u00e9froissage vertical :<\/span> utiliser le fer de votre centrale en d\u00e9froissage vertical sur les v\u00eatements d\u00e9licats, peu froiss\u00e9s et les tissus de type rideau ou voilage\t\t\t\t\t<\/li>\n<li class=\"product-features__item-list__item\" role=\"listitem\"><span class=\"is--medium\">Spray :<\/span> Non\t\t\t\t\t<\/li>\n<li class=\"product-features__item-list__item\" role=\"listitem\"><span class=\"is--medium\">Thermostat :<\/span> r\u00e9glage automatique\t\t\t\t\t<\/li>\n<li class=\"product-features__item-list__item\" role=\"listitem\"><span class=\"is--medium\">T\u00e9moin de vapeur pr\u00eate :<\/span> Oui\t\t\t\t\t<\/li>\n<li class=\"product-features__item-list__item\" role=\"listitem\"><span class=\"is--medium\">Temps de chauffe :<\/span> 3,00 mn\t\t\t\t\t<\/li>\n<\/ul>\n<\/li>\n<li class=\"product-features__item\" role=\"listitem\">\n<h3 class=\"product-features__label\">Fer<\/h3>\n<ul role=\"list\">\n<li class=\"product-features__item-list__item\" role=\"listitem\"><span class=\"is--medium\">Type de fer :<\/span> Professionnel\t\t\t\t\t<\/li>\n<li class=\"product-features__item-list__item\" role=\"listitem\"><span class=\"is--medium\">Puissance :<\/span> 2.200 W\t\t\t\t\t<\/li>\n<li class=\"product-features__item-list__item\" role=\"listitem\"><span class=\"is--medium\">Type de semelle :<\/span> Active 3D\t\t\t\t\t<\/li>\n<li class=\"product-features__item-list__item\" role=\"listitem\"><span class=\"is--medium\">Le saviez-vous ? :<\/span> La semelle inox Active 3D garantit une qualit\u00e9 de repassage optimale. Le relief de la semelle tend le tissu et la puissance de la vapeur \u00e9limine les faux plis pour un repassage facile et rapide.\t\t\t\t\t<\/li>\n<li class=\"product-features__item-list__item\" role=\"listitem\"><span class=\"is--medium\">Repose fer :<\/span> Amovible\t\t\t\t\t<\/li>\n<li class=\"product-features__item-list__item\" role=\"listitem\"><span class=\"is--medium\">Syst\u00e8me anti-gouttes :<\/span> Non\t\t\t\t\t<\/li>\n<li class=\"product-features__item-list__item\" role=\"listitem\"><span class=\"is--medium\">Longueur du cordon vapeur :<\/span> 2,00 m\t\t\t\t\t<\/li>\n<\/ul>\n<\/li>\n<li class=\"product-features__item\" role=\"listitem\">\n<h3 class=\"product-features__label\">Traitement anti-calcaire<\/h3>\n<ul role=\"list\">\n<li class=\"product-features__item-list__item\" role=\"listitem\"><span class=\"is--medium\">Le saviez-vous ? :<\/span> Le calcaire risque d&rsquo;obstruer les conduits d&rsquo;\u00e9vacuation de la vapeur et donc de r\u00e9duire son efficacit\u00e9 mais aussi la dur\u00e9e de vie de votre centrale. Il est donc primordial de d\u00e9trarter votre centrale ainsi que le semelle r\u00e9guli\u00e8rement\t\t\t\t\t<\/li>\n<li class=\"product-features__item-list__item\" role=\"listitem\"><span class=\"is--medium\">Syst\u00e8me anti-calcaire :<\/span> Cartouche anti-calcaire\t\t\t\t\t<\/li>\n<li class=\"product-features__item-list__item\" role=\"listitem\"><span class=\"is--medium\">Cartouche anti-calcaire :<\/span> oui, l&rsquo;eau est filtr\u00e9e avant qu&rsquo;elle ne soit chauff\u00e9e et permet de r\u00e9duire l&rsquo;entartrage de votre appareil.Il est conseill\u00e9 de changer sa cartouche d\u00e8s que celle-ci n&rsquo;est plus efficace (environ tous les 3 mois)\t\t\t\t\t<\/li>\n<li class=\"product-features__item-list__item\" role=\"listitem\"><span class=\"is--medium\">T\u00e9moin d&rsquo;alerte d\u00e9tartrage :<\/span> oui, permet d&rsquo;alerter sur un entretien \u00e0 r\u00e9aliser, reportez-vous \u00e0 la notice de votre appareil en suivant les indications de nettoyage\t\t\t\t\t<\/li>\n<li class=\"product-features__item-list__item\" role=\"listitem\"><span class=\"is--medium\">Fonction anti-calcaire automatique :<\/span> Oui\t\t\t\t\t<\/li>\n<li class=\"product-features__item-list__item\" role=\"listitem\"><span class=\"is--medium\">Touche auto-nettoyante :<\/span> Non\t\t\t\t\t<\/li>\n<li class=\"product-features__item-list__item\" role=\"listitem\"><span class=\"is--medium\">Eaux accept\u00e9es :<\/span> Robinet\t\t\t\t\t<\/li>\n<li class=\"product-features__item-list__item\" role=\"listitem\"><span class=\"is--medium\">J&rsquo;entretiens ma centrale vapeur :<\/span> <u><a href=\"https:\/\/www.boulanger.com\/c\/nav-filtre\/accessoire-repassage-soin-du-linge?facette_accesoires_repassage_____facette_type_accesoires_repassage~entretien20repassage\" target=\"_blank\">en sa<\/a><\/u><\/li>\n<\/ul>\n<\/li>\n<li class=\"product-features__item\" role=\"listitem\">\n<h3 class=\"product-features__label\">R\u00e9servoir<\/h3>\n<ul role=\"list\">\n<li class=\"product-features__item-list__item\" role=\"listitem\"><span class=\"is--medium\">R\u00e9servoir amovible : :<\/span> remplissez votre r\u00e9servoir \u00e0 tout moment pour une autonomie illimit\u00e9e durant vos s\u00e9ances de repassage\t\t\t\t\t<\/li>\n<li class=\"product-features__item-list__item\" role=\"listitem\"><span class=\"is--medium\">R\u00e9servoir :<\/span> 1,10 L\t\t\t\t\t<\/li>\n<li class=\"product-features__item-list__item\" role=\"listitem\"><span class=\"is--medium\">Capacit\u00e9 de r\u00e9servoir :<\/span> Capacit\u00e9 standard (moins de 1,5L)\t\t\t\t\t<\/li>\n<li class=\"product-features__item-list__item\" role=\"listitem\"><span class=\"is--medium\">R\u00e9servoir amovible :<\/span> Oui\t\t\t\t\t<\/li>\n<li class=\"product-features__item-list__item\" role=\"listitem\"><span class=\"is--medium\">Affichage du niveau d&rsquo;eau :<\/span> oui, permet de v\u00e9rifier si l&rsquo;eau de votre r\u00e9servoir suffit pour la quantit\u00e9 de linge \u00e0 repasser\t\t\t\t\t<\/li>\n<li class=\"product-features__item-list__item\" role=\"listitem\"><span class=\"is--medium\">T\u00e9moin de r\u00e9servoir vide :<\/span> oui, permet de vous avertir par un signal que le r\u00e9servoir doit \u00eatre r\u00e9-aliment\u00e9 en eau pour votre s\u00e9ance de repassage\t\t\t\t\t<\/li>\n<\/ul>\n<\/li>\n<li class=\"product-features__item\" role=\"listitem\">\n<h3 class=\"product-features__label\">S\u00e9curit\u00e9<\/h3>\n<ul role=\"list\">\n<li class=\"product-features__item-list__item\" role=\"listitem\"><span class=\"is--medium\">Arr\u00eat automatique :<\/span> 10 mn\t\t\t\t\t<\/li>\n<li class=\"product-features__item-list__item\" role=\"listitem\"><span class=\"is--medium\">\u00c0 quoi sert l&rsquo;arr\u00eat automatique :<\/span> pour plus de s\u00e9curit\u00e9, en cas de non utilisation du fer, la centrale vapeur s&rsquo;arr\u00eatera automatiquement\t\t\t\t\t<\/li>\n<li class=\"product-features__item-list__item\" role=\"listitem\"><span class=\"is--medium\">Arr\u00eat en cas de surchauffe :<\/span> Oui\t\t\t\t\t<\/li>\n<li class=\"product-features__item-list__item\" role=\"listitem\"><span class=\"is--medium\">Arceau de maintien du fer :<\/span> Non\t\t\t\t\t<\/li>\n<li class=\"product-features__item-list__item\" role=\"listitem\"><span class=\"is--medium\">Syst\u00e8me de verrouillage :<\/span> oui, permet de fixer le fer \u00e0 sa base afin d&rsquo;\u00e9viter qu&rsquo;il ne glisse ou qu&rsquo;une personne ne touche la semelle chaude\t\t\t\t\t<\/li>\n<li class=\"product-features__item-list__item\" role=\"listitem\"><span class=\"is--medium\">T\u00e9moin lumineux de mise sous tension :<\/span> Oui\t\t\t\t\t<\/li>\n<\/ul>\n<\/li>\n<li class=\"product-features__item\" role=\"listitem\">\n<h3 class=\"product-features__label\">J&rsquo;\u00e9quipe ma centrale vapeur<\/h3>\n<ul role=\"list\">\n<li class=\"product-features__item-list__item\" role=\"listitem\"><span class=\"is--medium\">Trouver ma table \u00e0 repasser :<\/span> <u><a href=\"https:\/\/www.boulanger.com\/c\/table-a-repasser\" target=\"_blank\">en sa<\/a><\/u><\/li>\n<li class=\"product-features__item-list__item\" role=\"listitem\"><span class=\"is--medium\">Pour s\u00e9cher mon linge :<\/span> <u><a href=\"https:\/\/www.boulanger.com\/c\/nav-filtre\/accessoire-repassage-soin-du-linge?facette_accessoire_linge_____usage~etendre20son20linge\" target=\"_blank\">en sa<\/a><\/u><\/li>\n<li class=\"product-features__item-list__item\" role=\"listitem\"><span class=\"is--medium\">Trouver ma housse de table :<\/span> <u><a href=\"https:\/\/www.boulanger.com\/c\/nav-filtre\/accessoire-repassage-soin-du-linge?_usage~housse20table20e020repasser\" target=\"_blank\">en sa<\/a><\/u><\/li>\n<\/ul>\n<\/li>\n<li class=\"product-features__item\" role=\"listitem\">\n<h3 class=\"product-features__label\">Dimensions<\/h3>\n<ul role=\"list\">\n<li class=\"product-features__item-list__item\" role=\"listitem\"><span class=\"is--medium\">Dimensions l x h x p :<\/span> 28 x 45 x 28 cm\t\t\t\t\t<\/li>\n<li class=\"product-features__item-list__item\" role=\"listitem\"><span class=\"is--medium\">Poids\u00a0net :<\/span> 5,50 Kg\t\t\t\t\t<\/li>\n<\/ul>\n<\/li>\n<li class=\"product-features__item\" role=\"listitem\">\n<h3 class=\"product-features__label\">Informations et Services<\/h3>\n<ul role=\"list\">\n<li class=\"product-features__item-list__item\" role=\"listitem\"><span class=\"is--medium\">Fabriqu\u00e9 en :<\/span> Hongrie\t\t\t\t\t<\/li>\n<li class=\"product-features__item-list__item\" role=\"listitem\"><span class=\"is--medium\">Disponibilit\u00e9 des pi\u00e8ces d\u00e9tach\u00e9es (donn\u00e9es fournisseur) :<\/span> Pendant 10 ans, \u00e0 compter de la date de fabrication\t\t\t\t\t<\/li>\n<li class=\"product-features__item-list__item\" role=\"listitem\"><span class=\"is--medium\">Dur\u00e9e de la garantie Constructeur (voir les conditions sp\u00e9ciales) :<\/span> 2 ans\t\t\t\t\t<\/li>\n<\/ul>\n<\/li>\n<li class=\"product-features__item\" role=\"listitem\">\n<h3 class=\"product-features__label\">Caract\u00e9ristiques g\u00e9n\u00e9rales<\/h3>\n<ul role=\"list\">\n<li class=\"product-features__item-list__item\" role=\"listitem\"><span class=\"is--medium\">D\u00e9couvrez les centrales vapeur Laurastar :<\/span> <u><a href=\"https:\/\/www.boulanger.com\/evenement\/laurastar-centrale-vapeur-lift\" target=\"_blank\">en sa<\/a><\/u><\/li>\n<\/ul>\n<\/li>\n<\/ul>\n<\/div>\n<div class=\"product__disclosure-content\">\n<div class=\"js-read-more product-description__content read-more read-more--truncated\" data-read-more-name=\"description\" style=\"max-height: 500px; overflow: hidden;\">\n<p><b>LAURASTAR LIFT XTRA 1980<\/b><\/p>\n<p>Habill\u00e9e d&rsquo;or mat sobre et \u00e9l\u00e9gant, cette centrale-vapeur 3-en-1 nouvelle g\u00e9n\u00e9ration repasse, d\u00e9froisse et d\u00e9sinfecte les v\u00eatements.<\/p>\n<p><b><img fetchpriority=\"high\" decoding=\"async\" alt=\"URL SCENE7\" class=\"wy_tableau_gauche\" height=\"249\" src=\"https:\/\/boulanger.scene7.com\/is\/image\/Boulanger\/0790776019817_h_f_l_0?wid=1000\" width=\"314\"\/>UNE VAPEUR UNIQUE<\/b><\/p>\n<p>D\u00e9sinfection des textiles gr\u00e2ce \u00e0 la vapeur DMS Laurastar (Dry Microfine Steam) qui \u00e9limine les virus, bact\u00e9ries et acariens r\u00e9sistants aux lavages \u00e0 30 et 40\u00b0C *. <\/p>\n<p>*test\u00e9e par 3 laboratoires ind\u00e9pendants accr\u00e9dit\u00e9s ISO 17025<\/p>\n<p>La vapeur DMS Laurastar assure un r\u00e9sultat parfait en deux fois moins de temps, un respect de toutes les mati\u00e8res en les repulpant d\u00e9licatement et une hygi\u00e9nisation au coeur des fibres. Performance, soin et hygi\u00e8ne gr\u00e2ce une vapeur sans humidit\u00e9.<\/p>\n<p>\u00a0<\/p>\n<p><b>DES TECHNOLOGIES QUI VOUS FACILITE LA VIE<img decoding=\"async\" alt=\"URL SCENE7\" class=\"wy_tableau_right\" height=\"236\" src=\"https:\/\/boulanger.scene7.com\/is\/image\/Boulanger\/0790776019817_h_f_l_5?wid=1000\" width=\"292\"\/><\/b><\/p>\n<p>La vapeur puls\u00e9e est diffus\u00e9e par impulsions successive. Elle garantit un dosage optimal pour un r\u00e9sultat parfait quelques soient la couleur et la mati\u00e8re de vos v\u00eatements.<\/p>\n<p>La temp\u00e9rature id\u00e9ale du thermostat a \u00e9t\u00e9 \u00e9tudi\u00e9e et programm\u00e9e pour un r\u00e9sultat parfait sur tous les textiles. Finit le r\u00e9glage de la temp\u00e9rature\u00a0! Votre centre vapeur Lift Xtra atteint toute seule la temp\u00e9rature la plus adapt\u00e9e pour tous vos textiles.<\/p>\n<p>\u00a0<\/p>\n<p><b><img decoding=\"async\" alt=\"URL SCENE7\" class=\"wy_tableau_gauche\" height=\"252\" src=\"https:\/\/boulanger.scene7.com\/is\/image\/Boulanger\/0790776019817_h_f_l_2?wid=1000\" width=\"291\"\/>FINIT LES FAUX PLIS\u00a0!<\/b><\/p>\n<p>Le fer professionnel assurer un r\u00e9sultat parfait en 1 seul passage pour toutes les mati\u00e8res.<\/p>\n<p>La semelle active en 3D offre une qualit\u00e9 de repassage in\u00e9gal\u00e9e en un seul passage gr\u00e2ce \u00e0 deux actions : le relief de la semelle tend le tissu pendant que la vapeur r\u00e9partie sur toute la surface \u00e9limine les plis sans effort.<\/p>\n<p><b>UNE PRATICITE AU RENDEZ-VOUS<\/b><\/p>\n<p>Permet de repasser sur une table ou d\u00e9froisser directement sur le cintre.<\/p>\n<p>Facile \u00e0 ranger, facile \u00e0 d\u00e9placer et pr\u00eat en 3 minutes gr\u00e2ce \u00e0 une ergonomie unique.<\/p>\n<\/p>\n<p><video class=\"s7Video\" controls=\"\" controlslist=\"nodownload\" poster=\"https:\/\/boulanger.scene7.com\/is\/image\/Boulanger\/0790776019817_v_0?scl=1\" preload=\"metadata\" src=\"https:\/\/boulanger.scene7.com\/is\/content\/Boulanger\/0790776019817_v_0\" width=\"100%\"><\/video><\/p>\n<\/div>\n<p><bl-button a11yexpanded=\"false\" arialabel=\"Afficher toute la description\" class=\"read-more__btn\" full=\"false\" link=\"true\"><\/bl-button><\/div>","protected":false},"excerpt":{"rendered":"<div class=\"keypoints\">\n<h3 class=\"keypoints__title\">Les points cl\u00e9s<\/h3>\n<ul role=\"list\">\n<li class=\"keypoints__item\" role=\"listitem\">                          D\u00e9bit vapeur : 80 g\/min &#8211;                                                      Surplus d\u00e9bit vapeur : 0 g\/min                      <\/li>\n<li class=\"keypoints__item\" role=\"listitem\">                          Thermostat : r\u00e9glage automatique &#8211;                                                      Temps de chauffe : 3,00 mn                      <\/li>\n<li class=\"keypoints__item\" role=\"listitem\">                          R\u00e9servoir : 1,10 L &#8211;                                                      R\u00e9servoir amovible                      <\/li>\n<li class=\"keypoints__item\" role=\"listitem\">                          Pression : 3,5 bars &#8211;                                                      Arr\u00eat automatique : 10 mn                      <\/li>\n<li class=\"keypoints__item keypoints__item--advantage\" role=\"listitem\"><strong>Le + :<\/strong> Sa fonction 3 en 1: Repasse, d\u00e9froisse et d\u00e9sinfecte      <\/li>\n<\/ul>","protected":false},"featured_media":79574,"template":"","meta":{"_glsr_average":0,"_glsr_ranking":0,"_glsr_reviews":0},"product_cat":[425],"product_tag":[426,153,154],"class_list":{"0":"post-79575","1":"product","2":"type-product","3":"status-publish","4":"has-post-thumbnail","6":"product_cat-centrale-vapeur","7":"product_tag-centrale-vapeur","8":"product_tag-maison-entretien","9":"product_tag-repassage","11":"first","12":"instock","13":"sale","14":"shipping-taxable","15":"purchasable","16":"product-type-simple"},"_links":{"self":[{"href":"https:\/\/electromenagerexpress.com\/en\/wp-json\/wp\/v2\/product\/79575","targetHints":{"allow":["GET"]}}],"collection":[{"href":"https:\/\/electromenagerexpress.com\/en\/wp-json\/wp\/v2\/product"}],"about":[{"href":"https:\/\/electromenagerexpress.com\/en\/wp-json\/wp\/v2\/types\/product"}],"wp:featuredmedia":[{"embeddable":true,"href":"https:\/\/electromenagerexpress.com\/en\/wp-json\/wp\/v2\/media\/79574"}],"wp:attachment":[{"href":"https:\/\/electromenagerexpress.com\/en\/wp-json\/wp\/v2\/media?parent=79575"}],"wp:term":[{"taxonomy":"product_cat","embeddable":true,"href":"https:\/\/electromenagerexpress.com\/en\/wp-json\/wp\/v2\/product_cat?post=79575"},{"taxonomy":"product_tag","embeddable":true,"href":"https:\/\/electromenagerexpress.com\/en\/wp-json\/wp\/v2\/product_tag?post=79575"}],"curies":[{"name":"wp","href":"https:\/\/api.w.org\/{rel}","templated":true}]}}