{"id":79525,"date":"2024-11-24T14:50:55","date_gmt":"2024-11-24T14:50:55","guid":{"rendered":"https:\/\/electromenagerexpress.com\/product\/centre-de-repassagemielefashion-master-b4312\/"},"modified":"2024-11-24T14:51:00","modified_gmt":"2024-11-24T14:51:00","slug":"centre-de-repassagemielefashion-master-b4312","status":"publish","type":"product","link":"https:\/\/electromenagerexpress.com\/en\/product\/centre-de-repassagemielefashion-master-b4312\/","title":{"rendered":"Centre de repassage\t\t\t\t\t\t\tMIELE\t\t\t\tFashion Master B4312"},"content":{"rendered":"<div class=\"product-features__content\">\n<ul role=\"list\">\n<li class=\"product-features__item\" role=\"listitem\">\n<h3 class=\"product-features__label\">Caract\u00e9ristiques g\u00e9n\u00e9rales<\/h3>\n<ul role=\"list\">\n<li class=\"product-features__item-list__item\" role=\"listitem\"><span class=\"is--medium\">Type de produit :<\/span> Centre de repassage\t\t\t\t\t<\/li>\n<\/ul>\n<\/li>\n<li class=\"product-features__item\" role=\"listitem\">\n<h3 class=\"product-features__label\">Le centre de repassage vous apporte<\/h3>\n<ul role=\"list\">\n<li class=\"product-features__item-list__item\" role=\"listitem\"><span class=\"is--medium\">Une qualit\u00e9 de repassage :<\/span> gr\u00e0ce \u00e0 la soufflerie, les tissus l\u00e9gers se placent rapidement ce qui facilite le repassage\t\t\t\t\t<\/li>\n<li class=\"product-features__item-list__item\" role=\"listitem\"><span class=\"is--medium\">Un gain de temps :<\/span> gr\u00e2ce \u00e0 l&rsquo;aspiration, les tissus \u00e9pais (ex : jeans ou draps) peuvent \u00eatre superpos\u00e9s tout en laissant passer la vapeur au travers des fibres\t\t\t\t\t<\/li>\n<li class=\"product-features__item-list__item\" role=\"listitem\"><span class=\"is--medium\">Une facilit\u00e9 de rangement :<\/span> facile, c&rsquo;est un tout en 1 (centrale vapeur+table \u00e0 repasser aspirante et chauffante)\t\t\t\t\t<\/li>\n<li class=\"product-features__item-list__item\" role=\"listitem\"><span class=\"is--medium\">Une double utilisation :<\/span> possible de repasser \u00e0 la verticale et \u00e0 l&rsquo;horizontal\t\t\t\t\t<\/li>\n<\/ul>\n<\/li>\n<li class=\"product-features__item\" role=\"listitem\">\n<h3 class=\"product-features__label\">Vapeur<\/h3>\n<ul role=\"list\">\n<li class=\"product-features__item-list__item\" role=\"listitem\"><span class=\"is--medium\">Vapeur :<\/span> 100 g\/min\t\t\t\t\t<\/li>\n<li class=\"product-features__item-list__item\" role=\"listitem\"><span class=\"is--medium\">Pression :<\/span> 3,5 bars\t\t\t\t\t<\/li>\n<li class=\"product-features__item-list__item\" role=\"listitem\"><span class=\"is--medium\">A quoi sert le d\u00e9bit vapeur :<\/span> gr\u00e2ce \u00e0 la vapeur les fibres du linge se d\u00e9tendent, et plus il y a de vapeur, plus le repassage est efficace, facile et rapide\t\t\t\t\t<\/li>\n<li class=\"product-features__item-list__item\" role=\"listitem\"><span class=\"is--medium\">Vapeur-puls\u00e9e :<\/span> Non\t\t\t\t\t<\/li>\n<li class=\"product-features__item-list__item\" role=\"listitem\"><span class=\"is--medium\">D\u00e9bit et arret de la vapeur automatique :<\/span> oui, gr\u00e2ce \u00e0 la technologie Sensteam qui permet de capter les mouvements et de d\u00e9clencher automatiquement la vapeur\t\t\t\t\t<\/li>\n<\/ul>\n<\/li>\n<li class=\"product-features__item\" role=\"listitem\">\n<h3 class=\"product-features__label\">Traitement anti-calcaire<\/h3>\n<ul role=\"list\">\n<li class=\"product-features__item-list__item\" role=\"listitem\"><span class=\"is--medium\">Notre conseil :<\/span> pour prolonger la long\u00e9vit\u00e9, l&rsquo;efficacit\u00e9 de votre appareil et \u00e9viter les traces de calcaire, vous devez imp\u00e9rativement rincer r\u00e9guli\u00e8rement le g\u00e9n\u00e9rateur de vapeur\t\t\t\t\t<\/li>\n<li class=\"product-features__item-list__item\" role=\"listitem\"><span class=\"is--medium\">Filtre anti-calcaire :<\/span> Non\t\t\t\t\t<\/li>\n<li class=\"product-features__item-list__item\" role=\"listitem\"><span class=\"is--medium\">Cartouche anti-calcaire :<\/span> Non\t\t\t\t\t<\/li>\n<li class=\"product-features__item-list__item\" role=\"listitem\"><span class=\"is--medium\">Bac de vidange :<\/span> Oui\t\t\t\t\t<\/li>\n<\/ul>\n<\/li>\n<li class=\"product-features__item\" role=\"listitem\">\n<h3 class=\"product-features__label\">R\u00e9servoir<\/h3>\n<ul role=\"list\">\n<li class=\"product-features__item-list__item\" role=\"listitem\"><span class=\"is--medium\">Capacit\u00e9 :<\/span> 1,25 L\t\t\t\t\t<\/li>\n<li class=\"product-features__item-list__item\" role=\"listitem\"><span class=\"is--medium\">R\u00e9servoir amovible :<\/span> Oui\t\t\t\t\t<\/li>\n<li class=\"product-features__item-list__item\" role=\"listitem\"><span class=\"is--medium\">Signal de r\u00e9servoir vide :<\/span> Oui\t\t\t\t\t<\/li>\n<\/ul>\n<\/li>\n<li class=\"product-features__item\" role=\"listitem\">\n<h3 class=\"product-features__label\">Confort d&rsquo;utilisation<\/h3>\n<ul role=\"list\">\n<li class=\"product-features__item-list__item\" role=\"listitem\"><span class=\"is--medium\">Niveaux de r\u00e9glage de la table :<\/span> De 83 \u00e0 102 cm\t\t\t\t\t<\/li>\n<li class=\"product-features__item-list__item\" role=\"listitem\"><span class=\"is--medium\">Roulettes :<\/span> Oui\t\t\t\t\t<\/li>\n<li class=\"product-features__item-list__item\" role=\"listitem\"><span class=\"is--medium\">Type de fer :<\/span> classique\t\t\t\t\t<\/li>\n<\/ul>\n<\/li>\n<li class=\"product-features__item\" role=\"listitem\">\n<h3 class=\"product-features__label\">S\u00e9curit\u00e9<\/h3>\n<ul role=\"list\">\n<li class=\"product-features__item-list__item\" role=\"listitem\"><span class=\"is--medium\">Arr\u00eat automatique :<\/span> oui, apr\u00e8s 25 min de non utilisation\t\t\t\t\t<\/li>\n<li class=\"product-features__item-list__item\" role=\"listitem\"><span class=\"is--medium\">Le saviez vous ? :<\/span> pour plus de s\u00e9curit\u00e9, en cas de non utilisation du fer, le centre de repassage s&rsquo;arr\u00eatera automatiquement\t\t\t\t\t<\/li>\n<li class=\"product-features__item-list__item\" role=\"listitem\"><span class=\"is--medium\">Box de rangement du fer :<\/span> oui, permet de ranger alors qu&rsquo;il est encore chaud\t\t\t\t\t<\/li>\n<\/ul>\n<\/li>\n<li class=\"product-features__item\" role=\"listitem\">\n<h3 class=\"product-features__label\">Equipement<\/h3>\n<ul role=\"list\">\n<li class=\"product-features__item-list__item\" role=\"listitem\"><span class=\"is--medium\">Guide fil :<\/span> oui, cet accessoire maintient le cordon du fer en hauteur permet d&rsquo;\u00e9viter les faux pils\t\t\t\t\t<\/li>\n<li class=\"product-features__item-list__item\" role=\"listitem\"><span class=\"is--medium\">Repose cintre int\u00e9gr\u00e9 :<\/span> Non\t\t\t\t\t<\/li>\n<li class=\"product-features__item-list__item\" role=\"listitem\"><span class=\"is--medium\">Repose linge int\u00e9gr\u00e9 :<\/span> Non\t\t\t\t\t<\/li>\n<li class=\"product-features__item-list__item\" role=\"listitem\"><span class=\"is--medium\">Support pour t\u00e9l\u00e9phone mobile :<\/span> Non\t\t\t\t\t<\/li>\n<li class=\"product-features__item-list__item\" role=\"listitem\"><span class=\"is--medium\">Semelle de protection :<\/span> oui, elle s&rsquo;ajoute \u00e0 la semelle inox et permet de prot\u00e9ger les tissus d\u00e9licats (soie, laine ) en \u00e9vitant tout lustrage\t\t\t\t\t<\/li>\n<li class=\"product-features__item-list__item\" role=\"listitem\"><span class=\"is--medium\">Enrouleur automatique de c\u00e2ble \u00e9lectrique :<\/span> Non\t\t\t\t\t<\/li>\n<\/ul>\n<\/li>\n<li class=\"product-features__item\" role=\"listitem\">\n<h3 class=\"product-features__label\">Dimensions<\/h3>\n<ul role=\"list\">\n<li class=\"product-features__item-list__item\" role=\"listitem\"><span class=\"is--medium\">Dimensions l x h x p :<\/span> 47 x 128 x 37 cm\t\t\t\t\t<\/li>\n<li class=\"product-features__item-list__item\" role=\"listitem\"><span class=\"is--medium\">Poids Net :<\/span> 28,60 Kg\t\t\t\t\t<\/li>\n<\/ul>\n<\/li>\n<li class=\"product-features__item\" role=\"listitem\">\n<h3 class=\"product-features__label\">Informations et Services<\/h3>\n<ul role=\"list\">\n<li class=\"product-features__item-list__item\" role=\"listitem\"><span class=\"is--medium\">Garantie :<\/span> 2 ans\t\t\t\t\t<\/li>\n<li class=\"product-features__item-list__item\" role=\"listitem\"><span class=\"is--medium\">R\u00e9f\u00e9rence constructeur :<\/span> Fashion Master B4312\t\t\t\t\t<\/li>\n<li class=\"product-features__item-list__item\" role=\"listitem\"><span class=\"is--medium\">Disponibilit\u00e9 des pi\u00e8ces d\u00e9tach\u00e9es (donn\u00e9es fournisseur) :<\/span> Pendant 15 ans, \u00e0 compter de la date fin de fabrication\t\t\t\t\t<\/li>\n<li class=\"product-features__item-list__item\" role=\"listitem\"><span class=\"is--medium\">Marque :<\/span> MIELE\t\t\t\t\t<\/li>\n<li class=\"product-features__item-list__item\" role=\"listitem\"><span class=\"is--medium\">Fabriqu\u00e9 en :<\/span> Allemagne\t\t\t\t\t<\/li>\n<\/ul>\n<\/li>\n<\/ul>\n<\/div>\n<div class=\"product__disclosure-content\">\n<div class=\"js-read-more product-description__content read-more read-more--truncated\" data-read-more-name=\"description\" style=\"max-height: 500px; overflow: hidden;\">\n<p>Optez pour le centre de repassage MIELE Fashion Master B4312 et d\u00e9couvrez une nouvelle fa\u00e7on de prendre soin de votre linge.<\/p>\n<h3><img fetchpriority=\"high\" decoding=\"async\" ,=\"\" alt=\"Centre repass MIELE Fashion Master B4312\" class=\"wy_tableau_gauche\" height=\"270\" src=\"https:\/\/boulanger.scene7.com\/is\/image\/Boulanger\/4002516527183_h_f_l_0?wid=400&amp;hei=270\" width=\"400\"\/>Repasser avec plus de confort<\/h3>\n<p>Le centre de repassage MIELE Fashion Master B4312 est \u00e9quip\u00e9 d&rsquo;un <b>d\u00e9bit de vapeur puissant de 100 g\/min<\/b>, garantissant des r\u00e9sultats exceptionnels sur tous les types de tissus. Que ce soit pour \u00e9liminer les plis les plus tenaces ou pour rafra\u00eechir vos v\u00eatements, cet appareil ne vous laissera jamais tomber. De plus, avec une pression de 3,5 bar, il offre une force de repassage optimale pour des r\u00e9sultats pr\u00e9cis.<\/p>\n<p>Sa <b>capacit\u00e9 de 1,25 L<\/b> vous permet de repasser de grandes quantit\u00e9s de linge sans avoir \u00e0 faire constamment le plein d&rsquo;eau. Vous pouvez ainsi gagner un temps pr\u00e9cieux et terminer vos t\u00e2ches de repassage plus rapidement. Vous ne vous interromprez pas pour remplir le r\u00e9servoir, le MIELE Fashion Master B4312 est con\u00e7u pour vous offrir une efficacit\u00e9 maximale.<\/p>\n<h3><img decoding=\"async\" ,=\"\" alt=\"Centre repass MIELE Fashion Master B4312\" class=\"wy_tableau_right\" height=\"270\" src=\"https:\/\/boulanger.scene7.com\/is\/image\/Boulanger\/4002516527183_h_f_l_1?wid=400&amp;hei=270\" width=\"400\"\/>Ergonomie et s\u00e9curit\u00e9<\/h3>\n<p>Le centre de repassage MIELE Fashion Master B4312 se d\u00e9marque par <b>son syst\u00e8me d&rsquo;ouverture exclusif avec ressort pneumatique<\/b>. Il vous permet d&rsquo;installer l&rsquo;appareil sans effort et de r\u00e9gler sa hauteur avec une pr\u00e9cision de 83 \u00e0 102 cm. Repassez en position debout ou utilisez-le assis, selon vos pr\u00e9f\u00e9rences.<\/p>\n<p>Enfin, le <b>rin\u00e7age et le d\u00e9tartrage automatiques<\/b> du MIELE Fashion Master B4312 garantissent un entretien sans tracas, tandis que ses fonctions de refroidissement et d&rsquo;arr\u00eat automatique assurent une s\u00e9curit\u00e9 suppl\u00e9mentaire lors de son utilisation.<\/p>\n<\/p>\n<\/div>\n<p><bl-button a11yexpanded=\"false\" arialabel=\"Afficher toute la description\" class=\"read-more__btn\" full=\"false\" link=\"true\">Voir plus<\/bl-button><\/div>","protected":false},"excerpt":{"rendered":"<div class=\"keypoints\">\n<h3 class=\"keypoints__title\">Les points cl\u00e9s<\/h3>\n<ul role=\"list\">\n<li class=\"keypoints__item\" role=\"listitem\">                          Pression : 3,5 bars &#8211;                                                      Vapeur : 100 g\/min                      <\/li>\n<li class=\"keypoints__item\" role=\"listitem\">                          Capacit\u00e9 : 1,25 L &#8211;                                                      R\u00e9servoir amovible                      <\/li>\n<li class=\"keypoints__item\" role=\"listitem\">                                        Niveaux de r\u00e9glage de la table : De 83 \u00e0 102 cm                      <\/li>\n<li class=\"keypoints__item\" role=\"listitem\">                                        Arr\u00eat automatique : oui, apr\u00e8s 25 min de non utilisation                      <\/li>\n<li class=\"keypoints__item keypoints__item--advantage\" role=\"listitem\"><strong>Le + :<\/strong> Le syst\u00e8me d&rsquo;ouverture pour une installation rapide et sans effort.      <\/li>\n<\/ul>","protected":false},"featured_media":79524,"template":"","meta":{"_glsr_average":0,"_glsr_ranking":0,"_glsr_reviews":0},"product_cat":[423],"product_tag":[424,153,154],"class_list":{"0":"post-79525","1":"product","2":"type-product","3":"status-publish","4":"has-post-thumbnail","6":"product_cat-centre-de-repassage","7":"product_tag-centre-de-repassage","8":"product_tag-maison-entretien","9":"product_tag-repassage","11":"first","12":"instock","13":"sale","14":"shipping-taxable","15":"purchasable","16":"product-type-simple"},"_links":{"self":[{"href":"https:\/\/electromenagerexpress.com\/en\/wp-json\/wp\/v2\/product\/79525","targetHints":{"allow":["GET"]}}],"collection":[{"href":"https:\/\/electromenagerexpress.com\/en\/wp-json\/wp\/v2\/product"}],"about":[{"href":"https:\/\/electromenagerexpress.com\/en\/wp-json\/wp\/v2\/types\/product"}],"wp:featuredmedia":[{"embeddable":true,"href":"https:\/\/electromenagerexpress.com\/en\/wp-json\/wp\/v2\/media\/79524"}],"wp:attachment":[{"href":"https:\/\/electromenagerexpress.com\/en\/wp-json\/wp\/v2\/media?parent=79525"}],"wp:term":[{"taxonomy":"product_cat","embeddable":true,"href":"https:\/\/electromenagerexpress.com\/en\/wp-json\/wp\/v2\/product_cat?post=79525"},{"taxonomy":"product_tag","embeddable":true,"href":"https:\/\/electromenagerexpress.com\/en\/wp-json\/wp\/v2\/product_tag?post=79525"}],"curies":[{"name":"wp","href":"https:\/\/api.w.org\/{rel}","templated":true}]}}