{"id":79441,"date":"2024-11-24T14:49:38","date_gmt":"2024-11-24T14:49:38","guid":{"rendered":"https:\/\/electromenagerexpress.com\/product\/defroisseur-vapeurcalorqt2020c0-ixeo-power-tout-en-un\/"},"modified":"2024-11-24T14:49:58","modified_gmt":"2024-11-24T14:49:58","slug":"defroisseur-vapeurcalorqt2020c0-ixeo-power-tout-en-un","status":"publish","type":"product","link":"https:\/\/electromenagerexpress.com\/en\/product\/defroisseur-vapeurcalorqt2020c0-ixeo-power-tout-en-un\/","title":{"rendered":"D\u00e9froisseur vapeur\t\t\t\t\t\t\tCALOR\t\t\t\tQT2020C0 Ixeo Power Tout-en-Un"},"content":{"rendered":"<div class=\"product-features__content\">\n<ul role=\"list\">\n<li class=\"product-features__item\" role=\"listitem\">\n<h3 class=\"product-features__label\">Choisir ce produit pour quels usages ?<\/h3>\n<ul role=\"list\">\n<li class=\"product-features__item-list__item\" role=\"listitem\"><span class=\"is--medium\">Temps de chauffe :<\/span> Avec le temps de chauffre r\u00e9duit, le d\u00e9froisseur vapeur vous permet de gagner du temps.\t\t\t\t\t<\/li>\n<li class=\"product-features__item-list__item\" role=\"listitem\"><span class=\"is--medium\">D\u00e9froissage verticale :<\/span> le d\u00e9froisseur vertical vous permet de gagner en puisance et en r\u00e9sultats\t\t\t\t\t<\/li>\n<li class=\"product-features__item-list__item\" role=\"listitem\"><span class=\"is--medium\">Tout-en-un :<\/span> avec ses 5,8 bars de pression et sa planche pivotante 3 positions int\u00e9gr\u00e9e, choisissez entre le repassage ou le d\u00e9froissage en fonction de vos besoins avec le m\u00eame appareil\t\t\t\t\t<\/li>\n<\/ul>\n<\/li>\n<li class=\"product-features__item\" role=\"listitem\">\n<h3 class=\"product-features__label\">Vapeur<\/h3>\n<ul role=\"list\">\n<li class=\"product-features__item-list__item\" role=\"listitem\"><span class=\"is--medium\">Pression :<\/span> 5,8 bars\t\t\t\t\t<\/li>\n<li class=\"product-features__item-list__item\" role=\"listitem\"><span class=\"is--medium\">Puissance :<\/span> 2.170 W\t\t\t\t\t<\/li>\n<li class=\"product-features__item-list__item\" role=\"listitem\"><span class=\"is--medium\">Temps de chauffe :<\/span> 70 s\t\t\t\t\t<\/li>\n<li class=\"product-features__item-list__item\" role=\"listitem\"><span class=\"is--medium\">Choix de d\u00e9bit vapeur :<\/span> Oui\t\t\t\t\t<\/li>\n<li class=\"product-features__item-list__item\" role=\"listitem\"><span class=\"is--medium\">Nombre de mode de puissance :<\/span> 3\t\t\t\t\t<\/li>\n<li class=\"product-features__item-list__item\" role=\"listitem\"><span class=\"is--medium\">D\u00e9bit de vapeur :<\/span> 90 g\/min\t\t\t\t\t<\/li>\n<li class=\"product-features__item-list__item\" role=\"listitem\"><span class=\"is--medium\">\u00c0 quoi sert le d\u00e9bit vapeur :<\/span> gr\u00e2ce \u00e0 la vapeur les fibres du linge se d\u00e9tendent, et plus il y a de vapeur, plus le d\u00e9froissage est efficace, facile et rapide\t\t\t\t\t<\/li>\n<li class=\"product-features__item-list__item\" role=\"listitem\"><span class=\"is--medium\">Rafraichit et assainit :<\/span> oui, \u00e9limine jusqu&rsquo;\u00e0 99,9% des microbes et bact\u00e9ries. Rafra\u00eechit et neutralise les odeurs pour garder votre linge frais\t\t\t\t\t<\/li>\n<li class=\"product-features__item-list__item\" role=\"listitem\"><span class=\"is--medium\">Surplus d\u00e9bit vapeur \/ effet pressing :<\/span> 200 g\/min\t\t\t\t\t<\/li>\n<\/ul>\n<\/li>\n<li class=\"product-features__item\" role=\"listitem\">\n<h3 class=\"product-features__label\">Manche \/ Cordon \/ Semelle<\/h3>\n<ul role=\"list\">\n<li class=\"product-features__item-list__item\" role=\"listitem\"><span class=\"is--medium\">Type de semelle :<\/span> acier inoxydable\t\t\t\t\t<\/li>\n<li class=\"product-features__item-list__item\" role=\"listitem\"><span class=\"is--medium\">Range Cordon :<\/span> Oui\t\t\t\t\t<\/li>\n<li class=\"product-features__item-list__item\" role=\"listitem\"><span class=\"is--medium\">Longueur du c\u00e2ble d&rsquo;alimentation :<\/span> 1,9 m\t\t\t\t\t<\/li>\n<\/ul>\n<\/li>\n<li class=\"product-features__item\" role=\"listitem\">\n<h3 class=\"product-features__label\">R\u00e9servoir<\/h3>\n<ul role=\"list\">\n<li class=\"product-features__item-list__item\" role=\"listitem\"><span class=\"is--medium\">Nombre de r\u00e9servoir :<\/span> 1\t\t\t\t\t<\/li>\n<li class=\"product-features__item-list__item\" role=\"listitem\"><span class=\"is--medium\">Capacit\u00e9 du r\u00e9servoir :<\/span> 1,10 L\t\t\t\t\t<\/li>\n<li class=\"product-features__item-list__item\" role=\"listitem\"><span class=\"is--medium\">R\u00e9servoir amovible :<\/span> Oui\t\t\t\t\t<\/li>\n<li class=\"product-features__item-list__item\" role=\"listitem\"><span class=\"is--medium\">Le saviez-vous ? :<\/span> Un r\u00e9servoir amovible assure un remplissage tr\u00e8s simple et une autonomie illimit\u00e9e de votre appareil\t\t\t\t\t<\/li>\n<li class=\"product-features__item-list__item\" role=\"listitem\"><span class=\"is--medium\">Autonomie (r\u00e9servoir plein) :<\/span> non communiqu\u00e9\t\t\t\t\t<\/li>\n<li class=\"product-features__item-list__item\" role=\"listitem\"><span class=\"is--medium\">Eaux accept\u00e9es :<\/span> Robinet\t\t\t\t\t<\/li>\n<li class=\"product-features__item-list__item\" role=\"listitem\"><span class=\"is--medium\">Indicateur de niveau d&rsquo;eau :<\/span> Oui\t\t\t\t\t<\/li>\n<li class=\"product-features__item-list__item\" role=\"listitem\"><span class=\"is--medium\">T\u00e9moin de r\u00e9servoir vide :<\/span> Oui\t\t\t\t\t<\/li>\n<\/ul>\n<\/li>\n<li class=\"product-features__item\" role=\"listitem\">\n<h3 class=\"product-features__label\">Confort d&rsquo;utilisation<\/h3>\n<ul role=\"list\">\n<li class=\"product-features__item-list__item\" role=\"listitem\"><span class=\"is--medium\">Roues \/ Roulettes :<\/span> Oui\t\t\t\t\t<\/li>\n<li class=\"product-features__item-list__item\" role=\"listitem\"><span class=\"is--medium\">Fonction 2 en 1 :<\/span> Sa planche inclinable vous permettra de passer du d\u00e9froissage au repassage selon vos besoins\t\t\t\t\t<\/li>\n<li class=\"product-features__item-list__item\" role=\"listitem\"><span class=\"is--medium\">Base amovible :<\/span> La base amovible vous permettra une utilisation plus nomade de votre d\u00e9froisseur dans toute la maison. Vous pourrez ainsi d\u00e9froisser et assainir vos tissus d&rsquo;ameublement, vos rideaux ou votre linge de lit plus facilement.\t\t\t\t\t<\/li>\n<li class=\"product-features__item-list__item\" role=\"listitem\"><span class=\"is--medium\">Hauteur r\u00e9glable :<\/span> Ajustez la hauteur de votre d\u00e9froisseur en fonction de vos besoins. Permet \u00e9galement un gain de place pour le ranger plus facilement.\t\t\t\t\t<\/li>\n<li class=\"product-features__item-list__item\" role=\"listitem\"><span class=\"is--medium\">Poign\u00e9e de transport :<\/span> Oui\t\t\t\t\t<\/li>\n<\/ul>\n<\/li>\n<li class=\"product-features__item\" role=\"listitem\">\n<h3 class=\"product-features__label\">Traitement anti-calcaire<\/h3>\n<ul role=\"list\">\n<li class=\"product-features__item-list__item\" role=\"listitem\"><span class=\"is--medium\">Syst\u00e8me anti-calcaire :<\/span> Oui\t\t\t\t\t<\/li>\n<li class=\"product-features__item-list__item\" role=\"listitem\"><span class=\"is--medium\">Collecteur de tartre :<\/span> Oui\t\t\t\t\t<\/li>\n<li class=\"product-features__item-list__item\" role=\"listitem\"><span class=\"is--medium\">Le saviez-vous ? :<\/span> Le calcaire risque d&rsquo;obstruer les conduits d&rsquo;\u00e9vacuation de la vapeur et donc de r\u00e9duire son efficacit\u00e9 mais aussi la dur\u00e9e de vie de votre d\u00e9froisseur. Il est donc primordial de d\u00e9trarter votre d\u00e9froisseur ainsi que le semelle r\u00e9guli\u00e8rement\t\t\t\t\t<\/li>\n<li class=\"product-features__item-list__item\" role=\"listitem\"><span class=\"is--medium\">J&rsquo;entretiens mon defroisseur :<\/span> <u><a href=\"https:\/\/www.boulanger.com\/c\/nav-filtre\/accessoire-repassage-soin-du-linge?facette_accesoires_repassage_____facette_type_accesoires_repassage~entretien20repassage\" target=\"_blank\">en sa<\/a><\/u><\/li>\n<\/ul>\n<\/li>\n<li class=\"product-features__item\" role=\"listitem\">\n<h3 class=\"product-features__label\">Equipement<\/h3>\n<ul role=\"list\">\n<li class=\"product-features__item-list__item\" role=\"listitem\"><span class=\"is--medium\">Table :<\/span> oui, permet de repasser un v\u00eatement en position horizontale\t\t\t\t\t<\/li>\n<li class=\"product-features__item-list__item\" role=\"listitem\"><span class=\"is--medium\">Brosse tissu \u00e9pais :<\/span> La brosse permet d&rsquo;avoir une meilleure qualit\u00e9 de d\u00e9froissage sur les tissus \u00e9pais\t\t\t\t\t<\/li>\n<li class=\"product-features__item-list__item\" role=\"listitem\"><span class=\"is--medium\">Support de t\u00eate :<\/span> oui, permet de ranger la t\u00eate de votre d\u00e9froisseur pour faciliter le rangement ou la laisser refroidir apr\u00e8s utilisation\t\t\t\t\t<\/li>\n<\/ul>\n<\/li>\n<li class=\"product-features__item\" role=\"listitem\">\n<h3 class=\"product-features__label\">Dimensions<\/h3>\n<ul role=\"list\">\n<li class=\"product-features__item-list__item\" role=\"listitem\"><span class=\"is--medium\">L x H x P: :<\/span> 40 x 16.8 x 40 cm\t\t\t\t\t<\/li>\n<li class=\"product-features__item-list__item\" role=\"listitem\"><span class=\"is--medium\">Poids: :<\/span> 15,00 Kg\t\t\t\t\t<\/li>\n<\/ul>\n<\/li>\n<li class=\"product-features__item\" role=\"listitem\">\n<h3 class=\"product-features__label\">Informations et Services<\/h3>\n<ul role=\"list\">\n<li class=\"product-features__item-list__item\" role=\"listitem\"><span class=\"is--medium\">R\u00e9f\u00e9rence constructeur :<\/span> QT2020 Tout-en-Un IXEO POWER\t\t\t\t\t<\/li>\n<li class=\"product-features__item-list__item\" role=\"listitem\"><span class=\"is--medium\">Marque :<\/span> CALOR\t\t\t\t\t<\/li>\n<li class=\"product-features__item-list__item\" role=\"listitem\"><span class=\"is--medium\">Garantie :<\/span> 2 ans\t\t\t\t\t<\/li>\n<li class=\"product-features__item-list__item\" role=\"listitem\"><span class=\"is--medium\">Disponibilit\u00e9 des pi\u00e8ces d\u00e9tach\u00e9es (donn\u00e9es fournisseur) :<\/span> Pendant 15 ans, \u00e0 compter de la date d&rsquo;achat\t\t\t\t\t<\/li>\n<li class=\"product-features__item-list__item\" role=\"listitem\"><span class=\"is--medium\">Fabriqu\u00e9 en :<\/span> France (par le Groupe SEB)\t\t\t\t\t<\/li>\n<li class=\"product-features__item-list__item\" role=\"listitem\"><span class=\"is--medium\">D\u00e9couvrez les produits Made In France du Groupe Seb :<\/span> <u><a href=\"https:\/\/www.boulanger.com\/evenement\/univers_seb\" target=\"_blank\">en sa<\/a><\/u><\/li>\n<\/ul>\n<\/li>\n<\/ul>\n<\/div>\n<div class=\"product__disclosure-content\">\n<div class=\"js-read-more product-description__content read-more read-more--truncated\" data-read-more-name=\"description\" style=\"max-height: 500px; overflow: hidden;\">\n<p>Plus qu&rsquo;un d\u00e9froisseur vapeur classique, l&rsquo;IXEO POWER QT2020C0 de Calor est une v\u00e9ritable solution de d\u00e9froissage et repassage tout-en-un, alliant la puissance d&rsquo;une centrale vapeur et l&rsquo;ergonomie d&rsquo;une planche \u00e0 repasser ultra-pratique. Elle tue\u00a0jusqu&rsquo;\u00e0 99,9 % des virus,\u00a0bact\u00e9ries et germes*, pour des v\u00eatements frais \u00e0 l&rsquo;hygi\u00e8ne impeccable.<\/p>\n<h3><img decoding=\"async\" alt=\"URL SCENE7\" class=\"wy_tableau_right\" height=\"155\" src=\"https:\/\/boulanger.scene7.com\/is\/image\/Boulanger\/3121040075227_h_z_l_2?wid=1000\" width=\"200\"\/>UNE PERFORMANCE \u00c0 VOTRE SERVICE<\/p>\n<\/h3>\n<p>Son temps de chauffe rapide, 70 secondes environ, vous garantit une tenue parfaitement repass\u00e9e, m\u00eame au dernier moment. D\u00e9froissez tout type de tissu avec une puissance de vapeur jusqu&rsquo;\u00e0 200\u00a0g\/min, 5,8 bars en fonction pressing.<\/p>\n<p>Le d\u00e9froisseur Calor sait aussi \u00eatre d\u00e9licat avec les tissus fragiles gr\u00e2ce \u00e0 la\u00a0technologie Smart Protect.<\/p>\n<h3>DES VETEMENTS IMPECCABLES EN TOUTE CIRCONSTANCE<\/h3>\n<p><img decoding=\"async\" alt=\"URL SCENE7\" class=\"wy_tableau_gauche\" height=\"133\" src=\"https:\/\/boulanger.scene7.com\/is\/image\/Boulanger\/3121040075227_h_z_l_3?wid=1000\" width=\"200\"\/>Avec sa\u00a0planche Smartboard inclinable en 3 positions : verticale pour un d\u00e9froissage classique, horizontale pour un repassage traditionnel, et inclinaison 30\u00b0 pour un confort optimal, le d\u00e9froisseur vapeur Calor QT2020 IXEO POWER s&rsquo;adapte \u00e0 tous vos besoins. <\/p>\n<p>La t\u00eate du fer \u00e0 repasser extra-l\u00e9g\u00e8re et ergonomique vous apporte un excellent confort d&rsquo;utilisation. Extra maniable, sa pointe haute pr\u00e9cision permet de traiter les zones difficiles \u00e0 atteindre.<\/p>\n<p>\u00a0<\/p>\n<h3>UN LINGE PARFAIT ET UNE HYGIENE ASSUR\u00c9E<\/h3>\n<p><img decoding=\"async\" alt=\"URL SCENE7\" class=\"wy_tableau_right\" height=\"146\" src=\"https:\/\/boulanger.scene7.com\/is\/image\/Boulanger\/3121040075227_h_z_l_4?wid=1000\" width=\"220\"\/>Sa base amovible et pratique vous permet de rafra\u00eechir tr\u00e8s facilement tous vos tissus (rideaux, couvre-lit, canap\u00e9, ameublements, etc&#8230; ) \u00e0 tout moment.<\/p>\n<p>La puissance de la vapeur du d\u00e9froisseur IXEO POWER tue jusqu&rsquo;\u00e0 99.99\u00a0% des virus, bact\u00e9ries et germes*, et neutralise les odeurs pour des v\u00eatements frais \u00e0 l&rsquo;hygi\u00e8ne impeccable.<\/p>\n<h3>UTILISATION DURABLE<\/h3>\n<p><img loading=\"lazy\" decoding=\"async\" alt=\"URL SCENE7\" class=\"wy_tableau_gauche\" height=\"146\" src=\"https:\/\/boulanger.scene7.com\/is\/image\/Boulanger\/3121040075227_h_z_l_5?wid=1000\" width=\"220\"\/>Produit\u00a0fabriqu\u00e9 en France, vous \u00eates certain de conserver votre d\u00e9froisseur QT2020 IXEO POWER en parfait \u00e9tat pour de nombreuses ann\u00e9es. Pour \u00eatre encore plus durable, son r\u00e9servoir dispose d&rsquo;un syst\u00e8me de rin\u00e7age anticalcaire. Gr\u00e2ce \u00e0 ses roues, vous pouvez le d\u00e9placer facilement dans toutes les pi\u00e8ces. <\/p>\n<p>Il est garanti 2 ans et b\u00e9n\u00e9ficie d&rsquo;une r\u00e9parabilit\u00e9 de 15 ans : mise \u00e0 disposition rapide des pi\u00e8ces \u00e0 co\u00fbt limit\u00e9 pendant 15ans et plus, dans l&rsquo;un des 6500 centres de r\u00e9parations dans le monde.<\/p>\n<p>\u00a0<\/p>\n<p>*Tests externes r\u00e9alis\u00e9s sur du coton, dans des conditions d&rsquo;usage soign\u00e9es.<\/p>\n<\/p>\n<p><video class=\"s7Video\" controls=\"\" controlslist=\"nodownload\" poster=\"https:\/\/boulanger.scene7.com\/is\/image\/Boulanger\/3121040075227_v_0?scl=1\" preload=\"metadata\" src=\"https:\/\/boulanger.scene7.com\/is\/content\/Boulanger\/3121040075227_v_0\" width=\"100%\"><\/video><\/p>\n<\/div>\n<p><bl-button a11yexpanded=\"false\" arialabel=\"Afficher toute la description\" class=\"read-more__btn\" full=\"false\" link=\"true\"><\/bl-button><\/div>","protected":false},"excerpt":{"rendered":"<div class=\"keypoints\">\n<h3 class=\"keypoints__title\">Les points cl\u00e9s<\/h3>\n<ul role=\"list\">\n<li class=\"keypoints__item\" role=\"listitem\">                          D\u00e9bit de vapeur : 90 g\/min &#8211;                                                      Nombre de mode de puissance : 3                      <\/li>\n<li class=\"keypoints__item\" role=\"listitem\">                          Capacit\u00e9 du r\u00e9servoir : 1,10 L &#8211;                                                      Type de semelle : acier inoxydable                      <\/li>\n<li class=\"keypoints__item\" role=\"listitem\">                          Temps de chauffe : 70 s &#8211;                                        Puissance : 2.170 W &#8211;                                                      Poids: : 15,00 Kg                      <\/li>\n<li class=\"keypoints__item\" role=\"listitem\">                          Longueur du c\u00e2ble d&rsquo;alimentation : 1,9 m &#8211;                                                      Pression : 5,8 bars                      <\/li>\n<li class=\"keypoints__item keypoints__item--advantage\" role=\"listitem\"><strong>Le + :<\/strong> D\u00e9froissage et repassage tout-en-un, planche int\u00e9gr\u00e9e 3 positions, repassage haute pression      <\/li>\n<\/ul>","protected":false},"featured_media":79440,"template":"","meta":{"_glsr_average":0,"_glsr_ranking":0,"_glsr_reviews":0},"product_cat":[152],"product_tag":[155,153,154],"class_list":{"0":"post-79441","1":"product","2":"type-product","3":"status-publish","4":"has-post-thumbnail","6":"product_cat-defroisseur-vapeur","7":"product_tag-defroisseur-vapeur","8":"product_tag-maison-entretien","9":"product_tag-repassage","11":"first","12":"instock","13":"sale","14":"shipping-taxable","15":"purchasable","16":"product-type-simple"},"_links":{"self":[{"href":"https:\/\/electromenagerexpress.com\/en\/wp-json\/wp\/v2\/product\/79441","targetHints":{"allow":["GET"]}}],"collection":[{"href":"https:\/\/electromenagerexpress.com\/en\/wp-json\/wp\/v2\/product"}],"about":[{"href":"https:\/\/electromenagerexpress.com\/en\/wp-json\/wp\/v2\/types\/product"}],"wp:featuredmedia":[{"embeddable":true,"href":"https:\/\/electromenagerexpress.com\/en\/wp-json\/wp\/v2\/media\/79440"}],"wp:attachment":[{"href":"https:\/\/electromenagerexpress.com\/en\/wp-json\/wp\/v2\/media?parent=79441"}],"wp:term":[{"taxonomy":"product_cat","embeddable":true,"href":"https:\/\/electromenagerexpress.com\/en\/wp-json\/wp\/v2\/product_cat?post=79441"},{"taxonomy":"product_tag","embeddable":true,"href":"https:\/\/electromenagerexpress.com\/en\/wp-json\/wp\/v2\/product_tag?post=79441"}],"curies":[{"name":"wp","href":"https:\/\/api.w.org\/{rel}","templated":true}]}}