{"id":79357,"date":"2024-11-24T14:48:18","date_gmt":"2024-11-24T14:48:18","guid":{"rendered":"https:\/\/electromenagerexpress.com\/product\/centrale-vapeurlaurastarlift-xtra-titan\/"},"modified":"2024-11-25T12:45:11","modified_gmt":"2024-11-25T12:45:11","slug":"centrale-vapeurlaurastarlift-xtra-titan","status":"publish","type":"product","link":"https:\/\/electromenagerexpress.com\/en\/product\/centrale-vapeurlaurastarlift-xtra-titan\/","title":{"rendered":"Centrale vapeur\tLAURASTAR\tLift Xtra Titan"},"content":{"rendered":"<div class=\"product-features__content\">\n<h3 class=\"product-features__label\">\u00a0 \u00a0 \u00a0 \u00a0 \u00a0Vapeur<\/h3>\n<ul role=\"list\">\n<li style=\"list-style-type: none;\">\n<ul role=\"list\">\n<li class=\"product-features__item-list__item\" role=\"listitem\"><span class=\"is--medium\">Pression :<\/span> 3,5 bars<\/li>\n<li class=\"product-features__item-list__item\" role=\"listitem\"><span class=\"is--medium\">D\u00e9bit vapeur :<\/span> 80 g\/min<\/li>\n<li class=\"product-features__item-list__item\" role=\"listitem\"><span class=\"is--medium\">\u00c0 quoi sert le d\u00e9bit vapeur :<\/span> gr\u00e2ce \u00e0 la vapeur les fibres du linge se d\u00e9tendent, et plus il y a de vapeur, plus le repassage est efficace, facile et rapide<\/li>\n<li class=\"product-features__item-list__item\" role=\"listitem\"><span class=\"is--medium\">Surplus d\u00e9bit vapeur :<\/span> 0 g\/min<\/li>\n<li class=\"product-features__item-list__item\" role=\"listitem\"><span class=\"is--medium\">D\u00e9froissage vertical :<\/span> Oui<\/li>\n<li class=\"product-features__item-list__item\" role=\"listitem\"><span class=\"is--medium\">\u00c0 quoi sert le d\u00e9froissage vertical :<\/span> utiliser le fer de votre centrale en d\u00e9froissage vertical sur les v\u00eatements d\u00e9licats, peu froiss\u00e9s et les tissus de type rideau ou voilage<\/li>\n<li class=\"product-features__item-list__item\" role=\"listitem\"><span class=\"is--medium\">Spray :<\/span> Non<\/li>\n<li class=\"product-features__item-list__item\" role=\"listitem\"><span class=\"is--medium\">Thermostat :<\/span> r\u00e9glage automatique<\/li>\n<li class=\"product-features__item-list__item\" role=\"listitem\"><span class=\"is--medium\">T\u00e9moin de vapeur pr\u00eate :<\/span> Oui<\/li>\n<li class=\"product-features__item-list__item\" role=\"listitem\"><span class=\"is--medium\">Temps de chauffe :<\/span> 3,00 mn<br \/>\n<h3 class=\"product-features__label\">Fer<\/h3>\n<ul role=\"list\">\n<li class=\"product-features__item-list__item\" role=\"listitem\"><span class=\"is--medium\">Type de fer :<\/span> Professionnel<\/li>\n<li class=\"product-features__item-list__item\" role=\"listitem\"><span class=\"is--medium\">Puissance :<\/span> 2.200 W<\/li>\n<li class=\"product-features__item-list__item\" role=\"listitem\"><span class=\"is--medium\">Type de semelle :<\/span> Active 3D<\/li>\n<li class=\"product-features__item-list__item\" role=\"listitem\"><span class=\"is--medium\">Le saviez-vous ? :<\/span> La semelle inox Active 3D garantit une qualit\u00e9 de repassage optimale. Le relief de la semelle tend le tissu et la puissance de la vapeur \u00e9limine les faux plis pour un repassage facile et rapide.<\/li>\n<li class=\"product-features__item-list__item\" role=\"listitem\"><span class=\"is--medium\">Repose fer :<\/span> Amovible<\/li>\n<li class=\"product-features__item-list__item\" role=\"listitem\"><span class=\"is--medium\">Syst\u00e8me anti-gouttes :<\/span> Non<\/li>\n<li class=\"product-features__item-list__item\" role=\"listitem\"><span class=\"is--medium\">Longueur du cordon vapeur :<\/span> 2,00 m<br \/>\n<h3 class=\"product-features__label\">Traitement anti-calcaire<\/h3>\n<ul role=\"list\">\n<li class=\"product-features__item-list__item\" role=\"listitem\"><span class=\"is--medium\">Le saviez-vous ? :<\/span> Le calcaire risque d&rsquo;obstruer les conduits d&rsquo;\u00e9vacuation de la vapeur et donc de r\u00e9duire son efficacit\u00e9 mais aussi la dur\u00e9e de vie de votre centrale. Il est donc primordial de d\u00e9trarter votre centrale ainsi que le semelle r\u00e9guli\u00e8rement<\/li>\n<li class=\"product-features__item-list__item\" role=\"listitem\"><span class=\"is--medium\">Syst\u00e8me anti-calcaire :<\/span> Cartouche anti-calcaire<\/li>\n<li class=\"product-features__item-list__item\" role=\"listitem\"><span class=\"is--medium\">Cartouche anti-calcaire :<\/span> oui, l&rsquo;eau est filtr\u00e9e avant qu&rsquo;elle ne soit chauff\u00e9e et permet de r\u00e9duire l&rsquo;entartrage de votre appareil.Il est conseill\u00e9 de changer sa cartouche d\u00e8s que celle-ci n&rsquo;est plus efficace (environ tous les 3 mois)<\/li>\n<li class=\"product-features__item-list__item\" role=\"listitem\"><span class=\"is--medium\">T\u00e9moin d&rsquo;alerte d\u00e9tartrage :<\/span> oui, permet d&rsquo;alerter sur un entretien \u00e0 r\u00e9aliser, reportez-vous \u00e0 la notice de votre appareil en suivant les indications de nettoyage<\/li>\n<li class=\"product-features__item-list__item\" role=\"listitem\"><span class=\"is--medium\">Fonction anti-calcaire automatique :<\/span> Oui<\/li>\n<li class=\"product-features__item-list__item\" role=\"listitem\"><span class=\"is--medium\">Touche auto-nettoyante :<\/span> Non<\/li>\n<li class=\"product-features__item-list__item\" role=\"listitem\"><span class=\"is--medium\">Eaux accept\u00e9es :<\/span> Robinet<br \/>\n<h3 class=\"product-features__label\">R\u00e9servoir<\/h3>\n<ul role=\"list\">\n<li class=\"product-features__item-list__item\" role=\"listitem\"><span class=\"is--medium\">R\u00e9servoir amovible : :<\/span> remplissez votre r\u00e9servoir \u00e0 tout moment pour une autonomie illimit\u00e9e durant vos s\u00e9ances de repassage<\/li>\n<li class=\"product-features__item-list__item\" role=\"listitem\"><span class=\"is--medium\">R\u00e9servoir :<\/span> 1,10 L<\/li>\n<li class=\"product-features__item-list__item\" role=\"listitem\"><span class=\"is--medium\">Capacit\u00e9 de r\u00e9servoir :<\/span> Capacit\u00e9 standard (moins de 1,5L)<\/li>\n<li class=\"product-features__item-list__item\" role=\"listitem\"><span class=\"is--medium\">R\u00e9servoir amovible :<\/span> Oui<\/li>\n<li class=\"product-features__item-list__item\" role=\"listitem\"><span class=\"is--medium\">Affichage du niveau d&rsquo;eau :<\/span> oui, permet de v\u00e9rifier si l&rsquo;eau de votre r\u00e9servoir suffit pour la quantit\u00e9 de linge \u00e0 repasser<\/li>\n<li class=\"product-features__item-list__item\" role=\"listitem\"><span class=\"is--medium\">T\u00e9moin de r\u00e9servoir vide :<\/span> oui, permet de vous avertir par un signal que le r\u00e9servoir doit \u00eatre r\u00e9-aliment\u00e9 en eau pour votre s\u00e9ance de repassage<br \/>\n<h3 class=\"product-features__label\">S\u00e9curit\u00e9<\/h3>\n<ul role=\"list\">\n<li class=\"product-features__item-list__item\" role=\"listitem\"><span class=\"is--medium\">Arr\u00eat automatique :<\/span> 10 mn<\/li>\n<li class=\"product-features__item-list__item\" role=\"listitem\"><span class=\"is--medium\">\u00c0 quoi sert l&rsquo;arr\u00eat automatique :<\/span> pour plus de s\u00e9curit\u00e9, en cas de non utilisation du fer, la centrale vapeur s&rsquo;arr\u00eatera automatiquement<\/li>\n<li class=\"product-features__item-list__item\" role=\"listitem\"><span class=\"is--medium\">Arr\u00eat en cas de surchauffe :<\/span> Oui<\/li>\n<li class=\"product-features__item-list__item\" role=\"listitem\"><span class=\"is--medium\">Arceau de maintien du fer :<\/span> Non<\/li>\n<li class=\"product-features__item-list__item\" role=\"listitem\"><span class=\"is--medium\">Syst\u00e8me de verrouillage :<\/span> oui, permet de fixer le fer \u00e0 sa base afin d&rsquo;\u00e9viter qu&rsquo;il ne glisse ou qu&rsquo;une personne ne touche la semelle chaude<\/li>\n<li class=\"product-features__item-list__item\" role=\"listitem\"><span class=\"is--medium\">T\u00e9moin lumineux de mise sous tension :<\/span> Oui<br \/>\n<h3 class=\"product-features__label\"><\/h3>\n<h3 class=\"product-features__label\">Dimensions<\/h3>\n<ul role=\"list\">\n<li class=\"product-features__item-list__item\" role=\"listitem\"><span class=\"is--medium\">Dimensions l x h x p :<\/span> 28 x 45 x 28 cm<\/li>\n<li class=\"product-features__item-list__item\" role=\"listitem\"><span class=\"is--medium\">Poids\u00a0net :<\/span> 5,50 Kg<br \/>\n<h3 class=\"product-features__label\">Informations et Services<\/h3>\n<ul role=\"list\">\n<li class=\"product-features__item-list__item\" role=\"listitem\"><span class=\"is--medium\">Fabriqu\u00e9 en :<\/span> Hongrie<\/li>\n<li class=\"product-features__item-list__item\" role=\"listitem\"><span class=\"is--medium\">Disponibilit\u00e9 des pi\u00e8ces d\u00e9tach\u00e9es\u00a0 :<\/span> Pendant 10 ans, \u00e0 compter de la date de fabrication<\/li>\n<li class=\"product-features__item-list__item\" role=\"listitem\"><span class=\"is--medium\">Dur\u00e9e de la garantie Constructeur :<\/span> 2 ans<br \/>\n<h3 class=\"product-features__label\">Caract\u00e9ristiques g\u00e9n\u00e9rales<\/h3>\n<\/li>\n<\/ul>\n<\/li>\n<\/ul>\n<\/li>\n<\/ul>\n<\/li>\n<\/ul>\n<\/li>\n<\/ul>\n<\/li>\n<\/ul>\n<\/li>\n<\/ul>\n<\/li>\n<\/ul>\n<\/div>\n<div class=\"product__disclosure-content\">\n<div class=\"js-read-more product-description__content read-more read-more--truncated\" style=\"max-height: 500px; overflow: hidden;\" data-read-more-name=\"description\">\n<div class=\"description\">\n<p><b>Laurastar Lift Xtra Titan<\/b> est la derni\u00e8re g\u00e9n\u00e9ration des centrales vapeurs portables 3 en 1 : pour <b>repasser<\/b>, <b>d\u00e9froisser<\/b> et <b>hygi\u00e9niser les v\u00eatements<\/b>. Plus besoin de <b>r\u00e9gler la temp\u00e9rature<\/b> et la <b>semelle 3D du fer<\/b> vous \u00e9vite les faux-plis ! Avec son design unique alli\u00e9 \u00e0 une vapeur d&rsquo;exception, le repassage devient plus facile que jamais.<\/p>\n<hr \/>\n<h3>DRY MICROFINE STEAM<\/h3>\n<p>La vapeur DMS Laurastar vous assure <b>un r\u00e9sultat parfait en deux fois moins de temps<\/b>, un respect de toutes les mati\u00e8res en les repulpant d\u00e9licatement et une hygi\u00e9nisation au coeur des fibres avec <b>99,999% des bact\u00e9ries et 100% des acariens \u00e9limin\u00e9s*<\/b> par le simple geste du repassage : Performance, soin et hygi\u00e8ne gr\u00e2ce une vapeur sans humidit\u00e9 15 fois plus rapide que celle des autres centrales vapeurs. (*tests r\u00e9alis\u00e9s par le laboratoire suisse Scitec Research SA)<\/p>\n<hr \/>\n<h3>SEMELLE 3D<\/h3>\n<p>Pour conserver au mieux la beaut\u00e9 de vos v\u00eatements, Laurastar a cr\u00e9\u00e9 la <b>semelle active en 3D<\/b>. Une exclusivit\u00e9 qui offre une qualit\u00e9 de repassage in\u00e9gal\u00e9e en un seul passage gr\u00e2ce \u00e0 <b>deux actions<\/b> : le relief de la semelle tend le tissu pendant que la vapeur r\u00e9partie sur toute la surface \u00e9limine les plis sans effort. Les fibres sont ainsi rafra\u00eechies en profondeur.<\/p>\n<hr \/>\n<h3>VAPEUR PULSEE <img fetchpriority=\"high\" decoding=\"async\" class=\"wy_tableau_gauche\" style=\"margin-top: 0px !important;\" src=\"https:\/\/boulanger.scene7.com\/is\/image\/Boulanger\/0790776013570_h_f_l_4?wid=476&amp;hei=270\" alt=\"Lift Xtra Titan\" width=\"300\" height=\"216\" \/><\/h3>\n<p>Laurastar ne se contente pas d&rsquo;\u00eatre mondialement reconnue comme le sp\u00e9cialiste suisse de <b>la vapeur ultrafine et puissante<\/b> mais ne cesse d&rsquo;innover. Les derniers mod\u00e8les hauts de gamme Laurastar sont \u00e9quip\u00e9s de <b>la vapeur puls\u00e9e<\/b>, la touche ultime pour prendre soin de vos v\u00eatements. Diffus\u00e9e par impulsions successives, la vapeur puls\u00e9e garantit un <b>dosage optimal pour un r\u00e9sultat parfait<\/b>, quelles que soient les couleurs et les mati\u00e8res de vos v\u00eatements.<\/p>\n<hr \/>\n<h3>TEMPERATURE UNIQUE <img decoding=\"async\" class=\"wy_tableau_right\" style=\"margin-top: 0px !important;\" src=\"https:\/\/boulanger.scene7.com\/is\/image\/Boulanger\/0790776013570_h_z_l_0?wid=300&amp;hei=270\" alt=\"Lift Xtra Titan\" width=\"300\" height=\"216\" \/><\/h3>\n<p>Gr\u00e2ce aux \u00e9tudes men\u00e9es dans nos laboratoires, <b>nous avons d\u00e9termin\u00e9 la temp\u00e9rature de repassage id\u00e9ale<\/b>. Finis les r\u00e9glages ! Votre Laurastar SMART atteint d\u00e9sormais tout seul la temp\u00e9rature la plus adapt\u00e9e pour tous vos textiles.<\/p>\n<\/div>\n<p><video class=\"s7Video\" src=\"https:\/\/boulanger.scene7.com\/is\/content\/Boulanger\/0790776013570_v_0\" poster=\"https:\/\/boulanger.scene7.com\/is\/image\/Boulanger\/0790776013570_v_0?scl=1\" preload=\"metadata\" controls=\"controls\" width=\"100%\" height=\"150\"><\/video><\/p>\n<\/div>\n<p>&nbsp;<\/p>\n<\/div>","protected":false},"excerpt":{"rendered":"<div class=\"keypoints\">\n<h3 class=\"keypoints__title\">Les points cl\u00e9s<\/h3>\n<ul role=\"list\">\n<li class=\"keypoints__item\" role=\"listitem\">D\u00e9bit vapeur : 80 g\/min &#8211; Surplus d\u00e9bit vapeur : 0 g\/min<\/li>\n<li class=\"keypoints__item\" role=\"listitem\">Thermostat : r\u00e9glage automatique &#8211; Temps de chauffe : 3,00 mn<\/li>\n<li class=\"keypoints__item\" role=\"listitem\">R\u00e9servoir : 1,10 L &#8211; R\u00e9servoir amovible<\/li>\n<li class=\"keypoints__item\" role=\"listitem\">Pression : 3,5 bars &#8211; Arr\u00eat automatique : 10 mn<\/li>\n<li class=\"keypoints__item keypoints__item--advantage\" role=\"listitem\"><strong>Le + :<\/strong> Sa fonction 3 en 1: Repasse, d\u00e9froisse et d\u00e9sinfecte<\/li>\n<\/ul>\n<\/div>","protected":false},"featured_media":79356,"template":"","meta":{"_glsr_average":0,"_glsr_ranking":0,"_glsr_reviews":0},"product_cat":[425],"product_tag":[426,153,154],"class_list":{"0":"post-79357","1":"product","2":"type-product","3":"status-publish","4":"has-post-thumbnail","6":"product_cat-centrale-vapeur","7":"product_tag-centrale-vapeur","8":"product_tag-maison-entretien","9":"product_tag-repassage","11":"first","12":"instock","13":"sale","14":"shipping-taxable","15":"purchasable","16":"product-type-simple"},"_links":{"self":[{"href":"https:\/\/electromenagerexpress.com\/en\/wp-json\/wp\/v2\/product\/79357","targetHints":{"allow":["GET"]}}],"collection":[{"href":"https:\/\/electromenagerexpress.com\/en\/wp-json\/wp\/v2\/product"}],"about":[{"href":"https:\/\/electromenagerexpress.com\/en\/wp-json\/wp\/v2\/types\/product"}],"wp:featuredmedia":[{"embeddable":true,"href":"https:\/\/electromenagerexpress.com\/en\/wp-json\/wp\/v2\/media\/79356"}],"wp:attachment":[{"href":"https:\/\/electromenagerexpress.com\/en\/wp-json\/wp\/v2\/media?parent=79357"}],"wp:term":[{"taxonomy":"product_cat","embeddable":true,"href":"https:\/\/electromenagerexpress.com\/en\/wp-json\/wp\/v2\/product_cat?post=79357"},{"taxonomy":"product_tag","embeddable":true,"href":"https:\/\/electromenagerexpress.com\/en\/wp-json\/wp\/v2\/product_tag?post=79357"}],"curies":[{"name":"wp","href":"https:\/\/api.w.org\/{rel}","templated":true}]}}