{"id":79313,"date":"2024-11-24T14:47:41","date_gmt":"2024-11-24T14:47:41","guid":{"rendered":"https:\/\/electromenagerexpress.com\/product\/centre-de-repassagelaurastars-pure-xtra\/"},"modified":"2024-11-24T14:47:47","modified_gmt":"2024-11-24T14:47:47","slug":"centre-de-repassagelaurastars-pure-xtra","status":"publish","type":"product","link":"https:\/\/electromenagerexpress.com\/en\/product\/centre-de-repassagelaurastars-pure-xtra\/","title":{"rendered":"Centre de repassage\t\t\t\t\t\t\tLAURASTAR\t\t\t\tS Pure Xtra"},"content":{"rendered":"<div class=\"product-features__content\">\n<ul role=\"list\">\n<li class=\"product-features__item\" role=\"listitem\">\n<h3 class=\"product-features__label\">Caract\u00e9ristiques g\u00e9n\u00e9rales<\/h3>\n<ul role=\"list\">\n<li class=\"product-features__item-list__item\" role=\"listitem\"><span class=\"is--medium\">Type de produit :<\/span> Centre de repassage\t\t\t\t\t<\/li>\n<li class=\"product-features__item-list__item\" role=\"listitem\"><span class=\"is--medium\">Mod\u00e8le :<\/span> S Pure Xtra\t\t\t\t\t<\/li>\n<li class=\"product-features__item-list__item\" role=\"listitem\"><span class=\"is--medium\">D\u00e9couvrez les centres de repassage Laurastar :<\/span> <u><a href=\"https:\/\/www.boulanger.com\/evenement\/laurastar-centre-repassage\" target=\"_blank\">en sa<\/a><\/u><\/li>\n<\/ul>\n<\/li>\n<li class=\"product-features__item\" role=\"listitem\">\n<h3 class=\"product-features__label\">Le centre de repassage vous apporte<\/h3>\n<ul role=\"list\">\n<li class=\"product-features__item-list__item\" role=\"listitem\"><span class=\"is--medium\">Une qualit\u00e9 de repassage :<\/span> gr\u00e0ce \u00e0 la soufflerie, les tissus l\u00e9gers se placent rapidement ce qui facilite le repassage\t\t\t\t\t<\/li>\n<li class=\"product-features__item-list__item\" role=\"listitem\"><span class=\"is--medium\">Un gain de temps :<\/span> gr\u00e2ce \u00e0 l&rsquo;aspiration, les tissus \u00e9pais (ex : jeans ou draps) peuvent \u00eatre superpos\u00e9s tout en laissant passer la vapeur au travers des fibres\t\t\t\t\t<\/li>\n<li class=\"product-features__item-list__item\" role=\"listitem\"><span class=\"is--medium\">Une facilit\u00e9 de rangement :<\/span> facile, c&rsquo;est un tout en 1 (centrale vapeur+table \u00e0 repasser aspirante et chauffante)\t\t\t\t\t<\/li>\n<li class=\"product-features__item-list__item\" role=\"listitem\"><span class=\"is--medium\">Une double utilisation :<\/span> possible de repasser \u00e0 la verticale et \u00e0 l&rsquo;horizontal\t\t\t\t\t<\/li>\n<\/ul>\n<\/li>\n<li class=\"product-features__item\" role=\"listitem\">\n<h3 class=\"product-features__label\">Vapeur<\/h3>\n<ul role=\"list\">\n<li class=\"product-features__item-list__item\" role=\"listitem\"><span class=\"is--medium\">Vapeur :<\/span> 80 g\/min\t\t\t\t\t<\/li>\n<li class=\"product-features__item-list__item\" role=\"listitem\"><span class=\"is--medium\">Pression :<\/span> 3,5 bars\t\t\t\t\t<\/li>\n<li class=\"product-features__item-list__item\" role=\"listitem\"><span class=\"is--medium\">A quoi sert le d\u00e9bit vapeur :<\/span> gr\u00e2ce \u00e0 la vapeur les fibres du linge se d\u00e9tendent, et plus il y a de vapeur, plus le repassage est efficace, facile et rapide\t\t\t\t\t<\/li>\n<li class=\"product-features__item-list__item\" role=\"listitem\"><span class=\"is--medium\">Vapeur ultra fine :<\/span> oui, elle p\u00e9n\u00e8tre le textile sans laisser d&rsquo;humidit\u00e9 ni de traces pour un r\u00e9sultat parfait !\t\t\t\t\t<\/li>\n<li class=\"product-features__item-list__item\" role=\"listitem\"><span class=\"is--medium\">Vapeur-puls\u00e9e :<\/span> Non\t\t\t\t\t<\/li>\n<\/ul>\n<\/li>\n<li class=\"product-features__item\" role=\"listitem\">\n<h3 class=\"product-features__label\">Traitement anti-calcaire<\/h3>\n<ul role=\"list\">\n<li class=\"product-features__item-list__item\" role=\"listitem\"><span class=\"is--medium\">Notre conseil :<\/span> pour prolonger la long\u00e9vit\u00e9, l&rsquo;efficacit\u00e9 de votre appareil et \u00e9viter les traces de calcaire, vous devez imp\u00e9rativement rincer r\u00e9guli\u00e8rement le g\u00e9n\u00e9rateur de vapeur\t\t\t\t\t<\/li>\n<li class=\"product-features__item-list__item\" role=\"listitem\"><span class=\"is--medium\">Filtre anti-calcaire :<\/span> Oui\t\t\t\t\t<\/li>\n<li class=\"product-features__item-list__item\" role=\"listitem\"><span class=\"is--medium\">Cartouche anti-calcaire :<\/span> Oui\t\t\t\t\t<\/li>\n<li class=\"product-features__item-list__item\" role=\"listitem\"><span class=\"is--medium\">Bac de vidange :<\/span> Oui\t\t\t\t\t<\/li>\n<\/ul>\n<\/li>\n<li class=\"product-features__item\" role=\"listitem\">\n<h3 class=\"product-features__label\">R\u00e9servoir<\/h3>\n<ul role=\"list\">\n<li class=\"product-features__item-list__item\" role=\"listitem\"><span class=\"is--medium\">Capacit\u00e9 :<\/span> 1,20 L\t\t\t\t\t<\/li>\n<li class=\"product-features__item-list__item\" role=\"listitem\"><span class=\"is--medium\">R\u00e9servoir amovible :<\/span> Oui\t\t\t\t\t<\/li>\n<li class=\"product-features__item-list__item\" role=\"listitem\"><span class=\"is--medium\">Signal de r\u00e9servoir vide :<\/span> Oui\t\t\t\t\t<\/li>\n<\/ul>\n<\/li>\n<li class=\"product-features__item\" role=\"listitem\">\n<h3 class=\"product-features__label\">Confort d&rsquo;utilisation<\/h3>\n<ul role=\"list\">\n<li class=\"product-features__item-list__item\" role=\"listitem\"><span class=\"is--medium\">Niveaux de r\u00e9glage de la table :<\/span> 6 positions (82 a 102 cm)\t\t\t\t\t<\/li>\n<li class=\"product-features__item-list__item\" role=\"listitem\"><span class=\"is--medium\">Roulettes :<\/span> Oui\t\t\t\t\t<\/li>\n<li class=\"product-features__item-list__item\" role=\"listitem\"><span class=\"is--medium\">Type de fer :<\/span> professionnel\t\t\t\t\t<\/li>\n<\/ul>\n<\/li>\n<li class=\"product-features__item\" role=\"listitem\">\n<h3 class=\"product-features__label\">S\u00e9curit\u00e9<\/h3>\n<ul role=\"list\">\n<li class=\"product-features__item-list__item\" role=\"listitem\"><span class=\"is--medium\">Arr\u00eat automatique :<\/span> oui, apr\u00e8s 15 mn de non utilisation\t\t\t\t\t<\/li>\n<li class=\"product-features__item-list__item\" role=\"listitem\"><span class=\"is--medium\">Le saviez vous ? :<\/span> pour plus de s\u00e9curit\u00e9, en cas de non utilisation du fer, le centre de repassage s&rsquo;arr\u00eatera automatiquement\t\t\t\t\t<\/li>\n<li class=\"product-features__item-list__item\" role=\"listitem\"><span class=\"is--medium\">Box de rangement du fer :<\/span> oui, permet de ranger alors qu&rsquo;il est encore chaud\t\t\t\t\t<\/li>\n<\/ul>\n<\/li>\n<li class=\"product-features__item\" role=\"listitem\">\n<h3 class=\"product-features__label\">Equipement<\/h3>\n<ul role=\"list\">\n<li class=\"product-features__item-list__item\" role=\"listitem\"><span class=\"is--medium\">Guide fil :<\/span> oui, cet accessoire maintient le cordon du fer en hauteur permet d&rsquo;\u00e9viter les faux pils\t\t\t\t\t<\/li>\n<li class=\"product-features__item-list__item\" role=\"listitem\"><span class=\"is--medium\">Repose cintre int\u00e9gr\u00e9 :<\/span> Non\t\t\t\t\t<\/li>\n<li class=\"product-features__item-list__item\" role=\"listitem\"><span class=\"is--medium\">Repose linge int\u00e9gr\u00e9 :<\/span> Non\t\t\t\t\t<\/li>\n<li class=\"product-features__item-list__item\" role=\"listitem\"><span class=\"is--medium\">Support pour t\u00e9l\u00e9phone mobile :<\/span> Non\t\t\t\t\t<\/li>\n<li class=\"product-features__item-list__item\" role=\"listitem\"><span class=\"is--medium\">Semelle de protection :<\/span> oui, elle s&rsquo;ajoute \u00e0 la semelle inox et permet de prot\u00e9ger les tissus d\u00e9licats (soie, laine ) en \u00e9vitant tout lustrage\t\t\t\t\t<\/li>\n<li class=\"product-features__item-list__item\" role=\"listitem\"><span class=\"is--medium\">Enrouleur automatique de c\u00e2ble \u00e9lectrique :<\/span> Non\t\t\t\t\t<\/li>\n<\/ul>\n<\/li>\n<li class=\"product-features__item\" role=\"listitem\">\n<h3 class=\"product-features__label\">Dimensions<\/h3>\n<ul role=\"list\">\n<li class=\"product-features__item-list__item\" role=\"listitem\"><span class=\"is--medium\">Dimensions l x h x p :<\/span> 42 x 137 x 20 cm\t\t\t\t\t<\/li>\n<li class=\"product-features__item-list__item\" role=\"listitem\"><span class=\"is--medium\">Poids Net :<\/span> 19,00 Kg\t\t\t\t\t<\/li>\n<\/ul>\n<\/li>\n<li class=\"product-features__item\" role=\"listitem\">\n<h3 class=\"product-features__label\">Informations et Services<\/h3>\n<ul role=\"list\">\n<li class=\"product-features__item-list__item\" role=\"listitem\"><span class=\"is--medium\">Garantie :<\/span> 2 ans\t\t\t\t\t<\/li>\n<li class=\"product-features__item-list__item\" role=\"listitem\"><span class=\"is--medium\">R\u00e9f\u00e9rence constructeur :<\/span> S Pure Xtra\t\t\t\t\t<\/li>\n<li class=\"product-features__item-list__item\" role=\"listitem\"><span class=\"is--medium\">Disponibilit\u00e9 des pi\u00e8ces d\u00e9tach\u00e9es (donn\u00e9es fournisseur) :<\/span> Pendant 10 ans, \u00e0 compter de la date d&rsquo;achat\t\t\t\t\t<\/li>\n<li class=\"product-features__item-list__item\" role=\"listitem\"><span class=\"is--medium\">Marque :<\/span> LAURASTAR\t\t\t\t\t<\/li>\n<li class=\"product-features__item-list__item\" role=\"listitem\"><span class=\"is--medium\">Fabriqu\u00e9 en :<\/span> Hongrie\t\t\t\t\t<\/li>\n<\/ul>\n<\/li>\n<\/ul>\n<\/div>\n<div class=\"product__disclosure-content\">\n<div class=\"js-read-more product-description__content read-more read-more--truncated\" data-read-more-name=\"description\" style=\"max-height: 500px; overflow: hidden;\">\n<p>Le centre de repassage LAURASTAR S Pure Xtra est un \u00e9quipement de qualit\u00e9 professionnelle con\u00e7u pour r\u00e9pondre \u00e0 toutes vos exigences en mati\u00e8re de repassage.<\/p>\n<h3><img fetchpriority=\"high\" decoding=\"async\" ,=\"\" alt=\"Centre repass LAURASTAR S Pure Xtra\" class=\"wy_tableau_gauche\" height=\"270\" src=\"https:\/\/boulanger.scene7.com\/is\/image\/Boulanger\/0790776020066_h_f_l_0?wid=400&amp;hei=270\" width=\"400\"\/>Un gain de temps lors du repassage<\/h3>\n<p>Le LAURASTAR S Pure Xtra est \u00e9quip\u00e9 d&rsquo;une centrale vapeur puissante qui produit une <b>pression constante de 3,5 bars<\/b>. La vapeur est capable de p\u00e9n\u00e9trer les fibres les plus \u00e9paisses et les plus denses, \u00e9liminant ainsi les plis les plus tenaces. La centrale vapeur comprend aussi un r\u00e9servoir d&rsquo;eau amovible d&rsquo;une capacit\u00e9 de 1,2 L, permettant une utilisation prolong\u00e9e sans avoir \u00e0 recharger fr\u00e9quemment.<\/p>\n<p>La table active du LAURASTAR S Pure Xtra est un atout majeur pour vous faire gagner du temps. Elle est dot\u00e9e d&rsquo;un <b>syst\u00e8me de soufflerie et d&rsquo;aspiration<\/b> puissant qui permet de tendre les v\u00eatements pendant le repassage. La t\u00e2che est facilit\u00e9e et vous obtenez des r\u00e9sultats impeccables !<\/p>\n<h3><img decoding=\"async\" ,=\"\" alt=\"Centre repass LAURASTAR S Pure Xtra\" class=\"wy_tableau_right\" height=\"270\" src=\"https:\/\/boulanger.scene7.com\/is\/image\/Boulanger\/0790776020066_h_f_l_1?wid=400&amp;hei=270\" width=\"400\"\/>Une nouvelle fa\u00e7on de repasser<\/h3>\n<p>Le centre de repassage LAURASTAR S Pure Xtra s\u00e9duit par sa facilit\u00e9 d&rsquo;utilisation. Les commandes sont intuitives et l&rsquo;appareil <b>chauffe en un temps record de 3 minutes<\/b>. R\u00e9glez la hauteur selon 6 niveaux et commencez votre repassage. Une fois que vous avez termin\u00e9, rangez la table avec facilit\u00e9 gr\u00e2ce \u00e0 ses 2 paires de roulettes.<\/p>\n<p>Le LAURASTAR S Pure Xtra pr\u00e9sente un avantage sp\u00e9cial et tr\u00e8s utile. Il est \u00e9quip\u00e9 d&rsquo;une <b>fonction de d\u00e9froissage vertical<\/b> qui permet de repasser rapidement les v\u00eatements suspendus tels que les rideaux, les vestes et les manteaux. Cette fonctionnalit\u00e9 est particuli\u00e8rement utile dans le domaine du pr\u00eat-\u00e0-porter.<\/p>\n<\/p>\n<p><video class=\"s7Video\" controls=\"\" controlslist=\"nodownload\" poster=\"https:\/\/boulanger.scene7.com\/is\/image\/Boulanger\/0790776020066_v_0?scl=1\" preload=\"metadata\" src=\"https:\/\/boulanger.scene7.com\/is\/content\/Boulanger\/0790776020066_v_0\" width=\"100%\"><\/video><\/p>\n<\/p>\n<p><center><a href=\"https:\/\/boulanger.scene7.com\/is\/content\/Boulanger\/2.B.com\/Commerce\/EMS\/Planning_Demos_Laurastar_Novembre2024.pdf\"><img decoding=\"async\" height=\"160\" src=\"https:\/\/boulanger.scene7.com\/is\/image\/Boulanger\/banner_demo_laurastar?wid=1260\" width=\"1260\"\/><\/a><\/center><\/p>\n<\/div>\n<p><bl-button a11yexpanded=\"false\" arialabel=\"Afficher toute la description\" class=\"read-more__btn\" full=\"false\" link=\"true\"><\/bl-button><\/div>","protected":false},"excerpt":{"rendered":"<div class=\"keypoints\">\n<h3 class=\"keypoints__title\">Les points cl\u00e9s<\/h3>\n<ul role=\"list\">\n<li class=\"keypoints__item\" role=\"listitem\">                          Pression : 3,5 bars &#8211;                                                      Vapeur : 80 g\/min                      <\/li>\n<li class=\"keypoints__item\" role=\"listitem\">                          Capacit\u00e9 : 1,20 L &#8211;                                                      R\u00e9servoir amovible                      <\/li>\n<li class=\"keypoints__item\" role=\"listitem\">                                        Niveaux de r\u00e9glage de la table : 6 positions (82 a 102 cm)                      <\/li>\n<li class=\"keypoints__item\" role=\"listitem\">                                        Arr\u00eat automatique : oui, apr\u00e8s 15 mn de non utilisation                      <\/li>\n<li class=\"keypoints__item keypoints__item--advantage\" role=\"listitem\"><strong>Le + :<\/strong> Syst\u00e8me d&rsquo;aspiration et soufflerie, vapeur hygi\u00e9nique et semelle 3D, adieu faux plis et microbes.      <\/li>\n<\/ul>","protected":false},"featured_media":79312,"template":"","meta":{"_glsr_average":0,"_glsr_ranking":0,"_glsr_reviews":0},"product_cat":[423],"product_tag":[424,153,154],"class_list":{"0":"post-79313","1":"product","2":"type-product","3":"status-publish","4":"has-post-thumbnail","6":"product_cat-centre-de-repassage","7":"product_tag-centre-de-repassage","8":"product_tag-maison-entretien","9":"product_tag-repassage","11":"first","12":"instock","13":"sale","14":"shipping-taxable","15":"purchasable","16":"product-type-simple"},"_links":{"self":[{"href":"https:\/\/electromenagerexpress.com\/en\/wp-json\/wp\/v2\/product\/79313","targetHints":{"allow":["GET"]}}],"collection":[{"href":"https:\/\/electromenagerexpress.com\/en\/wp-json\/wp\/v2\/product"}],"about":[{"href":"https:\/\/electromenagerexpress.com\/en\/wp-json\/wp\/v2\/types\/product"}],"wp:featuredmedia":[{"embeddable":true,"href":"https:\/\/electromenagerexpress.com\/en\/wp-json\/wp\/v2\/media\/79312"}],"wp:attachment":[{"href":"https:\/\/electromenagerexpress.com\/en\/wp-json\/wp\/v2\/media?parent=79313"}],"wp:term":[{"taxonomy":"product_cat","embeddable":true,"href":"https:\/\/electromenagerexpress.com\/en\/wp-json\/wp\/v2\/product_cat?post=79313"},{"taxonomy":"product_tag","embeddable":true,"href":"https:\/\/electromenagerexpress.com\/en\/wp-json\/wp\/v2\/product_tag?post=79313"}],"curies":[{"name":"wp","href":"https:\/\/api.w.org\/{rel}","templated":true}]}}