{"id":79290,"date":"2024-11-24T14:47:22","date_gmt":"2024-11-24T14:47:22","guid":{"rendered":"https:\/\/electromenagerexpress.com\/product\/centre-de-repassagelaurastarsmart-d\/"},"modified":"2024-11-24T14:47:28","modified_gmt":"2024-11-24T14:47:28","slug":"centre-de-repassagelaurastarsmart-d","status":"publish","type":"product","link":"https:\/\/electromenagerexpress.com\/en\/product\/centre-de-repassagelaurastarsmart-d\/","title":{"rendered":"Centre de repassage\t\t\t\t\t\t\tLAURASTAR\t\t\t\tSmart D"},"content":{"rendered":"<div class=\"product-features__content\">\n<ul role=\"list\">\n<li class=\"product-features__item\" role=\"listitem\">\n<h3 class=\"product-features__label\">Caract\u00e9ristiques g\u00e9n\u00e9rales<\/h3>\n<ul role=\"list\">\n<li class=\"product-features__item-list__item\" role=\"listitem\"><span class=\"is--medium\">Type de produit :<\/span> Centre de repassage\t\t\t\t\t<\/li>\n<\/ul>\n<\/li>\n<li class=\"product-features__item\" role=\"listitem\">\n<h3 class=\"product-features__label\">Le centre de repassage vous apporte<\/h3>\n<ul role=\"list\">\n<li class=\"product-features__item-list__item\" role=\"listitem\"><span class=\"is--medium\">Une qualit\u00e9 de repassage :<\/span> gr\u00e0ce \u00e0 la soufflerie, les tissus l\u00e9gers se placent rapidement ce qui facilite le repassage\t\t\t\t\t<\/li>\n<li class=\"product-features__item-list__item\" role=\"listitem\"><span class=\"is--medium\">Un gain de temps :<\/span> gr\u00e2ce \u00e0 l&rsquo;aspiration, les tissus \u00e9pais (ex : jeans ou draps) peuvent \u00eatre superpos\u00e9s tout en laissant passer la vapeur au travers des fibres\t\t\t\t\t<\/li>\n<li class=\"product-features__item-list__item\" role=\"listitem\"><span class=\"is--medium\">Une facilit\u00e9 de rangement :<\/span> facile, c&rsquo;est un tout en 1 (centrale vapeur+table \u00e0 repasser aspirante et chauffante)\t\t\t\t\t<\/li>\n<li class=\"product-features__item-list__item\" role=\"listitem\"><span class=\"is--medium\">Une double utilisation :<\/span> possible de repasser \u00e0 la verticale et \u00e0 l&rsquo;horizontal\t\t\t\t\t<\/li>\n<\/ul>\n<\/li>\n<li class=\"product-features__item\" role=\"listitem\">\n<h3 class=\"product-features__label\">Vapeur<\/h3>\n<ul role=\"list\">\n<li class=\"product-features__item-list__item\" role=\"listitem\"><span class=\"is--medium\">Vapeur :<\/span> 80 g\/min\t\t\t\t\t<\/li>\n<li class=\"product-features__item-list__item\" role=\"listitem\"><span class=\"is--medium\">Pression :<\/span> 3,5 bars\t\t\t\t\t<\/li>\n<li class=\"product-features__item-list__item\" role=\"listitem\"><span class=\"is--medium\">A quoi sert le d\u00e9bit vapeur :<\/span> gr\u00e2ce \u00e0 la vapeur les fibres du linge se d\u00e9tendent, et plus il y a de vapeur, plus le repassage est efficace, facile et rapide\t\t\t\t\t<\/li>\n<li class=\"product-features__item-list__item\" role=\"listitem\"><span class=\"is--medium\">Vapeur ultra fine :<\/span> oui, elle p\u00e9n\u00e8tre le textile sans laisser d&rsquo;humidit\u00e9 ni de traces pour un r\u00e9sultat parfait !\t\t\t\t\t<\/li>\n<li class=\"product-features__item-list__item\" role=\"listitem\"><span class=\"is--medium\">Vapeur-puls\u00e9e :<\/span> Non\t\t\t\t\t<\/li>\n<\/ul>\n<\/li>\n<li class=\"product-features__item\" role=\"listitem\">\n<h3 class=\"product-features__label\">Traitement anti-calcaire<\/h3>\n<ul role=\"list\">\n<li class=\"product-features__item-list__item\" role=\"listitem\"><span class=\"is--medium\">Notre conseil :<\/span> pour prolonger la long\u00e9vit\u00e9, l&rsquo;efficacit\u00e9 de votre appareil et \u00e9viter les traces de calcaire, vous devez imp\u00e9rativement rincer r\u00e9guli\u00e8rement le g\u00e9n\u00e9rateur de vapeur\t\t\t\t\t<\/li>\n<li class=\"product-features__item-list__item\" role=\"listitem\"><span class=\"is--medium\">Filtre anti-calcaire :<\/span> Oui\t\t\t\t\t<\/li>\n<li class=\"product-features__item-list__item\" role=\"listitem\"><span class=\"is--medium\">Cartouche anti-calcaire :<\/span> Oui\t\t\t\t\t<\/li>\n<li class=\"product-features__item-list__item\" role=\"listitem\"><span class=\"is--medium\">Bac de vidange :<\/span> Oui\t\t\t\t\t<\/li>\n<\/ul>\n<\/li>\n<li class=\"product-features__item\" role=\"listitem\">\n<h3 class=\"product-features__label\">R\u00e9servoir<\/h3>\n<ul role=\"list\">\n<li class=\"product-features__item-list__item\" role=\"listitem\"><span class=\"is--medium\">Capacit\u00e9 :<\/span> 1,20 L\t\t\t\t\t<\/li>\n<li class=\"product-features__item-list__item\" role=\"listitem\"><span class=\"is--medium\">R\u00e9servoir amovible :<\/span> Oui\t\t\t\t\t<\/li>\n<li class=\"product-features__item-list__item\" role=\"listitem\"><span class=\"is--medium\">Signal de r\u00e9servoir vide :<\/span> Oui\t\t\t\t\t<\/li>\n<\/ul>\n<\/li>\n<li class=\"product-features__item\" role=\"listitem\">\n<h3 class=\"product-features__label\">Confort d&rsquo;utilisation<\/h3>\n<ul role=\"list\">\n<li class=\"product-features__item-list__item\" role=\"listitem\"><span class=\"is--medium\">Centre de repassage connect\u00e9 :<\/span> oui, via l&rsquo;application d\u00e9di\u00e9e sur votre smartphone ou tablette pour \u00eatre guider au mieux sur des astuces de repassage\t\t\t\t\t<\/li>\n<li class=\"product-features__item-list__item\" role=\"listitem\"><span class=\"is--medium\">Niveaux de r\u00e9glage de la table :<\/span> 6 positions (83 a 104 cm)\t\t\t\t\t<\/li>\n<li class=\"product-features__item-list__item\" role=\"listitem\"><span class=\"is--medium\">Roulettes :<\/span> Oui\t\t\t\t\t<\/li>\n<li class=\"product-features__item-list__item\" role=\"listitem\"><span class=\"is--medium\">Type de fer :<\/span> professionnel\t\t\t\t\t<\/li>\n<\/ul>\n<\/li>\n<li class=\"product-features__item\" role=\"listitem\">\n<h3 class=\"product-features__label\">S\u00e9curit\u00e9<\/h3>\n<ul role=\"list\">\n<li class=\"product-features__item-list__item\" role=\"listitem\"><span class=\"is--medium\">Arr\u00eat automatique :<\/span> oui, apr\u00e8s 10 mn de non utilisation\t\t\t\t\t<\/li>\n<li class=\"product-features__item-list__item\" role=\"listitem\"><span class=\"is--medium\">Le saviez vous ? :<\/span> pour plus de s\u00e9curit\u00e9, en cas de non utilisation du fer, le centre de repassage s&rsquo;arr\u00eatera automatiquement\t\t\t\t\t<\/li>\n<li class=\"product-features__item-list__item\" role=\"listitem\"><span class=\"is--medium\">Box de rangement du fer :<\/span> oui, permet de ranger alors qu&rsquo;il est encore chaud\t\t\t\t\t<\/li>\n<\/ul>\n<\/li>\n<li class=\"product-features__item\" role=\"listitem\">\n<h3 class=\"product-features__label\">Equipement<\/h3>\n<ul role=\"list\">\n<li class=\"product-features__item-list__item\" role=\"listitem\"><span class=\"is--medium\">Guide fil :<\/span> oui, cet accessoire maintient le cordon du fer en hauteur permet d&rsquo;\u00e9viter les faux pils\t\t\t\t\t<\/li>\n<li class=\"product-features__item-list__item\" role=\"listitem\"><span class=\"is--medium\">Repose cintre int\u00e9gr\u00e9 :<\/span> Non\t\t\t\t\t<\/li>\n<li class=\"product-features__item-list__item\" role=\"listitem\"><span class=\"is--medium\">Repose linge int\u00e9gr\u00e9 :<\/span> Non\t\t\t\t\t<\/li>\n<li class=\"product-features__item-list__item\" role=\"listitem\"><span class=\"is--medium\">Support pour t\u00e9l\u00e9phone mobile :<\/span> Non\t\t\t\t\t<\/li>\n<li class=\"product-features__item-list__item\" role=\"listitem\"><span class=\"is--medium\">Semelle de protection :<\/span> oui, elle s&rsquo;ajoute \u00e0 la semelle inox et permet de prot\u00e9ger les tissus d\u00e9licats (soie, laine ) en \u00e9vitant tout lustrage\t\t\t\t\t<\/li>\n<li class=\"product-features__item-list__item\" role=\"listitem\"><span class=\"is--medium\">Housse de protection :<\/span> oui, pour prot\u00e9ger de la salet\u00e9 et des poussi\u00e8res\t\t\t\t\t<\/li>\n<li class=\"product-features__item-list__item\" role=\"listitem\"><span class=\"is--medium\">Enrouleur automatique de c\u00e2ble \u00e9lectrique :<\/span> Non\t\t\t\t\t<\/li>\n<\/ul>\n<\/li>\n<li class=\"product-features__item\" role=\"listitem\">\n<h3 class=\"product-features__label\">Dimensions<\/h3>\n<ul role=\"list\">\n<li class=\"product-features__item-list__item\" role=\"listitem\"><span class=\"is--medium\">Dimensions l x h x p :<\/span> 42.4 x 132 x 21.8 cm\t\t\t\t\t<\/li>\n<li class=\"product-features__item-list__item\" role=\"listitem\"><span class=\"is--medium\">Poids Net :<\/span> 19,00 Kg\t\t\t\t\t<\/li>\n<\/ul>\n<\/li>\n<li class=\"product-features__item\" role=\"listitem\">\n<h3 class=\"product-features__label\">Informations et Services<\/h3>\n<ul role=\"list\">\n<li class=\"product-features__item-list__item\" role=\"listitem\"><span class=\"is--medium\">Garantie :<\/span> 2 ans\t\t\t\t\t<\/li>\n<li class=\"product-features__item-list__item\" role=\"listitem\"><span class=\"is--medium\">R\u00e9f\u00e9rence constructeur :<\/span> SMART D\t\t\t\t\t<\/li>\n<li class=\"product-features__item-list__item\" role=\"listitem\"><span class=\"is--medium\">Disponibilit\u00e9 des pi\u00e8ces d\u00e9tach\u00e9es (donn\u00e9es fournisseur) :<\/span> Pendant 10 ans, \u00e0 compter de la date d&rsquo;achat\t\t\t\t\t<\/li>\n<li class=\"product-features__item-list__item\" role=\"listitem\"><span class=\"is--medium\">Marque :<\/span> LAURASTAR\t\t\t\t\t<\/li>\n<li class=\"product-features__item-list__item\" role=\"listitem\"><span class=\"is--medium\">Fabriqu\u00e9 en :<\/span> Hongrie\t\t\t\t\t<\/li>\n<\/ul>\n<\/li>\n<\/ul>\n<\/div>\n<div class=\"product__disclosure-content\">\n<div class=\"js-read-more product-description__content read-more read-more--truncated\" data-read-more-name=\"description\" style=\"max-height: 500px; overflow: hidden;\">\n<p>Avec la centrale vapeur LAURASTAR SMART D, optez pour la facilit\u00e9, la rapidit\u00e9 et la perfection, le tout dans une exp\u00e9rience connect\u00e9e !<\/p>\n<h3><img fetchpriority=\"high\" decoding=\"async\" ,=\"\" alt=\"Centre repass LAURASTAR SMART D\" class=\"wy_tableau_gauche\" height=\"270\" src=\"https:\/\/boulanger.scene7.com\/is\/image\/Boulanger\/0790776019268_h_f_l_0?wid=400&amp;hei=270\" width=\"400\"\/>Votre repassage deviendra une exp\u00e9rience rapide, fiable et fluide<\/h3>\n<p>Plongez dans le futur du repassage ! Gr\u00e2ce \u00e0 <b>la pression de 3,5 bars et au d\u00e9bit de vapeur de 80 g\/min<\/b> de votre nouvelle centrale vapeur LAURASTAR SMART D, vous obtiendrez des r\u00e9sultats dignes des professionnels. Vous n&rsquo;aurez plus besoin de lutter contre les plis tenaces et serez \u00e9tonn\u00e9 de sa facilit\u00e9 et de sa rapidit\u00e9 de fonctionnement.<\/p>\n<p>Votre futur fer \u00e0 repasser LAURASTAR SMART D diffusera une vapeur particuli\u00e8rement fine et puissante qui s&rsquo;adaptera \u00e0 tous les tissus, du coton \u00e0 la soie. Sa forme arrondie pr\u00e9viendra l&rsquo;apparition de faux plis, et vous pourrez <b>d\u00e9froisser vos v\u00eatements \u00e0 la verticale<\/b> pour gagner en confort d&rsquo;utilisation et \u00e9viter les maux de dos. De plus, la capacit\u00e9 de 1,2 L de son r\u00e9servoir vous permettra de repasser sans interruption.<\/p>\n<h3><img decoding=\"async\" ,=\"\" alt=\"Centre repass LAURASTAR SMART D\" class=\"wy_tableau_right\" height=\"270\" src=\"https:\/\/boulanger.scene7.com\/is\/image\/Boulanger\/0790776019268_h_f_l_1?wid=400&amp;hei=270\" width=\"400\"\/>Transformez votre routine de repassage d\u00e8s aujourd&rsquo;hui<\/h3>\n<p>Tenez-vous pr\u00eat \u00e0 repasser <b>en seulement 3 min<\/b> : gr\u00e2ce \u00e0 la centrale vapeur LAURASTAR SMART D, l&rsquo;attente interminable sera un lointain souvenir. <b>Dot\u00e9e de 4 vitesses, son syst\u00e8me d&rsquo;aspiration et de soufflerie gonflera la table d&rsquo;air<\/b> pour tendre les textiles et pr\u00e9venir les faux plis.<\/p>\n<p>Entourez-vous d&rsquo;un v\u00e9ritable coach personnel pour chouchouter et sublimer l&rsquo;aspect de vos v\u00eatements ! <b>Connect\u00e9e, vous aurez acc\u00e8s \u00e0 3 types de vid\u00e9os et de tutoriels<\/b> pour perfectionner votre technique de repassage directement depuis votre smartphone. Ces derniers vous guideront lors de l&rsquo;installation et de l&rsquo;utilisation de votre nouvelle centrale vapeur LAURASTAR SMART D.<\/p>\n<\/p>\n<p><center><a href=\"https:\/\/boulanger.scene7.com\/is\/content\/Boulanger\/2.B.com\/Commerce\/EMS\/Planning_Demos_Laurastar_Novembre2024.pdf\"><img decoding=\"async\" height=\"160\" src=\"https:\/\/boulanger.scene7.com\/is\/image\/Boulanger\/banner_demo_laurastar?wid=1260\" width=\"1260\"\/><\/a><\/center><\/p>\n<\/div>\n<p><bl-button a11yexpanded=\"false\" arialabel=\"Afficher toute la description\" class=\"read-more__btn\" full=\"false\" link=\"true\">Voir plus<\/bl-button><\/div>","protected":false},"excerpt":{"rendered":"<div class=\"keypoints\">\n<h3 class=\"keypoints__title\">Les points cl\u00e9s<\/h3>\n<ul role=\"list\">\n<li class=\"keypoints__item\" role=\"listitem\">                          Pression : 3,5 bars &#8211;                                                      Vapeur : 80 g\/min                      <\/li>\n<li class=\"keypoints__item\" role=\"listitem\">                          Capacit\u00e9 : 1,20 L &#8211;                                                      R\u00e9servoir amovible                      <\/li>\n<li class=\"keypoints__item\" role=\"listitem\">                                        Niveaux de r\u00e9glage de la table : 6 positions (83 a 104 cm)                      <\/li>\n<li class=\"keypoints__item\" role=\"listitem\">                                        Arr\u00eat automatique : oui, apr\u00e8s 10 mn de non utilisation                      <\/li>\n<li class=\"keypoints__item keypoints__item--advantage\" role=\"listitem\"><strong>Le + :<\/strong> R\u00e9sultat professionnel, syst\u00e8me pr\u00eat en 3 min. Connect\u00e9 : vid\u00e9os et tutoriels pour mieux repasser.      <\/li>\n<\/ul>","protected":false},"featured_media":79289,"template":"","meta":{"_glsr_average":0,"_glsr_ranking":0,"_glsr_reviews":0},"product_cat":[423],"product_tag":[424,153,154],"class_list":{"0":"post-79290","1":"product","2":"type-product","3":"status-publish","4":"has-post-thumbnail","6":"product_cat-centre-de-repassage","7":"product_tag-centre-de-repassage","8":"product_tag-maison-entretien","9":"product_tag-repassage","11":"first","12":"instock","13":"sale","14":"shipping-taxable","15":"purchasable","16":"product-type-simple"},"_links":{"self":[{"href":"https:\/\/electromenagerexpress.com\/en\/wp-json\/wp\/v2\/product\/79290","targetHints":{"allow":["GET"]}}],"collection":[{"href":"https:\/\/electromenagerexpress.com\/en\/wp-json\/wp\/v2\/product"}],"about":[{"href":"https:\/\/electromenagerexpress.com\/en\/wp-json\/wp\/v2\/types\/product"}],"wp:featuredmedia":[{"embeddable":true,"href":"https:\/\/electromenagerexpress.com\/en\/wp-json\/wp\/v2\/media\/79289"}],"wp:attachment":[{"href":"https:\/\/electromenagerexpress.com\/en\/wp-json\/wp\/v2\/media?parent=79290"}],"wp:term":[{"taxonomy":"product_cat","embeddable":true,"href":"https:\/\/electromenagerexpress.com\/en\/wp-json\/wp\/v2\/product_cat?post=79290"},{"taxonomy":"product_tag","embeddable":true,"href":"https:\/\/electromenagerexpress.com\/en\/wp-json\/wp\/v2\/product_tag?post=79290"}],"curies":[{"name":"wp","href":"https:\/\/api.w.org\/{rel}","templated":true}]}}