{"id":79251,"date":"2024-11-24T14:46:14","date_gmt":"2024-11-24T14:46:14","guid":{"rendered":"https:\/\/electromenagerexpress.com\/product\/robot-piscinezodiaczodiac-vortex-ov3505-chariot\/"},"modified":"2024-11-24T14:46:14","modified_gmt":"2024-11-24T14:46:14","slug":"robot-piscinezodiaczodiac-vortex-ov3505-chariot","status":"publish","type":"product","link":"https:\/\/electromenagerexpress.com\/en\/product\/robot-piscinezodiaczodiac-vortex-ov3505-chariot\/","title":{"rendered":"Robot piscine\t\t\t\t\t\t\tZODIAC\t\t\t\tZODIAC VORTEX OV3505 + chariot"},"content":{"rendered":"<div class=\"product-features__content\">\n<ul role=\"list\">\n<li class=\"product-features__item\" role=\"listitem\">\n<h3 class=\"product-features__label\">Caract\u00e9ristiques g\u00e9n\u00e9rales du robot<\/h3>\n<ul role=\"list\">\n<li class=\"product-features__item-list__item\" role=\"listitem\"><span class=\"is--medium\">Type de robot :<\/span> Hydraulique\t\t\t\t\t<\/li>\n<li class=\"product-features__item-list__item\" role=\"listitem\"><span class=\"is--medium\">Type de d\u00e9placement :<\/span> Intelligent\t\t\t\t\t<\/li>\n<li class=\"product-features__item-list__item\" role=\"listitem\"><span class=\"is--medium\">Puissance d&rsquo;aspiration :<\/span> 16 m\u00b3\/h\t\t\t\t\t<\/li>\n<li class=\"product-features__item-list__item\" role=\"listitem\"><span class=\"is--medium\">Type de nettoyage :<\/span> Fond, Parois, Ligne d&rsquo;eau\t\t\t\t\t<\/li>\n<li class=\"product-features__item-list__item\" role=\"listitem\"><span class=\"is--medium\">Surface filtrante :<\/span> 1180100\t\t\t\t\t<\/li>\n<li class=\"product-features__item-list__item\" role=\"listitem\"><span class=\"is--medium\">T\u00e9l\u00e9command\u00e9 :<\/span> Oui\t\t\t\t\t<\/li>\n<li class=\"product-features__item-list__item\" role=\"listitem\"><span class=\"is--medium\">Dur\u00e9e de cycles :<\/span> 1h30 \u00e0 2h30\t\t\t\t\t<\/li>\n<li class=\"product-features__item-list__item\" role=\"listitem\"><span class=\"is--medium\">Largeur de nettoyage :<\/span> 25 cm\t\t\t\t\t<\/li>\n<li class=\"product-features__item-list__item\" role=\"listitem\"><span class=\"is--medium\">Syst\u00e8me de s\u00e9curit\u00e9 :<\/span> Syst\u00e8me plage, s\u00e9curit\u00e9 hors d&rsquo;eau, protection \u00e9lectroniques des moteurs\t\t\t\t\t<\/li>\n<\/ul>\n<\/li>\n<li class=\"product-features__item\" role=\"listitem\">\n<h3 class=\"product-features__label\">Informations et Services<\/h3>\n<ul role=\"list\">\n<li class=\"product-features__item-list__item\" role=\"listitem\"><span class=\"is--medium\">Fabriqu\u00e9 en :<\/span> France\t\t\t\t\t<\/li>\n<li class=\"product-features__item-list__item\" role=\"listitem\"><span class=\"is--medium\">Disponibilit\u00e9 des pi\u00e8ces d\u00e9tach\u00e9es (donn\u00e9es fournisseur) :<\/span> Non communiqu\u00e9e\t\t\t\t\t<\/li>\n<li class=\"product-features__item-list__item\" role=\"listitem\"><span class=\"is--medium\">R\u00e9f\u00e9rence constructeur :<\/span> ZODIAC VORTEX OV3505 + chariot\t\t\t\t\t<\/li>\n<li class=\"product-features__item-list__item\" role=\"listitem\"><span class=\"is--medium\">Marque :<\/span> ZODIAC\t\t\t\t\t<\/li>\n<\/ul>\n<\/li>\n<\/ul>\n<\/div>\n<div class=\"product__disclosure-content\">\n<div class=\"js-read-more product-description__content read-more read-more--truncated\" data-read-more-name=\"description\" style=\"max-height: 500px; overflow: hidden;\">\n<p><\/p>\n<h4 style=\"font-size:large\">Le robot de piscine VORTEX OV 3505 de ZODIAC<\/h4>\n<p><img decoding=\"async\" 600\"=\"\" alt=\" width=\" border=\"0\" https:=\"\" media=\"\" ov3505=\"\" products=\"\" src=\"https:\/\/www.bestofrobots.fr\/media\/wysiwyg\/Products\/ZODIAC\/OV3505\/ZODIAC-VORTEX-OV3505.png\" style=\"float: left; margin-left: 30px; margin-right: 60px;\" www.bestofrobots.fr=\"\" wysiwyg=\"\" zodiac=\"\" zodiac-vortex-ov3505-face.png\"=\"\"\/><\/p>\n<p><strong><em>Types de piscines <\/em><\/strong><\/p>\n<ul>\n<li>Piscines enterr\u00e9es<\/li>\n<li>Piscines hors sol<\/li>\n<li>Piscine \u00e0 parois rigides<\/li>\n<li>12m x 6m conseill\u00e9<\/li>\n<\/ul>\n<p><strong><em>Formes de bassin<\/em><\/strong><\/p>\n<ul>\n<li>Rectangulaires<\/li>\n<li>Ovales<\/li>\n<li>Formes libres<\/li>\n<\/ul>\n<p><strong><em>Fonds de bassin<\/em><\/strong><\/p>\n<ul>\n<li>Plat<\/li>\n<li>Pente douce<\/li>\n<li>Pente compos\u00e9e<\/li>\n<li>Pointe de diamant<\/li>\n<\/ul>\n<p><strong><em>Rev\u00eatements<\/em><\/strong><\/p>\n<ul>\n<li>Carrelage<\/li>\n<li>Liner<\/li>\n<li>Coque polyester<\/li>\n<li>PVC arm\u00e9<\/li>\n<li>B\u00e9ton peint<\/li>\n<\/ul>\n<p><\/p>\n<h4 style=\"font-size:large\">La puissance ultime du VORTEX OV 3505<\/h4>\n<p><img fetchpriority=\"high\" decoding=\"async\" 12px;=\"\" alt=\" \/&gt;&lt;br \/&gt;&lt;\/p&gt;&lt;h4&gt;Aspiration Cyclonique Brevet\u00e9e ZODIAC&lt;\/h4&gt;&lt;ul&gt;&lt;li&gt;Aspiration Cyclonique Brevet\u00e9e&lt;\/li&gt;&lt;li&gt;Pas de colmatage du filtre&lt;\/li&gt;&lt;li&gt;Pas de perte d'aspiration&lt;\/li&gt;&lt;\/ul&gt;&lt;p&gt;&lt;iframe style=\" border=\"0\" center;\"=\"\" font-size:=\"\" frameborder=\"0\" height=\"315\" src=\"\/\/www.youtube.com\/embed\/-Y2s-n2kwlE\" text-align:=\"\" width=\"560\"\/><\/p>\n<h4>Syst\u00e8me de filtration XXL<\/h4>\n<\/p>\n<\/div>\n<p><bl-button a11yexpanded=\"false\" arialabel=\"Afficher toute la description\" class=\"read-more__btn\" full=\"false\" link=\"true\"><\/bl-button><\/div>","protected":false},"excerpt":{"rendered":"<div class=\"keypoints\">\n<h3 class=\"keypoints__title\">Les points cl\u00e9s<\/h3>\n<ul role=\"list\">\n<li class=\"keypoints__item\" role=\"listitem\">                                        Type de nettoyage : Fond, Parois, Ligne d&rsquo;eau                      <\/li>\n<li class=\"keypoints__item\" role=\"listitem\">                                        Type de robot : Hydraulique                      <\/li>\n<li class=\"keypoints__item\" role=\"listitem\">                                        Puissance d&rsquo;aspiration : 16 m\u00b3\/h                      <\/li>\n<\/ul>","protected":false},"featured_media":79250,"template":"","meta":{"_glsr_average":0,"_glsr_ranking":0,"_glsr_reviews":0},"product_cat":[415],"product_tag":[387,153,416],"class_list":{"0":"post-79251","1":"product","2":"type-product","3":"status-publish","4":"has-post-thumbnail","6":"product_cat-robot-piscine","7":"product_tag-jardin-exterieur","8":"product_tag-maison-entretien","9":"product_tag-robot-piscine","11":"first","12":"instock","13":"sale","14":"shipping-taxable","15":"purchasable","16":"product-type-simple"},"_links":{"self":[{"href":"https:\/\/electromenagerexpress.com\/en\/wp-json\/wp\/v2\/product\/79251","targetHints":{"allow":["GET"]}}],"collection":[{"href":"https:\/\/electromenagerexpress.com\/en\/wp-json\/wp\/v2\/product"}],"about":[{"href":"https:\/\/electromenagerexpress.com\/en\/wp-json\/wp\/v2\/types\/product"}],"wp:featuredmedia":[{"embeddable":true,"href":"https:\/\/electromenagerexpress.com\/en\/wp-json\/wp\/v2\/media\/79250"}],"wp:attachment":[{"href":"https:\/\/electromenagerexpress.com\/en\/wp-json\/wp\/v2\/media?parent=79251"}],"wp:term":[{"taxonomy":"product_cat","embeddable":true,"href":"https:\/\/electromenagerexpress.com\/en\/wp-json\/wp\/v2\/product_cat?post=79251"},{"taxonomy":"product_tag","embeddable":true,"href":"https:\/\/electromenagerexpress.com\/en\/wp-json\/wp\/v2\/product_tag?post=79251"}],"curies":[{"name":"wp","href":"https:\/\/api.w.org\/{rel}","templated":true}]}}