{"id":79249,"date":"2024-11-24T14:46:08","date_gmt":"2024-11-24T14:46:08","guid":{"rendered":"https:\/\/electromenagerexpress.com\/product\/effeuilleurgardenagardena-pompe-immergee-pour-eau-usee-200\/"},"modified":"2024-11-24T14:46:08","modified_gmt":"2024-11-24T14:46:08","slug":"effeuilleurgardenagardena-pompe-immergee-pour-eau-usee-200","status":"publish","type":"product","link":"https:\/\/electromenagerexpress.com\/en\/product\/effeuilleurgardenagardena-pompe-immergee-pour-eau-usee-200\/","title":{"rendered":"Effeuilleur\t\t\t\t\t\t\tGARDENA\t\t\t\tGardena Pompe immerg\u00e9e pour eau us\u00e9e 200"},"content":{"rendered":"<div class=\"product-features__content\">\n<ul role=\"list\">\n<li class=\"product-features__item\" role=\"listitem\">\n<h3 class=\"product-features__label\">Caract\u00e9risriques g\u00e9n\u00e9rales<\/h3>\n<ul role=\"list\">\n<li class=\"product-features__item-list__item\" role=\"listitem\"><span class=\"is--medium\">Type de produit :<\/span> Effeuilleur\t\t\t\t\t<\/li>\n<li class=\"product-features__item-list__item\" role=\"listitem\"><span class=\"is--medium\">Alerte manque d&rsquo;eau :<\/span> Non\t\t\t\t\t<\/li>\n<li class=\"product-features__item-list__item\" role=\"listitem\"><span class=\"is--medium\">Capacit\u00e9 r\u00e9servoir :<\/span> 1 Litre\t\t\t\t\t<\/li>\n<li class=\"product-features__item-list__item\" role=\"listitem\"><span class=\"is--medium\">Alimentation :<\/span> Secteur\t\t\t\t\t<\/li>\n<\/ul>\n<\/li>\n<li class=\"product-features__item\" role=\"listitem\">\n<h3 class=\"product-features__label\">Plante<\/h3>\n<ul role=\"list\">\n<li class=\"product-features__item-list__item\" role=\"listitem\"><span class=\"is--medium\">Nombre de recharge inclus :<\/span> 1\t\t\t\t\t<\/li>\n<li class=\"product-features__item-list__item\" role=\"listitem\"><span class=\"is--medium\">Premi\u00e8re r\u00e9colte :<\/span> nc\t\t\t\t\t<\/li>\n<li class=\"product-features__item-list__item\" role=\"listitem\"><span class=\"is--medium\">R\u00e9colte par recharge :<\/span> 1 mois\t\t\t\t\t<\/li>\n<\/ul>\n<\/li>\n<li class=\"product-features__item\" role=\"listitem\">\n<h3 class=\"product-features__label\">Entretien des plantes<\/h3>\n<ul role=\"list\">\n<li class=\"product-features__item-list__item\" role=\"listitem\"><span class=\"is--medium\">Lampe :<\/span> Pas de lampe\t\t\t\t\t<\/li>\n<\/ul>\n<\/li>\n<li class=\"product-features__item\" role=\"listitem\">\n<h3 class=\"product-features__label\">Informations compl\u00e9mentaires<\/h3>\n<ul role=\"list\">\n<li class=\"product-features__item-list__item\" role=\"listitem\"><span class=\"is--medium\">Fabriqu\u00e9 en :<\/span> Chine\t\t\t\t\t<\/li>\n<li class=\"product-features__item-list__item\" role=\"listitem\"><span class=\"is--medium\">Disponibilit\u00e9 des pi\u00e8ces d\u00e9tach\u00e9es (donn\u00e9es fournisseur) :<\/span> Non communiqu\u00e9e\t\t\t\t\t<\/li>\n<li class=\"product-features__item-list__item\" role=\"listitem\"><span class=\"is--medium\">R\u00e9f\u00e9rence constructeur :<\/span> Gardena Pompe immerg\u00e9e pour eau us\u00e9e 200\t\t\t\t\t<\/li>\n<li class=\"product-features__item-list__item\" role=\"listitem\"><span class=\"is--medium\">Marque :<\/span> GARDENA\t\t\t\t\t<\/li>\n<\/ul>\n<\/li>\n<li class=\"product-features__item\" role=\"listitem\">\n<h3 class=\"product-features__label\">Dimensions<\/h3>\n<ul role=\"list\">\n<li class=\"product-features__item-list__item\" role=\"listitem\"><span class=\"is--medium\">Poids :<\/span> 7.600,0 kg\t\t\t\t\t<\/li>\n<\/ul>\n<\/li>\n<\/ul>\n<\/div>\n<div class=\"product__disclosure-content\">\n<div class=\"js-read-more product-description__content\" data-read-more-name=\"description\" style=\"max-height: 500px; overflow: hidden;\">\n<p>Particuli\u00e8rement efficace : La pompe peut traiter jusqu&rsquo;\u00e0 20 000 l\/h d&rsquo;eau claire et sale avec une puissance de 750 W. La granulom\u00e9trie maximale autoris\u00e9e des particules de salet\u00e9 est de 35 mm<br \/>Fonction Aquasensor : La hauteur d&rsquo;activation et de d\u00e9sactivation de la pompe est d\u00e9finie par commande tactile. Le capteur mesure de fa\u00e7on autonome le niveau d&rsquo;eau et active ou d\u00e9sactive automatiquement la pompe au millim\u00e8tre pr\u00e8s et selon les besoins. Avec minuterie et fonctionnement continu.<br \/>Traitement de haute qualit\u00e9 : Gr\u00e2ce aux mat\u00e9riaux de grande qualit\u00e9, la pompe submersible est particuli\u00e8rement robuste. Pour une longue dur\u00e9e de vie, l&rsquo;arbre moteur dispose d&rsquo;un rev\u00eatement en c\u00e9ramique \u00e0 triple \u00e9tanch\u00e9it\u00e9<br \/>Connexion simple : Raccordez rapidement les tuyaux d&rsquo;un diam\u00e8tre de 32 mm (1 1\/4&Prime;) ou 38 mm (1 \u00bd\u00a0\u00bb)ou 50 mm (2&Prime;) en un simple clic<br \/>Livraison : 1 pompe d&rsquo;\u00e9vacuation submersible pour eaux us\u00e9es 20000 Aquasensor Gardena<\/p>\n<\/div>\n<\/div>","protected":false},"excerpt":{"rendered":"<div class=\"keypoints\">\n<h3 class=\"keypoints__title\">Les points cl\u00e9s<\/h3>\n<ul role=\"list\">\n<li class=\"keypoints__item\" role=\"listitem\">                                        Effeuilleur                      <\/li>\n<li class=\"keypoints__item\" role=\"listitem\">                                        Type de recharge : Fleurs comestibles                      <\/li>\n<li class=\"keypoints__item\" role=\"listitem\">                          Plantes incluses : Non communiqu\u00e9 &#8211;                                                      1 Litre                      <\/li>\n<\/ul>","protected":false},"featured_media":79248,"template":"","meta":{"_glsr_average":0,"_glsr_ranking":0,"_glsr_reviews":0},"product_cat":[420,419],"product_tag":[422,230,421],"class_list":{"0":"post-79249","1":"product","2":"type-product","3":"status-publish","4":"has-post-thumbnail","6":"product_cat-jardin-dinterieur","7":"product_cat-ustensiles-de-cuisine","8":"product_tag-jardin-dinterieur","9":"product_tag-cuisine-et-cuisson","10":"product_tag-ustensiles-de-cuisine","12":"first","13":"instock","14":"sale","15":"shipping-taxable","16":"purchasable","17":"product-type-simple"},"_links":{"self":[{"href":"https:\/\/electromenagerexpress.com\/en\/wp-json\/wp\/v2\/product\/79249","targetHints":{"allow":["GET"]}}],"collection":[{"href":"https:\/\/electromenagerexpress.com\/en\/wp-json\/wp\/v2\/product"}],"about":[{"href":"https:\/\/electromenagerexpress.com\/en\/wp-json\/wp\/v2\/types\/product"}],"wp:featuredmedia":[{"embeddable":true,"href":"https:\/\/electromenagerexpress.com\/en\/wp-json\/wp\/v2\/media\/79248"}],"wp:attachment":[{"href":"https:\/\/electromenagerexpress.com\/en\/wp-json\/wp\/v2\/media?parent=79249"}],"wp:term":[{"taxonomy":"product_cat","embeddable":true,"href":"https:\/\/electromenagerexpress.com\/en\/wp-json\/wp\/v2\/product_cat?post=79249"},{"taxonomy":"product_tag","embeddable":true,"href":"https:\/\/electromenagerexpress.com\/en\/wp-json\/wp\/v2\/product_tag?post=79249"}],"curies":[{"name":"wp","href":"https:\/\/api.w.org\/{rel}","templated":true}]}}