{"id":79245,"date":"2024-11-24T14:45:52","date_gmt":"2024-11-24T14:45:52","guid":{"rendered":"https:\/\/electromenagerexpress.com\/product\/jardin-dinterieurgermlinegermoir-automatique-easygreen-light\/"},"modified":"2024-11-24T14:45:53","modified_gmt":"2024-11-24T14:45:53","slug":"jardin-dinterieurgermlinegermoir-automatique-easygreen-light","status":"publish","type":"product","link":"https:\/\/electromenagerexpress.com\/en\/product\/jardin-dinterieurgermlinegermoir-automatique-easygreen-light\/","title":{"rendered":"Jardin d&rsquo;int\u00e9rieur\t\t\t\t\t\t\tGERMLINE\t\t\t\tGermoir automatique Easygreen Light"},"content":{"rendered":"<div class=\"product-features__content\">\n<ul role=\"list\">\n<li class=\"product-features__item\" role=\"listitem\">\n<h3 class=\"product-features__label\">Les + de ce mod\u00e8le<\/h3>\n<ul role=\"list\">\n<li class=\"product-features__item-list__item\" role=\"listitem\"><span class=\"is--medium\">Avantages :<\/span> Le germoir automatique EasyGreen est fourni avec un 5 plateaux moyens (7x33cm).\t\t\t\t\t<\/li>\n<\/ul>\n<\/li>\n<li class=\"product-features__item\" role=\"listitem\">\n<h3 class=\"product-features__label\">Caract\u00e9risriques g\u00e9n\u00e9rales<\/h3>\n<ul role=\"list\">\n<li class=\"product-features__item-list__item\" role=\"listitem\"><span class=\"is--medium\">D\u00e9tails :<\/span> Les diff\u00e9rents plateaux vous permettent d&rsquo;\u00e9chelonner ou de diversifier votre production de graines germ\u00e9es.\t\t\t\t\t<\/li>\n<li class=\"product-features__item-list__item\" role=\"listitem\"><span class=\"is--medium\">Type de produit :<\/span> Jardin d&rsquo;int\u00e9rieur\t\t\t\t\t<\/li>\n<li class=\"product-features__item-list__item\" role=\"listitem\"><span class=\"is--medium\">Coloris :<\/span> Vert\t\t\t\t\t<\/li>\n<li class=\"product-features__item-list__item\" role=\"listitem\"><span class=\"is--medium\">Alerte manque d&rsquo;eau :<\/span> Non\t\t\t\t\t<\/li>\n<li class=\"product-features__item-list__item\" role=\"listitem\"><span class=\"is--medium\">Alerte manque d&rsquo;\u00e9l\u00e9ments nutritifs :<\/span> Non\t\t\t\t\t<\/li>\n<li class=\"product-features__item-list__item\" role=\"listitem\"><span class=\"is--medium\">Capacit\u00e9 r\u00e9servoir :<\/span> 5,5 Litres\t\t\t\t\t<\/li>\n<li class=\"product-features__item-list__item\" role=\"listitem\"><span class=\"is--medium\">Alimentation :<\/span> Secteur\t\t\t\t\t<\/li>\n<li class=\"product-features__item-list__item\" role=\"listitem\"><span class=\"is--medium\">Connectivit\u00e9 :<\/span> non\t\t\t\t\t<\/li>\n<\/ul>\n<\/li>\n<li class=\"product-features__item\" role=\"listitem\">\n<h3 class=\"product-features__label\">Plante<\/h3>\n<ul role=\"list\">\n<li class=\"product-features__item-list__item\" role=\"listitem\"><span class=\"is--medium\">A d\u00e9guster :<\/span> Cru Sec\t\t\t\t\t<\/li>\n<li class=\"product-features__item-list__item\" role=\"listitem\"><span class=\"is--medium\">Nombre de recharge inclus :<\/span> 5\t\t\t\t\t<\/li>\n<li class=\"product-features__item-list__item\" role=\"listitem\"><span class=\"is--medium\">Premi\u00e8re r\u00e9colte :<\/span> nc\t\t\t\t\t<\/li>\n<li class=\"product-features__item-list__item\" role=\"listitem\"><span class=\"is--medium\">R\u00e9colte par recharge :<\/span> entre 3 et 7 jours\t\t\t\t\t<\/li>\n<li class=\"product-features__item-list__item\" role=\"listitem\"><span class=\"is--medium\">A savoir :<\/span> R\u00e9coltes abondantes\t\t\t\t\t<\/li>\n<\/ul>\n<\/li>\n<li class=\"product-features__item\" role=\"listitem\">\n<h3 class=\"product-features__label\">Entretien des plantes<\/h3>\n<ul role=\"list\">\n<li class=\"product-features__item-list__item\" role=\"listitem\"><span class=\"is--medium\">Lampe :<\/span> Pas de lampe\t\t\t\t\t<\/li>\n<\/ul>\n<\/li>\n<li class=\"product-features__item\" role=\"listitem\">\n<h3 class=\"product-features__label\">Informations compl\u00e9mentaires<\/h3>\n<ul role=\"list\">\n<li class=\"product-features__item-list__item\" role=\"listitem\"><span class=\"is--medium\">Garantie :<\/span> 2 ans\t\t\t\t\t<\/li>\n<li class=\"product-features__item-list__item\" role=\"listitem\"><span class=\"is--medium\">Fabriqu\u00e9 en :<\/span> Chine\t\t\t\t\t<\/li>\n<li class=\"product-features__item-list__item\" role=\"listitem\"><span class=\"is--medium\">Disponibilit\u00e9 des pi\u00e8ces d\u00e9tach\u00e9es (donn\u00e9es fournisseur) :<\/span> Non communiqu\u00e9e\t\t\t\t\t<\/li>\n<li class=\"product-features__item-list__item\" role=\"listitem\"><span class=\"is--medium\">R\u00e9f\u00e9rence constructeur :<\/span> Germoir automatique Easygreen Light\t\t\t\t\t<\/li>\n<li class=\"product-features__item-list__item\" role=\"listitem\"><span class=\"is--medium\">Marque :<\/span> GERMLINE\t\t\t\t\t<\/li>\n<\/ul>\n<\/li>\n<li class=\"product-features__item\" role=\"listitem\">\n<h3 class=\"product-features__label\">Dimensions<\/h3>\n<ul role=\"list\">\n<li class=\"product-features__item-list__item\" role=\"listitem\"><span class=\"is--medium\">Dimensions l x h x p :<\/span> 43 x 15 x 58 cm\t\t\t\t\t<\/li>\n<li class=\"product-features__item-list__item\" role=\"listitem\"><span class=\"is--medium\">Poids :<\/span> 3,5 kg\t\t\t\t\t<\/li>\n<\/ul>\n<\/li>\n<\/ul>\n<\/div>\n<div class=\"product__disclosure-content\">\n<div class=\"js-read-more product-description__content\" data-read-more-name=\"description\" style=\"max-height: 500px; overflow: hidden;\">\n<p>Le nouveau germoir automatique EasyGreen Light permet l&rsquo;application simultan\u00e9e de brouillard et d&rsquo;oxyg\u00e8ne \u00e0 la surface des graines : alors que les graines ont en r\u00e9alit\u00e9 besoin de peu d&rsquo;eau et de beaucoup d&rsquo;oxyg\u00e8ne, les germoirs traditionnels apportent beaucoup d&rsquo;eau et n&rsquo;assurent qu&rsquo;assez mal le renouvellement de l&rsquo;air.<\/p>\n<p>Les graines \u00e0 germer ne n\u00e9cessitent aucun pr\u00e9trempage. Il suffit de les disposer sur le plateau, de s&rsquo;assurer que le r\u00e9servoir d&rsquo;eau est bien rempli (le r\u00e9servoir couvre environ 3 jours de brumisation, soit 8 cycles quotidien) et de programmer les cycles de brumisation. Vos graines germ\u00e9es sont pr\u00eates \u00e0 \u00eatre consomm\u00e9es apr\u00e8s quelques jours (se r\u00e9f\u00e9rer aux d\u00e9lais not\u00e9s sur la boite de graines)<\/p>\n<\/div>\n<\/div>","protected":false},"excerpt":{"rendered":"<div class=\"keypoints\">\n<h3 class=\"keypoints__title\">Les points cl\u00e9s<\/h3>\n<ul role=\"list\">\n<li class=\"keypoints__item\" role=\"listitem\">                                        Jardin d&rsquo;int\u00e9rieur                      <\/li>\n<li class=\"keypoints__item\" role=\"listitem\">                                        Type de recharge : Jeunes pousses                      <\/li>\n<li class=\"keypoints__item\" role=\"listitem\">                                        A savoir : R\u00e9coltes abondantes                      <\/li>\n<li class=\"keypoints__item\" role=\"listitem\">                                        5,5 Litres                      <\/li>\n<\/ul>","protected":false},"featured_media":79244,"template":"","meta":{"_glsr_average":0,"_glsr_ranking":0,"_glsr_reviews":0},"product_cat":[420,419],"product_tag":[422,230,421],"class_list":{"0":"post-79245","1":"product","2":"type-product","3":"status-publish","4":"has-post-thumbnail","6":"product_cat-jardin-dinterieur","7":"product_cat-ustensiles-de-cuisine","8":"product_tag-jardin-dinterieur","9":"product_tag-cuisine-et-cuisson","10":"product_tag-ustensiles-de-cuisine","12":"first","13":"instock","14":"sale","15":"shipping-taxable","16":"purchasable","17":"product-type-simple"},"_links":{"self":[{"href":"https:\/\/electromenagerexpress.com\/en\/wp-json\/wp\/v2\/product\/79245","targetHints":{"allow":["GET"]}}],"collection":[{"href":"https:\/\/electromenagerexpress.com\/en\/wp-json\/wp\/v2\/product"}],"about":[{"href":"https:\/\/electromenagerexpress.com\/en\/wp-json\/wp\/v2\/types\/product"}],"wp:featuredmedia":[{"embeddable":true,"href":"https:\/\/electromenagerexpress.com\/en\/wp-json\/wp\/v2\/media\/79244"}],"wp:attachment":[{"href":"https:\/\/electromenagerexpress.com\/en\/wp-json\/wp\/v2\/media?parent=79245"}],"wp:term":[{"taxonomy":"product_cat","embeddable":true,"href":"https:\/\/electromenagerexpress.com\/en\/wp-json\/wp\/v2\/product_cat?post=79245"},{"taxonomy":"product_tag","embeddable":true,"href":"https:\/\/electromenagerexpress.com\/en\/wp-json\/wp\/v2\/product_tag?post=79245"}],"curies":[{"name":"wp","href":"https:\/\/api.w.org\/{rel}","templated":true}]}}