{"id":79226,"date":"2024-11-24T14:45:27","date_gmt":"2024-11-24T14:45:27","guid":{"rendered":"https:\/\/electromenagerexpress.com\/product\/tondeuse-gazon-robotboschbosch-indego-s-500-2\/"},"modified":"2024-11-24T14:45:31","modified_gmt":"2024-11-24T14:45:31","slug":"tondeuse-gazon-robotboschbosch-indego-s-500-2","status":"publish","type":"product","link":"https:\/\/electromenagerexpress.com\/en\/product\/tondeuse-gazon-robotboschbosch-indego-s-500-2\/","title":{"rendered":"Tondeuse gazon robot\t\t\t\t\t\t\tBOSCH\t\t\t\tBOSCH Indego S+ 500"},"content":{"rendered":"<div class=\"product-features__content\">\n<ul role=\"list\">\n<li class=\"product-features__item\" role=\"listitem\">\n<h3 class=\"product-features__label\">Caract\u00e9ristique g\u00e9n\u00e9rale<\/h3>\n<ul role=\"list\">\n<li class=\"product-features__item-list__item\" role=\"listitem\"><span class=\"is--medium\">Produit :<\/span> Tondeuse robot\t\t\t\t\t<\/li>\n<li class=\"product-features__item-list__item\" role=\"listitem\"><span class=\"is--medium\">Alimentation :<\/span> Batterie\t\t\t\t\t<\/li>\n<li class=\"product-features__item-list__item\" role=\"listitem\"><span class=\"is--medium\">Type de chargement :<\/span> Base de recharge (automatique)\t\t\t\t\t<\/li>\n<li class=\"product-features__item-list__item\" role=\"listitem\"><span class=\"is--medium\">Autonomie :<\/span> 1,0 h\t\t\t\t\t<\/li>\n<li class=\"product-features__item-list__item\" role=\"listitem\"><span class=\"is--medium\">Temps de charge :<\/span> 1,0 h\t\t\t\t\t<\/li>\n<li class=\"product-features__item-list__item\" role=\"listitem\"><span class=\"is--medium\">Surface couverte :<\/span> 500 m\u00b2\t\t\t\t\t<\/li>\n<li class=\"product-features__item-list__item\" role=\"listitem\"><span class=\"is--medium\">Type de batterie :<\/span> Lithium\t\t\t\t\t<\/li>\n<li class=\"product-features__item-list__item\" role=\"listitem\"><span class=\"is--medium\">Niveau sonore :<\/span> 61 dB\t\t\t\t\t<\/li>\n<li class=\"product-features__item-list__item\" role=\"listitem\"><span class=\"is--medium\">Coloris :<\/span> Vert\t\t\t\t\t<\/li>\n<\/ul>\n<\/li>\n<li class=\"product-features__item\" role=\"listitem\">\n<h3 class=\"product-features__label\">Caract\u00e9ristique sp\u00e9cifique<\/h3>\n<ul role=\"list\">\n<li class=\"product-features__item-list__item\" role=\"listitem\"><span class=\"is--medium\">Proc\u00e9d\u00e9 :<\/span> Adapt\u00e9 aux espaces de 500m\u00b2\t\t\t\t\t<\/li>\n<li class=\"product-features__item-list__item\" role=\"listitem\"><span class=\"is--medium\">Hauteurs de coupe :<\/span> 3 \u00e0 6 cm\t\t\t\t\t<\/li>\n<li class=\"product-features__item-list__item\" role=\"listitem\"><span class=\"is--medium\">Largeur de coupe :<\/span> 19,0 cm\t\t\t\t\t<\/li>\n<li class=\"product-features__item-list__item\" role=\"listitem\"><span class=\"is--medium\">D\u00e9part programmable :<\/span> Auto-programmation\t\t\t\t\t<\/li>\n<li class=\"product-features__item-list__item\" role=\"listitem\"><span class=\"is--medium\">Pente maximum (en \u00b0) :<\/span> 15\t\t\t\t\t<\/li>\n<li class=\"product-features__item-list__item\" role=\"listitem\"><span class=\"is--medium\">Fil p\u00e9rim\u00e9trique :<\/span> Oui (\u00e0 installer)\t\t\t\t\t<\/li>\n<li class=\"product-features__item-list__item\" role=\"listitem\"><span class=\"is--medium\">Nombre de zone :<\/span> 3\t\t\t\t\t<\/li>\n<\/ul>\n<\/li>\n<li class=\"product-features__item\" role=\"listitem\">\n<h3 class=\"product-features__label\">Informations et Services<\/h3>\n<ul role=\"list\">\n<li class=\"product-features__item-list__item\" role=\"listitem\"><span class=\"is--medium\">Fabriqu\u00e9 en :<\/span> Chine\t\t\t\t\t<\/li>\n<li class=\"product-features__item-list__item\" role=\"listitem\"><span class=\"is--medium\">Disponibilit\u00e9 des pi\u00e8ces d\u00e9tach\u00e9es (donn\u00e9es fournisseur) :<\/span> Non communiqu\u00e9e\t\t\t\t\t<\/li>\n<li class=\"product-features__item-list__item\" role=\"listitem\"><span class=\"is--medium\">R\u00e9f\u00e9rence constructeur :<\/span> BOSCH Indego S+ 500\t\t\t\t\t<\/li>\n<li class=\"product-features__item-list__item\" role=\"listitem\"><span class=\"is--medium\">Marque :<\/span> BOSCH\t\t\t\t\t<\/li>\n<\/ul>\n<\/li>\n<\/ul>\n<\/div>\n<div class=\"product__disclosure-content\">\n<div class=\"js-read-more product-description__content read-more read-more--truncated\" data-read-more-name=\"description\" style=\"max-height: 500px; overflow: hidden;\">\n<p><\/p>\n<h4 style=\"font-size:large\"><strong>Robot tondeuse BOSCH Indego S+ 500<\/strong><\/h4>\n<p>Les atouts du robot tondeuse BOSCH Indego S+ 500\u00a0:<\/p>\n<ul>\n<li>Cartographie la pelouse\u00a0: trajectoires intelligentes<\/li>\n<li>Application Bosch Smart Gardening<\/li>\n<li>Compatible avec Alexa et IFTTT<\/li>\n<li>Fonction SmartMowing\u00a0: tonte uniquement dans des conditions m\u00e9t\u00e9o optimales<\/li>\n<li>Fonction SpotMow\u00a0: pour tondre des petits espaces de fa\u00e7on cibl\u00e9e<\/li>\n<li>Fonction MultiArea\u00a0: tondre jusqu&rsquo;\u00e0 3 zones, pour une surface totale de 500m\u00b2<\/li>\n<li>Dot\u00e9 d&rsquo;une largeur de coupe de 19 cm<\/li>\n<li>Hauteur de coupe r\u00e9glable de 30 \u00e0 50 mm<\/li>\n<li>Moteur sans charbon<\/li>\n<li>Recharge automatique<\/li>\n<li>Capteurs d&rsquo;obstacles<\/li>\n<li>Fonction Mulching<\/li>\n<li>Ecran intuitif<\/li>\n<\/ul>\n<p><img decoding=\"async\" alt=\"Robot tondeuse bosch indego S500\" border=\"0\" src=\"https:\/\/www.bestofrobots.fr\/media\/wysiwyg\/indego.png\" width=\"1196\"\/><\/p>\n<h4><strong>Technologie Logicut : une tonte autonome, intelligente et optimis\u00e9e<\/strong><\/h4>\n<p>Le syst\u00e8me de tonte LogiCut est une innovation brevet\u00e9e par BOSCH qui optimise les d\u00e9placements du robot tondeuse. Le robot cartographie votre pelouse pour adapter ses trajectoires et couvrir la totalit\u00e9 de votre jardin. Gr\u00e2ce \u00e0 cette technologie, aucune zone n&rsquo;est oubli\u00e9e ou tondue deux fois. L&rsquo;Indego r\u00e9alise des trajectoires sous forme de bande parall\u00e8le, pour une tonte nette et propre.<\/p>\n<p>Toujours dans une recherche d&rsquo;optimisation, cette technologie permet d&rsquo;adapter la programmation. L&rsquo;Indego cartographie votre pelouse et cr\u00e9e un calendrier de tonte adapt\u00e9 \u00e0 la superficie de votre pelouse. Toute programmation manuelle est d\u00e9sormais inutile, la tonte devient alors 100% autonome !<\/p>\n<h4><strong>Tondre votre pelouse du bout des doigts ou \u00e0 la voix\u00a0!<\/strong><\/h4>\n<p>Gr\u00e2ce \u00e0 l&rsquo;application Bosch Smart Gardening disponible sur Andoird et iOS, vous pouvez d\u00e9sormais tondre votre pelouse \u00e0 distance de fa\u00e7on intuitive (au travail, dans votre salon&#8230;) et tout cela sans effort, l&rsquo;Indego S+ 500 s&rsquo;occupe de tout ! Connectez le robot \u00e0 un r\u00e9seau WiFi et le tour est jou\u00e9.<\/p>\n<p><img decoding=\"async\" alt=\"Bosch Indego S+500\" border=\"0\" src=\"https:\/\/www.bestofrobots.fr\/media\/wysiwyg\/indegoconnect.png\" width=\"1199\"\/><\/p>\n<p>L&rsquo;application vous permet de\u00a0:<\/p>\n<ul>\n<li>D\u00e9marrer, arr\u00eater et recharger votre robot, o\u00f9 que vous soyez et quand bon vous semble.<\/li>\n<li>Contr\u00f4ler l&rsquo;\u00e9tat de votre Indego d&rsquo;un simple coup d&rsquo;oeil.<\/li>\n<li>Vous \u00eates inform\u00e9 quand l&rsquo;Indego S+ 500 n\u00e9cessite une intervention.<\/li>\n<li>Votre pelouse est plus grande que pr\u00e9vu ? Les lames doivent \u00eatre remplac\u00e9es ? Commandez vos accessoires en ligne par le biais des liens fournis.<\/li>\n<li>Vous avez des questions ? Vous trouverez ici des r\u00e9ponses, des solutions et des vid\u00e9os de d\u00e9monstration.<\/li>\n<li>Modifier en cas de besoin les r\u00e9glages concernant l&rsquo;utilisateur, la tondeuse et la s\u00e9curit\u00e9.<\/li>\n<li>Actionner la fonction SmartMowing<\/li>\n<li>G\u00e9n\u00e9rer un calendrier de tonte. Vous souhaitez tondre \u00e0 un moment pr\u00e9cis ? Rien de plus facile : vous pouvez fixer vous-m\u00eame la date et l&rsquo;heure des tontes.<\/li>\n<\/ul>\n<h4><strong>Fonction SmartMowing\u00a0: calendriers de tonte optimis\u00e9s<\/strong><\/h4>\n<p>SmartMowing se base sur les pr\u00e9visions m\u00e9t\u00e9orologiques pour \u00e9viter le mauvais temps et tondre uniquement dans des conditions m\u00e9t\u00e9o optimales pour prendre soin de votre jardin de mani\u00e8re autonome.<\/p>\n<p><img decoding=\"async\" alt=\"Bosch indego S500\" border=\"0\" src=\"https:\/\/www.bestofrobots.fr\/media\/wysiwyg\/S500.png\" width=\"1198\"\/><\/p>\n<p>Le SmartMowing prend en compte :<\/p>\n<ul>\n<li>La taille r\u00e9elle du jardin<\/li>\n<li>Quand la pluie est pr\u00e9vue<\/li>\n<li>Quand l&rsquo;herbe est mouill\u00e9e<\/li>\n<li>Quand il y a de la ros\u00e9e<\/li>\n<li>La temp\u00e9rature<\/li>\n<li>La croissance de l&rsquo;herbe<\/li>\n<li>Les heures et les jours de tonte pr\u00e9f\u00e9r\u00e9s de l&rsquo;utilisateur<\/li>\n<\/ul>\n<h4><strong>Un robot tondeuse performant et s\u00e9curis\u00e9<\/strong><\/h4>\n<p>L&rsquo;Indego S+ 500 est \u00e9quip\u00e9 d&rsquo;un moteur sans charbon. Il g\u00e9n\u00e8re moins de frottements et donc moins de d\u00e9perditions de chaleur. Cela fait \u00e9conomiser de l&rsquo;\u00e9nergie, am\u00e9liore le rendement et contribue \u00e0 une long\u00e9vit\u00e9 plus \u00e9lev\u00e9e du robot.<\/p>\n<\/p>\n<\/div>\n<p><bl-button a11yexpanded=\"false\" arialabel=\"Afficher toute la description\" class=\"read-more__btn\" full=\"false\" link=\"true\"><\/bl-button><\/div>","protected":false},"excerpt":{"rendered":"<div class=\"keypoints\">\n<h3 class=\"keypoints__title\">Les points cl\u00e9s<\/h3>\n<ul role=\"list\">\n<li class=\"keypoints__item\" role=\"listitem\">                                        Surface couverte : 500 m\u00b2                      <\/li>\n<li class=\"keypoints__item\" role=\"listitem\">                          Autonomie : 1,0 h &#8211;                                                      61 dB                      <\/li>\n<li class=\"keypoints__item\" role=\"listitem\">                                        3 \u00e0 6 cm                      <\/li>\n<li class=\"keypoints__item\" role=\"listitem\">                                        D\u00e9part programmable : Auto-programmation                      <\/li>\n<\/ul>","protected":false},"featured_media":79225,"template":"","meta":{"_glsr_average":0,"_glsr_ranking":0,"_glsr_reviews":0},"product_cat":[413],"product_tag":[387,153,414],"class_list":{"0":"post-79226","1":"product","2":"type-product","3":"status-publish","4":"has-post-thumbnail","6":"product_cat-robot-tondeuse","7":"product_tag-jardin-exterieur","8":"product_tag-maison-entretien","9":"product_tag-robot-tondeuse","11":"first","12":"instock","13":"sale","14":"shipping-taxable","15":"purchasable","16":"product-type-simple"},"_links":{"self":[{"href":"https:\/\/electromenagerexpress.com\/en\/wp-json\/wp\/v2\/product\/79226","targetHints":{"allow":["GET"]}}],"collection":[{"href":"https:\/\/electromenagerexpress.com\/en\/wp-json\/wp\/v2\/product"}],"about":[{"href":"https:\/\/electromenagerexpress.com\/en\/wp-json\/wp\/v2\/types\/product"}],"wp:featuredmedia":[{"embeddable":true,"href":"https:\/\/electromenagerexpress.com\/en\/wp-json\/wp\/v2\/media\/79225"}],"wp:attachment":[{"href":"https:\/\/electromenagerexpress.com\/en\/wp-json\/wp\/v2\/media?parent=79226"}],"wp:term":[{"taxonomy":"product_cat","embeddable":true,"href":"https:\/\/electromenagerexpress.com\/en\/wp-json\/wp\/v2\/product_cat?post=79226"},{"taxonomy":"product_tag","embeddable":true,"href":"https:\/\/electromenagerexpress.com\/en\/wp-json\/wp\/v2\/product_tag?post=79226"}],"curies":[{"name":"wp","href":"https:\/\/api.w.org\/{rel}","templated":true}]}}