{"id":79211,"date":"2024-11-24T14:45:07","date_gmt":"2024-11-24T14:45:07","guid":{"rendered":"https:\/\/electromenagerexpress.com\/product\/tondeuse-gazon-robotyardforceyardforce-sa900-eco\/"},"modified":"2024-11-24T14:45:14","modified_gmt":"2024-11-24T14:45:14","slug":"tondeuse-gazon-robotyardforceyardforce-sa900-eco","status":"publish","type":"product","link":"https:\/\/electromenagerexpress.com\/en\/product\/tondeuse-gazon-robotyardforceyardforce-sa900-eco\/","title":{"rendered":"Tondeuse gazon robot\t\t\t\t\t\t\tYARDFORCE\t\t\t\tYardforce SA900 ECO"},"content":{"rendered":"<div class=\"product-features__content\">\n<ul role=\"list\">\n<li class=\"product-features__item\" role=\"listitem\">\n<h3 class=\"product-features__label\">Caract\u00e9ristique g\u00e9n\u00e9rale<\/h3>\n<ul role=\"list\">\n<li class=\"product-features__item-list__item\" role=\"listitem\"><span class=\"is--medium\">Produit :<\/span> Tondeuse robot\t\t\t\t\t<\/li>\n<li class=\"product-features__item-list__item\" role=\"listitem\"><span class=\"is--medium\">Alimentation :<\/span> Batterie\t\t\t\t\t<\/li>\n<li class=\"product-features__item-list__item\" role=\"listitem\"><span class=\"is--medium\">Type de chargement :<\/span> Base de recharge (automatique)\t\t\t\t\t<\/li>\n<li class=\"product-features__item-list__item\" role=\"listitem\"><span class=\"is--medium\">Autonomie :<\/span> 1,0 h\t\t\t\t\t<\/li>\n<li class=\"product-features__item-list__item\" role=\"listitem\"><span class=\"is--medium\">Temps de charge :<\/span> 1,3 h\t\t\t\t\t<\/li>\n<li class=\"product-features__item-list__item\" role=\"listitem\"><span class=\"is--medium\">Surface couverte :<\/span> 900 m\u00b2\t\t\t\t\t<\/li>\n<li class=\"product-features__item-list__item\" role=\"listitem\"><span class=\"is--medium\">Type de batterie :<\/span> Lithium\t\t\t\t\t<\/li>\n<li class=\"product-features__item-list__item\" role=\"listitem\"><span class=\"is--medium\">Niveau sonore :<\/span> 65 dB\t\t\t\t\t<\/li>\n<li class=\"product-features__item-list__item\" role=\"listitem\"><span class=\"is--medium\">Coloris :<\/span> Orange\t\t\t\t\t<\/li>\n<\/ul>\n<\/li>\n<li class=\"product-features__item\" role=\"listitem\">\n<h3 class=\"product-features__label\">Caract\u00e9ristique sp\u00e9cifique<\/h3>\n<ul role=\"list\">\n<li class=\"product-features__item-list__item\" role=\"listitem\"><span class=\"is--medium\">Proc\u00e9d\u00e9 :<\/span> Id\u00e9al jardin moyen de 900m\u00b2\t\t\t\t\t<\/li>\n<li class=\"product-features__item-list__item\" role=\"listitem\"><span class=\"is--medium\">Hauteurs de coupe :<\/span> 2 \u00e0 7,6 cm\t\t\t\t\t<\/li>\n<li class=\"product-features__item-list__item\" role=\"listitem\"><span class=\"is--medium\">Largeur de coupe :<\/span> 18,0 cm\t\t\t\t\t<\/li>\n<li class=\"product-features__item-list__item\" role=\"listitem\"><span class=\"is--medium\">D\u00e9part programmable :<\/span> Jour \/ Heure\t\t\t\t\t<\/li>\n<li class=\"product-features__item-list__item\" role=\"listitem\"><span class=\"is--medium\">Pente maximum (en \u00b0) :<\/span> 21\t\t\t\t\t<\/li>\n<li class=\"product-features__item-list__item\" role=\"listitem\"><span class=\"is--medium\">Fil p\u00e9rim\u00e9trique :<\/span> Oui (\u00e0 installer)\t\t\t\t\t<\/li>\n<li class=\"product-features__item-list__item\" role=\"listitem\"><span class=\"is--medium\">Nombre de zone :<\/span> 1\t\t\t\t\t<\/li>\n<\/ul>\n<\/li>\n<li class=\"product-features__item\" role=\"listitem\">\n<h3 class=\"product-features__label\">Informations et Services<\/h3>\n<ul role=\"list\">\n<li class=\"product-features__item-list__item\" role=\"listitem\"><span class=\"is--medium\">Fabriqu\u00e9 en :<\/span> Chine\t\t\t\t\t<\/li>\n<li class=\"product-features__item-list__item\" role=\"listitem\"><span class=\"is--medium\">Disponibilit\u00e9 des pi\u00e8ces d\u00e9tach\u00e9es (donn\u00e9es fournisseur) :<\/span> Non communiqu\u00e9e\t\t\t\t\t<\/li>\n<li class=\"product-features__item-list__item\" role=\"listitem\"><span class=\"is--medium\">R\u00e9f\u00e9rence constructeur :<\/span> Yardforce SA900 ECO\t\t\t\t\t<\/li>\n<li class=\"product-features__item-list__item\" role=\"listitem\"><span class=\"is--medium\">Marque :<\/span> YARDFORCE\t\t\t\t\t<\/li>\n<\/ul>\n<\/li>\n<\/ul>\n<\/div>\n<div class=\"product__disclosure-content\">\n<div class=\"js-read-more product-description__content read-more read-more--truncated\" data-read-more-name=\"description\" style=\"max-height: 500px; overflow: hidden;\">\n<p><\/p>\n<h4 style=\"font-size:large\">Robot tondeuse YARDFORCE\u00a0SA900 ECO<\/h4>\n<ul>\n<li>Une hauteur de coupe allant de 20 \u00e0 60mm (en 5 \u00e9tapes)<\/li>\n<li>Une largeur de coupe de 18 cm<\/li>\n<li>Une acceptation des pentes de \u00b140 % (21,8 \u00b0)<\/li>\n<li>Un disque de coupe avec 3 lames rotatives<\/li>\n<li>Une navigation al\u00e9atoire<\/li>\n<li>Une autonomine d&rsquo;environ 1h20<\/li>\n<li>Une batterie Lithium-ion (28V\/2.9 Ah)<\/li>\n<li>Des capteurs\u00a0: collision, radar pour les obstacles, levage et basculement<\/li>\n<li>S\u00e9curit\u00e9\u00a0: Code PIN<\/li>\n<li>Moteur brushless<\/li>\n<\/ul>\n<p><\/p>\n<h4 style=\"font-size:large\">Un robot pr\u00e9vu pour des jardins jusqu&rsquo;\u00e0 900m\u00b2<\/h4>\n<p>Le robot tondeuse SA900ECO est adapt\u00e9 aux jardins d&rsquo;une superficie maximum de 900m\u00b2. Son utilisation est\u00a0particuli\u00e8rement simple gr\u00e2ce \u00e0 son \u00e9cran tactile. Le robot est s\u00e9curis\u00e9 gr\u00e2ce au code PIN et aux diff\u00e9rents capteurs.\u00a0Son moteur brushless adoucie les mouvements du robot pour des d\u00e9placements fluides et d\u00e9licats.\u00a0Avec ses roues sp\u00e9ciales, le SA900 ECO peut tondre facilement les jardins en pente, jusqu&rsquo;\u00e0 40%.<\/p>\n<p><\/p>\n<h4 style=\"font-size:large\">Une pelouse fertilis\u00e9e naturellement<\/h4>\n<p>Le\u00a0mulching\u00a0est une technique de tonte sans ramassage de l&rsquo;herbe. Le robot tondeuse SA900 ECO coupe la partie haute de l&rsquo;herbe en infimes parties, qui sont ensuite d\u00e9pos\u00e9es uniform\u00e9ment sur la pelouse.<\/p>\n<p>e proc\u00e9d\u00e9 permet de fournir des nutriments naturels en plus d&rsquo;humidifier votre jardin. Votre pelouse para\u00eet d&rsquo;autant plus verte et entretenue.<\/p>\n<p><\/p>\n<h4 style=\"font-size:large\">Des capteurs pour\u00a0des d\u00e9placements simplifi\u00e9s<\/h4>\n<p>Les divers capteurs permettent au SA500ECO d&rsquo;adopter diff\u00e9rents parcours calcul\u00e9s pour couvrir toute la pelouse, de mani\u00e8re efficace :<\/p>\n<ul>\n<li>Radar pour les obstacles\u00a0: Ce capteur ultrason permet \u00e0 votre appareil de d\u00e9tecter et d&rsquo;ainsi contourner les obstacles \u00e9ventuels\u00a0qui se trouvent sur son passage<\/li>\n<li>Levage et basculement\u00a0: Si l&rsquo;appareil est inclin\u00e9 ou \u00e9lev\u00e9, les lames s&rsquo;arr\u00eatent automatiquement. Cette fonctionnalit\u00e9 permet d&rsquo;assurer une s\u00e9curit\u00e9 maximale.<\/li>\n<li>Capteur de pluie :\u00a0le robot est en capacit\u00e9 de d\u00e9tecter la pluie. Si tel est le cas, il rentre imm\u00e9diatement \u00e0 sa base de charge.<\/li>\n<\/ul>\n<p><\/p>\n<h4 style=\"font-size:large\">Un syst\u00e8me de coupe efficace et performant<\/h4>\n<p>Le disque de 3 lames est puissant. Il coupe de mani\u00e8re efficace l&rsquo;herbe, sans le moindre probl\u00e8me. Ce couteau rotatif \u00e9nergique et solide offre une largeur de coupe de 18 cm.\u00a0La hauteur de coupe peut \u00eatre r\u00e9duite ou augment\u00e9e, de 20 \u00e0 60 mm.<\/p>\n<p><\/p>\n<h4 style=\"font-size:large\">Tondre en toute simplicit\u00e9<\/h4>\n<p>Pas d&rsquo;accessoires superflux, l&rsquo;installation du robot YARDFORCE SA900ECO est tr\u00e8s simple : installez la base de charge, posez le c\u00e2ble p\u00e9rim\u00e9trique pour d\u00e9limiter votre terrain et rechargez votre robot tondeuse. S\u00e9lectionnez les heures de tonte et\u00a0l&rsquo;appareil\u00a0travaillera automatiquement chaque jour et\/ou nuit selon ses instructions.<\/p>\n<p><\/p>\n<h4 style=\"font-size:large\">Garantie<\/h4>\n<p>La marque YARDFORCE propose une extension de garantie de 6 mois pour les pi\u00e8ces d&rsquo;usure et les consommables \u00e0 intervalles normaux et r\u00e9guliers (par exemple les batteries et lames de coupe). Cette d\u00e9marche est volontaire et gratuite, et se r\u00e9alise directement sur le site de la marque dans les 28 jours suivant votre achat.<\/p>\n<\/p>\n<\/div>\n<p><bl-button a11yexpanded=\"false\" arialabel=\"Afficher toute la description\" class=\"read-more__btn\" full=\"false\" link=\"true\"><\/bl-button><\/div>","protected":false},"excerpt":{"rendered":"<div class=\"keypoints\">\n<h3 class=\"keypoints__title\">Les points cl\u00e9s<\/h3>\n<ul role=\"list\">\n<li class=\"keypoints__item\" role=\"listitem\">                                        Surface couverte : 900 m\u00b2                      <\/li>\n<li class=\"keypoints__item\" role=\"listitem\">                          Autonomie : 1,0 h &#8211;                                                      65 dB                      <\/li>\n<li class=\"keypoints__item\" role=\"listitem\">                                        2 \u00e0 7,6 cm                      <\/li>\n<li class=\"keypoints__item\" role=\"listitem\">                                        D\u00e9part programmable : Jour \/ Heure                      <\/li>\n<\/ul>","protected":false},"featured_media":79210,"template":"","meta":{"_glsr_average":0,"_glsr_ranking":0,"_glsr_reviews":0},"product_cat":[413],"product_tag":[387,153,414],"class_list":{"0":"post-79211","1":"product","2":"type-product","3":"status-publish","4":"has-post-thumbnail","6":"product_cat-robot-tondeuse","7":"product_tag-jardin-exterieur","8":"product_tag-maison-entretien","9":"product_tag-robot-tondeuse","11":"first","12":"instock","13":"sale","14":"shipping-taxable","15":"purchasable","16":"product-type-simple"},"_links":{"self":[{"href":"https:\/\/electromenagerexpress.com\/en\/wp-json\/wp\/v2\/product\/79211","targetHints":{"allow":["GET"]}}],"collection":[{"href":"https:\/\/electromenagerexpress.com\/en\/wp-json\/wp\/v2\/product"}],"about":[{"href":"https:\/\/electromenagerexpress.com\/en\/wp-json\/wp\/v2\/types\/product"}],"wp:featuredmedia":[{"embeddable":true,"href":"https:\/\/electromenagerexpress.com\/en\/wp-json\/wp\/v2\/media\/79210"}],"wp:attachment":[{"href":"https:\/\/electromenagerexpress.com\/en\/wp-json\/wp\/v2\/media?parent=79211"}],"wp:term":[{"taxonomy":"product_cat","embeddable":true,"href":"https:\/\/electromenagerexpress.com\/en\/wp-json\/wp\/v2\/product_cat?post=79211"},{"taxonomy":"product_tag","embeddable":true,"href":"https:\/\/electromenagerexpress.com\/en\/wp-json\/wp\/v2\/product_tag?post=79211"}],"curies":[{"name":"wp","href":"https:\/\/api.w.org\/{rel}","templated":true}]}}