{"id":79205,"date":"2024-11-24T14:44:56","date_gmt":"2024-11-24T14:44:56","guid":{"rendered":"https:\/\/electromenagerexpress.com\/product\/jardin-dinterieurveritableconnect-infinity-grey\/"},"modified":"2024-11-24T14:44:59","modified_gmt":"2024-11-24T14:44:59","slug":"jardin-dinterieurveritableconnect-infinity-grey","status":"publish","type":"product","link":"https:\/\/electromenagerexpress.com\/en\/product\/jardin-dinterieurveritableconnect-infinity-grey\/","title":{"rendered":"Jardin d&rsquo;int\u00e9rieur\t\t\t\t\t\t\tVERITABLE\t\t\t\tCONNECT Infinity Grey"},"content":{"rendered":"<div class=\"product-features__content\">\n<ul role=\"list\">\n<li class=\"product-features__item\" role=\"listitem\">\n<h3 class=\"product-features__label\">Caract\u00e9risriques g\u00e9n\u00e9rales<\/h3>\n<ul role=\"list\">\n<li class=\"product-features__item-list__item\" role=\"listitem\"><span class=\"is--medium\">Type de produit :<\/span> Jardin d&rsquo;int\u00e9rieur connect\u00e9\t\t\t\t\t<\/li>\n<li class=\"product-features__item-list__item\" role=\"listitem\"><span class=\"is--medium\">Coloris :<\/span> Gris\t\t\t\t\t<\/li>\n<li class=\"product-features__item-list__item\" role=\"listitem\"><span class=\"is--medium\">Nombre de vari\u00e9t\u00e9s de recharges :<\/span> 30 vari\u00e9t\u00e9s de recharges\t\t\t\t\t<\/li>\n<li class=\"product-features__item-list__item\" role=\"listitem\"><span class=\"is--medium\">Alerte manque d&rsquo;eau :<\/span> Oui\t\t\t\t\t<\/li>\n<li class=\"product-features__item-list__item\" role=\"listitem\"><span class=\"is--medium\">Alerte manque d&rsquo;\u00e9l\u00e9ments nutritifs :<\/span> Oui\t\t\t\t\t<\/li>\n<li class=\"product-features__item-list__item\" role=\"listitem\"><span class=\"is--medium\">Capacit\u00e9 r\u00e9servoir :<\/span> 2 Litres\t\t\t\t\t<\/li>\n<li class=\"product-features__item-list__item\" role=\"listitem\"><span class=\"is--medium\">Alimentation :<\/span> Secteur\t\t\t\t\t<\/li>\n<li class=\"product-features__item-list__item\" role=\"listitem\"><span class=\"is--medium\">Connectivit\u00e9 :<\/span> Connect\u00e9\t\t\t\t\t<\/li>\n<\/ul>\n<\/li>\n<li class=\"product-features__item\" role=\"listitem\">\n<h3 class=\"product-features__label\">Plante<\/h3>\n<ul role=\"list\">\n<li class=\"product-features__item-list__item\" role=\"listitem\"><span class=\"is--medium\">A d\u00e9guster :<\/span> Cru Cuit Sec\t\t\t\t\t<\/li>\n<li class=\"product-features__item-list__item\" role=\"listitem\"><span class=\"is--medium\">Composition :<\/span> 100 % graines biologiques\t\t\t\t\t<\/li>\n<li class=\"product-features__item-list__item\" role=\"listitem\"><span class=\"is--medium\">Nombre :<\/span> 4 plantes\t\t\t\t\t<\/li>\n<li class=\"product-features__item-list__item\" role=\"listitem\"><span class=\"is--medium\">Nombre de recharge inclus :<\/span> 4\t\t\t\t\t<\/li>\n<li class=\"product-features__item-list__item\" role=\"listitem\"><span class=\"is--medium\">Premi\u00e8re r\u00e9colte :<\/span> 1 mois\t\t\t\t\t<\/li>\n<li class=\"product-features__item-list__item\" role=\"listitem\"><span class=\"is--medium\">R\u00e9colte par recharge :<\/span> 4 \u00e0 6 mois\t\t\t\t\t<\/li>\n<li class=\"product-features__item-list__item\" role=\"listitem\"><span class=\"is--medium\">Pousse :<\/span> La plante germe et grandit depuis le lingot\t\t\t\t\t<\/li>\n<li class=\"product-features__item-list__item\" role=\"listitem\"><span class=\"is--medium\">A savoir :<\/span> Plante bio\t\t\t\t\t<\/li>\n<li class=\"product-features__item-list__item\" role=\"listitem\"><span class=\"is--medium\">Type de r\u00e9colte :<\/span> R\u00e9colte Abondante\t\t\t\t\t<\/li>\n<\/ul>\n<\/li>\n<li class=\"product-features__item\" role=\"listitem\">\n<h3 class=\"product-features__label\">Entretien des plantes<\/h3>\n<ul role=\"list\">\n<li class=\"product-features__item-list__item\" role=\"listitem\"><span class=\"is--medium\">Cycle d&rsquo;\u00e9clairage :<\/span> Automatique\t\t\t\t\t<\/li>\n<li class=\"product-features__item-list__item\" role=\"listitem\"><span class=\"is--medium\">Lampe :<\/span> LED horticole\t\t\t\t\t<\/li>\n<li class=\"product-features__item-list__item\" role=\"listitem\"><span class=\"is--medium\">Eclairage :<\/span> Eclairage LED adapt\u00e9 aux plantes comestibles.\t\t\t\t\t<\/li>\n<li class=\"product-features__item-list__item\" role=\"listitem\"><span class=\"is--medium\">M\u00e2t d&rsquo;\u00e9clairage ajustable :<\/span> Oui\t\t\t\t\t<\/li>\n<li class=\"product-features__item-list__item\" role=\"listitem\"><span class=\"is--medium\">Arrosage :<\/span> Hydroponie passive, Remplissez le r\u00e9servoir et le jardin arrosera les plantes automatiquement. Jusqu&rsquo;\u00e0 3 semaines d&rsquo;autonomie d&rsquo;eau\t\t\t\t\t<\/li>\n<\/ul>\n<\/li>\n<li class=\"product-features__item\" role=\"listitem\">\n<h3 class=\"product-features__label\">Informations compl\u00e9mentaires<\/h3>\n<ul role=\"list\">\n<li class=\"product-features__item-list__item\" role=\"listitem\"><span class=\"is--medium\">Assembl\u00e9 en :<\/span> France &#8211; Auvergne\t\t\t\t\t<\/li>\n<li class=\"product-features__item-list__item\" role=\"listitem\"><span class=\"is--medium\">Garantie :<\/span> 2 ans\t\t\t\t\t<\/li>\n<li class=\"product-features__item-list__item\" role=\"listitem\"><span class=\"is--medium\">Fabriqu\u00e9 en :<\/span> France\t\t\t\t\t<\/li>\n<li class=\"product-features__item-list__item\" role=\"listitem\"><span class=\"is--medium\">Disponibilit\u00e9 des pi\u00e8ces d\u00e9tach\u00e9es (donn\u00e9es fournisseur) :<\/span> Pendant 5 ans, \u00e0 compter de la date fin de fabrication\t\t\t\t\t<\/li>\n<li class=\"product-features__item-list__item\" role=\"listitem\"><span class=\"is--medium\">R\u00e9f\u00e9rence constructeur :<\/span> CONNECT Infinity Grey\t\t\t\t\t<\/li>\n<li class=\"product-features__item-list__item\" role=\"listitem\"><span class=\"is--medium\">Marque :<\/span> VERITABLE\t\t\t\t\t<\/li>\n<\/ul>\n<\/li>\n<li class=\"product-features__item\" role=\"listitem\">\n<h3 class=\"product-features__label\">Dimensions<\/h3>\n<ul role=\"list\">\n<li class=\"product-features__item-list__item\" role=\"listitem\"><span class=\"is--medium\">Poids :<\/span> 1,7 kg\t\t\t\t\t<\/li>\n<\/ul>\n<\/li>\n<\/ul>\n<\/div>\n<div class=\"product__disclosure-content\">\n<div class=\"js-read-more product-description__content read-more read-more--truncated\" data-read-more-name=\"description\" style=\"max-height: 500px; overflow: hidden;\">\n<p>Pour cultiver des herbes aromatiques et des mini l\u00e9gumes, chez vous, toute l&rsquo;ann\u00e9e, rien de mieux que le Jardin int\u00e9rieur VERITABLE CONNECT Infinity Grey. Connect\u00e9, il vous guide pas \u00e0 pas pour devenir un jardinier hors pair.<\/p>\n<h3>Un jardin \u00e0 la maison toute l&rsquo;ann\u00e9e<img fetchpriority=\"high\" decoding=\"async\" alt=\"Jardin int VERITABLE CONNECT Infinity Grey\" class=\"wy_tableau_gauche\" height=\"270\" src=\"https:\/\/boulanger.scene7.com\/is\/image\/Boulanger\/3760262510217_h_f_l_0?wid=400&amp;hei=270\" width=\"400\"\/><\/h3>\n<p>D\u00e9couvrez le plaisir de jardiner chez vous, tout au long de l&rsquo;ann\u00e9e, avec le Jardin int\u00e9rieur VERITABLE CONNECT Infinity Grey. Il est livr\u00e9 avec <b>4 Lingots V\u00e9ritable<\/b> pour bien d\u00e9buter : basilic grand vert, persil fris\u00e9, thym et ciboulette. Sachez qu&rsquo;il existe plus de 30 esp\u00e8ces \u00e0 jardiner gr\u00e2ce \u00e0 ce syst\u00e8me astucieux avec des graines bio ou non trait\u00e9es.<\/p>\n<p>Ce Jardin int\u00e9rieur VERITABLE CONNECT se compose d&rsquo;un bac, de nutriment et d&rsquo;un <b>r\u00e9servoir contenant jusqu&rsquo;\u00e0 trois semaines d&rsquo;eau<\/b> pour vous permettre de partir en vacances. En effet, il s&rsquo;occupe de tout et g\u00e8re aussi bien l&rsquo;approvisionnement en nutriment qu&rsquo;en eau ou en lumi\u00e8re, gr\u00e2ce \u00e0 son <b>\u00e9clairage LED<\/b>.<\/p>\n<h3>Un jardin connect\u00e9 facile \u00e0 vivre<img decoding=\"async\" alt=\"Jardin int VERITABLE CONNECT Infinity Grey\" class=\"wy_tableau_right\" height=\"270\" src=\"https:\/\/boulanger.scene7.com\/is\/image\/Boulanger\/3760262510217_h_f_l_1?wid=400&amp;hei=270\" width=\"400\"\/><\/h3>\n<p>Le Jardin int\u00e9rieur VERITABLE CONNECT Infinity Grey est <b>connect\u00e9<\/b>. Cela vous permet de le piloter en quelques clics et d&rsquo;obtenir de nombreux conseils. Gr\u00e2ce \u00e0 <b>l&rsquo;application V\u00e9ritable<\/b>, vous pouvez lire des astuces de pro, r\u00e9gler la lumi\u00e8re LED du bout des doigts et recevoir des alertes importantes.<\/p>\n<p>V\u00e9ritable concentr\u00e9 de technologies, le Jardin int\u00e9rieur VERITABLE CONNECT vous assure une <b>r\u00e9colte au bout de 4 semaines<\/b>. Chaque lingot vous permet d&rsquo;avoir entre 4 et 6 mois de r\u00e9coltes. Ils sont 100 % compostables et biod\u00e9gradables et ils ne contiennent ni pesticide ni OGM. De plus, l&#8217;emballage est \u00e9cocon\u00e7u et le produit est recyclable.<\/p>\n<\/p>\n<\/div>\n<p><bl-button a11yexpanded=\"false\" arialabel=\"Afficher toute la description\" class=\"read-more__btn\" full=\"false\" link=\"true\"><\/bl-button><\/div>","protected":false},"excerpt":{"rendered":"<div class=\"keypoints\">\n<h3 class=\"keypoints__title\">Les points cl\u00e9s<\/h3>\n<ul role=\"list\">\n<li class=\"keypoints__item\" role=\"listitem\">                                        Jardin d&rsquo;int\u00e9rieur connect\u00e9                      <\/li>\n<li class=\"keypoints__item\" role=\"listitem\">                                        Type de recharge : Herbe aromatique                      <\/li>\n<li class=\"keypoints__item\" role=\"listitem\">                                        A savoir : Plante bio                      <\/li>\n<li class=\"keypoints__item\" role=\"listitem\">                          Plantes incluses : Basilic, Thym, Persil Plat, Aneth &#8211;                                                      2 Litres                      <\/li>\n<li class=\"keypoints__item keypoints__item--advantage\" role=\"listitem\"><strong>Le + :<\/strong> Application permettant de suivre la croissance de vos plantes      <\/li>\n<\/ul>","protected":false},"featured_media":79204,"template":"","meta":{"_glsr_average":0,"_glsr_ranking":0,"_glsr_reviews":0},"product_cat":[420,419],"product_tag":[422,230,421],"class_list":{"0":"post-79205","1":"product","2":"type-product","3":"status-publish","4":"has-post-thumbnail","6":"product_cat-jardin-dinterieur","7":"product_cat-ustensiles-de-cuisine","8":"product_tag-jardin-dinterieur","9":"product_tag-cuisine-et-cuisson","10":"product_tag-ustensiles-de-cuisine","12":"first","13":"instock","14":"sale","15":"shipping-taxable","16":"purchasable","17":"product-type-simple"},"_links":{"self":[{"href":"https:\/\/electromenagerexpress.com\/en\/wp-json\/wp\/v2\/product\/79205","targetHints":{"allow":["GET"]}}],"collection":[{"href":"https:\/\/electromenagerexpress.com\/en\/wp-json\/wp\/v2\/product"}],"about":[{"href":"https:\/\/electromenagerexpress.com\/en\/wp-json\/wp\/v2\/types\/product"}],"wp:featuredmedia":[{"embeddable":true,"href":"https:\/\/electromenagerexpress.com\/en\/wp-json\/wp\/v2\/media\/79204"}],"wp:attachment":[{"href":"https:\/\/electromenagerexpress.com\/en\/wp-json\/wp\/v2\/media?parent=79205"}],"wp:term":[{"taxonomy":"product_cat","embeddable":true,"href":"https:\/\/electromenagerexpress.com\/en\/wp-json\/wp\/v2\/product_cat?post=79205"},{"taxonomy":"product_tag","embeddable":true,"href":"https:\/\/electromenagerexpress.com\/en\/wp-json\/wp\/v2\/product_tag?post=79205"}],"curies":[{"name":"wp","href":"https:\/\/api.w.org\/{rel}","templated":true}]}}