{"id":79171,"date":"2024-11-24T14:44:12","date_gmt":"2024-11-24T14:44:12","guid":{"rendered":"https:\/\/electromenagerexpress.com\/product\/tondeuse-gazon-robotgardenagardena-sileno-minimo-500\/"},"modified":"2024-11-24T14:44:16","modified_gmt":"2024-11-24T14:44:16","slug":"tondeuse-gazon-robotgardenagardena-sileno-minimo-500","status":"publish","type":"product","link":"https:\/\/electromenagerexpress.com\/en\/product\/tondeuse-gazon-robotgardenagardena-sileno-minimo-500\/","title":{"rendered":"Tondeuse gazon robot\t\t\t\t\t\t\tGARDENA\t\t\t\tGARDENA SILENO Minimo 500"},"content":{"rendered":"<div class=\"product-features__content\">\n<ul role=\"list\">\n<li class=\"product-features__item\" role=\"listitem\">\n<h3 class=\"product-features__label\">Caract\u00e9ristique g\u00e9n\u00e9rale<\/h3>\n<ul role=\"list\">\n<li class=\"product-features__item-list__item\" role=\"listitem\"><span class=\"is--medium\">Produit :<\/span> Tondeuse robot\t\t\t\t\t<\/li>\n<li class=\"product-features__item-list__item\" role=\"listitem\"><span class=\"is--medium\">Alimentation :<\/span> Batterie\t\t\t\t\t<\/li>\n<li class=\"product-features__item-list__item\" role=\"listitem\"><span class=\"is--medium\">Type de chargement :<\/span> Base de recharge (automatique)\t\t\t\t\t<\/li>\n<li class=\"product-features__item-list__item\" role=\"listitem\"><span class=\"is--medium\">Autonomie :<\/span> 1,0 h\t\t\t\t\t<\/li>\n<li class=\"product-features__item-list__item\" role=\"listitem\"><span class=\"is--medium\">Temps de charge :<\/span> 1,0 h\t\t\t\t\t<\/li>\n<li class=\"product-features__item-list__item\" role=\"listitem\"><span class=\"is--medium\">Surface couverte :<\/span> 500 m\u00b2\t\t\t\t\t<\/li>\n<li class=\"product-features__item-list__item\" role=\"listitem\"><span class=\"is--medium\">Type de batterie :<\/span> Lithium\t\t\t\t\t<\/li>\n<li class=\"product-features__item-list__item\" role=\"listitem\"><span class=\"is--medium\">Niveau sonore :<\/span> 58 dB\t\t\t\t\t<\/li>\n<li class=\"product-features__item-list__item\" role=\"listitem\"><span class=\"is--medium\">Coloris :<\/span> Gris\t\t\t\t\t<\/li>\n<\/ul>\n<\/li>\n<li class=\"product-features__item\" role=\"listitem\">\n<h3 class=\"product-features__label\">Caract\u00e9ristique sp\u00e9cifique<\/h3>\n<ul role=\"list\">\n<li class=\"product-features__item-list__item\" role=\"listitem\"><span class=\"is--medium\">Proc\u00e9d\u00e9 :<\/span> Tond jusqu&rsquo;\u00e0 500m2\t\t\t\t\t<\/li>\n<li class=\"product-features__item-list__item\" role=\"listitem\"><span class=\"is--medium\">Hauteurs de coupe :<\/span> 2 \u00e0 7,6 cm\t\t\t\t\t<\/li>\n<li class=\"product-features__item-list__item\" role=\"listitem\"><span class=\"is--medium\">Largeur de coupe :<\/span> 16,0 cm\t\t\t\t\t<\/li>\n<li class=\"product-features__item-list__item\" role=\"listitem\"><span class=\"is--medium\">D\u00e9part programmable :<\/span> Jour \/ Heure\t\t\t\t\t<\/li>\n<li class=\"product-features__item-list__item\" role=\"listitem\"><span class=\"is--medium\">Pente maximum (en \u00b0) :<\/span> 14\t\t\t\t\t<\/li>\n<li class=\"product-features__item-list__item\" role=\"listitem\"><span class=\"is--medium\">Fil p\u00e9rim\u00e9trique :<\/span> Oui (\u00e0 installer)\t\t\t\t\t<\/li>\n<li class=\"product-features__item-list__item\" role=\"listitem\"><span class=\"is--medium\">Nombre de zone :<\/span> 0\t\t\t\t\t<\/li>\n<\/ul>\n<\/li>\n<li class=\"product-features__item\" role=\"listitem\">\n<h3 class=\"product-features__label\">Informations et Services<\/h3>\n<ul role=\"list\">\n<li class=\"product-features__item-list__item\" role=\"listitem\"><span class=\"is--medium\">Fabriqu\u00e9 en :<\/span> Grande Bretagne\t\t\t\t\t<\/li>\n<li class=\"product-features__item-list__item\" role=\"listitem\"><span class=\"is--medium\">Disponibilit\u00e9 des pi\u00e8ces d\u00e9tach\u00e9es (donn\u00e9es fournisseur) :<\/span> Non communiqu\u00e9e\t\t\t\t\t<\/li>\n<li class=\"product-features__item-list__item\" role=\"listitem\"><span class=\"is--medium\">R\u00e9f\u00e9rence constructeur :<\/span> GARDENA SILENO Minimo 500\t\t\t\t\t<\/li>\n<li class=\"product-features__item-list__item\" role=\"listitem\"><span class=\"is--medium\">Marque :<\/span> GARDENA\t\t\t\t\t<\/li>\n<\/ul>\n<\/li>\n<\/ul>\n<\/div>\n<div class=\"product__disclosure-content\">\n<div class=\"js-read-more product-description__content read-more read-more--truncated\" data-read-more-name=\"description\" style=\"max-height: 500px; overflow: hidden;\">\n<p><\/p>\n<h4 style=\"font-size:large\">Le robot tondeuse GARDENA SILENO Minimo 500<\/h4>\n<p><img decoding=\"async\" alt=\" \/&gt;&lt;\/p&gt;&lt;p&gt;Le robot tondeuse GARDENA SILENO Minimo 500 soigne vos espaces verts avec autonomie. Termin\u00e9 la corv\u00e9e de la tonte de gazon !&lt;\/p&gt;&lt;p&gt;&lt;u&gt;Les atouts du GARDENA SILENO Minimo 500 :&lt;\/u&gt;&lt;\/p&gt;&lt;ul&gt;&lt;li&gt;Compatible avec l'application mobile GARDENA BLUETOOTH : programmation et contr\u00f4le ; disponible sur Google Play et l'App Store&lt;\/li&gt;&lt;li&gt;Tonds les jardins jusqu'\u00e0 500\u2009m2&lt;\/li&gt;&lt;li&gt;Robot tondeuse de taille \" border=\"0\" font-size:large\"=\"\" mini=\"\" src=\"https:\/\/www.bestofrobots.fr\/media\/wysiwyg\/Products\/GARDENA\/SILENO\/Minimo\/GARDENA-Sileno-Minimo-chemin-etroit-AR.jpg\"\/><\/p>\n<p><em>L&rsquo;indice de r\u00e9parabilit\u00e9 est une note obligatoire \u00e0 faire appara\u00eetre sur les produits au moment de leur achat. Cette note vise \u00e0 sensibiliser le consommateur sur la r\u00e9parabilit\u00e9 de l&rsquo;appareil.<\/em><\/p>\n<p><span style=\"color: #99cc00;\"><em>Retrouvez le d\u00e9tail<\/em><\/span><\/p>\n<p><span style=\"color: #99cc00;\"><em>Plus d&rsquo;information sur note page d\u00e9di\u00e9<\/em><\/span><\/p>\n<p><\/p>\n<h4 style=\"font-size:large\">GARDENA BLUETOOTH : l&rsquo;application mobile compatible<\/h4>\n<p>\u00c0 l&rsquo;aide de la nouvelle application GARDENA BLUETOOTH, il est facile de contr\u00f4ler ou de programmer votre Minimo. L&rsquo;application est disponible gratuitement sur les plateformes de t\u00e9l\u00e9chargement Google Play et App Store. Depuis votre t\u00e9l\u00e9phone portable, et ce, jusqu&rsquo;\u00e0 10 m de distance, vous pourrez tr\u00e8s facilement prendre le contr\u00f4le de votre tonte de jardin, sans mettre la main \u00e0 la p\u00e2te. L&rsquo;assistant de programmation vous guide \u00e9tape par \u00e9tape pour que l&rsquo;installation et la programmation ne soient plus un calvaire.<\/p>\n<p><img decoding=\"async\" alt=\" \/&gt;&lt;\/p&gt;&lt;p&gt;L'application permet \u00e9galement de contr\u00f4ler les produits d'arrosage GARDENA Bluetooth. Vous pouvez par exemple programmer et coordonner votre robot tondeuse SILENO Minimo 500 et les cycles d'arrosages de votre programmateur d'arrosage Bluetooth. D\u00e8s lors que le robot tondeuse fini son cycle, l'arrosage automatique se d\u00e9clenche afin de rendre votre pelouse encore plus belle et verdoyante. Ultra pratique\u00a0!&lt;\/p&gt;&lt;br\/&gt;&lt;h4 style=\" border=\"0\" font-size:large\"=\"\" src=\"https:\/\/www.bestofrobots.fr\/media\/wysiwyg\/Products\/GARDENA\/SILENO\/Minimo\/GARDENA-Sileno-Minimo-buche-AR.jpg\"\/><\/p>\n<p>Afin de vous octroyer un r\u00e9sultat de grande qualit\u00e9, les Sileno Minimo sont \u00e9quip\u00e9s de syst\u00e8mes de tonte in\u00e9dits, qui permettent au robot de fournir un r\u00e9sultat qualitatif, quels que soient les besoins en tonte de votre jardin. Parmi eux :<\/p>\n<ul>\n<li><strong>SensorControl<\/strong>. Ce syst\u00e8me intelligent permet \u00e0 votre robot d&rsquo;adapter automatiquement ses temps de tonte en fonction de la vitesse de croissance de votre pelouse. Lorsqu&rsquo;en raison de la m\u00e9t\u00e9o, l&rsquo;herbe pousse plus vite, il tond plus souvent. Il en va de m\u00eame \u00e0 l&rsquo;inverse, lorsque les conditions de croissance sont mauvaises.<\/li>\n<li><strong>SensorCut<\/strong>. La fonction qui permet une tonte al\u00e9atoire sans laisser de trace sur la pelouse et gr\u00e2ce \u00e0 l&rsquo;entretien quotidien, cela permet \u00e9galement \u00e0 l&rsquo;herbe de devenir plus \u00e9paisse jusqu&rsquo;\u00e0 obtenir l&rsquo;aspect d&rsquo;un tapis lisse et uniforme. De plus, votre robot fonctionne m\u00eame sous la pluie, de quoi avoir une pelouse impeccable toute la saison !<\/li>\n<\/ul>\n<\/div>\n<p><bl-button a11yexpanded=\"false\" arialabel=\"Afficher toute la description\" class=\"read-more__btn\" full=\"false\" link=\"true\"><\/bl-button><\/div>","protected":false},"excerpt":{"rendered":"<div class=\"keypoints\">\n<h3 class=\"keypoints__title\">Les points cl\u00e9s<\/h3>\n<ul role=\"list\">\n<li class=\"keypoints__item\" role=\"listitem\">                                        Surface couverte : 500 m\u00b2                      <\/li>\n<li class=\"keypoints__item\" role=\"listitem\">                          Autonomie : 1,0 h &#8211;                                                      58 dB                      <\/li>\n<li class=\"keypoints__item\" role=\"listitem\">                                        2 \u00e0 7,6 cm                      <\/li>\n<li class=\"keypoints__item\" role=\"listitem\">                                        D\u00e9part programmable : Jour \/ Heure                      <\/li>\n<\/ul>","protected":false},"featured_media":79170,"template":"","meta":{"_glsr_average":0,"_glsr_ranking":0,"_glsr_reviews":0},"product_cat":[413],"product_tag":[387,153,414],"class_list":{"0":"post-79171","1":"product","2":"type-product","3":"status-publish","4":"has-post-thumbnail","6":"product_cat-robot-tondeuse","7":"product_tag-jardin-exterieur","8":"product_tag-maison-entretien","9":"product_tag-robot-tondeuse","11":"first","12":"instock","13":"sale","14":"shipping-taxable","15":"purchasable","16":"product-type-simple"},"_links":{"self":[{"href":"https:\/\/electromenagerexpress.com\/en\/wp-json\/wp\/v2\/product\/79171","targetHints":{"allow":["GET"]}}],"collection":[{"href":"https:\/\/electromenagerexpress.com\/en\/wp-json\/wp\/v2\/product"}],"about":[{"href":"https:\/\/electromenagerexpress.com\/en\/wp-json\/wp\/v2\/types\/product"}],"wp:featuredmedia":[{"embeddable":true,"href":"https:\/\/electromenagerexpress.com\/en\/wp-json\/wp\/v2\/media\/79170"}],"wp:attachment":[{"href":"https:\/\/electromenagerexpress.com\/en\/wp-json\/wp\/v2\/media?parent=79171"}],"wp:term":[{"taxonomy":"product_cat","embeddable":true,"href":"https:\/\/electromenagerexpress.com\/en\/wp-json\/wp\/v2\/product_cat?post=79171"},{"taxonomy":"product_tag","embeddable":true,"href":"https:\/\/electromenagerexpress.com\/en\/wp-json\/wp\/v2\/product_tag?post=79171"}],"curies":[{"name":"wp","href":"https:\/\/api.w.org\/{rel}","templated":true}]}}