{"id":79147,"date":"2024-11-24T14:43:34","date_gmt":"2024-11-24T14:43:34","guid":{"rendered":"https:\/\/electromenagerexpress.com\/product\/robot-piscinezodiacrobot-hydraulique-nettoyage-de-piscine\/"},"modified":"2024-11-24T14:43:34","modified_gmt":"2024-11-24T14:43:34","slug":"robot-piscinezodiacrobot-hydraulique-nettoyage-de-piscine","status":"publish","type":"product","link":"https:\/\/electromenagerexpress.com\/en\/product\/robot-piscinezodiacrobot-hydraulique-nettoyage-de-piscine\/","title":{"rendered":"Robot piscine\t\t\t\t\t\t\tZODIAC\t\t\t\tRobot hydraulique nettoyage de piscine"},"content":{"rendered":"<div class=\"product-features__content\">\n<ul role=\"list\">\n<li class=\"product-features__item\" role=\"listitem\">\n<h3 class=\"product-features__label\">Caract\u00e9ristiques g\u00e9n\u00e9rales du robot<\/h3>\n<ul role=\"list\">\n<li class=\"product-features__item-list__item\" role=\"listitem\"><span class=\"is--medium\">Type de robot :<\/span> Hydraulique\t\t\t\t\t<\/li>\n<\/ul>\n<\/li>\n<li class=\"product-features__item\" role=\"listitem\">\n<h3 class=\"product-features__label\">Informations et Services<\/h3>\n<ul role=\"list\">\n<li class=\"product-features__item-list__item\" role=\"listitem\"><span class=\"is--medium\">Garantie :<\/span> 2 ans\t\t\t\t\t<\/li>\n<li class=\"product-features__item-list__item\" role=\"listitem\"><span class=\"is--medium\">Disponibilit\u00e9 des pi\u00e8ces d\u00e9tach\u00e9es (donn\u00e9es fournisseur) :<\/span> Non communiqu\u00e9e\t\t\t\t\t<\/li>\n<li class=\"product-features__item-list__item\" role=\"listitem\"><span class=\"is--medium\">R\u00e9f\u00e9rence constructeur :<\/span> Robot hydraulique nettoyage de piscine\t\t\t\t\t<\/li>\n<li class=\"product-features__item-list__item\" role=\"listitem\"><span class=\"is--medium\">Marque :<\/span> ZODIAC\t\t\t\t\t<\/li>\n<\/ul>\n<\/li>\n<li class=\"product-features__item\" role=\"listitem\">\n<h3 class=\"product-features__label\">Dimensions<\/h3>\n<ul role=\"list\">\n<li class=\"product-features__item-list__item\" role=\"listitem\"><span class=\"is--medium\">Poids :<\/span> 3,2 kg\t\t\t\t\t<\/li>\n<\/ul>\n<\/li>\n<\/ul>\n<\/div>\n<div class=\"product__disclosure-content\">\n<div class=\"js-read-more product-description__content\" data-read-more-name=\"description\" style=\"max-height: 500px; overflow: hidden;\">\n<ul>\n<li>Le nouvel appareil de nettoyage ultra-efficace MX6, dot\u00e9 de la meilleure puissance d&rsquo;aspiration de sa cat\u00e9gorie et d&rsquo;une navigation programm\u00e9e, donne une piscine impeccable sans tracas. Le MX6 innovant \u00e0 faible d\u00e9bit consomme moins d&rsquo;\u00e9nergie que tout autre nettoyeur de sa cat\u00e9gorie, il est le nettoyeur id\u00e9al pour les piscines \u00e0 pompe \u00e0 2 vitesses ou \u00e0 vitesse variable.<\/li>\n<li>ASPIRATION CYCLONIQUE : Procure une aspiration puissante et permet de grimper facilement les murs.<\/li>\n<li>NAVIGATION X-DRIVE : Navigation bidirectionnelle intelligente pour nettoyer \u00e0 fond le plancher, les murs et la ligne d&rsquo;eau.<\/li>\n<li>D\u00c9BIT R\u00c9GLABLE OPTIMIS\u00c9 : Contr\u00f4le automatiquement le d\u00e9bit excessif dans le nettoyeur de piscine pour une performance et une long\u00e9vit\u00e9 optimales.<\/li>\n<li>CONCEPTION \u00c0 FAIBLE D\u00c9BIT \u00c9NERG\u00c9TIQUEMENT EFFICACE : Fonctionnement ultra efficace. Le choix id\u00e9al pour les pompes \u00e0 vitesse variable, \u00e0 2 vitesses ou solaires.<\/li>\n<li>TURBINE FLEX POWER : Les aubes de turbine articul\u00e9es permettent une op\u00e9ration ultra-efficace, m\u00eame pour les pompes \u00e0 faible d\u00e9bit.<\/li>\n<li>POIGN\u00c9E \u00c0 PRISE FACILE : Pour enl\u00e8vement et transport ais\u00e9s.<\/li>\n<li>RACCORD RAPIDE : Permet un raccordement s\u00e9curitaire et rapide \u00e0 la t\u00eate de nettoyage.<\/li>\n<li>CONNECTEUR QUART-DE-TOUR : Fournit un raccord simple et r\u00e9duit les pertes \u00e0 vide.<\/li>\n<\/ul>\n<p>Type de piscine : Piscines enterr\u00e9es et piscines hors sol \u00e0 parois rigides<br \/>Formes et fonds simples jusqu&rsquo;\u00e0 10 x 5 m<br \/>Type de nettoyeur de piscine : Aspiration m\u00e9canique (turbine d&rsquo;aspiration)<br \/>Puissance minimale requise (pompe) 3\/4 CV<br \/>Raccordement : Par utilisateur, sur prise balai ou skimmer<br \/>Type de tuyau : Tuyau \u00e0 prise verrouillable \u00e9volu\u00e9e<br \/>Traction : Technologie X-Drive avec X-Trax<br \/>Rev\u00eatements de piscine : B\u00e9ton, carreau, vinyle et fibre de verre<br \/>Aspiration cyclonique<br \/>Navigation intelligente S-DRIVE permettant de bien nettoyer le fond, les parois et la ligne de flottaison des petites piscines.<br \/>Contr\u00f4le du d\u00e9bit optimis\u00e9<br \/>Largeur de nettoyage : 25 cm<br \/>Design \u00e9co\u00e9nerg\u00e9tique \u00e0 faible d\u00e9bit<br \/>Vitesse de d\u00e9placement : 8 m\/min<br \/>Turbine FLEX POWER<br \/>Raccordement rapide <br \/>Poign\u00e9e confortable pour le retrait et transport faciles.<br \/>X\u00a0\u00bbTRAX : Design de chenilles robuste offrant une capacit\u00e9 d&rsquo;escalade et une manoeuvrabilit\u00e9 extr\u00eame<br \/>Tuyau \u00e0 verrou rotatif twist Lock brevet\u00e9s qui permet un raccordement facile et diminue la perte d&rsquo;aspiration<br \/>Type de d\u00e9bris : Fin et moyens<br \/>Longueur du tuyau : 10 m (10 sections de 1 m)<br \/>Dimensions du robot : 31 x 19 x 22 cm<br \/>Poids : 2.5 kg<br \/>Couleur : Bleu et gris<\/p>\n<\/div>\n<\/div>","protected":false},"excerpt":{"rendered":"<div class=\"keypoints\">\n<h3 class=\"keypoints__title\">Les points cl\u00e9s<\/h3>\n<ul role=\"list\">\n<li class=\"keypoints__item\" role=\"listitem\">                                        Type de robot : Hydraulique                      <\/li>\n<\/ul>","protected":false},"featured_media":79146,"template":"","meta":{"_glsr_average":0,"_glsr_ranking":0,"_glsr_reviews":0},"product_cat":[415],"product_tag":[387,153,416],"class_list":{"0":"post-79147","1":"product","2":"type-product","3":"status-publish","4":"has-post-thumbnail","6":"product_cat-robot-piscine","7":"product_tag-jardin-exterieur","8":"product_tag-maison-entretien","9":"product_tag-robot-piscine","11":"first","12":"instock","13":"sale","14":"shipping-taxable","15":"purchasable","16":"product-type-simple"},"_links":{"self":[{"href":"https:\/\/electromenagerexpress.com\/en\/wp-json\/wp\/v2\/product\/79147","targetHints":{"allow":["GET"]}}],"collection":[{"href":"https:\/\/electromenagerexpress.com\/en\/wp-json\/wp\/v2\/product"}],"about":[{"href":"https:\/\/electromenagerexpress.com\/en\/wp-json\/wp\/v2\/types\/product"}],"wp:featuredmedia":[{"embeddable":true,"href":"https:\/\/electromenagerexpress.com\/en\/wp-json\/wp\/v2\/media\/79146"}],"wp:attachment":[{"href":"https:\/\/electromenagerexpress.com\/en\/wp-json\/wp\/v2\/media?parent=79147"}],"wp:term":[{"taxonomy":"product_cat","embeddable":true,"href":"https:\/\/electromenagerexpress.com\/en\/wp-json\/wp\/v2\/product_cat?post=79147"},{"taxonomy":"product_tag","embeddable":true,"href":"https:\/\/electromenagerexpress.com\/en\/wp-json\/wp\/v2\/product_tag?post=79147"}],"curies":[{"name":"wp","href":"https:\/\/api.w.org\/{rel}","templated":true}]}}