{"id":79145,"date":"2024-11-24T14:43:31","date_gmt":"2024-11-24T14:43:31","guid":{"rendered":"https:\/\/electromenagerexpress.com\/product\/robot-piscinezodiacaspirateur-hydraulique-pour-piscine\/"},"modified":"2024-11-24T14:43:31","modified_gmt":"2024-11-24T14:43:31","slug":"robot-piscinezodiacaspirateur-hydraulique-pour-piscine","status":"publish","type":"product","link":"https:\/\/electromenagerexpress.com\/en\/product\/robot-piscinezodiacaspirateur-hydraulique-pour-piscine\/","title":{"rendered":"Robot piscine\t\t\t\t\t\t\tZODIAC\t\t\t\tAspirateur hydraulique pour piscine"},"content":{"rendered":"<div class=\"product-features__content\">\n<ul role=\"list\">\n<li class=\"product-features__item\" role=\"listitem\">\n<h3 class=\"product-features__label\">Caract\u00e9ristiques g\u00e9n\u00e9rales du robot<\/h3>\n<ul role=\"list\">\n<li class=\"product-features__item-list__item\" role=\"listitem\"><span class=\"is--medium\">Type de robot :<\/span> Hydraulique\t\t\t\t\t<\/li>\n<\/ul>\n<\/li>\n<li class=\"product-features__item\" role=\"listitem\">\n<h3 class=\"product-features__label\">Informations et Services<\/h3>\n<ul role=\"list\">\n<li class=\"product-features__item-list__item\" role=\"listitem\"><span class=\"is--medium\">Garantie :<\/span> 2 ans\t\t\t\t\t<\/li>\n<li class=\"product-features__item-list__item\" role=\"listitem\"><span class=\"is--medium\">Disponibilit\u00e9 des pi\u00e8ces d\u00e9tach\u00e9es (donn\u00e9es fournisseur) :<\/span> Non communiqu\u00e9e\t\t\t\t\t<\/li>\n<li class=\"product-features__item-list__item\" role=\"listitem\"><span class=\"is--medium\">R\u00e9f\u00e9rence constructeur :<\/span> Aspirateur hydraulique pour piscine\t\t\t\t\t<\/li>\n<li class=\"product-features__item-list__item\" role=\"listitem\"><span class=\"is--medium\">Marque :<\/span> ZODIAC\t\t\t\t\t<\/li>\n<\/ul>\n<\/li>\n<li class=\"product-features__item\" role=\"listitem\">\n<h3 class=\"product-features__label\">Dimensions<\/h3>\n<ul role=\"list\">\n<li class=\"product-features__item-list__item\" role=\"listitem\"><span class=\"is--medium\">Poids :<\/span> 3,2 kg\t\t\t\t\t<\/li>\n<\/ul>\n<\/li>\n<\/ul>\n<\/div>\n<div class=\"product__disclosure-content\">\n<div class=\"js-read-more product-description__content\" data-read-more-name=\"description\" style=\"max-height: 500px; overflow: hidden;\">\n<ul>\n<li>Technologie brevet\u00e9e DiaCyclone : un moteur d\u00b4aspiration encore plus puissant (puissance d\u00b4aspiration : +40 %). <\/li>\n<li>Technologie brevet\u00e9e Duo Traction Control (DTC) : 2 disques souples assurant une grande adh\u00e9rence dans les angles et sur les parois <\/li>\n<li>Anti-obstacle gr\u00e2ce \u00e0 un d\u00e9tecteur circulaire <\/li>\n<li>Nouveaux tuyaux Twist Lock : syst\u00e8me de connexion facile et compl\u00e8tement s\u00e9curis\u00e9 du tuyau pour une \u00e9tanch\u00e9it\u00e9 maximale <\/li>\n<li>Compact et l\u00e9ger<\/li>\n<\/ul>\n<p>Piscines enterr\u00e9es priv\u00e9es : maximum 12 x 6m.<br \/>Toutes formes : rectangulaire, ovale, ronde, libre.<br \/>Fonds : plat, pente douce, pente compos\u00e9e.<br \/>Tous rev\u00eatements : carrelage, liner, coque polyester, PVC arm\u00e9, b\u00e9ton peint.<br \/>Installation sur la prise balai ou le skimmer<br \/>Cycle de nettoyage : Filtration de 6 h conseill\u00e9e en 3 fois 2 h<br \/>D\u00e9placement : Al\u00e9atoire, fond et parois<br \/>Possibilit\u00e9 de se baigner en m\u00eame temps<br \/>Longueur de tuyau : 12 sections de 1 m<br \/>Vitesse de d\u00e9placement : 6 m\u00e8tres\/minute<br \/>Accessoires inclus dans le pack :-Testeur de d\u00e9bit-vanne de r\u00e9glage automatique de d\u00e9bit-roue anti-blocages<\/p>\n<\/div>\n<\/div>","protected":false},"excerpt":{"rendered":"<div class=\"keypoints\">\n<h3 class=\"keypoints__title\">Les points cl\u00e9s<\/h3>\n<ul role=\"list\">\n<li class=\"keypoints__item\" role=\"listitem\">                                        Type de robot : Hydraulique                      <\/li>\n<\/ul>","protected":false},"featured_media":79144,"template":"","meta":{"_glsr_average":0,"_glsr_ranking":0,"_glsr_reviews":0},"product_cat":[415],"product_tag":[387,153,416],"class_list":{"0":"post-79145","1":"product","2":"type-product","3":"status-publish","4":"has-post-thumbnail","6":"product_cat-robot-piscine","7":"product_tag-jardin-exterieur","8":"product_tag-maison-entretien","9":"product_tag-robot-piscine","11":"first","12":"instock","13":"sale","14":"shipping-taxable","15":"purchasable","16":"product-type-simple"},"_links":{"self":[{"href":"https:\/\/electromenagerexpress.com\/en\/wp-json\/wp\/v2\/product\/79145","targetHints":{"allow":["GET"]}}],"collection":[{"href":"https:\/\/electromenagerexpress.com\/en\/wp-json\/wp\/v2\/product"}],"about":[{"href":"https:\/\/electromenagerexpress.com\/en\/wp-json\/wp\/v2\/types\/product"}],"wp:featuredmedia":[{"embeddable":true,"href":"https:\/\/electromenagerexpress.com\/en\/wp-json\/wp\/v2\/media\/79144"}],"wp:attachment":[{"href":"https:\/\/electromenagerexpress.com\/en\/wp-json\/wp\/v2\/media?parent=79145"}],"wp:term":[{"taxonomy":"product_cat","embeddable":true,"href":"https:\/\/electromenagerexpress.com\/en\/wp-json\/wp\/v2\/product_cat?post=79145"},{"taxonomy":"product_tag","embeddable":true,"href":"https:\/\/electromenagerexpress.com\/en\/wp-json\/wp\/v2\/product_tag?post=79145"}],"curies":[{"name":"wp","href":"https:\/\/api.w.org\/{rel}","templated":true}]}}