{"id":79139,"date":"2024-11-24T14:43:22","date_gmt":"2024-11-24T14:43:22","guid":{"rendered":"https:\/\/electromenagerexpress.com\/product\/tondeuse-gazon-robotgardenagardena-smart-sileno-lona-life-1000\/"},"modified":"2024-11-24T14:43:26","modified_gmt":"2024-11-24T14:43:26","slug":"tondeuse-gazon-robotgardenagardena-smart-sileno-lona-life-1000","status":"publish","type":"product","link":"https:\/\/electromenagerexpress.com\/en\/product\/tondeuse-gazon-robotgardenagardena-smart-sileno-lona-life-1000\/","title":{"rendered":"Tondeuse gazon robot\t\t\t\t\t\t\tGARDENA\t\t\t\tGARDENA Smart SILENO LONA Life 1000"},"content":{"rendered":"<div class=\"product-features__content\">\n<ul role=\"list\">\n<li class=\"product-features__item\" role=\"listitem\">\n<h3 class=\"product-features__label\">Caract\u00e9ristique g\u00e9n\u00e9rale<\/h3>\n<ul role=\"list\">\n<li class=\"product-features__item-list__item\" role=\"listitem\"><span class=\"is--medium\">Produit :<\/span> Tondeuse robot\t\t\t\t\t<\/li>\n<li class=\"product-features__item-list__item\" role=\"listitem\"><span class=\"is--medium\">Alimentation :<\/span> Batterie\t\t\t\t\t<\/li>\n<li class=\"product-features__item-list__item\" role=\"listitem\"><span class=\"is--medium\">Type de chargement :<\/span> Base de recharge (automatique)\t\t\t\t\t<\/li>\n<li class=\"product-features__item-list__item\" role=\"listitem\"><span class=\"is--medium\">Autonomie :<\/span> 1,0 h\t\t\t\t\t<\/li>\n<li class=\"product-features__item-list__item\" role=\"listitem\"><span class=\"is--medium\">Temps de charge :<\/span> 1,0 h\t\t\t\t\t<\/li>\n<li class=\"product-features__item-list__item\" role=\"listitem\"><span class=\"is--medium\">Surface couverte :<\/span> 1.000 m\u00b2\t\t\t\t\t<\/li>\n<li class=\"product-features__item-list__item\" role=\"listitem\"><span class=\"is--medium\">Type de batterie :<\/span> Lithium\t\t\t\t\t<\/li>\n<li class=\"product-features__item-list__item\" role=\"listitem\"><span class=\"is--medium\">Niveau sonore :<\/span> 57 dB\t\t\t\t\t<\/li>\n<li class=\"product-features__item-list__item\" role=\"listitem\"><span class=\"is--medium\">Coloris :<\/span> Gris\t\t\t\t\t<\/li>\n<\/ul>\n<\/li>\n<li class=\"product-features__item\" role=\"listitem\">\n<h3 class=\"product-features__label\">Caract\u00e9ristique sp\u00e9cifique<\/h3>\n<ul role=\"list\">\n<li class=\"product-features__item-list__item\" role=\"listitem\"><span class=\"is--medium\">Proc\u00e9d\u00e9 :<\/span> Id\u00e9al pour les jardins allant jusqu&rsquo;\u00e0 1000 m\u00b2\t\t\t\t\t<\/li>\n<li class=\"product-features__item-list__item\" role=\"listitem\"><span class=\"is--medium\">Hauteurs de coupe :<\/span> 2 \u00e0 7,6 cm\t\t\t\t\t<\/li>\n<li class=\"product-features__item-list__item\" role=\"listitem\"><span class=\"is--medium\">Largeur de coupe :<\/span> 16,0 cm\t\t\t\t\t<\/li>\n<li class=\"product-features__item-list__item\" role=\"listitem\"><span class=\"is--medium\">D\u00e9part programmable :<\/span> Jour \/ Heure\t\t\t\t\t<\/li>\n<li class=\"product-features__item-list__item\" role=\"listitem\"><span class=\"is--medium\">Pente maximum (en \u00b0) :<\/span> 19\t\t\t\t\t<\/li>\n<li class=\"product-features__item-list__item\" role=\"listitem\"><span class=\"is--medium\">Fil p\u00e9rim\u00e9trique :<\/span> Oui (\u00e0 installer)\t\t\t\t\t<\/li>\n<li class=\"product-features__item-list__item\" role=\"listitem\"><span class=\"is--medium\">Nombre de zone :<\/span> 1\t\t\t\t\t<\/li>\n<\/ul>\n<\/li>\n<li class=\"product-features__item\" role=\"listitem\">\n<h3 class=\"product-features__label\">Informations et Services<\/h3>\n<ul role=\"list\">\n<li class=\"product-features__item-list__item\" role=\"listitem\"><span class=\"is--medium\">Fabriqu\u00e9 en :<\/span> R\u00e9p. tch\u00e8que\t\t\t\t\t<\/li>\n<li class=\"product-features__item-list__item\" role=\"listitem\"><span class=\"is--medium\">Disponibilit\u00e9 des pi\u00e8ces d\u00e9tach\u00e9es (donn\u00e9es fournisseur) :<\/span> Non communiqu\u00e9e\t\t\t\t\t<\/li>\n<li class=\"product-features__item-list__item\" role=\"listitem\"><span class=\"is--medium\">R\u00e9f\u00e9rence constructeur :<\/span> GARDENA Smart SILENO LONA Life 1000\t\t\t\t\t<\/li>\n<li class=\"product-features__item-list__item\" role=\"listitem\"><span class=\"is--medium\">Marque :<\/span> GARDENA\t\t\t\t\t<\/li>\n<\/ul>\n<\/li>\n<\/ul>\n<\/div>\n<div class=\"product__disclosure-content\">\n<div class=\"js-read-more product-description__content read-more read-more--truncated\" data-read-more-name=\"description\" style=\"max-height: 500px; overflow: hidden;\">\n<p><\/p>\n<h4 style=\"font-size:large\">Le robot tondeuse Smart SILENO LONA Life 1000 GARDENA<\/h4>\n<p><img decoding=\"async\" alt=\" \/&gt;&lt;\/p&gt;&lt;p&gt;Parfait pour entretenir les jardins les plus complexes jusqu'\u00e0 1000 m\u00b2, le robot tondeuse GARDENA Smart SILENO LONA Life 1000 est un robot dot\u00e9 d'intelligence artificielle gr\u00e2ce \u00e0 sa technologie LONA. Optez pour l'entretien de jardin 2.0.&lt;\/p&gt;&lt;br\/&gt;&lt;h4 style=\" border=\"0\" font-size:large\"=\"\" src=\"https:\/\/www.bestofrobots.fr\/media\/wysiwyg\/Products\/GARDENA\/SILENO\/LONA\/Life-1000\/Gardena-Life-1000-environnement.jpg\"\/><\/p>\n<h4>Qu&rsquo;est-ce que la technologie LONA ?<\/h4>\n<p>LONA c&rsquo;est une intelligence artificielle bas\u00e9e sur une technologique de cartographie. Son nom\u00a0<strong>LONA<\/strong>\u00a0est l&rsquo;acronyme de 2 mots qui sont\u00a0<strong>Lo<\/strong>calisation et\u00a0<strong>Na<\/strong>vigation. Cette technologie, interne au smart system, permet \u00e0 votre robot d&rsquo;apprendre, de cartographier et de s&rsquo;adapter \u00e0 votre jardin.<\/p>\n<p>Pour faire simple, c&rsquo;est le m\u00eame principe qu&rsquo;un robot aspirateur, mais en ext\u00e9rieur. Cette prouesse est rendue possible gr\u00e2ce \u00e0 un GPS, des capteurs et l&rsquo;odom\u00e9trie.<\/p>\n<p><em>Attention : cette technologie ne permet pas encore de remplacer l&rsquo;utilisation du c\u00e2ble p\u00e9rim\u00e9trique !<\/em><\/p>\n<p><em><img decoding=\"async\" alt=\" \/&gt;&lt;\/em&gt;&lt;\/p&gt;&lt;h4&gt;Les fonctionnalit\u00e9s LONA&lt;\/h4&gt;&lt;p&gt;Cette technologie dernier cri va vous permettre, via l'application\u00a0&lt;em&gt;&lt;strong&gt;GARDENA smart system&lt;\/strong&gt;&lt;\/em&gt;, de contr\u00f4ler et personnaliser la tonte de votre jardin.&lt;\/p&gt;&lt;ul&gt;&lt;li&gt;&lt;strong&gt;Cartographie :&lt;\/strong&gt;\u00a0Pendant son cycle de tonte, le robot tondeuse va cr\u00e9er une carte pr\u00e9cise de votre jardin. Une fois cr\u00e9\u00e9, la carte sera affich\u00e9e dans l'application et vous allez pouvoir l'utiliser pour personnaliser la tonte selon votre jardin.&lt;\/li&gt;&lt;\/ul&gt;&lt;ul&gt;&lt;li&gt;&lt;strong&gt;Gestion des zones :&lt;\/strong&gt;\u00a0Avec une carte compl\u00e8te de votre jardin, vous allez pouvoir d\u00e9finir des zones virtuelles via l'application. Cette fonctionnalit\u00e9 vous permet de diviser votre jardin en plusieurs zones et de g\u00e9rer l'intensit\u00e9 et les fr\u00e9quences de tontes par zone. Vous pourrez ainsi tondre de mani\u00e8re plus optimale les zones sur lesquelles la pelouse pousse plus ou moins vite par exemple.&lt;\/li&gt;&lt;\/ul&gt;&lt;p&gt;&lt;img src=\" border=\"0\" gardena=\"\" gardena-life-1000-lona.jpg\"=\"\" https:=\"\" life-1000=\"\" lona=\"\" media=\"\" products=\"\" sileno=\"\" src=\"https:\/\/www.bestofrobots.fr\/media\/wysiwyg\/Products\/GARDENA\/SILENO\/LONA\/Life-1000\/Gardena-Life-1000-smart-system.jpg\" www.bestofrobots.fr=\"\" wysiwyg=\"\"\/><\/em><\/p>\n<ul>\n<li><em><strong>Protection des zones :<\/strong>\u00a0Une fois les zones de votre jardin cr\u00e9\u00e9, vous allez pouvoir les activer ou les exclure du programme de tonte selon votre guise. De la m\u00eame fa\u00e7on qu&rsquo;une zone interdite, vous pourrez prot\u00e9ger la pelouse tout juste sem\u00e9e ou prot\u00e9ger un massif de fleurs (pr\u00e9cision \u00e0 +\/- 50 cm).<\/em><\/li>\n<\/ul>\n<ul>\n<li><em><strong>Suivi de la tonte :<\/strong>\u00a0Suivez et surveillez l&rsquo;avanc\u00e9e de la tonte de votre jardin en temps r\u00e9el via l&rsquo;application. Vous pouvez suivre la position du robot et adapter en direct si n\u00e9cessaire, m\u00eame depuis l&rsquo;autre bout du monde.<\/em><\/li>\n<\/ul>\n<p><em><img alt=\" \/&gt;&lt;\/p&gt;&lt;p&gt;Avec la technologie LONA, le robot Smart SILENO LONA Life 1000 de GARDENA s'adapte \u00e0 votre jardin pour tondre de mani\u00e8re plus optimale et rendre votre pelouse encore plus belle. N'adaptez pas votre jardin selon votre robot, faites l'inverse !&lt;\/p&gt;&lt;br\/&gt;&lt;h4 style=\" altsrc=\" \/&gt;https:\/\/www.bestofrobots.fr\/media\/wysiwyg\/Products\/GARDENA\/SILENO\/LONA\/Life-1000\/Gardena-Life-1000-screen-app.jpg\" border=\"0\" font-size:large\"=\"\"\/>Jardin &#8211; Ext\u00e9rieur&gt;Robot tondeuse\u00a0\u00bb data-pimId=\u00a0\u00bb000000009000428974&Prime;&gt;                                                                                          <\/em><\/p>\n<\/div>\n<p><em><\/em><bl-button a11yexpanded=\"false\" arialabel=\"Afficher toute la description\" class=\"read-more__btn\" full=\"false\" link=\"true\"><\/bl-button><\/div>","protected":false},"excerpt":{"rendered":"<div class=\"keypoints\">\n<h3 class=\"keypoints__title\">Les points cl\u00e9s<\/h3>\n<ul role=\"list\">\n<li class=\"keypoints__item\" role=\"listitem\">                                        Surface couverte : 1.000 m\u00b2                      <\/li>\n<li class=\"keypoints__item\" role=\"listitem\">                          Autonomie : 1,0 h &#8211;                                                      57 dB                      <\/li>\n<li class=\"keypoints__item\" role=\"listitem\">                                        2 \u00e0 7,6 cm                      <\/li>\n<li class=\"keypoints__item\" role=\"listitem\">                                        D\u00e9part programmable : Jour \/ Heure                      <\/li>\n<\/ul>","protected":false},"featured_media":79138,"template":"","meta":{"_glsr_average":0,"_glsr_ranking":0,"_glsr_reviews":0},"product_cat":[413],"product_tag":[387,153,414],"class_list":{"0":"post-79139","1":"product","2":"type-product","3":"status-publish","4":"has-post-thumbnail","6":"product_cat-robot-tondeuse","7":"product_tag-jardin-exterieur","8":"product_tag-maison-entretien","9":"product_tag-robot-tondeuse","11":"first","12":"instock","13":"sale","14":"shipping-taxable","15":"purchasable","16":"product-type-simple"},"_links":{"self":[{"href":"https:\/\/electromenagerexpress.com\/en\/wp-json\/wp\/v2\/product\/79139","targetHints":{"allow":["GET"]}}],"collection":[{"href":"https:\/\/electromenagerexpress.com\/en\/wp-json\/wp\/v2\/product"}],"about":[{"href":"https:\/\/electromenagerexpress.com\/en\/wp-json\/wp\/v2\/types\/product"}],"wp:featuredmedia":[{"embeddable":true,"href":"https:\/\/electromenagerexpress.com\/en\/wp-json\/wp\/v2\/media\/79138"}],"wp:attachment":[{"href":"https:\/\/electromenagerexpress.com\/en\/wp-json\/wp\/v2\/media?parent=79139"}],"wp:term":[{"taxonomy":"product_cat","embeddable":true,"href":"https:\/\/electromenagerexpress.com\/en\/wp-json\/wp\/v2\/product_cat?post=79139"},{"taxonomy":"product_tag","embeddable":true,"href":"https:\/\/electromenagerexpress.com\/en\/wp-json\/wp\/v2\/product_tag?post=79139"}],"curies":[{"name":"wp","href":"https:\/\/api.w.org\/{rel}","templated":true}]}}