{"id":79114,"date":"2024-11-24T14:42:48","date_gmt":"2024-11-24T14:42:48","guid":{"rendered":"https:\/\/electromenagerexpress.com\/product\/tondeuse-gazon-robotboschbosch-indego-s-500\/"},"modified":"2024-11-24T14:42:51","modified_gmt":"2024-11-24T14:42:51","slug":"tondeuse-gazon-robotboschbosch-indego-s-500","status":"publish","type":"product","link":"https:\/\/electromenagerexpress.com\/en\/product\/tondeuse-gazon-robotboschbosch-indego-s-500\/","title":{"rendered":"Tondeuse gazon robot\t\t\t\t\t\t\tBOSCH\t\t\t\tBOSCH Indego S 500"},"content":{"rendered":"<div class=\"product-features__content\">\n<ul role=\"list\">\n<li class=\"product-features__item\" role=\"listitem\">\n<h3 class=\"product-features__label\">Caract\u00e9ristique g\u00e9n\u00e9rale<\/h3>\n<ul role=\"list\">\n<li class=\"product-features__item-list__item\" role=\"listitem\"><span class=\"is--medium\">Produit :<\/span> Tondeuse robot\t\t\t\t\t<\/li>\n<li class=\"product-features__item-list__item\" role=\"listitem\"><span class=\"is--medium\">Alimentation :<\/span> Batterie\t\t\t\t\t<\/li>\n<li class=\"product-features__item-list__item\" role=\"listitem\"><span class=\"is--medium\">Type de chargement :<\/span> Base de recharge (automatique)\t\t\t\t\t<\/li>\n<li class=\"product-features__item-list__item\" role=\"listitem\"><span class=\"is--medium\">Autonomie :<\/span> 1,0 h\t\t\t\t\t<\/li>\n<li class=\"product-features__item-list__item\" role=\"listitem\"><span class=\"is--medium\">Temps de charge :<\/span> 1,0 h\t\t\t\t\t<\/li>\n<li class=\"product-features__item-list__item\" role=\"listitem\"><span class=\"is--medium\">Surface couverte :<\/span> 500 m\u00b2\t\t\t\t\t<\/li>\n<li class=\"product-features__item-list__item\" role=\"listitem\"><span class=\"is--medium\">Type de batterie :<\/span> Lithium\t\t\t\t\t<\/li>\n<li class=\"product-features__item-list__item\" role=\"listitem\"><span class=\"is--medium\">Niveau sonore :<\/span> 61 dB\t\t\t\t\t<\/li>\n<li class=\"product-features__item-list__item\" role=\"listitem\"><span class=\"is--medium\">Coloris :<\/span> Vert\t\t\t\t\t<\/li>\n<\/ul>\n<\/li>\n<li class=\"product-features__item\" role=\"listitem\">\n<h3 class=\"product-features__label\">Caract\u00e9ristique sp\u00e9cifique<\/h3>\n<ul role=\"list\">\n<li class=\"product-features__item-list__item\" role=\"listitem\"><span class=\"is--medium\">Proc\u00e9d\u00e9 :<\/span> Adapt\u00e9 aux espaces de 500m\u00b2\t\t\t\t\t<\/li>\n<li class=\"product-features__item-list__item\" role=\"listitem\"><span class=\"is--medium\">Hauteurs de coupe :<\/span> 3 \u00e0 6 cm\t\t\t\t\t<\/li>\n<li class=\"product-features__item-list__item\" role=\"listitem\"><span class=\"is--medium\">Largeur de coupe :<\/span> 19,0 cm\t\t\t\t\t<\/li>\n<li class=\"product-features__item-list__item\" role=\"listitem\"><span class=\"is--medium\">D\u00e9part programmable :<\/span> Auto-programmation\t\t\t\t\t<\/li>\n<li class=\"product-features__item-list__item\" role=\"listitem\"><span class=\"is--medium\">Pente maximum (en \u00b0) :<\/span> 15\t\t\t\t\t<\/li>\n<li class=\"product-features__item-list__item\" role=\"listitem\"><span class=\"is--medium\">Fil p\u00e9rim\u00e9trique :<\/span> Oui (\u00e0 installer)\t\t\t\t\t<\/li>\n<li class=\"product-features__item-list__item\" role=\"listitem\"><span class=\"is--medium\">Nombre de zone :<\/span> 3\t\t\t\t\t<\/li>\n<\/ul>\n<\/li>\n<li class=\"product-features__item\" role=\"listitem\">\n<h3 class=\"product-features__label\">Informations et Services<\/h3>\n<ul role=\"list\">\n<li class=\"product-features__item-list__item\" role=\"listitem\"><span class=\"is--medium\">Fabriqu\u00e9 en :<\/span> Chine\t\t\t\t\t<\/li>\n<li class=\"product-features__item-list__item\" role=\"listitem\"><span class=\"is--medium\">Disponibilit\u00e9 des pi\u00e8ces d\u00e9tach\u00e9es (donn\u00e9es fournisseur) :<\/span> Non communiqu\u00e9e\t\t\t\t\t<\/li>\n<li class=\"product-features__item-list__item\" role=\"listitem\"><span class=\"is--medium\">R\u00e9f\u00e9rence constructeur :<\/span> BOSCH Indego S 500\t\t\t\t\t<\/li>\n<li class=\"product-features__item-list__item\" role=\"listitem\"><span class=\"is--medium\">Marque :<\/span> BOSCH\t\t\t\t\t<\/li>\n<\/ul>\n<\/li>\n<\/ul>\n<\/div>\n<div class=\"product__disclosure-content\">\n<div class=\"js-read-more product-description__content read-more read-more--truncated\" data-read-more-name=\"description\" style=\"max-height: 500px; overflow: hidden;\">\n<p><\/p>\n<h4 style=\"font-size:large\">Le robot tondeuse BOSCH Indego S 500<\/h4>\n<p>Lass\u00e9 de tondre votre pelouse vous-m\u00eame ?<\/p>\n<p>Avec la tondeuse automatique Indego S 500 de BOSCH, votre seule mission est de la mettre en marche, par la suite l&rsquo;appareil s&rsquo;occupe du reste. Indego S 500 entretient jusqu&rsquo;\u00e0 3 espaces verts, de maximum 500m\u00b2, pour un r\u00e9sultat qualitatif. Ses nombreuses fonctions lui permettent de laisser derri\u00e8re lui une pelouse impeccable.<\/p>\n<p><u>Les atouts du robot tondeuse BOSCH Indego S 500\u00a0: <\/u><\/p>\n<ul>\n<li>Adapt\u00e9 aux jardins jusqu&rsquo;\u00e0 500m\u00b2<\/li>\n<li>Syst\u00e8me de cartographie et tonte intelligente\u00a0: LogiCut<\/li>\n<li>Programmation automatique adapt\u00e9e aux jardins : AUTO Calendar<\/li>\n<li>Capteurs d&rsquo;obstacles<\/li>\n<li>Fonction de ciblage\u00a0: SpotMow<\/li>\n<li>Installation par c\u00e2ble p\u00e9riph\u00e9rique<\/li>\n<li>Retour automatique \u00e0 la base de rechargement<\/li>\n<li>Fonctionne sur des espaces pentus jusqu&rsquo;\u00e0 27%<\/li>\n<li>Mulching performant pour une pelouse fertilis\u00e9e<\/li>\n<li>Mises \u00e0 jour du logiciel facile via USB<\/li>\n<li>Silencieuse (61 dB)<\/li>\n<li>L\u00e9g\u00e8re (7,6 kg)<\/li>\n<\/ul>\n<p><img decoding=\"async\" alt=\"Robot tondeuse bosch indego S500\" border=\"0\" src=\"https:\/\/www.bestofrobots.fr\/media\/wysiwyg\/indego.png\" width=\"1196\"\/><\/p>\n<p><\/p>\n<h4 style=\"font-size:large\">Un panel de fonctionnalit\u00e9s innovantes<\/h4>\n<p>La tondeuse automatique Indego S 500 de BOSCH est \u00e9tudi\u00e9e pour fournir un r\u00e9sultat de tonte indiscutable sur les espaces verts jusqu&rsquo;\u00e0 500m\u00b2. Pour cela, le robot est dot\u00e9 de nombreuses fonctionnalit\u00e9s\u00a0:<\/p>\n<h4>Fonction LogiCut<\/h4>\n<p>La fonction LogiCut permet \u00e0 la tondeuse de cartographier l&rsquo;ensemble de son espace afin d&rsquo;en \u00e9tablir les trajectoires les plus pertinentes. Variant ses d\u00e9placements, Indego ne laisse aucune trace apr\u00e8s son passage. L&rsquo;appareil fonctionne de mani\u00e8re rationnelle en bandes parall\u00e8les ce qui lui permet de rendre la pelouse bien verte et en tr\u00e8s bonne sant\u00e9.<\/p>\n<h4>AUTO Calendar Function<\/h4>\n<p>Cette fonctionnalit\u00e9 est tr\u00e8s utile si vous souhaitez un robot tondeuse autonome, sans r\u00e9ellement vous souciez de ses cycles de tonte. Indego S 500 \u00e9tablit un calendrier de tonte en fonction de la taille de votre jardin, et donc de la repousse de l&rsquo;herbe, afin que vous puissiez profiter d&rsquo;une pelouse magnifique tout au long de l&rsquo;ann\u00e9e.<\/p>\n<h4>Fonction SpotMow<\/h4>\n<p>A l&rsquo;aide de la fonction SpotMow, la tondeuse Indego S 500 est capable de concentrer ses efforts sur une zone de tonte pr\u00e9cise n\u00e9cessitant un fort besoin de tonte, ou bien plus difficile d&rsquo;acc\u00e8s, comme sous les meubles de jardin par exemple. La fonctionnalit\u00e9 prend en charge des petites zones jusqu&rsquo;\u00e0 3m2 maximum.<\/p>\n<h4>Fonction MultiArea<\/h4>\n<p>Lorsque vous poss\u00e9dez une habitation avec diff\u00e9rents espaces verts, la fonction MultiArea est tr\u00e8s pratique. Celle-ci permet \u00e0 Indego S 500 de prendre soin de 3 jardins diff\u00e9rents en toute autonomie. Cela permet un gain de temps consid\u00e9rable aussi bien dans le confort que dans la praticit\u00e9. Votre intervention n&rsquo;est plus n\u00e9cessaire.<\/p>\n<h4>Fonction Border<\/h4>\n<p>Afin que l&rsquo;Indego S 500 ne laisse pour compte aucun espace du jardin, le robot est \u00e9quip\u00e9 de la fonction Border qui lui permet de d\u00e9buter son cycle de tonte le long des murs et\/ou du c\u00e2ble p\u00e9riph\u00e9rique. Cette fonctionnalit\u00e9 permet d&rsquo;obtenir une pelouse bien tondue dans la totalit\u00e9 du jardin.<\/p>\n<h4>Silencieuse, autonome et compacte<\/h4>\n<p>Afin de vous d\u00e9ranger le moins possible, le robot tondeuse automatique Indego S 500 de BOSCH dispose d&rsquo;une tonte silencieuse de 61dB qui ne sera g\u00eanante pour personne, aussi bien pour les membres de votre famille que votre voisinage.<\/p>\n<p>L&rsquo;appareil retourne avec autonomie \u00e0 la base de rechargement, lorsque son cycle est termin\u00e9 ou bien lorsque sa batterie est trop faible pour continuer. Aucune intervention de votre part n&rsquo;est n\u00e9cessaire.<\/p>\n<p>Indego S 500 fonctionne sur des espaces pentus jusqu&rsquo;\u00e0 27%, sans aucun risque de chute. Il n&rsquo;est donc plus n\u00e9cessaire de vous soucier de ses d\u00e9placements, l&rsquo;appareil s&rsquo;en sort seul.<\/p>\n<\/p>\n<\/div>\n<p><bl-button a11yexpanded=\"false\" arialabel=\"Afficher toute la description\" class=\"read-more__btn\" full=\"false\" link=\"true\"><\/bl-button><\/div>","protected":false},"excerpt":{"rendered":"<div class=\"keypoints\">\n<h3 class=\"keypoints__title\">Les points cl\u00e9s<\/h3>\n<ul role=\"list\">\n<li class=\"keypoints__item\" role=\"listitem\">                                        Surface couverte : 500 m\u00b2                      <\/li>\n<li class=\"keypoints__item\" role=\"listitem\">                          Autonomie : 1,0 h &#8211;                                                      61 dB                      <\/li>\n<li class=\"keypoints__item\" role=\"listitem\">                                        3 \u00e0 6 cm                      <\/li>\n<li class=\"keypoints__item\" role=\"listitem\">                                        D\u00e9part programmable : Auto-programmation                      <\/li>\n<\/ul>","protected":false},"featured_media":79113,"template":"","meta":{"_glsr_average":0,"_glsr_ranking":0,"_glsr_reviews":0},"product_cat":[413],"product_tag":[387,153,414],"class_list":{"0":"post-79114","1":"product","2":"type-product","3":"status-publish","4":"has-post-thumbnail","6":"product_cat-robot-tondeuse","7":"product_tag-jardin-exterieur","8":"product_tag-maison-entretien","9":"product_tag-robot-tondeuse","11":"first","12":"instock","13":"sale","14":"shipping-taxable","15":"purchasable","16":"product-type-simple"},"_links":{"self":[{"href":"https:\/\/electromenagerexpress.com\/en\/wp-json\/wp\/v2\/product\/79114","targetHints":{"allow":["GET"]}}],"collection":[{"href":"https:\/\/electromenagerexpress.com\/en\/wp-json\/wp\/v2\/product"}],"about":[{"href":"https:\/\/electromenagerexpress.com\/en\/wp-json\/wp\/v2\/types\/product"}],"wp:featuredmedia":[{"embeddable":true,"href":"https:\/\/electromenagerexpress.com\/en\/wp-json\/wp\/v2\/media\/79113"}],"wp:attachment":[{"href":"https:\/\/electromenagerexpress.com\/en\/wp-json\/wp\/v2\/media?parent=79114"}],"wp:term":[{"taxonomy":"product_cat","embeddable":true,"href":"https:\/\/electromenagerexpress.com\/en\/wp-json\/wp\/v2\/product_cat?post=79114"},{"taxonomy":"product_tag","embeddable":true,"href":"https:\/\/electromenagerexpress.com\/en\/wp-json\/wp\/v2\/product_tag?post=79114"}],"curies":[{"name":"wp","href":"https:\/\/api.w.org\/{rel}","templated":true}]}}