{"id":79112,"date":"2024-11-24T14:42:38","date_gmt":"2024-11-24T14:42:38","guid":{"rendered":"https:\/\/electromenagerexpress.com\/product\/robot-piscinezodiacaspirateur-hydraulique-de-fond-piscine\/"},"modified":"2024-11-24T14:42:38","modified_gmt":"2024-11-24T14:42:38","slug":"robot-piscinezodiacaspirateur-hydraulique-de-fond-piscine","status":"publish","type":"product","link":"https:\/\/electromenagerexpress.com\/en\/product\/robot-piscinezodiacaspirateur-hydraulique-de-fond-piscine\/","title":{"rendered":"Robot piscine\t\t\t\t\t\t\tZODIAC\t\t\t\tAspirateur hydraulique de fond piscine"},"content":{"rendered":"<div class=\"product-features__content\">\n<ul role=\"list\">\n<li class=\"product-features__item\" role=\"listitem\">\n<h3 class=\"product-features__label\">Caract\u00e9ristiques g\u00e9n\u00e9rales du robot<\/h3>\n<ul role=\"list\">\n<li class=\"product-features__item-list__item\" role=\"listitem\"><span class=\"is--medium\">Type de robot :<\/span> Hydraulique\t\t\t\t\t<\/li>\n<\/ul>\n<\/li>\n<li class=\"product-features__item\" role=\"listitem\">\n<h3 class=\"product-features__label\">Informations et Services<\/h3>\n<ul role=\"list\">\n<li class=\"product-features__item-list__item\" role=\"listitem\"><span class=\"is--medium\">Garantie :<\/span> 2 ans\t\t\t\t\t<\/li>\n<li class=\"product-features__item-list__item\" role=\"listitem\"><span class=\"is--medium\">Disponibilit\u00e9 des pi\u00e8ces d\u00e9tach\u00e9es (donn\u00e9es fournisseur) :<\/span> Non communiqu\u00e9e\t\t\t\t\t<\/li>\n<li class=\"product-features__item-list__item\" role=\"listitem\"><span class=\"is--medium\">R\u00e9f\u00e9rence constructeur :<\/span> Aspirateur hydraulique de fond piscine\t\t\t\t\t<\/li>\n<li class=\"product-features__item-list__item\" role=\"listitem\"><span class=\"is--medium\">Marque :<\/span> ZODIAC\t\t\t\t\t<\/li>\n<\/ul>\n<\/li>\n<li class=\"product-features__item\" role=\"listitem\">\n<h3 class=\"product-features__label\">Dimensions<\/h3>\n<ul role=\"list\">\n<li class=\"product-features__item-list__item\" role=\"listitem\"><span class=\"is--medium\">Poids :<\/span> 7,5 kg\t\t\t\t\t<\/li>\n<\/ul>\n<\/li>\n<\/ul>\n<\/div>\n<div class=\"product__disclosure-content\">\n<div class=\"js-read-more product-description__content\" data-read-more-name=\"description\" style=\"max-height: 500px; overflow: hidden;\">\n<ul>\n<li>Le robot hydraulique T3 de ZODIAC est un concentr\u00e9 d&rsquo;innovations et de technologie. \u00c9quip\u00e9 de la derni\u00e8re g\u00e9n\u00e9ration de moteur diaphragme DiaCyclone brevet\u00e9 par Zodiac, il est con\u00e7u pour nettoyer efficacement le sol des bassins aussi bien pour les piscines enterr\u00e9s que pour les hors-sols, le DiaCyclone donne +40% de puissance d&rsquo;aspiration<\/li>\n<li>Tuyaux Twist Lock, cette technologie brevet\u00e9e permet d&rsquo;assurer une \u00e9tanch\u00e9it\u00e9 maximale du tuyau gr\u00e2ce \u00e0 un raccordement plus fiable et totalement s\u00e9curis\u00e9. Faciles \u00e0 connecter, les tuyaux sont mieux maintenus. <\/li>\n<\/ul>\n<p>Puissance minimum requise de la pompe de filtration : 1\/2 CV<br \/>Piscine: Hors-sol et enterr\u00e9e de 9 x 5 m\u00e8tres maximum.<br \/>Toutes formes: rectangulaires et ovales (sauf forme libre)<br \/>Tous types de fond: plat et pente douce (sauf pointe de diamant et fausse \u00e0 plonger avec pente compos\u00e9e)<br \/>Tous types de rev\u00eatement: carrelage, liner, coque polyester, b\u00e9ton peint et PVC arm\u00e9<br \/>Nettoyage du fond du bassin<br \/>Installation du robot Zodiac R3 ou T3 sur le syst\u00e8me d&rsquo;aspiration de la piscine (prise balai ou skimmer)<br \/>Source d&rsquo;\u00e9nergie : groupe de filtration<br \/>Technologie du robot Zodiac : hydraulique \u00e0 aspiration<br \/>Syst\u00e8me de fonctionnement : diaphragme Dia Cyclone<br \/>Vitesse de d\u00e9placement \u00a0\u00a0 \u00a06,5 m\/min<br \/>Cycle de nettoyage : 6 h conseill\u00e9e en 3 fois 2 h<br \/>D\u00e9placement du robot Zodiac T3 : al\u00e9atoire<br \/>Tuyaux twist-Lock pour une connexion plus facile <br \/>Longueur de tuyau : 10 sections de 1 m\u00e8tre<br \/>Poids : 1,2 kg<\/p>\n<\/div>\n<\/div>","protected":false},"excerpt":{"rendered":"<div class=\"keypoints\">\n<h3 class=\"keypoints__title\">Les points cl\u00e9s<\/h3>\n<ul role=\"list\">\n<li class=\"keypoints__item\" role=\"listitem\">                                        Type de robot : Hydraulique                      <\/li>\n<\/ul>","protected":false},"featured_media":79111,"template":"","meta":{"_glsr_average":0,"_glsr_ranking":0,"_glsr_reviews":0},"product_cat":[415],"product_tag":[387,153,416],"class_list":{"0":"post-79112","1":"product","2":"type-product","3":"status-publish","4":"has-post-thumbnail","6":"product_cat-robot-piscine","7":"product_tag-jardin-exterieur","8":"product_tag-maison-entretien","9":"product_tag-robot-piscine","11":"first","12":"instock","13":"sale","14":"shipping-taxable","15":"purchasable","16":"product-type-simple"},"_links":{"self":[{"href":"https:\/\/electromenagerexpress.com\/en\/wp-json\/wp\/v2\/product\/79112","targetHints":{"allow":["GET"]}}],"collection":[{"href":"https:\/\/electromenagerexpress.com\/en\/wp-json\/wp\/v2\/product"}],"about":[{"href":"https:\/\/electromenagerexpress.com\/en\/wp-json\/wp\/v2\/types\/product"}],"wp:featuredmedia":[{"embeddable":true,"href":"https:\/\/electromenagerexpress.com\/en\/wp-json\/wp\/v2\/media\/79111"}],"wp:attachment":[{"href":"https:\/\/electromenagerexpress.com\/en\/wp-json\/wp\/v2\/media?parent=79112"}],"wp:term":[{"taxonomy":"product_cat","embeddable":true,"href":"https:\/\/electromenagerexpress.com\/en\/wp-json\/wp\/v2\/product_cat?post=79112"},{"taxonomy":"product_tag","embeddable":true,"href":"https:\/\/electromenagerexpress.com\/en\/wp-json\/wp\/v2\/product_tag?post=79112"}],"curies":[{"name":"wp","href":"https:\/\/api.w.org\/{rel}","templated":true}]}}