{"id":79105,"date":"2024-11-24T14:42:27","date_gmt":"2024-11-24T14:42:27","guid":{"rendered":"https:\/\/electromenagerexpress.com\/product\/tondeuse-gazon-robotgardenagardena-sileno-life-1000-connecte\/"},"modified":"2024-11-24T14:42:31","modified_gmt":"2024-11-24T14:42:31","slug":"tondeuse-gazon-robotgardenagardena-sileno-life-1000-connecte","status":"publish","type":"product","link":"https:\/\/electromenagerexpress.com\/en\/product\/tondeuse-gazon-robotgardenagardena-sileno-life-1000-connecte\/","title":{"rendered":"Tondeuse gazon robot\t\t\t\t\t\t\tGARDENA\t\t\t\tGARDENA Sileno Life 1000 connect\u00e9"},"content":{"rendered":"<div class=\"product-features__content\">\n<ul role=\"list\">\n<li class=\"product-features__item\" role=\"listitem\">\n<h3 class=\"product-features__label\">Caract\u00e9ristique g\u00e9n\u00e9rale<\/h3>\n<ul role=\"list\">\n<li class=\"product-features__item-list__item\" role=\"listitem\"><span class=\"is--medium\">Produit :<\/span> Tondeuse robot\t\t\t\t\t<\/li>\n<li class=\"product-features__item-list__item\" role=\"listitem\"><span class=\"is--medium\">Alimentation :<\/span> Batterie\t\t\t\t\t<\/li>\n<li class=\"product-features__item-list__item\" role=\"listitem\"><span class=\"is--medium\">Type de chargement :<\/span> Base de recharge (automatique)\t\t\t\t\t<\/li>\n<li class=\"product-features__item-list__item\" role=\"listitem\"><span class=\"is--medium\">Autonomie :<\/span> 1,0 h\t\t\t\t\t<\/li>\n<li class=\"product-features__item-list__item\" role=\"listitem\"><span class=\"is--medium\">Temps de charge :<\/span> 1,0 h\t\t\t\t\t<\/li>\n<li class=\"product-features__item-list__item\" role=\"listitem\"><span class=\"is--medium\">Surface couverte :<\/span> 1.000 m\u00b2\t\t\t\t\t<\/li>\n<li class=\"product-features__item-list__item\" role=\"listitem\"><span class=\"is--medium\">Type de batterie :<\/span> Lithium\t\t\t\t\t<\/li>\n<li class=\"product-features__item-list__item\" role=\"listitem\"><span class=\"is--medium\">Niveau sonore :<\/span> 58 dB\t\t\t\t\t<\/li>\n<li class=\"product-features__item-list__item\" role=\"listitem\"><span class=\"is--medium\">Coloris :<\/span> Gris\t\t\t\t\t<\/li>\n<\/ul>\n<\/li>\n<li class=\"product-features__item\" role=\"listitem\">\n<h3 class=\"product-features__label\">Caract\u00e9ristique sp\u00e9cifique<\/h3>\n<ul role=\"list\">\n<li class=\"product-features__item-list__item\" role=\"listitem\"><span class=\"is--medium\">Proc\u00e9d\u00e9 :<\/span> Connectivit\u00e9 Bluetooth via l&rsquo;application Bluetooth GARDENA\t\t\t\t\t<\/li>\n<li class=\"product-features__item-list__item\" role=\"listitem\"><span class=\"is--medium\">Hauteurs de coupe :<\/span> 2 \u00e0 7,6 cm\t\t\t\t\t<\/li>\n<li class=\"product-features__item-list__item\" role=\"listitem\"><span class=\"is--medium\">Largeur de coupe :<\/span> 22,0 cm\t\t\t\t\t<\/li>\n<li class=\"product-features__item-list__item\" role=\"listitem\"><span class=\"is--medium\">D\u00e9part programmable :<\/span> Auto-programmation\t\t\t\t\t<\/li>\n<li class=\"product-features__item-list__item\" role=\"listitem\"><span class=\"is--medium\">Pente maximum (en \u00b0) :<\/span> 19\t\t\t\t\t<\/li>\n<li class=\"product-features__item-list__item\" role=\"listitem\"><span class=\"is--medium\">Fil p\u00e9rim\u00e9trique :<\/span> Oui (\u00e0 installer)\t\t\t\t\t<\/li>\n<li class=\"product-features__item-list__item\" role=\"listitem\"><span class=\"is--medium\">Nombre de zone :<\/span> 1\t\t\t\t\t<\/li>\n<\/ul>\n<\/li>\n<li class=\"product-features__item\" role=\"listitem\">\n<h3 class=\"product-features__label\">Informations et Services<\/h3>\n<ul role=\"list\">\n<li class=\"product-features__item-list__item\" role=\"listitem\"><span class=\"is--medium\">Fabriqu\u00e9 en :<\/span> R\u00e9p. tch\u00e8que\t\t\t\t\t<\/li>\n<li class=\"product-features__item-list__item\" role=\"listitem\"><span class=\"is--medium\">Disponibilit\u00e9 des pi\u00e8ces d\u00e9tach\u00e9es (donn\u00e9es fournisseur) :<\/span> Non communiqu\u00e9e\t\t\t\t\t<\/li>\n<li class=\"product-features__item-list__item\" role=\"listitem\"><span class=\"is--medium\">R\u00e9f\u00e9rence constructeur :<\/span> GARDENA Sileno Life 1000 connect\u00e9\t\t\t\t\t<\/li>\n<li class=\"product-features__item-list__item\" role=\"listitem\"><span class=\"is--medium\">Marque :<\/span> GARDENA\t\t\t\t\t<\/li>\n<\/ul>\n<\/li>\n<\/ul>\n<\/div>\n<div class=\"product__disclosure-content\">\n<div class=\"js-read-more product-description__content read-more read-more--truncated\" data-read-more-name=\"description\" style=\"max-height: 500px; overflow: hidden;\">\n<p><\/p>\n<h4 style=\"font-size:large\">Robot tondeuse connect\u00e9 Bluetooth SILENO Life 1000<\/h4>\n<p><img decoding=\"async\" alt=\"Robot tondeuse GARDENA SILENO Life 1000\" border=\"0\" src=\"https:\/\/www.bestofrobots.fr\/media\/wysiwyg\/Products\/GARDENA\/SILENO\/Life-1000\/Robot-tondeuse-gardena-sileno-life-1000-4.jpg\"\/><\/p>\n<p><\/p>\n<h4 style=\"font-size:large\">Les avantages du\u00a0SILENO Life 1000 :<\/h4>\n<ul>\n<li>Syst\u00e8me de coupe\u00a0: 3 lames de rasoir pivotantes<\/li>\n<li>Hauteur de coupe\u00a0: 20 \u00e0 50mm<\/li>\n<li>Largeur de coupe\u00a0: 22cm<\/li>\n<li>Niveau sonore\u00a0: 58dB(A)<\/li>\n<li>SensorCut System<\/li>\n<li>Sensor Control<\/li>\n<li>EasyPassage\u00a0: Gestion des zones \u00e9troites<\/li>\n<li>S\u00e9curit\u00e9\u00a0: Code PIN<\/li>\n<li>Capteur de soul\u00e8vement<\/li>\n<li>Capteur d&rsquo;inclinaison<\/li>\n<li>Batterie Lion<\/li>\n<li>Temps de charge\u00a0: 60min<\/li>\n<li>Temps de tonte\u00a0: 1h10min<\/li>\n<li>Tableau de bord\u00a0: LCD Display<\/li>\n<li>Poign\u00e9e int\u00e9gr\u00e9e<\/li>\n<li>Inclinaison maximale de 35%<\/li>\n<li>Entretien et installation facilement r\u00e9alisable<\/li>\n<\/ul>\n<p><img decoding=\"async\" alt=\"Robot tondeuse SILENO Life 1000 GARDENA\" border=\"0\" src=\"https:\/\/www.bestofrobots.fr\/media\/wysiwyg\/Products\/GARDENA\/SILENO\/Life-1000\/Robot-tondeuse-gardena-sileno-life-1000-ambiance.jpg\"\/><\/p>\n<p><\/p>\n<h4 style=\"font-size:large\">Un robot tondeuse connect\u00e9 Bluetooth<\/h4>\n<p>Pilotez et programmez le robot tondeuse SILENO Life 1000 \u00e0 distance avec l&rsquo;application\u00a0<em>GARDENA Bluetooth<\/em>. Disponible gratuitement sur IOS et Android, la programmation et le contr\u00f4le de votre robot n&rsquo;aura jamais \u00e9t\u00e9 aussi simple.<\/p>\n<p>Une fois le robot install\u00e9, vous pourrez programmer les plages horaires de tonte en fonction de vos besoins via l&rsquo;\u00e9cran LCD avec menu et l&rsquo;application\u00a0<em>Bluetooth\u00ae GARDENA<\/em>. Tr\u00e8s facile \u00e0 installer, vous pourrez retrouver sur l&rsquo;application un assistant de programmation qui vous guidera \u00e9tape par \u00e9tape. Ensuite vous pourrez ajuster et piloter votre tondeuse robot connect\u00e9e GARDENA en quelques clics depuis votre smartphone et ce jusqu&rsquo;\u00e0 10 m de distance.<\/p>\n<p><\/p>\n<h4 style=\"font-size:large\"><strong>Une tonte parfaitement bien r\u00e9alis\u00e9e<\/strong><\/h4>\n<p>Les lames pivotantes du robot tondeuse GARDENA sont aiguis\u00e9es et tr\u00e8s tranchantes ce qui permet d&rsquo;obtenir des coupes parfaitement uniformes et nettes. Les technologies SensorCut et EasyPassage vous garantissent une tonte sans aucune d\u00e9marcation. R\u00e9glez la hauteur de coupe de votre appareil selon votre convenance. Ajustable entre 20 et 50mm de hauteur, celle-ci se modifie sans l&rsquo;aide d&rsquo;outils.<\/p>\n<p><\/p>\n<h4 style=\"font-size:large\"><strong>Des caract\u00e9ristiques techniques parfaitement adapt\u00e9es <\/strong><\/h4>\n<p>Profitez de votre temps libre, laissez votre robot tondeuse se charger du reste. Confiez-lui la tonte de la pelouse en toute confiance. La technologie coupe mulching permet de d\u00e9poser de fines particules d&rsquo;herbe fra\u00eechement coup\u00e9es sur la pelouse. Cette technique permet de former un engrais naturel et de nourrir la pelouse de mani\u00e8re constante sans produit particulier.<\/p>\n<p><\/p>\n<h4 style=\"font-size:large\"><strong>Une installation facilement r\u00e9alisable<\/strong><\/h4>\n<p>Laissez-vous guider par l&rsquo;assistant de programmation dans le menu intuitif. Il vous propose automatiquement un planning de tonte apr\u00e8s lui avoir indiqu\u00e9 la surface de tonte ainsi que vos jours et horaires qui vous conviennent le plus en termes de cycle de tonte. Le robot tondeuse GARDENA SILENO Life 1000 s&rsquo;adapte donc \u00e0 votre convenance et \u00e0 vos besoins. Vous pourrez cependant modifier ou ajuster manuellement les cycles de coupe propos\u00e9s.<\/p>\n<p><\/p>\n<h4 style=\"font-size:large\"><strong>Une tonte pour les terrains de 1000m\u00b2<\/strong><\/h4>\n<p><strong><img decoding=\"async\" alt=\"GARDENA Robot SILENO Life 1000 tondeuse\" border=\"0\" src=\"https:\/\/www.bestofrobots.fr\/media\/wysiwyg\/Products\/GARDENA\/SILENO\/Life-1000\/Robot-tondeuse-gardena-sileno-life-1000-utilisation.jpg\"\/><\/strong><\/p>\n<\/p>\n<\/div>\n<p><bl-button a11yexpanded=\"false\" arialabel=\"Afficher toute la description\" class=\"read-more__btn\" full=\"false\" link=\"true\"><\/bl-button><\/div>","protected":false},"excerpt":{"rendered":"<div class=\"keypoints\">\n<h3 class=\"keypoints__title\">Les points cl\u00e9s<\/h3>\n<ul role=\"list\">\n<li class=\"keypoints__item\" role=\"listitem\">                                        Surface couverte : 1.000 m\u00b2                      <\/li>\n<li class=\"keypoints__item\" role=\"listitem\">                          Autonomie : 1,0 h &#8211;                                                      58 dB                      <\/li>\n<li class=\"keypoints__item\" role=\"listitem\">                                        2 \u00e0 7,6 cm                      <\/li>\n<li class=\"keypoints__item\" role=\"listitem\">                                        D\u00e9part programmable : Auto-programmation                      <\/li>\n<\/ul>","protected":false},"featured_media":79104,"template":"","meta":{"_glsr_average":0,"_glsr_ranking":0,"_glsr_reviews":0},"product_cat":[413],"product_tag":[387,153,414],"class_list":{"0":"post-79105","1":"product","2":"type-product","3":"status-publish","4":"has-post-thumbnail","6":"product_cat-robot-tondeuse","7":"product_tag-jardin-exterieur","8":"product_tag-maison-entretien","9":"product_tag-robot-tondeuse","11":"first","12":"instock","13":"sale","14":"shipping-taxable","15":"purchasable","16":"product-type-simple"},"_links":{"self":[{"href":"https:\/\/electromenagerexpress.com\/en\/wp-json\/wp\/v2\/product\/79105","targetHints":{"allow":["GET"]}}],"collection":[{"href":"https:\/\/electromenagerexpress.com\/en\/wp-json\/wp\/v2\/product"}],"about":[{"href":"https:\/\/electromenagerexpress.com\/en\/wp-json\/wp\/v2\/types\/product"}],"wp:featuredmedia":[{"embeddable":true,"href":"https:\/\/electromenagerexpress.com\/en\/wp-json\/wp\/v2\/media\/79104"}],"wp:attachment":[{"href":"https:\/\/electromenagerexpress.com\/en\/wp-json\/wp\/v2\/media?parent=79105"}],"wp:term":[{"taxonomy":"product_cat","embeddable":true,"href":"https:\/\/electromenagerexpress.com\/en\/wp-json\/wp\/v2\/product_cat?post=79105"},{"taxonomy":"product_tag","embeddable":true,"href":"https:\/\/electromenagerexpress.com\/en\/wp-json\/wp\/v2\/product_tag?post=79105"}],"curies":[{"name":"wp","href":"https:\/\/api.w.org\/{rel}","templated":true}]}}