{"id":79075,"date":"2024-11-24T14:41:43","date_gmt":"2024-11-24T14:41:43","guid":{"rendered":"https:\/\/electromenagerexpress.com\/product\/robot-piscinebestwaybestway-ruby\/"},"modified":"2024-11-24T14:41:46","modified_gmt":"2024-11-24T14:41:46","slug":"robot-piscinebestwaybestway-ruby","status":"publish","type":"product","link":"https:\/\/electromenagerexpress.com\/en\/product\/robot-piscinebestwaybestway-ruby\/","title":{"rendered":"Robot piscine\t\t\t\t\t\t\tBESTWAY\t\t\t\tBESTWAY Ruby"},"content":{"rendered":"<div class=\"product-features__content\">\n<ul role=\"list\">\n<li class=\"product-features__item\" role=\"listitem\">\n<h3 class=\"product-features__label\">Caract\u00e9ristiques g\u00e9n\u00e9rales du robot<\/h3>\n<ul role=\"list\">\n<li class=\"product-features__item-list__item\" role=\"listitem\"><span class=\"is--medium\">Type de robot :<\/span> Electrique\t\t\t\t\t<\/li>\n<li class=\"product-features__item-list__item\" role=\"listitem\"><span class=\"is--medium\">Type de d\u00e9placement :<\/span> Automatique\t\t\t\t\t<\/li>\n<li class=\"product-features__item-list__item\" role=\"listitem\"><span class=\"is--medium\">Puissance d&rsquo;aspiration :<\/span> 10 m\u00b3\/h\t\t\t\t\t<\/li>\n<li class=\"product-features__item-list__item\" role=\"listitem\"><span class=\"is--medium\">Type de nettoyage :<\/span> Fond, Parois, Ligne d&rsquo;eau\t\t\t\t\t<\/li>\n<li class=\"product-features__item-list__item\" role=\"listitem\"><span class=\"is--medium\">T\u00e9l\u00e9command\u00e9 :<\/span> Non\t\t\t\t\t<\/li>\n<li class=\"product-features__item-list__item\" role=\"listitem\"><span class=\"is--medium\">Dur\u00e9e de cycles :<\/span> 1h30 \u00e0 2h30\t\t\t\t\t<\/li>\n<li class=\"product-features__item-list__item\" role=\"listitem\"><span class=\"is--medium\">Fonctions particuli\u00e8res :<\/span> Indicateur lumineux de fonctionnement Avertissement de batterie faible\t\t\t\t\t<\/li>\n<li class=\"product-features__item-list__item\" role=\"listitem\"><span class=\"is--medium\">Vitesse de d\u00e9placement :<\/span> 11 m\/mn\t\t\t\t\t<\/li>\n<\/ul>\n<\/li>\n<li class=\"product-features__item\" role=\"listitem\">\n<h3 class=\"product-features__label\">Informations et Services<\/h3>\n<ul role=\"list\">\n<li class=\"product-features__item-list__item\" role=\"listitem\"><span class=\"is--medium\">Fabriqu\u00e9 en :<\/span> Chine\t\t\t\t\t<\/li>\n<li class=\"product-features__item-list__item\" role=\"listitem\"><span class=\"is--medium\">Disponibilit\u00e9 des pi\u00e8ces d\u00e9tach\u00e9es (donn\u00e9es fournisseur) :<\/span> Non communiqu\u00e9e\t\t\t\t\t<\/li>\n<li class=\"product-features__item-list__item\" role=\"listitem\"><span class=\"is--medium\">R\u00e9f\u00e9rence constructeur :<\/span> BESTWAY Ruby\t\t\t\t\t<\/li>\n<li class=\"product-features__item-list__item\" role=\"listitem\"><span class=\"is--medium\">Marque :<\/span> BESTWAY\t\t\t\t\t<\/li>\n<\/ul>\n<\/li>\n<\/ul>\n<\/div>\n<div class=\"product__disclosure-content\">\n<div class=\"js-read-more product-description__content\" data-read-more-name=\"description\" style=\"max-height: 500px; overflow: hidden;\">\n<p><\/p>\n<h4 style=\"font-size:large\">Robot de piscine \u00e0 batterie BESTWAY Ruby<\/h4>\n<p><img decoding=\"async\" 1201\"=\"\" alt=\" width=\" border=\"0\" src=\"https:\/\/www.bestofrobots.fr\/media\/wysiwyg\/Products\/BESTWAY\/Robot\/BESTWAY-Ruby-robot-piscine-piscine-vue-arriere.png\"\/><\/p>\n<p><\/p>\n<h4 style=\"font-size:large\">Un nettoyage optimis\u00e9<\/h4>\n<p>Afin de nettoyer votre piscine en un temps optimal, le robot BESTWAY Ruby est \u00e9quip\u00e9 d&rsquo;un syst\u00e8me gyroscopique. Ce syst\u00e8me permet au robot de scanner la dimension de la piscine afin d&rsquo;optimiser ses d\u00e9placements et donc son nettoyage. Le robot va par exemple repartir en sens inverse en atteignant la paroi ou monter \u00e0 la ligne d&rsquo;eau.<\/p>\n<p><\/p>\n<h4 style=\"font-size:large\">Un robot peu \u00e9nergivore<\/h4>\n<p>Ayant \u00e0 coeur d&rsquo;\u00eatre respectueux de son environnement, le robot BESTWAY Ruby consomme peu d&rsquo;\u00e9nergie. Du fait qu&rsquo;il soit un robot \u00e0 batterie, le Ruby consomme uniquement lors de son temps de chargement. Sa faible puissance\/consommation, de l&rsquo;ordre de 45W, est rendu possible gr\u00e2ce \u00e0 un temps de chargement plus long (7h) que la moyenne. De plus, sa vitesse de d\u00e9placement de 660m\/h ainsi que son d\u00e9bit de filtration de 10m3\/h lui permettent de gagner en autonomie sans pour autant l\u00e9siner sur son efficacit\u00e9.<\/p>\n<p><\/p>\n<h4 style=\"font-size:large\">Et plus encore<\/h4>\n<\/p>\n<\/div>\n<\/div>","protected":false},"excerpt":{"rendered":"<div class=\"keypoints\">\n<h3 class=\"keypoints__title\">Les points cl\u00e9s<\/h3>\n<ul role=\"list\">\n<li class=\"keypoints__item\" role=\"listitem\">                                        Type de nettoyage : Fond, Parois, Ligne d&rsquo;eau                      <\/li>\n<li class=\"keypoints__item\" role=\"listitem\">                                        Type de robot : Electrique                      <\/li>\n<li class=\"keypoints__item\" role=\"listitem\">                                        Puissance d&rsquo;aspiration : 10 m\u00b3\/h                      <\/li>\n<\/ul>","protected":false},"featured_media":79074,"template":"","meta":{"_glsr_average":0,"_glsr_ranking":0,"_glsr_reviews":0},"product_cat":[415],"product_tag":[387,153,416],"class_list":{"0":"post-79075","1":"product","2":"type-product","3":"status-publish","4":"has-post-thumbnail","6":"product_cat-robot-piscine","7":"product_tag-jardin-exterieur","8":"product_tag-maison-entretien","9":"product_tag-robot-piscine","11":"first","12":"instock","13":"sale","14":"shipping-taxable","15":"purchasable","16":"product-type-simple"},"_links":{"self":[{"href":"https:\/\/electromenagerexpress.com\/en\/wp-json\/wp\/v2\/product\/79075","targetHints":{"allow":["GET"]}}],"collection":[{"href":"https:\/\/electromenagerexpress.com\/en\/wp-json\/wp\/v2\/product"}],"about":[{"href":"https:\/\/electromenagerexpress.com\/en\/wp-json\/wp\/v2\/types\/product"}],"wp:featuredmedia":[{"embeddable":true,"href":"https:\/\/electromenagerexpress.com\/en\/wp-json\/wp\/v2\/media\/79074"}],"wp:attachment":[{"href":"https:\/\/electromenagerexpress.com\/en\/wp-json\/wp\/v2\/media?parent=79075"}],"wp:term":[{"taxonomy":"product_cat","embeddable":true,"href":"https:\/\/electromenagerexpress.com\/en\/wp-json\/wp\/v2\/product_cat?post=79075"},{"taxonomy":"product_tag","embeddable":true,"href":"https:\/\/electromenagerexpress.com\/en\/wp-json\/wp\/v2\/product_tag?post=79075"}],"curies":[{"name":"wp","href":"https:\/\/api.w.org\/{rel}","templated":true}]}}