{"id":79048,"date":"2024-11-24T14:40:53","date_gmt":"2024-11-24T14:40:53","guid":{"rendered":"https:\/\/electromenagerexpress.com\/product\/robot-piscineaipersans-fil-surfer-m1\/"},"modified":"2024-11-24T14:41:00","modified_gmt":"2024-11-24T14:41:00","slug":"robot-piscineaipersans-fil-surfer-m1","status":"publish","type":"product","link":"https:\/\/electromenagerexpress.com\/en\/product\/robot-piscineaipersans-fil-surfer-m1\/","title":{"rendered":"Robot piscine\t\t\t\t\t\t\tAIPER\t\t\t\tsans fil Surfer M1"},"content":{"rendered":"<div class=\"product-features__content\">\n<ul role=\"list\">\n<li class=\"product-features__item\" role=\"listitem\">\n<h3 class=\"product-features__label\">Caract\u00e9ristiques de la piscine<\/h3>\n<ul role=\"list\">\n<li class=\"product-features__item-list__item\" role=\"listitem\"><span class=\"is--medium\">Type de piscine :<\/span> Enterr\u00e9e, Hors-sol\t\t\t\t\t<\/li>\n<li class=\"product-features__item-list__item\" role=\"listitem\"><span class=\"is--medium\">Longueur de piscine :<\/span> 15 m\t\t\t\t\t<\/li>\n<li class=\"product-features__item-list__item\" role=\"listitem\"><span class=\"is--medium\">Forme de piscine :<\/span> Ovale, Ronde, Carr\u00e9e, Toutes formes\t\t\t\t\t<\/li>\n<li class=\"product-features__item-list__item\" role=\"listitem\"><span class=\"is--medium\">Fond de piscine :<\/span> Plat\t\t\t\t\t<\/li>\n<li class=\"product-features__item-list__item\" role=\"listitem\"><span class=\"is--medium\">Rev\u00eatement :<\/span> Carrelage, Liner, Coque polyester, PVC arm\u00e9, B\u00e9ton, B\u00e9ton peint, Fibre de verre, Vinyle\t\t\t\t\t<\/li>\n<\/ul>\n<\/li>\n<li class=\"product-features__item\" role=\"listitem\">\n<h3 class=\"product-features__label\">Caract\u00e9ristiques g\u00e9n\u00e9rales du robot<\/h3>\n<ul role=\"list\">\n<li class=\"product-features__item-list__item\" role=\"listitem\"><span class=\"is--medium\">Type de robot :<\/span> Electrique\t\t\t\t\t<\/li>\n<li class=\"product-features__item-list__item\" role=\"listitem\"><span class=\"is--medium\">Fonctionnement :<\/span> Sans fil\t\t\t\t\t<\/li>\n<li class=\"product-features__item-list__item\" role=\"listitem\"><span class=\"is--medium\">Type de d\u00e9placement :<\/span> Automatique\t\t\t\t\t<\/li>\n<li class=\"product-features__item-list__item\" role=\"listitem\"><span class=\"is--medium\">Puissance d&rsquo;aspiration :<\/span> 12 m\u00b3\/h\t\t\t\t\t<\/li>\n<li class=\"product-features__item-list__item\" role=\"listitem\"><span class=\"is--medium\">Type de nettoyage :<\/span> Fond\t\t\t\t\t<\/li>\n<li class=\"product-features__item-list__item\" role=\"listitem\"><span class=\"is--medium\">Capacit\u00e9 de filtration :<\/span> 100 microns \/ 5 L\t\t\t\t\t<\/li>\n<li class=\"product-features__item-list__item\" role=\"listitem\"><span class=\"is--medium\">Panier de r\u00e9cup\u00e9ration :<\/span> 5 litres\t\t\t\t\t<\/li>\n<li class=\"product-features__item-list__item\" role=\"listitem\"><span class=\"is--medium\">Application d\u00e9di\u00e9e :<\/span> Oui, application gratuite Aiper\t\t\t\t\t<\/li>\n<li class=\"product-features__item-list__item\" role=\"listitem\"><span class=\"is--medium\">Anti-UV :<\/span> Oui, l&rsquo;appareil est prot\u00e9g\u00e9 contre les UV et ne s&rsquo;ab\u00eeme pas\t\t\t\t\t<\/li>\n<li class=\"product-features__item-list__item\" role=\"listitem\"><span class=\"is--medium\">Type de filtration :<\/span> Plateau filtrant\t\t\t\t\t<\/li>\n<\/ul>\n<\/li>\n<li class=\"product-features__item\" role=\"listitem\">\n<h3 class=\"product-features__label\">Caract\u00e9ristiques techniques du robot<\/h3>\n<ul role=\"list\">\n<li class=\"product-features__item-list__item\" role=\"listitem\"><span class=\"is--medium\">Nombre de moteurs :<\/span> 1\t\t\t\t\t<\/li>\n<\/ul>\n<\/li>\n<li class=\"product-features__item\" role=\"listitem\">\n<h3 class=\"product-features__label\">Autonomie et chargement<\/h3>\n<ul role=\"list\">\n<li class=\"product-features__item-list__item\" role=\"listitem\"><span class=\"is--medium\">Autonomie :<\/span> 720 mn\t\t\t\t\t<\/li>\n<li class=\"product-features__item-list__item\" role=\"listitem\"><span class=\"is--medium\">Temps de charge :<\/span> 150 mn\t\t\t\t\t<\/li>\n<li class=\"product-features__item-list__item\" role=\"listitem\"><span class=\"is--medium\">Charge solaire :<\/span> Oui\t\t\t\t\t<\/li>\n<\/ul>\n<\/li>\n<li class=\"product-features__item\" role=\"listitem\">\n<h3 class=\"product-features__label\">Informations et Services<\/h3>\n<ul role=\"list\">\n<li class=\"product-features__item-list__item\" role=\"listitem\"><span class=\"is--medium\">Fabriqu\u00e9 en :<\/span> Chine\t\t\t\t\t<\/li>\n<li class=\"product-features__item-list__item\" role=\"listitem\"><span class=\"is--medium\">Garantie :<\/span> 2 ans\t\t\t\t\t<\/li>\n<li class=\"product-features__item-list__item\" role=\"listitem\"><span class=\"is--medium\">Disponibilit\u00e9 des pi\u00e8ces d\u00e9tach\u00e9es (donn\u00e9es fournisseur) :<\/span> Pas de pi\u00e8ce disponible\t\t\t\t\t<\/li>\n<li class=\"product-features__item-list__item\" role=\"listitem\"><span class=\"is--medium\">R\u00e9f\u00e9rence constructeur :<\/span> sans fil Surfer M1\t\t\t\t\t<\/li>\n<li class=\"product-features__item-list__item\" role=\"listitem\"><span class=\"is--medium\">Marque :<\/span> AIPER\t\t\t\t\t<\/li>\n<\/ul>\n<\/li>\n<\/ul>\n<\/div>\n<div class=\"product__disclosure-content\">\n<div class=\"js-read-more product-description__content read-more read-more--truncated\" data-read-more-name=\"description\" style=\"max-height: 500px; overflow: hidden;\">\n<div class=\"product__description-content read-more\" style=\"\">\n<p>Aiper Surfer M1 : L&rsquo;innovation au service de la propret\u00e9 de votre piscine<\/p>\n<h3> <img fetchpriority=\"high\" decoding=\"async\" ,=\"\" alt=\"Robot piscine AIPER Surfer M1\" class=\"wy_tableau_gauche\" height=\"270\" src=\"https:\/\/boulanger.scene7.com\/is\/image\/Boulanger\/6975140315106_h_f_l_0?wid=400&amp;hei=270\" width=\"400\"\/>Nettoyage solaire et intelligent <\/h3>\n<p> Le robot piscine Aiper Surfer M1 r\u00e9volutionne l&rsquo;entretien de votre bassin gr\u00e2ce \u00e0 son syst\u00e8me de charge solaire, vous offrant jusqu&rsquo;\u00e0 12 heures d&rsquo;autonomie pour un nettoyage sans interruption. \u00c9quip\u00e9 d&rsquo;un d\u00e9tecteur ultrasonique intelligent, il parcourt m\u00e9ticuleusement votre piscine, quelle que soit sa forme, pour une propret\u00e9 irr\u00e9prochable. Sa conception robuste en mat\u00e9riau ASA r\u00e9sistant aux UV lui permet d&rsquo;exceller dans tous les types de piscines, y compris celles \u00e0 eau sal\u00e9e ou naturelles, garantissant ainsi une durabilit\u00e9 et une adaptabilit\u00e9 sans faille. <\/p>\n<\/p>\n<h3> <img decoding=\"async\" ,=\"\" alt=\"Robot piscine AIPER Surfer M1\" class=\"wy_tableau_right\" height=\"270\" src=\"https:\/\/boulanger.scene7.com\/is\/image\/Boulanger\/6975140315106_h_f_l_1?wid=400&amp;hei=270\" width=\"400\"\/>Contr\u00f4le et efficacit\u00e9 \u00e0 port\u00e9e de main <\/h3>\n<p> Avec le Surfer M1, la ma\u00eetrise du nettoyage de votre piscine se trouve au creux de votre main. L&rsquo;application Aiper vous permet de programmer, personnaliser ou diriger manuellement les modes de nettoyage pour une exp\u00e9rience optimale. Son panier de filtration anti-d\u00e9versement de 5L, accessible par le dessus, associ\u00e9 \u00e0 un moteur sans balais, assure une collecte efficace des d\u00e9bris. La combinaison de la conception de la roue \u00e0 aubes et du contr\u00f4le pr\u00e9cis par application rend ce robot piscine indispensable pour maintenir votre piscine \u00e9tincelante avec facilit\u00e9 et efficacit\u00e9. <\/p>\n<\/p><\/div>\n<\/p>\n<\/div>\n<p><bl-button a11yexpanded=\"false\" arialabel=\"Afficher toute la description\" class=\"read-more__btn\" full=\"false\" link=\"true\"><\/bl-button><\/div>","protected":false},"excerpt":{"rendered":"<div class=\"keypoints\">\n<h3 class=\"keypoints__title\">Les points cl\u00e9s<\/h3>\n<ul role=\"list\">\n<li class=\"keypoints__item\" role=\"listitem\">                                        Autonomie : 720 mn                      <\/li>\n<li class=\"keypoints__item\" role=\"listitem\">                                        Type de nettoyage : Fond                      <\/li>\n<li class=\"keypoints__item\" role=\"listitem\">                                        Type de robot : Electrique                      <\/li>\n<li class=\"keypoints__item\" role=\"listitem\">                                        Puissance d&rsquo;aspiration : 12 m\u00b3\/h                      <\/li>\n<li class=\"keypoints__item keypoints__item--advantage\" role=\"listitem\"><strong>Le + :<\/strong> \u00c9limine les d\u00e9bris en surface et garde votre piscine propre sans le moindre effort      <\/li>\n<\/ul>","protected":false},"featured_media":79047,"template":"","meta":{"_glsr_average":0,"_glsr_ranking":0,"_glsr_reviews":0},"product_cat":[415],"product_tag":[387,153,416],"class_list":{"0":"post-79048","1":"product","2":"type-product","3":"status-publish","4":"has-post-thumbnail","6":"product_cat-robot-piscine","7":"product_tag-jardin-exterieur","8":"product_tag-maison-entretien","9":"product_tag-robot-piscine","11":"first","12":"instock","13":"sale","14":"shipping-taxable","15":"purchasable","16":"product-type-simple"},"_links":{"self":[{"href":"https:\/\/electromenagerexpress.com\/en\/wp-json\/wp\/v2\/product\/79048","targetHints":{"allow":["GET"]}}],"collection":[{"href":"https:\/\/electromenagerexpress.com\/en\/wp-json\/wp\/v2\/product"}],"about":[{"href":"https:\/\/electromenagerexpress.com\/en\/wp-json\/wp\/v2\/types\/product"}],"wp:featuredmedia":[{"embeddable":true,"href":"https:\/\/electromenagerexpress.com\/en\/wp-json\/wp\/v2\/media\/79047"}],"wp:attachment":[{"href":"https:\/\/electromenagerexpress.com\/en\/wp-json\/wp\/v2\/media?parent=79048"}],"wp:term":[{"taxonomy":"product_cat","embeddable":true,"href":"https:\/\/electromenagerexpress.com\/en\/wp-json\/wp\/v2\/product_cat?post=79048"},{"taxonomy":"product_tag","embeddable":true,"href":"https:\/\/electromenagerexpress.com\/en\/wp-json\/wp\/v2\/product_tag?post=79048"}],"curies":[{"name":"wp","href":"https:\/\/api.w.org\/{rel}","templated":true}]}}