{"id":79038,"date":"2024-11-24T14:40:43","date_gmt":"2024-11-24T14:40:43","guid":{"rendered":"https:\/\/electromenagerexpress.com\/product\/robot-piscineaipersans-fil-scuba-e1\/"},"modified":"2024-11-24T14:40:50","modified_gmt":"2024-11-24T14:40:50","slug":"robot-piscineaipersans-fil-scuba-e1","status":"publish","type":"product","link":"https:\/\/electromenagerexpress.com\/en\/product\/robot-piscineaipersans-fil-scuba-e1\/","title":{"rendered":"Robot piscine\t\t\t\t\t\t\tAIPER\t\t\t\tsans fil Scuba E1"},"content":{"rendered":"<div class=\"product-features__content\">\n<ul role=\"list\">\n<li class=\"product-features__item\" role=\"listitem\">\n<h3 class=\"product-features__label\">Caract\u00e9ristiques de la piscine<\/h3>\n<ul role=\"list\">\n<li class=\"product-features__item-list__item\" role=\"listitem\"><span class=\"is--medium\">Type de piscine :<\/span> Enterr\u00e9e\t\t\t\t\t<\/li>\n<li class=\"product-features__item-list__item\" role=\"listitem\"><span class=\"is--medium\">Longueur de piscine :<\/span> 15 m\t\t\t\t\t<\/li>\n<li class=\"product-features__item-list__item\" role=\"listitem\"><span class=\"is--medium\">Temp\u00e9rature de l&rsquo;eau minimum :<\/span> 5 \u00b0C\t\t\t\t\t<\/li>\n<li class=\"product-features__item-list__item\" role=\"listitem\"><span class=\"is--medium\">Forme de piscine :<\/span> Ovale, Carr\u00e9e\t\t\t\t\t<\/li>\n<li class=\"product-features__item-list__item\" role=\"listitem\"><span class=\"is--medium\">Fond de piscine :<\/span> Pente douce, Plat\t\t\t\t\t<\/li>\n<li class=\"product-features__item-list__item\" role=\"listitem\"><span class=\"is--medium\">Rev\u00eatement :<\/span> Carrelage, Liner, Coque polyester, PVC arm\u00e9, B\u00e9ton, B\u00e9ton peint, Fibre de verre, Vinyle\t\t\t\t\t<\/li>\n<\/ul>\n<\/li>\n<li class=\"product-features__item\" role=\"listitem\">\n<h3 class=\"product-features__label\">Caract\u00e9ristiques g\u00e9n\u00e9rales du robot<\/h3>\n<ul role=\"list\">\n<li class=\"product-features__item-list__item\" role=\"listitem\"><span class=\"is--medium\">Type de robot :<\/span> Electrique\t\t\t\t\t<\/li>\n<li class=\"product-features__item-list__item\" role=\"listitem\"><span class=\"is--medium\">Fonctionnement :<\/span> Sans fil\t\t\t\t\t<\/li>\n<li class=\"product-features__item-list__item\" role=\"listitem\"><span class=\"is--medium\">Type de d\u00e9placement :<\/span> Automatique\t\t\t\t\t<\/li>\n<li class=\"product-features__item-list__item\" role=\"listitem\"><span class=\"is--medium\">Puissance d&rsquo;aspiration :<\/span> 12 m\u00b3\/h\t\t\t\t\t<\/li>\n<li class=\"product-features__item-list__item\" role=\"listitem\"><span class=\"is--medium\">Type de nettoyage :<\/span> Fond, Parois\t\t\t\t\t<\/li>\n<li class=\"product-features__item-list__item\" role=\"listitem\"><span class=\"is--medium\">Capacit\u00e9 de filtration :<\/span> 180 microns\t\t\t\t\t<\/li>\n<li class=\"product-features__item-list__item\" role=\"listitem\"><span class=\"is--medium\">Panier de r\u00e9cup\u00e9ration :<\/span> 3,5 litres\t\t\t\t\t<\/li>\n<\/ul>\n<\/li>\n<li class=\"product-features__item\" role=\"listitem\">\n<h3 class=\"product-features__label\">Caract\u00e9ristiques techniques du robot<\/h3>\n<ul role=\"list\">\n<li class=\"product-features__item-list__item\" role=\"listitem\"><span class=\"is--medium\">Nombre de moteurs :<\/span> 2\t\t\t\t\t<\/li>\n<\/ul>\n<\/li>\n<li class=\"product-features__item\" role=\"listitem\">\n<h3 class=\"product-features__label\">Autonomie et chargement<\/h3>\n<ul role=\"list\">\n<li class=\"product-features__item-list__item\" role=\"listitem\"><span class=\"is--medium\">Autonomie :<\/span> 150 mn\t\t\t\t\t<\/li>\n<li class=\"product-features__item-list__item\" role=\"listitem\"><span class=\"is--medium\">Temps de charge :<\/span> 240 mn\t\t\t\t\t<\/li>\n<li class=\"product-features__item-list__item\" role=\"listitem\"><span class=\"is--medium\">Charge solaire :<\/span> Oui\t\t\t\t\t<\/li>\n<\/ul>\n<\/li>\n<li class=\"product-features__item\" role=\"listitem\">\n<h3 class=\"product-features__label\">Informations et Services<\/h3>\n<ul role=\"list\">\n<li class=\"product-features__item-list__item\" role=\"listitem\"><span class=\"is--medium\">Fabriqu\u00e9 en :<\/span> Chine\t\t\t\t\t<\/li>\n<li class=\"product-features__item-list__item\" role=\"listitem\"><span class=\"is--medium\">Garantie :<\/span> 2 ans\t\t\t\t\t<\/li>\n<li class=\"product-features__item-list__item\" role=\"listitem\"><span class=\"is--medium\">Disponibilit\u00e9 des pi\u00e8ces d\u00e9tach\u00e9es (donn\u00e9es fournisseur) :<\/span> Pendant 5 ans, \u00e0 compter de la date fin de commercialisation\t\t\t\t\t<\/li>\n<li class=\"product-features__item-list__item\" role=\"listitem\"><span class=\"is--medium\">R\u00e9f\u00e9rence constructeur :<\/span> sans fil Scuba E1\t\t\t\t\t<\/li>\n<li class=\"product-features__item-list__item\" role=\"listitem\"><span class=\"is--medium\">Marque :<\/span> AIPER\t\t\t\t\t<\/li>\n<\/ul>\n<\/li>\n<\/ul>\n<\/div>\n<div class=\"product__disclosure-content\">\n<div class=\"js-read-more product-description__content read-more read-more--truncated\" data-read-more-name=\"description\" style=\"max-height: 500px; overflow: hidden;\">\n<div class=\"product__description-content read-more\" style=\"\">\n<p>Robot piscine AIPER Scuba N1 : L&rsquo;innovation au service de la propret\u00e9<\/p>\n<h3> <img fetchpriority=\"high\" decoding=\"async\" ,=\"\" alt=\"Robot piscine AIPER Scuba N1\" class=\"wy_tableau_gauche\" height=\"270\" src=\"https:\/\/boulanger.scene7.com\/is\/image\/Boulanger\/6975140315151_h_f_l_0?wid=400&amp;hei=270\" width=\"400\"\/>Performance de nettoyage in\u00e9gal\u00e9e pour piscines enterr\u00e9es                    <\/h3>\n<p>                        Le Robot piscine AIPER Scuba N1 est con\u00e7u pour offrir un nettoyage impeccable des piscines enterr\u00e9es jusqu&rsquo;\u00e0 150 m\u00b2. Gr\u00e2ce \u00e0 son moteur sans balais et sa capacit\u00e9 de filtration de 300 LPM, il assure un entretien efficace de l&rsquo;eau. La brosse dynamique en silicone \u00e9limine avec aisance salet\u00e9s et d\u00e9bris, tandis que les chenilles du robot garantissent une mobilit\u00e9 optimale sur tous les terrains, assurant un nettoyage complet du sol aux parois et jusqu&rsquo;\u00e0 la ligne d&rsquo;eau de votre piscine.                    <\/p>\n<\/p>\n<h3> <img decoding=\"async\" ,=\"\" alt=\"Robot piscine AIPER Scuba N1\" class=\"wy_tableau_right\" height=\"270\" src=\"https:\/\/boulanger.scene7.com\/is\/image\/Boulanger\/6975140315151_h_f_l_1?wid=400&amp;hei=270\" width=\"400\"\/>Technologie de navigation WavePath\u2122 et modes de nettoyage personnalisables                    <\/h3>\n<p>                        Dot\u00e9 de la technologie de navigation WavePath\u2122 2.0, le Scuba N1 optimise sa couverture de nettoyage en s&rsquo;adaptant au flux naturel de votre piscine. Ses quatre modes de nettoyage, incluant un mode \u00c9co pour un entretien p\u00e9riodique, permettent d&rsquo;ajuster le nettoyage aux besoins sp\u00e9cifiques de votre bassin. De plus, avec l&rsquo;option de panneaux solaires, le Scuba N1 devient une solution de nettoyage autonome et \u00e9co\u00e9nerg\u00e9tique, vous assurant une piscine pr\u00eate \u00e0 l&#8217;emploi sans effort suppl\u00e9mentaire.                    <\/p>\n<\/p><\/div>\n<\/p>\n<\/div>\n<p><bl-button a11yexpanded=\"false\" arialabel=\"Afficher toute la description\" class=\"read-more__btn\" full=\"false\" link=\"true\"><\/bl-button><\/div>","protected":false},"excerpt":{"rendered":"<div class=\"keypoints\">\n<h3 class=\"keypoints__title\">Les points cl\u00e9s<\/h3>\n<ul role=\"list\">\n<li class=\"keypoints__item\" role=\"listitem\">                                        Autonomie : 150 mn                      <\/li>\n<li class=\"keypoints__item\" role=\"listitem\">                                        Type de nettoyage : Fond, Parois                      <\/li>\n<li class=\"keypoints__item\" role=\"listitem\">                                        Type de robot : Electrique                      <\/li>\n<li class=\"keypoints__item\" role=\"listitem\">                                        Puissance d&rsquo;aspiration : 12 m\u00b3\/h                      <\/li>\n<li class=\"keypoints__item keypoints__item--advantage\" role=\"listitem\"><strong>Le + :<\/strong> Dot\u00e9 de 4 modes de nettoyage : auto, \u00e9co, mur et sol pour une propret\u00e9 impeccable et rapide      <\/li>\n<\/ul>","protected":false},"featured_media":79037,"template":"","meta":{"_glsr_average":0,"_glsr_ranking":0,"_glsr_reviews":0},"product_cat":[415],"product_tag":[387,153,416],"class_list":{"0":"post-79038","1":"product","2":"type-product","3":"status-publish","4":"has-post-thumbnail","6":"product_cat-robot-piscine","7":"product_tag-jardin-exterieur","8":"product_tag-maison-entretien","9":"product_tag-robot-piscine","11":"first","12":"instock","13":"sale","14":"shipping-taxable","15":"purchasable","16":"product-type-simple"},"_links":{"self":[{"href":"https:\/\/electromenagerexpress.com\/en\/wp-json\/wp\/v2\/product\/79038","targetHints":{"allow":["GET"]}}],"collection":[{"href":"https:\/\/electromenagerexpress.com\/en\/wp-json\/wp\/v2\/product"}],"about":[{"href":"https:\/\/electromenagerexpress.com\/en\/wp-json\/wp\/v2\/types\/product"}],"wp:featuredmedia":[{"embeddable":true,"href":"https:\/\/electromenagerexpress.com\/en\/wp-json\/wp\/v2\/media\/79037"}],"wp:attachment":[{"href":"https:\/\/electromenagerexpress.com\/en\/wp-json\/wp\/v2\/media?parent=79038"}],"wp:term":[{"taxonomy":"product_cat","embeddable":true,"href":"https:\/\/electromenagerexpress.com\/en\/wp-json\/wp\/v2\/product_cat?post=79038"},{"taxonomy":"product_tag","embeddable":true,"href":"https:\/\/electromenagerexpress.com\/en\/wp-json\/wp\/v2\/product_tag?post=79038"}],"curies":[{"name":"wp","href":"https:\/\/api.w.org\/{rel}","templated":true}]}}