{"id":79029,"date":"2024-11-24T14:40:29","date_gmt":"2024-11-24T14:40:29","guid":{"rendered":"https:\/\/electromenagerexpress.com\/product\/robot-piscineaipersans-fil-seagull-pro-lite\/"},"modified":"2024-11-24T14:40:35","modified_gmt":"2024-11-24T14:40:35","slug":"robot-piscineaipersans-fil-seagull-pro-lite","status":"publish","type":"product","link":"https:\/\/electromenagerexpress.com\/en\/product\/robot-piscineaipersans-fil-seagull-pro-lite\/","title":{"rendered":"Robot piscine\t\t\t\t\t\t\tAIPER\t\t\t\tsans fil Seagull Pro Lite"},"content":{"rendered":"<div class=\"product-features__content\">\n<ul role=\"list\">\n<li class=\"product-features__item\" role=\"listitem\">\n<h3 class=\"product-features__label\">Caract\u00e9ristiques de la piscine<\/h3>\n<ul role=\"list\">\n<li class=\"product-features__item-list__item\" role=\"listitem\"><span class=\"is--medium\">Type de piscine :<\/span> Enterr\u00e9e\t\t\t\t\t<\/li>\n<li class=\"product-features__item-list__item\" role=\"listitem\"><span class=\"is--medium\">Longueur de piscine :<\/span> 15 m\t\t\t\t\t<\/li>\n<li class=\"product-features__item-list__item\" role=\"listitem\"><span class=\"is--medium\">Profondeur du bassin :<\/span> 3,0 m\t\t\t\t\t<\/li>\n<li class=\"product-features__item-list__item\" role=\"listitem\"><span class=\"is--medium\">Temp\u00e9rature de l&rsquo;eau minimum :<\/span> 10 \u00b0C\t\t\t\t\t<\/li>\n<li class=\"product-features__item-list__item\" role=\"listitem\"><span class=\"is--medium\">Forme de piscine :<\/span> Carr\u00e9e\t\t\t\t\t<\/li>\n<li class=\"product-features__item-list__item\" role=\"listitem\"><span class=\"is--medium\">Fond de piscine :<\/span> Pente douce, Plat\t\t\t\t\t<\/li>\n<li class=\"product-features__item-list__item\" role=\"listitem\"><span class=\"is--medium\">Rev\u00eatement :<\/span> Liner, Coque polyester, PVC arm\u00e9, B\u00e9ton, B\u00e9ton peint, Fibre de verre, Vinyle\t\t\t\t\t<\/li>\n<\/ul>\n<\/li>\n<li class=\"product-features__item\" role=\"listitem\">\n<h3 class=\"product-features__label\">Caract\u00e9ristiques g\u00e9n\u00e9rales du robot<\/h3>\n<ul role=\"list\">\n<li class=\"product-features__item-list__item\" role=\"listitem\"><span class=\"is--medium\">Type de robot :<\/span> Electrique\t\t\t\t\t<\/li>\n<li class=\"product-features__item-list__item\" role=\"listitem\"><span class=\"is--medium\">Fonctionnement :<\/span> Sans fil\t\t\t\t\t<\/li>\n<li class=\"product-features__item-list__item\" role=\"listitem\"><span class=\"is--medium\">Type de d\u00e9placement :<\/span> Automatique\t\t\t\t\t<\/li>\n<li class=\"product-features__item-list__item\" role=\"listitem\"><span class=\"is--medium\">Puissance d&rsquo;aspiration :<\/span> 12 m\u00b3\/h\t\t\t\t\t<\/li>\n<li class=\"product-features__item-list__item\" role=\"listitem\"><span class=\"is--medium\">Type de nettoyage :<\/span> Fond, Parois, Ligne d&rsquo;eau\t\t\t\t\t<\/li>\n<li class=\"product-features__item-list__item\" role=\"listitem\"><span class=\"is--medium\">Mode de nettoyage :<\/span> 3 programmes\t\t\t\t\t<\/li>\n<li class=\"product-features__item-list__item\" role=\"listitem\"><span class=\"is--medium\">Capacit\u00e9 de filtration :<\/span> 100 microns \/ 5 L\t\t\t\t\t<\/li>\n<li class=\"product-features__item-list__item\" role=\"listitem\"><span class=\"is--medium\">Niveau d&rsquo;\u00e9tanch\u00e9it\u00e9 :<\/span> IPX8\t\t\t\t\t<\/li>\n<li class=\"product-features__item-list__item\" role=\"listitem\"><span class=\"is--medium\">Type de filtration :<\/span> Plateau filtrant\t\t\t\t\t<\/li>\n<\/ul>\n<\/li>\n<li class=\"product-features__item\" role=\"listitem\">\n<h3 class=\"product-features__label\">Caract\u00e9ristiques techniques du robot<\/h3>\n<ul role=\"list\">\n<li class=\"product-features__item-list__item\" role=\"listitem\"><span class=\"is--medium\">Nombre de moteurs :<\/span> 2\t\t\t\t\t<\/li>\n<li class=\"product-features__item-list__item\" role=\"listitem\"><span class=\"is--medium\">Tension d&rsquo;alimentation du robot :<\/span> 25,2 V\t\t\t\t\t<\/li>\n<\/ul>\n<\/li>\n<li class=\"product-features__item\" role=\"listitem\">\n<h3 class=\"product-features__label\">Autonomie et chargement<\/h3>\n<ul role=\"list\">\n<li class=\"product-features__item-list__item\" role=\"listitem\"><span class=\"is--medium\">Autonomie :<\/span> 150 mn\t\t\t\t\t<\/li>\n<li class=\"product-features__item-list__item\" role=\"listitem\"><span class=\"is--medium\">Temps de charge :<\/span> 240 mn\t\t\t\t\t<\/li>\n<\/ul>\n<\/li>\n<li class=\"product-features__item\" role=\"listitem\">\n<h3 class=\"product-features__label\">Informations et Services<\/h3>\n<ul role=\"list\">\n<li class=\"product-features__item-list__item\" role=\"listitem\"><span class=\"is--medium\">Fabriqu\u00e9 en :<\/span> Chine\t\t\t\t\t<\/li>\n<li class=\"product-features__item-list__item\" role=\"listitem\"><span class=\"is--medium\">Garantie :<\/span> 2 ans\t\t\t\t\t<\/li>\n<li class=\"product-features__item-list__item\" role=\"listitem\"><span class=\"is--medium\">Disponibilit\u00e9 des pi\u00e8ces d\u00e9tach\u00e9es (donn\u00e9es fournisseur) :<\/span> Pas de pi\u00e8ce disponible\t\t\t\t\t<\/li>\n<li class=\"product-features__item-list__item\" role=\"listitem\"><span class=\"is--medium\">R\u00e9f\u00e9rence constructeur :<\/span> sans fil Seagull Pro Lite\t\t\t\t\t<\/li>\n<li class=\"product-features__item-list__item\" role=\"listitem\"><span class=\"is--medium\">Marque :<\/span> AIPER\t\t\t\t\t<\/li>\n<\/ul>\n<\/li>\n<li class=\"product-features__item\" role=\"listitem\">\n<h3 class=\"product-features__label\">Dimensions<\/h3>\n<ul role=\"list\">\n<li class=\"product-features__item-list__item\" role=\"listitem\"><span class=\"is--medium\">Dimensions l x h x p :<\/span> 40.7 x 25.5 x 40.6 cm\t\t\t\t\t<\/li>\n<li class=\"product-features__item-list__item\" role=\"listitem\"><span class=\"is--medium\">Poids :<\/span> 9,5 kg\t\t\t\t\t<\/li>\n<\/ul>\n<\/li>\n<\/ul>\n<\/div>\n<div class=\"product__disclosure-content\">\n<div class=\"js-read-more product-description__content read-more read-more--truncated\" data-read-more-name=\"description\" style=\"max-height: 500px; overflow: hidden;\">\n<div class=\"product__description-content read-more\" style=\"\">\n<p>AIPER Seagull Pro Lite : l&rsquo;alli\u00e9 propret\u00e9 pour votre piscine enterr\u00e9e<\/p>\n<h3> <img fetchpriority=\"high\" decoding=\"async\" ,=\"\" alt=\"Robot piscine AIPER Seagull Pro Lite\" class=\"wy_tableau_gauche\" height=\"270\" src=\"https:\/\/boulanger.scene7.com\/is\/image\/Boulanger\/6975140315588_h_f_l_0?wid=400&amp;hei=270\" width=\"400\"\/>Conception adapt\u00e9e et performance de nettoyage                    <\/h3>\n<p>                        Le robot piscine AIPER Seagull Pro Lite se distingue par sa capacit\u00e9 \u00e0 entretenir avec efficacit\u00e9 les piscines enterr\u00e9es jusqu&rsquo;\u00e0 15 m de longueur et 3 m de profondeur. Sa technologie WavePath lui permet de nettoyer le fond en forme de &lsquo;S&rsquo; et les parois ainsi que la ligne d&rsquo;eau en forme de &lsquo;N&rsquo;, garantissant une couverture compl\u00e8te de toutes les surfaces. Avec un d\u00e9bit d&rsquo;aspiration de 12 m\u00b3\/h et une capacit\u00e9 de filtration de 180 microns, ce robot \u00e9lectrique noir assure un nettoyage minutieux de votre bassin, qu&rsquo;il soit en b\u00e9ton, en fibre de verre ou en vinyle, et ce, pour toutes formes de piscine avec un fond plat.                    <\/p>\n<\/p>\n<h3> <img decoding=\"async\" ,=\"\" alt=\"Robot piscine AIPER Seagull Pro Lite\" class=\"wy_tableau_right\" height=\"270\" src=\"https:\/\/boulanger.scene7.com\/is\/image\/Boulanger\/6975140315588_h_f_l_1?wid=400&amp;hei=270\" width=\"400\"\/>Autonomie et facilit\u00e9 d&rsquo;utilisation                    <\/h3>\n<p>                        Dot\u00e9 de deux moteurs puissants et d&rsquo;une tension d&rsquo;alimentation de 25,2 V, le Seagull Pro Lite offre une autonomie remarquable de 150 minutes, avec un temps de charge de seulement 240 minutes. Ses trois programmes de nettoyage permettent de choisir l&rsquo;option la plus adapt\u00e9e \u00e0 vos besoins. Le robot est livr\u00e9 avec un chargeur et un crochet de r\u00e9cup\u00e9ration, facilitant son extraction de l&rsquo;eau. Compact avec des dimensions de 40.7 x 25.5 x 40.6 cm et un poids de 9,5 kg, il est facile \u00e0 manipuler et \u00e0 entreposer. L&rsquo;\u00e9tanch\u00e9it\u00e9 IPX8 garantit la s\u00e9curit\u00e9 de l&rsquo;appareil lors de son utilisation dans l&rsquo;eau. Avec le Seagull Pro Lite, l&rsquo;entretien de votre piscine devient une t\u00e2che simple et agr\u00e9able.                    <\/p>\n<\/p><\/div>\n<\/p>\n<\/div>\n<p><bl-button a11yexpanded=\"false\" arialabel=\"Afficher toute la description\" class=\"read-more__btn\" full=\"false\" link=\"true\"><\/bl-button><\/div>","protected":false},"excerpt":{"rendered":"<div class=\"keypoints\">\n<h3 class=\"keypoints__title\">Les points cl\u00e9s<\/h3>\n<ul role=\"list\">\n<li class=\"keypoints__item\" role=\"listitem\">                                        Autonomie : 150 mn                      <\/li>\n<li class=\"keypoints__item\" role=\"listitem\">                                        Type de nettoyage : Fond, Parois, Ligne d&rsquo;eau                      <\/li>\n<li class=\"keypoints__item\" role=\"listitem\">                                        Type de robot : Electrique                      <\/li>\n<li class=\"keypoints__item\" role=\"listitem\">                                        Puissance d&rsquo;aspiration : 12 m\u00b3\/h                      <\/li>\n<li class=\"keypoints__item keypoints__item--advantage\" role=\"listitem\"><strong>Le + :<\/strong> Le premier syst\u00e8me de quadrimoteurs au monde de 200W, capable d&rsquo;aspirer jusqu&rsquo;\u00e0 3,8L par minute !      <\/li>\n<\/ul>","protected":false},"featured_media":79028,"template":"","meta":{"_glsr_average":0,"_glsr_ranking":0,"_glsr_reviews":0},"product_cat":[415],"product_tag":[387,153,416],"class_list":{"0":"post-79029","1":"product","2":"type-product","3":"status-publish","4":"has-post-thumbnail","6":"product_cat-robot-piscine","7":"product_tag-jardin-exterieur","8":"product_tag-maison-entretien","9":"product_tag-robot-piscine","11":"first","12":"instock","13":"sale","14":"shipping-taxable","15":"purchasable","16":"product-type-simple"},"_links":{"self":[{"href":"https:\/\/electromenagerexpress.com\/en\/wp-json\/wp\/v2\/product\/79029","targetHints":{"allow":["GET"]}}],"collection":[{"href":"https:\/\/electromenagerexpress.com\/en\/wp-json\/wp\/v2\/product"}],"about":[{"href":"https:\/\/electromenagerexpress.com\/en\/wp-json\/wp\/v2\/types\/product"}],"wp:featuredmedia":[{"embeddable":true,"href":"https:\/\/electromenagerexpress.com\/en\/wp-json\/wp\/v2\/media\/79028"}],"wp:attachment":[{"href":"https:\/\/electromenagerexpress.com\/en\/wp-json\/wp\/v2\/media?parent=79029"}],"wp:term":[{"taxonomy":"product_cat","embeddable":true,"href":"https:\/\/electromenagerexpress.com\/en\/wp-json\/wp\/v2\/product_cat?post=79029"},{"taxonomy":"product_tag","embeddable":true,"href":"https:\/\/electromenagerexpress.com\/en\/wp-json\/wp\/v2\/product_tag?post=79029"}],"curies":[{"name":"wp","href":"https:\/\/api.w.org\/{rel}","templated":true}]}}