{"id":79022,"date":"2024-11-24T14:39:58","date_gmt":"2024-11-24T14:39:58","guid":{"rendered":"https:\/\/electromenagerexpress.com\/product\/bac-a-tondeuseecoflowbac-pour-tondeuse-robotisee-blade\/"},"modified":"2024-11-24T14:40:02","modified_gmt":"2024-11-24T14:40:02","slug":"bac-a-tondeuseecoflowbac-pour-tondeuse-robotisee-blade","status":"publish","type":"product","link":"https:\/\/electromenagerexpress.com\/en\/product\/bac-a-tondeuseecoflowbac-pour-tondeuse-robotisee-blade\/","title":{"rendered":"Bac \u00e0 tondeuse\t\t\t\t\t\t\tECOFLOW\t\t\t\tbac pour tondeuse robotis\u00e9e Blade"},"content":{"rendered":"<div class=\"product-features__content\">\n<ul role=\"list\">\n<li class=\"product-features__item\" role=\"listitem\">\n<h3 class=\"product-features__label\">Caract\u00e9ristiques g\u00e9n\u00e9rales<\/h3>\n<ul role=\"list\">\n<li class=\"product-features__item-list__item\" role=\"listitem\"><span class=\"is--medium\">Cat\u00e9gorie :<\/span> Bac pour tondeuse\t\t\t\t\t<\/li>\n<li class=\"product-features__item-list__item\" role=\"listitem\"><span class=\"is--medium\">Mise en place :<\/span> Externe\t\t\t\t\t<\/li>\n<li class=\"product-features__item-list__item\" role=\"listitem\"><span class=\"is--medium\">Appareil compatible :<\/span> Tondeuse robotis\u00e9e Ecoflow\t\t\t\t\t<\/li>\n<li class=\"product-features__item-list__item\" role=\"listitem\"><span class=\"is--medium\">Marque compatible :<\/span> Ecoflow\t\t\t\t\t<\/li>\n<li class=\"product-features__item-list__item\" role=\"listitem\"><span class=\"is--medium\">Utilisation :<\/span> Ramasse les feuilles, les bouts de bois et les d\u00e9chets\t\t\t\t\t<\/li>\n<li class=\"product-features__item-list__item\" role=\"listitem\"><span class=\"is--medium\">Mod\u00e8le(s) compatible(s) :<\/span> Robot Tondeuse ECOFLOW\t\t\t\t\t<\/li>\n<li class=\"product-features__item-list__item\" role=\"listitem\"><span class=\"is--medium\">Puissance de sortie (amp\u00e9rage par port) :<\/span> Non pr\u00e9cis\u00e9\t\t\t\t\t<\/li>\n<li class=\"product-features__item-list__item\" role=\"listitem\"><span class=\"is--medium\">C\u00e2ble inclus :<\/span> Aucun\t\t\t\t\t<\/li>\n<li class=\"product-features__item-list__item\" role=\"listitem\"><span class=\"is--medium\">Coloris :<\/span> Noir\t\t\t\t\t<\/li>\n<\/ul>\n<\/li>\n<li class=\"product-features__item\" role=\"listitem\">\n<h3 class=\"product-features__label\">Dimensions<\/h3>\n<ul role=\"list\">\n<li class=\"product-features__item-list__item\" role=\"listitem\"><span class=\"is--medium\">LxHxP :<\/span> 67.5 x 50.7 x 36.2 cm\t\t\t\t\t<\/li>\n<li class=\"product-features__item-list__item\" role=\"listitem\"><span class=\"is--medium\">Poids :<\/span> 4,9 kg\t\t\t\t\t<\/li>\n<\/ul>\n<\/li>\n<li class=\"product-features__item\" role=\"listitem\">\n<h3 class=\"product-features__label\">Informations compl\u00e9mentaires<\/h3>\n<ul role=\"list\">\n<li class=\"product-features__item-list__item\" role=\"listitem\"><span class=\"is--medium\">Garantie :<\/span> 2 ans\t\t\t\t\t<\/li>\n<li class=\"product-features__item-list__item\" role=\"listitem\"><span class=\"is--medium\">Fabriqu\u00e9 en :<\/span> Chine\t\t\t\t\t<\/li>\n<li class=\"product-features__item-list__item\" role=\"listitem\"><span class=\"is--medium\">Disponibilit\u00e9 des pi\u00e8ces d\u00e9tach\u00e9es (donn\u00e9es fournisseur) :<\/span> Pendant 2 ans, \u00e0 compter de la date de fabrication\t\t\t\t\t<\/li>\n<li class=\"product-features__item-list__item\" role=\"listitem\"><span class=\"is--medium\">R\u00e9f\u00e9rence constructeur :<\/span> bac pour tondeuse robotis\u00e9e Blade\t\t\t\t\t<\/li>\n<li class=\"product-features__item-list__item\" role=\"listitem\"><span class=\"is--medium\">Marque :<\/span> ECOFLOW\t\t\t\t\t<\/li>\n<\/ul>\n<\/li>\n<\/ul>\n<\/div>\n<div class=\"product__disclosure-content\">\n<div class=\"js-read-more product-description__content read-more read-more--truncated\" data-read-more-name=\"description\" style=\"max-height: 500px; overflow: hidden;\">\n<div class=\"product__description-content read-more\" style=\"\">\n<p>Bac \u00e0 Tondeuse ECOFLOW pour Robot Tondeuse Blade<\/p>\n<h3> <img fetchpriority=\"high\" decoding=\"async\" ,=\"\" alt=\"Bac \u00e0 tondeuse ECOFLOW bac pour tondeuse robotis\u00e9e Blade\" class=\"wy_tableau_gauche\" height=\"270\" src=\"https:\/\/boulanger.scene7.com\/is\/image\/Boulanger\/4895251600507_h_f_l_0?wid=400&amp;hei=270\" width=\"400\"\/>Conception et Compatibilit\u00e9                    <\/h3>\n<p>                        Le Bac \u00e0 Tondeuse ECOFLOW est sp\u00e9cialement con\u00e7u pour s&rsquo;adapter aux tondeuses robotis\u00e9es Blade de la marque Ecoflow. Avec ses dimensions g\u00e9n\u00e9reuses de 67.5 x 50.7 x 36.2 cm et un poids net de 4,9 kg, ce bac externe est id\u00e9al pour collecter efficacement les feuilles, les bouts de bois et les d\u00e9chets lors de la tonte du gazon. Sa couleur noire \u00e9l\u00e9gante s&rsquo;int\u00e8gre discr\u00e8tement dans l&rsquo;environnement ext\u00e9rieur et sa mise en place est pens\u00e9e pour \u00eatre simple et rapide. Compatible uniquement avec les mod\u00e8les de tondeuses robotis\u00e9es Ecoflow, il assure une int\u00e9gration parfaite avec l&rsquo;appareil, sans n\u00e9cessiter de connectique suppl\u00e9mentaire.                    <\/p>\n<\/p>\n<h3> <img decoding=\"async\" ,=\"\" alt=\"Bac \u00e0 tondeuse ECOFLOW bac pour tondeuse robotis\u00e9e Blade\" class=\"wy_tableau_right\" height=\"270\" src=\"https:\/\/boulanger.scene7.com\/is\/image\/Boulanger\/4895251600507_h_f_l_1?wid=400&amp;hei=270\" width=\"400\"\/>Facilit\u00e9 d&rsquo;utilisation et Contenu du Pack                    <\/h3>\n<p>                        Le Bac \u00e0 Tondeuse ECOFLOW est con\u00e7u pour offrir une exp\u00e9rience utilisateur optimale. Il ne requiert aucune puissance de sortie sp\u00e9cifique et ne pr\u00e9sente pas de complexit\u00e9 en termes de connectique, ce qui le rend extr\u00eamement facile \u00e0 utiliser. Dans le pack, vous trouverez tout le n\u00e9cessaire pour d\u00e9marrer : une notice explicative, une balayeuse \u00e9lectrique et un conteneur pour recueillir les d\u00e9chets. Fabriqu\u00e9 en Chine, ce bac est livr\u00e9 avec une garantie de 2 ans sur les pi\u00e8ces d\u00e9tach\u00e9es, \u00e0 compter de la date de fabrication, vous assurant ainsi tranquillit\u00e9 d&rsquo;esprit et fiabilit\u00e9 dans le temps.                    <\/p>\n<\/p><\/div>\n<\/p>\n<\/div>\n<p><bl-button a11yexpanded=\"false\" arialabel=\"Afficher toute la description\" class=\"read-more__btn\" full=\"false\" link=\"true\"><\/bl-button><\/div>","protected":false},"excerpt":{"rendered":"<div class=\"keypoints\">\n<h3 class=\"keypoints__title\">Les points cl\u00e9s<\/h3>\n<ul role=\"list\">\n<li class=\"keypoints__item\" role=\"listitem\">                          Ramasse les feuilles, les bouts de bois et les d\u00e9chets &#8211;                                                      Poids : 4,9 kg                      <\/li>\n<li class=\"keypoints__item\" role=\"listitem\">                                        C\u00e2ble inclus : Aucun                      <\/li>\n<li class=\"keypoints__item keypoints__item--advantage\" role=\"listitem\"><strong>Le + :<\/strong> Balayage des feuilles, bouts de bois et d\u00e9chets tout en tondant      <\/li>\n<\/ul>","protected":false},"featured_media":79021,"template":"","meta":{"_glsr_average":0,"_glsr_ranking":0,"_glsr_reviews":0},"product_cat":[413],"product_tag":[387,153,414],"class_list":{"0":"post-79022","1":"product","2":"type-product","3":"status-publish","4":"has-post-thumbnail","6":"product_cat-robot-tondeuse","7":"product_tag-jardin-exterieur","8":"product_tag-maison-entretien","9":"product_tag-robot-tondeuse","11":"first","12":"instock","13":"sale","14":"shipping-taxable","15":"purchasable","16":"product-type-simple"},"_links":{"self":[{"href":"https:\/\/electromenagerexpress.com\/en\/wp-json\/wp\/v2\/product\/79022","targetHints":{"allow":["GET"]}}],"collection":[{"href":"https:\/\/electromenagerexpress.com\/en\/wp-json\/wp\/v2\/product"}],"about":[{"href":"https:\/\/electromenagerexpress.com\/en\/wp-json\/wp\/v2\/types\/product"}],"wp:featuredmedia":[{"embeddable":true,"href":"https:\/\/electromenagerexpress.com\/en\/wp-json\/wp\/v2\/media\/79021"}],"wp:attachment":[{"href":"https:\/\/electromenagerexpress.com\/en\/wp-json\/wp\/v2\/media?parent=79022"}],"wp:term":[{"taxonomy":"product_cat","embeddable":true,"href":"https:\/\/electromenagerexpress.com\/en\/wp-json\/wp\/v2\/product_cat?post=79022"},{"taxonomy":"product_tag","embeddable":true,"href":"https:\/\/electromenagerexpress.com\/en\/wp-json\/wp\/v2\/product_tag?post=79022"}],"curies":[{"name":"wp","href":"https:\/\/api.w.org\/{rel}","templated":true}]}}